{"id":53,"date":"2024-11-17T13:33:44","date_gmt":"2024-11-17T12:33:44","guid":{"rendered":"http:\/\/acofi.edu.co\/eiei2025\/?page_id=53"},"modified":"2025-06-19T14:22:13","modified_gmt":"2025-06-19T19:22:13","slug":"preinscripcion","status":"publish","type":"page","link":"https:\/\/acofi.edu.co\/eiei2025\/informacion-general\/preinscripcion\/","title":{"rendered":"Preinscripci\u00f3n"},"content":{"rendered":"\n<iframe style=\"border:1px #fbb040 solid\" src=https:\/\/acofieventos.com.co\/registro title=\"iFrame\" width=\"100%\" height=\"600px\" scrolling=\"yes\" frameborder=\"yes\" allow=\"fullscreen\"><\/iframe>\n\n\n<div class=\"wp-block-image\">\n<figure class=\"aligncenter size-full is-resized\"><img loading=\"lazy\" decoding=\"async\" width=\"933\" height=\"716\" src=\"http:\/\/acofi.edu.co\/eiei2025\/wp-content\/uploads\/2025\/01\/Valores-EIEI-ACOFI-2025-2.jpg\" alt=\"\" class=\"wp-image-478\" style=\"width:808px;height:auto\" srcset=\"https:\/\/acofi.edu.co\/eiei2025\/wp-content\/uploads\/2025\/01\/Valores-EIEI-ACOFI-2025-2.jpg 933w, https:\/\/acofi.edu.co\/eiei2025\/wp-content\/uploads\/2025\/01\/Valores-EIEI-ACOFI-2025-2-300x230.jpg 300w, https:\/\/acofi.edu.co\/eiei2025\/wp-content\/uploads\/2025\/01\/Valores-EIEI-ACOFI-2025-2-768x589.jpg 768w\" sizes=\"auto, (max-width: 933px) 100vw, 933px\" \/><\/figure>\n<\/div>\n\n\n<p>*Tarifa pronto pago:\u00a0aplica para inscripciones y pagos efectivos realizados hasta el 5 de agosto de 2025.<br>** Las tarifas se\u00f1aladas en la tabla anterior ya incluyen el impuesto IVA del 19%<\/p>\n\n\n\n<hr class=\"wp-block-separator has-alpha-channel-opacity\"\/>\n\n\n<h2><strong><span style=\"color: #ff0000;\">Importante:<\/span><\/strong><\/h2>\n<ul>\n<li>Los pagos recibidos por concepto de inscripci\u00f3n al EIEI ACOFI \/ CLADI 2025, no son reembolsables en ning\u00fan caso.<\/li>\n<li>La inscripci\u00f3n al Encuentro se har\u00e1 oficial \u00fanicamente una vez se haya pagado el valor correspondiente en las fechas indicadas. En el caso de las ponencias en cualquiera de las categor\u00edas, el plazo m\u00e1ximo para el pago es el 5 de agosto de 2025.<\/li>\n<li>Para que un trabajo sea publicado en las memorias del EIEI ACOFI \/ CLADI 2025, en cualquiera de las categor\u00edas previstas (Educaci\u00f3n en ingenier\u00eda, Avances en investigaci\u00f3n, Estudiantes de pregrado y Estudiantes de doctorado), uno de los autores debe pagar la inscripci\u00f3n, teniendo como fecha m\u00e1xima el 5 de agosto de 2025. <strong style=\"font-size: revert; text-align: var(--bs-body-text-align);\">Una misma inscripci\u00f3n cubrir\u00e1 m\u00e1ximo dos trabajos<\/strong><span style=\"font-size: revert; text-align: var(--bs-body-text-align);\">.<\/span><\/li>\n<li><strong style=\"font-size: revert; text-align: var(--bs-body-text-align);\">Un mismo autor podr\u00e1 participar en m\u00e1ximo dos trabajos y se aceptar\u00e1n como m\u00e1ximo cuatro autores por trabajo<\/strong><span style=\"font-size: revert; text-align: var(--bs-body-text-align);\">.<\/span><\/li>\n<\/ul>\n\n\n<h2 class=\"wp-block-heading\"><strong>Medios de pago<\/strong><\/h2>\n\n\n\n<p>EL EIEI ACOFI \/ CLADI 2025 ha dispuesto las siguientes opciones para realizar los pagos de manera \u00e1gil:<\/p>\n\n\n\n<h3 class=\"wp-block-heading has-text-align-center\"><strong>Pago en l\u00ednea<\/strong><\/h3>\n\n\n<div class=\"wp-block-image is-style-default\">\n<figure class=\"aligncenter size-full\"><a href=\"https:\/\/micrositios.avalpaycenter.com\/acofi-ma\"><img loading=\"lazy\" decoding=\"async\" width=\"602\" height=\"65\" src=\"http:\/\/acofi.edu.co\/eiei2025\/wp-content\/uploads\/2024\/12\/PAGO-BIS-copia.png\" alt=\"\" class=\"wp-image-333\" srcset=\"https:\/\/acofi.edu.co\/eiei2025\/wp-content\/uploads\/2024\/12\/PAGO-BIS-copia.png 602w, https:\/\/acofi.edu.co\/eiei2025\/wp-content\/uploads\/2024\/12\/PAGO-BIS-copia-300x32.png 300w\" sizes=\"auto, (max-width: 602px) 100vw, 602px\" \/><\/a><\/figure>\n<\/div>\n\n\n<h4 class=\"wp-block-heading has-text-align-center\"><strong>Datos para transferencia bancaria en Colombia<\/strong><\/h4>\n\n\n\n<p>Nombre beneficiario: Asociaci\u00f3n Colombiana de Facultades de Ingenier\u00eda ACOFI<br>Tel\u00e9fono del beneficiario: +57 6016966285<br>Entidad bancaria: Bancolombia, sucursal Salitre, Calle 25 # 68B \u2013 02, Bogot\u00e1. Tel.: 57 601 4273070<br>N\u00famero de cuenta: 17126041844. Tipo de cuenta: Corriente, Nit: 860.047.524-0<br>Ciudad y pa\u00eds: Bogot\u00e1, Colombia&nbsp;<\/p>\n\n\n\n<h4 class=\"wp-block-heading has-text-align-center\"><strong>Datos para transferencia bancaria en el exterior<\/strong><\/h4>\n\n\n\n<h4 class=\"wp-block-heading has-luminous-vivid-amber-color has-text-color has-link-color wp-elements-ad7d333a6fa905993febd1116450bec6\"><strong>D\u00f3lares y euros<\/strong><\/h4>\n\n\n\n<p>Banco pagador: BANCOLOMBIA<br>SWIFT BANCOLOMBIA: COLOCOBMXXX<br>Acreditar a la cuenta: #17126041844&nbsp;de&nbsp;BANCOLOMBIA<\/p>\n\n\n\n<h4 class=\"wp-block-heading\"><strong>Contacto<\/strong><\/h4>\n\n\n\n<p>Si usted requiere un tr\u00e1mite diferente para el pago de su inscripci\u00f3n, por favor escr\u00edbanos haciendo la solicitud respectiva a&nbsp;<a href=\"mailto:administrativa@acofi.edu.co\" target=\"_blank\" rel=\"noreferrer noopener\">administrativa@acofi.edu.co<\/a>.&nbsp;<br><br>Estaremos atentos para colaborarle.<\/p>\n","protected":false},"excerpt":{"rendered":"<p>*Tarifa pronto pago:\u00a0aplica para inscripciones y pagos efectivos realizados hasta el 5 de agosto de 2025.** Las tarifas se\u00f1aladas en la tabla anterior ya incluyen el impuesto IVA del 19% Importante: Los pagos recibidos por concepto de inscripci\u00f3n al EIEI ACOFI \/ CLADI 2025, no son reembolsables en ning\u00fan caso. La inscripci\u00f3n al Encuentro se [&hellip;]<\/p>\n","protected":false},"author":2,"featured_media":0,"parent":35,"menu_order":0,"comment_status":"closed","ping_status":"closed","template":"","meta":{"_acf_changed":false,"footnotes":""},"class_list":["post-53","page","type-page","status-publish","hentry"],"acf":[],"_links":{"self":[{"href":"https:\/\/acofi.edu.co\/eiei2025\/wp-json\/wp\/v2\/pages\/53","targetHints":{"allow":["GET"]}}],"collection":[{"href":"https:\/\/acofi.edu.co\/eiei2025\/wp-json\/wp\/v2\/pages"}],"about":[{"href":"https:\/\/acofi.edu.co\/eiei2025\/wp-json\/wp\/v2\/types\/page"}],"author":[{"embeddable":true,"href":"https:\/\/acofi.edu.co\/eiei2025\/wp-json\/wp\/v2\/users\/2"}],"replies":[{"embeddable":true,"href":"https:\/\/acofi.edu.co\/eiei2025\/wp-json\/wp\/v2\/comments?post=53"}],"version-history":[{"count":62,"href":"https:\/\/acofi.edu.co\/eiei2025\/wp-json\/wp\/v2\/pages\/53\/revisions"}],"predecessor-version":[{"id":722,"href":"https:\/\/acofi.edu.co\/eiei2025\/wp-json\/wp\/v2\/pages\/53\/revisions\/722"}],"up":[{"embeddable":true,"href":"https:\/\/acofi.edu.co\/eiei2025\/wp-json\/wp\/v2\/pages\/35"}],"wp:attachment":[{"href":"https:\/\/acofi.edu.co\/eiei2025\/wp-json\/wp\/v2\/media?parent=53"}],"curies":[{"name":"wp","href":"https:\/\/api.w.org\/{rel}","templated":true}]}}