{"id":51,"date":"2024-11-17T13:33:25","date_gmt":"2024-11-17T12:33:25","guid":{"rendered":"http:\/\/acofi.edu.co\/eiei2025\/?page_id=51"},"modified":"2024-12-05T08:46:23","modified_gmt":"2024-12-05T13:46:23","slug":"comite-organizador","status":"publish","type":"page","link":"https:\/\/acofi.edu.co\/eiei2025\/informacion-general\/comite-organizador\/","title":{"rendered":"Comit\u00e9 organizador"},"content":{"rendered":"\n<div class=\"wp-block-buttons btn-preinscripcion-container is-content-justification-center is-layout-flex wp-container-core-buttons-is-layout-16018d1d wp-block-buttons-is-layout-flex\">\n<div class=\"wp-block-button button-style-cta mt-2 mb-2\"><a class=\"wp-block-button__link wp-element-button\" href=\"https:\/\/acofi.edu.co\/eiei2025\/informacion-general\/preinscripcion\/\"><i class=\"bi bi-pen-fill me-2\"><\/i>Preinscripci\u00f3n<\/a><\/div>\n<\/div>\n\n\n\n<figure class=\"wp-block-gallery has-nested-images columns-3 is-cropped wp-block-gallery-1 is-layout-flex wp-block-gallery-is-layout-flex\">\n<figure class=\"wp-block-image size-large is-style-rounded\"><img loading=\"lazy\" decoding=\"async\" width=\"500\" height=\"500\" data-id=\"408\" src=\"https:\/\/acofi.edu.co\/eiei2025\/wp-content\/uploads\/2024\/12\/Julian-Arellana.png\" alt=\"\" class=\"wp-image-408\" srcset=\"https:\/\/acofi.edu.co\/eiei2025\/wp-content\/uploads\/2024\/12\/Julian-Arellana.png 500w, https:\/\/acofi.edu.co\/eiei2025\/wp-content\/uploads\/2024\/12\/Julian-Arellana-300x300.png 300w, https:\/\/acofi.edu.co\/eiei2025\/wp-content\/uploads\/2024\/12\/Julian-Arellana-150x150.png 150w\" sizes=\"auto, (max-width: 500px) 100vw, 500px\" \/><figcaption class=\"wp-element-caption\"><strong>Juli\u00e1n Arellana Ochoa <\/strong><br>Presidente<strong> <\/strong>ACOFI<br><\/figcaption><\/figure>\n\n\n\n<figure class=\"wp-block-image size-large is-style-rounded\"><img loading=\"lazy\" decoding=\"async\" width=\"500\" height=\"500\" data-id=\"413\" src=\"https:\/\/acofi.edu.co\/eiei2025\/wp-content\/uploads\/2024\/12\/roggiero.png\" alt=\"\" class=\"wp-image-413\" srcset=\"https:\/\/acofi.edu.co\/eiei2025\/wp-content\/uploads\/2024\/12\/roggiero.png 500w, https:\/\/acofi.edu.co\/eiei2025\/wp-content\/uploads\/2024\/12\/roggiero-300x300.png 300w, https:\/\/acofi.edu.co\/eiei2025\/wp-content\/uploads\/2024\/12\/roggiero-150x150.png 150w\" sizes=\"auto, (max-width: 500px) 100vw, 500px\" \/><figcaption class=\"wp-element-caption\"><strong>Augusto Roggiero<\/strong><br>Presidente CONFEDI<br>\u00a0<\/figcaption><\/figure>\n\n\n\n<figure class=\"wp-block-image size-large is-style-rounded\"><img loading=\"lazy\" decoding=\"async\" width=\"500\" height=\"500\" data-id=\"410\" src=\"https:\/\/acofi.edu.co\/eiei2025\/wp-content\/uploads\/2024\/12\/Luis-Alberto-Gonzalez-Araujo.png\" alt=\"\" class=\"wp-image-410\" srcset=\"https:\/\/acofi.edu.co\/eiei2025\/wp-content\/uploads\/2024\/12\/Luis-Alberto-Gonzalez-Araujo.png 500w, https:\/\/acofi.edu.co\/eiei2025\/wp-content\/uploads\/2024\/12\/Luis-Alberto-Gonzalez-Araujo-300x300.png 300w, https:\/\/acofi.edu.co\/eiei2025\/wp-content\/uploads\/2024\/12\/Luis-Alberto-Gonzalez-Araujo-150x150.png 150w\" sizes=\"auto, (max-width: 500px) 100vw, 500px\" \/><figcaption class=\"wp-element-caption\"><strong>Luis Alberto G\u00f3nzalez Araujo <\/strong><br>Director EIEI  ACOFI<br><\/figcaption><\/figure>\n\n\n\n<figure class=\"wp-block-image size-large is-style-rounded\"><img loading=\"lazy\" decoding=\"async\" width=\"500\" height=\"500\" data-id=\"403\" src=\"https:\/\/acofi.edu.co\/eiei2025\/wp-content\/uploads\/2024\/12\/de-vincenzi.png\" alt=\"\" class=\"wp-image-403\" srcset=\"https:\/\/acofi.edu.co\/eiei2025\/wp-content\/uploads\/2024\/12\/de-vincenzi.png 500w, https:\/\/acofi.edu.co\/eiei2025\/wp-content\/uploads\/2024\/12\/de-vincenzi-300x300.png 300w, https:\/\/acofi.edu.co\/eiei2025\/wp-content\/uploads\/2024\/12\/de-vincenzi-150x150.png 150w\" sizes=\"auto, (max-width: 500px) 100vw, 500px\" \/><figcaption class=\"wp-element-caption\"><strong>Marcelo De Vincenzi<\/strong><br>Secretario General <br>CONFEDI<br><\/figcaption><\/figure>\n\n\n\n<figure class=\"wp-block-image size-large is-style-rounded\"><img loading=\"lazy\" decoding=\"async\" width=\"500\" height=\"500\" data-id=\"411\" src=\"https:\/\/acofi.edu.co\/eiei2025\/wp-content\/uploads\/2024\/12\/RGL-4-2023.png\" alt=\"\" class=\"wp-image-411\" srcset=\"https:\/\/acofi.edu.co\/eiei2025\/wp-content\/uploads\/2024\/12\/RGL-4-2023.png 500w, https:\/\/acofi.edu.co\/eiei2025\/wp-content\/uploads\/2024\/12\/RGL-4-2023-300x300.png 300w, https:\/\/acofi.edu.co\/eiei2025\/wp-content\/uploads\/2024\/12\/RGL-4-2023-150x150.png 150w\" sizes=\"auto, (max-width: 500px) 100vw, 500px\" \/><figcaption class=\"wp-element-caption\"><strong>Roberto Giordano Lerena<\/strong><br>Relaciones Interinstitucionales e Internacionales <br>CONFEDI<\/figcaption><\/figure>\n\n\n\n<figure class=\"wp-block-image size-large is-style-rounded\"><img loading=\"lazy\" decoding=\"async\" width=\"500\" height=\"500\" data-id=\"412\" src=\"https:\/\/acofi.edu.co\/eiei2025\/wp-content\/uploads\/2024\/12\/ricci.png\" alt=\"\" class=\"wp-image-412\" srcset=\"https:\/\/acofi.edu.co\/eiei2025\/wp-content\/uploads\/2024\/12\/ricci.png 500w, https:\/\/acofi.edu.co\/eiei2025\/wp-content\/uploads\/2024\/12\/ricci-300x300.png 300w, https:\/\/acofi.edu.co\/eiei2025\/wp-content\/uploads\/2024\/12\/ricci-150x150.png 150w\" sizes=\"auto, (max-width: 500px) 100vw, 500px\" \/><figcaption class=\"wp-element-caption\"><strong>Luis Ricci<\/strong><br>Relaciones Interinstitucionales e Internacionales <br>CONFEDI<\/figcaption><\/figure>\n\n\n\n<figure class=\"wp-block-image size-large is-style-rounded\"><img loading=\"lazy\" decoding=\"async\" width=\"500\" height=\"500\" data-id=\"406\" src=\"https:\/\/acofi.edu.co\/eiei2025\/wp-content\/uploads\/2024\/12\/Jose-Miguel-Solano.png\" alt=\"\" class=\"wp-image-406\" srcset=\"https:\/\/acofi.edu.co\/eiei2025\/wp-content\/uploads\/2024\/12\/Jose-Miguel-Solano.png 500w, https:\/\/acofi.edu.co\/eiei2025\/wp-content\/uploads\/2024\/12\/Jose-Miguel-Solano-300x300.png 300w, https:\/\/acofi.edu.co\/eiei2025\/wp-content\/uploads\/2024\/12\/Jose-Miguel-Solano-150x150.png 150w\" sizes=\"auto, (max-width: 500px) 100vw, 500px\" \/><figcaption class=\"wp-element-caption\"><strong>Jos\u00e9 Miguel Solano <\/strong><br>Coordinador trabajos <br>EIEI ACOFI<br><\/figcaption><\/figure>\n\n\n\n<figure class=\"wp-block-image size-large is-style-rounded\"><img loading=\"lazy\" decoding=\"async\" width=\"500\" height=\"500\" data-id=\"407\" src=\"https:\/\/acofi.edu.co\/eiei2025\/wp-content\/uploads\/2024\/12\/Juan-David-Hernandez-Melgarejo.png\" alt=\"\" class=\"wp-image-407\" srcset=\"https:\/\/acofi.edu.co\/eiei2025\/wp-content\/uploads\/2024\/12\/Juan-David-Hernandez-Melgarejo.png 500w, https:\/\/acofi.edu.co\/eiei2025\/wp-content\/uploads\/2024\/12\/Juan-David-Hernandez-Melgarejo-300x300.png 300w, https:\/\/acofi.edu.co\/eiei2025\/wp-content\/uploads\/2024\/12\/Juan-David-Hernandez-Melgarejo-150x150.png 150w\" sizes=\"auto, (max-width: 500px) 100vw, 500px\" \/><figcaption class=\"wp-element-caption\"><strong>Juan David Hern\u00e1ndez <\/strong><br>Coordinador log\u00edstica <br>EIEI ACOFI<br><\/figcaption><\/figure>\n\n\n\n<figure class=\"wp-block-image size-large is-style-rounded\"><img loading=\"lazy\" decoding=\"async\" width=\"500\" height=\"500\" data-id=\"404\" src=\"https:\/\/acofi.edu.co\/eiei2025\/wp-content\/uploads\/2024\/12\/Janneth-Pineda-Molina.png\" alt=\"\" class=\"wp-image-404\" srcset=\"https:\/\/acofi.edu.co\/eiei2025\/wp-content\/uploads\/2024\/12\/Janneth-Pineda-Molina.png 500w, https:\/\/acofi.edu.co\/eiei2025\/wp-content\/uploads\/2024\/12\/Janneth-Pineda-Molina-300x300.png 300w, https:\/\/acofi.edu.co\/eiei2025\/wp-content\/uploads\/2024\/12\/Janneth-Pineda-Molina-150x150.png 150w\" sizes=\"auto, (max-width: 500px) 100vw, 500px\" \/><figcaption class=\"wp-element-caption\"><strong>Janneth Pineda Molina<\/strong><br>Coordinadora operaciones <br>EIEI ACOFI<br><\/figcaption><\/figure>\n\n\n\n<figure class=\"wp-block-image size-large is-style-rounded\"><img loading=\"lazy\" decoding=\"async\" width=\"500\" height=\"500\" data-id=\"414\" src=\"https:\/\/acofi.edu.co\/eiei2025\/wp-content\/uploads\/2024\/12\/Simon-de-Leon.png\" alt=\"\" class=\"wp-image-414\" srcset=\"https:\/\/acofi.edu.co\/eiei2025\/wp-content\/uploads\/2024\/12\/Simon-de-Leon.png 500w, https:\/\/acofi.edu.co\/eiei2025\/wp-content\/uploads\/2024\/12\/Simon-de-Leon-300x300.png 300w, https:\/\/acofi.edu.co\/eiei2025\/wp-content\/uploads\/2024\/12\/Simon-de-Leon-150x150.png 150w\" sizes=\"auto, (max-width: 500px) 100vw, 500px\" \/><figcaption class=\"wp-element-caption\"><strong>Sim\u00f3n Andr\u00e9s De Le\u00f3n Novoa<\/strong> <br>Coordinador jornadas acad\u00e9micas<br>EIEI ACOFI<\/figcaption><\/figure>\n\n\n\n<figure class=\"wp-block-image size-large is-style-rounded\"><img loading=\"lazy\" decoding=\"async\" width=\"500\" height=\"500\" data-id=\"402\" src=\"https:\/\/acofi.edu.co\/eiei2025\/wp-content\/uploads\/2024\/12\/Alix-Paipa.png\" alt=\"\" class=\"wp-image-402\" srcset=\"https:\/\/acofi.edu.co\/eiei2025\/wp-content\/uploads\/2024\/12\/Alix-Paipa.png 500w, https:\/\/acofi.edu.co\/eiei2025\/wp-content\/uploads\/2024\/12\/Alix-Paipa-300x300.png 300w, https:\/\/acofi.edu.co\/eiei2025\/wp-content\/uploads\/2024\/12\/Alix-Paipa-150x150.png 150w\" sizes=\"auto, (max-width: 500px) 100vw, 500px\" \/><figcaption class=\"wp-element-caption\"><strong>Alix Rubiela Beltr\u00e1n Paipa<\/strong> <br>Coordinadora prensa <br>EIEI ACOFI<\/figcaption><\/figure>\n\n\n\n<figure class=\"wp-block-image size-large is-style-rounded\"><img loading=\"lazy\" decoding=\"async\" width=\"500\" height=\"500\" data-id=\"415\" src=\"https:\/\/acofi.edu.co\/eiei2025\/wp-content\/uploads\/2024\/12\/Zulma-Giraldo.png\" alt=\"\" class=\"wp-image-415\" srcset=\"https:\/\/acofi.edu.co\/eiei2025\/wp-content\/uploads\/2024\/12\/Zulma-Giraldo.png 500w, https:\/\/acofi.edu.co\/eiei2025\/wp-content\/uploads\/2024\/12\/Zulma-Giraldo-300x300.png 300w, https:\/\/acofi.edu.co\/eiei2025\/wp-content\/uploads\/2024\/12\/Zulma-Giraldo-150x150.png 150w\" sizes=\"auto, (max-width: 500px) 100vw, 500px\" \/><figcaption class=\"wp-element-caption\"><strong>Zulma Giraldo L\u00f3pez<\/strong><br>Coordinadora ENEDI <br>EIEI ACOFI<\/figcaption><\/figure>\n\n\n\n<figure class=\"wp-block-image size-large is-style-rounded\"><img loading=\"lazy\" decoding=\"async\" width=\"500\" height=\"500\" data-id=\"409\" src=\"https:\/\/acofi.edu.co\/eiei2025\/wp-content\/uploads\/2024\/12\/Karen_Zabala.png\" alt=\"\" class=\"wp-image-409\" srcset=\"https:\/\/acofi.edu.co\/eiei2025\/wp-content\/uploads\/2024\/12\/Karen_Zabala.png 500w, https:\/\/acofi.edu.co\/eiei2025\/wp-content\/uploads\/2024\/12\/Karen_Zabala-300x300.png 300w, https:\/\/acofi.edu.co\/eiei2025\/wp-content\/uploads\/2024\/12\/Karen_Zabala-150x150.png 150w\" sizes=\"auto, (max-width: 500px) 100vw, 500px\" \/><figcaption class=\"wp-element-caption\"><strong>Karen Julieth Zabala Casta\u00f1eda<\/strong><br>Coordinadora facturaci\u00f3n <br>EIEI ACOFI<\/figcaption><\/figure>\n\n\n\n<figure class=\"wp-block-image size-large is-style-rounded\"><img loading=\"lazy\" decoding=\"async\" width=\"500\" height=\"500\" data-id=\"405\" src=\"https:\/\/acofi.edu.co\/eiei2025\/wp-content\/uploads\/2024\/12\/Jenny-Quiroga.png\" alt=\"\" class=\"wp-image-405\" srcset=\"https:\/\/acofi.edu.co\/eiei2025\/wp-content\/uploads\/2024\/12\/Jenny-Quiroga.png 500w, https:\/\/acofi.edu.co\/eiei2025\/wp-content\/uploads\/2024\/12\/Jenny-Quiroga-300x300.png 300w, https:\/\/acofi.edu.co\/eiei2025\/wp-content\/uploads\/2024\/12\/Jenny-Quiroga-150x150.png 150w\" sizes=\"auto, (max-width: 500px) 100vw, 500px\" \/><figcaption class=\"wp-element-caption\"><strong>Jenny Quiroga Alarc\u00f3n <\/strong><br>Gestora<strong> <\/strong>comercial <br>EIEI ACOFI<\/figcaption><\/figure>\n\n\n\n<figure class=\"wp-block-image size-large is-style-rounded\"><img loading=\"lazy\" decoding=\"async\" width=\"1024\" height=\"576\" data-id=\"304\" src=\"https:\/\/acofi.edu.co\/eiei2025\/wp-content\/uploads\/2024\/11\/maxresdefault-1024x576.jpg\" alt=\"\" class=\"wp-image-304\" srcset=\"https:\/\/acofi.edu.co\/eiei2025\/wp-content\/uploads\/2024\/11\/maxresdefault-1024x576.jpg 1024w, https:\/\/acofi.edu.co\/eiei2025\/wp-content\/uploads\/2024\/11\/maxresdefault-300x169.jpg 300w, https:\/\/acofi.edu.co\/eiei2025\/wp-content\/uploads\/2024\/11\/maxresdefault-768x432.jpg 768w, https:\/\/acofi.edu.co\/eiei2025\/wp-content\/uploads\/2024\/11\/maxresdefault.jpg 1280w\" sizes=\"auto, (max-width: 1024px) 100vw, 1024px\" \/><\/figure>\n<\/figure>\n\n\n\n<p><\/p>\n","protected":false},"excerpt":{"rendered":"","protected":false},"author":2,"featured_media":0,"parent":35,"menu_order":0,"comment_status":"closed","ping_status":"closed","template":"","meta":{"_acf_changed":false,"footnotes":""},"class_list":["post-51","page","type-page","status-publish","hentry"],"acf":[],"_links":{"self":[{"href":"https:\/\/acofi.edu.co\/eiei2025\/wp-json\/wp\/v2\/pages\/51","targetHints":{"allow":["GET"]}}],"collection":[{"href":"https:\/\/acofi.edu.co\/eiei2025\/wp-json\/wp\/v2\/pages"}],"about":[{"href":"https:\/\/acofi.edu.co\/eiei2025\/wp-json\/wp\/v2\/types\/page"}],"author":[{"embeddable":true,"href":"https:\/\/acofi.edu.co\/eiei2025\/wp-json\/wp\/v2\/users\/2"}],"replies":[{"embeddable":true,"href":"https:\/\/acofi.edu.co\/eiei2025\/wp-json\/wp\/v2\/comments?post=51"}],"version-history":[{"count":19,"href":"https:\/\/acofi.edu.co\/eiei2025\/wp-json\/wp\/v2\/pages\/51\/revisions"}],"predecessor-version":[{"id":425,"href":"https:\/\/acofi.edu.co\/eiei2025\/wp-json\/wp\/v2\/pages\/51\/revisions\/425"}],"up":[{"embeddable":true,"href":"https:\/\/acofi.edu.co\/eiei2025\/wp-json\/wp\/v2\/pages\/35"}],"wp:attachment":[{"href":"https:\/\/acofi.edu.co\/eiei2025\/wp-json\/wp\/v2\/media?parent=51"}],"curies":[{"name":"wp","href":"https:\/\/api.w.org\/{rel}","templated":true}]}}