{"id":49,"date":"2024-11-17T13:33:04","date_gmt":"2024-11-17T12:33:04","guid":{"rendered":"http:\/\/acofi.edu.co\/eiei2025\/?page_id=49"},"modified":"2025-05-12T14:51:15","modified_gmt":"2025-05-12T19:51:15","slug":"comite-cientifico","status":"publish","type":"page","link":"https:\/\/acofi.edu.co\/eiei2025\/informacion-general\/comite-cientifico\/","title":{"rendered":"Comit\u00e9 cient\u00edfico"},"content":{"rendered":"\n<p><\/p>\n\n\n\n<p>Ingeniera<strong> Arellys Correa Rodr\u00edguez<\/strong><br>Universidad Nacional Abierta y a Distancia, Bogot\u00e1<\/p>\n\n\n\n<p>Ingeniera<strong> Carolina Casta\u00f1o Portilla<\/strong><br>Universidad Eia, Medell\u00edn<\/p>\n\n\n\n<p>Ingeniero<strong> Jairo Enrique Serrano Casta\u00f1eda<\/strong><br>Universidad Tecnol\u00f3gica de Bol\u00edvar, Cartagena<\/p>\n\n\n\n<p>Ingeniera<strong> Lorena Judith Echavez Baquero<\/strong><br>Universidad Piloto de Colombia, Girardot<\/p>\n\n\n\n<p>Doctora<strong> Mar\u00eda Eugenia Guerrero Useda<\/strong><br>ACOFI, Bogot\u00e1<\/p>\n\n\n\n<p>Ingeniera<strong> Natalia Parra Rom\u00e1n<\/strong><br>Universidad El Bosque, Bogot\u00e1<\/p>\n","protected":false},"excerpt":{"rendered":"<p>Ingeniera Arellys Correa Rodr\u00edguezUniversidad Nacional Abierta y a Distancia, Bogot\u00e1 Ingeniera Carolina Casta\u00f1o PortillaUniversidad Eia, Medell\u00edn Ingeniero Jairo Enrique Serrano Casta\u00f1edaUniversidad Tecnol\u00f3gica de Bol\u00edvar, Cartagena Ingeniera Lorena Judith Echavez BaqueroUniversidad Piloto de Colombia, Girardot Doctora Mar\u00eda Eugenia Guerrero UsedaACOFI, Bogot\u00e1 Ingeniera Natalia Parra Rom\u00e1nUniversidad El Bosque, Bogot\u00e1<\/p>\n","protected":false},"author":2,"featured_media":0,"parent":35,"menu_order":0,"comment_status":"closed","ping_status":"closed","template":"","meta":{"_acf_changed":false,"footnotes":""},"class_list":["post-49","page","type-page","status-publish","hentry"],"acf":[],"_links":{"self":[{"href":"https:\/\/acofi.edu.co\/eiei2025\/wp-json\/wp\/v2\/pages\/49","targetHints":{"allow":["GET"]}}],"collection":[{"href":"https:\/\/acofi.edu.co\/eiei2025\/wp-json\/wp\/v2\/pages"}],"about":[{"href":"https:\/\/acofi.edu.co\/eiei2025\/wp-json\/wp\/v2\/types\/page"}],"author":[{"embeddable":true,"href":"https:\/\/acofi.edu.co\/eiei2025\/wp-json\/wp\/v2\/users\/2"}],"replies":[{"embeddable":true,"href":"https:\/\/acofi.edu.co\/eiei2025\/wp-json\/wp\/v2\/comments?post=49"}],"version-history":[{"count":4,"href":"https:\/\/acofi.edu.co\/eiei2025\/wp-json\/wp\/v2\/pages\/49\/revisions"}],"predecessor-version":[{"id":594,"href":"https:\/\/acofi.edu.co\/eiei2025\/wp-json\/wp\/v2\/pages\/49\/revisions\/594"}],"up":[{"embeddable":true,"href":"https:\/\/acofi.edu.co\/eiei2025\/wp-json\/wp\/v2\/pages\/35"}],"wp:attachment":[{"href":"https:\/\/acofi.edu.co\/eiei2025\/wp-json\/wp\/v2\/media?parent=49"}],"curies":[{"name":"wp","href":"https:\/\/api.w.org\/{rel}","templated":true}]}}