{"id":47,"date":"2024-11-17T13:32:35","date_gmt":"2024-11-17T12:32:35","guid":{"rendered":"http:\/\/acofi.edu.co\/eiei2025\/?page_id=47"},"modified":"2024-12-09T09:38:26","modified_gmt":"2024-12-09T14:38:26","slug":"cartagena-de-indias","status":"publish","type":"page","link":"https:\/\/acofi.edu.co\/eiei2025\/informacion-general\/cartagena-de-indias\/","title":{"rendered":"Cartagena de Indias"},"content":{"rendered":"\n<div class=\"wp-block-buttons btn-preinscripcion-container is-content-justification-center is-layout-flex wp-container-core-buttons-is-layout-16018d1d wp-block-buttons-is-layout-flex\">\n<div class=\"wp-block-button button-style-cta mt-2 mb-2\"><a class=\"wp-block-button__link wp-element-button\" href=\"https:\/\/acofi.edu.co\/eiei2025\/informacion-general\/preinscripcion\/\"><i class=\"bi bi-pen-fill me-2\"><\/i>Preinscripci\u00f3n<\/a><\/div>\n<\/div>\n\n\n\n<figure class=\"wp-block-gallery has-nested-images columns-default is-cropped wp-block-gallery-1 is-layout-flex wp-block-gallery-is-layout-flex\">\n<figure class=\"wp-block-image size-large\"><img decoding=\"async\" data-id=\"262\" src=\"https:\/\/acofi.edu.co\/eiei2023\/wp-content\/uploads\/2022\/11\/caribbean-g2f697c7c3_1920-1024x577.jpg\" alt=\"\" class=\"wp-image-262\"\/><\/figure>\n\n\n\n<figure class=\"wp-block-image size-large\"><img decoding=\"async\" data-id=\"261\" src=\"https:\/\/acofi.edu.co\/eiei2023\/wp-content\/uploads\/2022\/11\/sunset-ga95d35f34_1920-1024x576.jpg\" alt=\"\" class=\"wp-image-261\"\/><\/figure>\n\n\n\n<figure class=\"wp-block-image size-large\"><img decoding=\"async\" data-id=\"263\" src=\"https:\/\/acofi.edu.co\/eiei2023\/wp-content\/uploads\/2022\/11\/cartagena-de-indias-g503aeb64a_1920-1024x683.jpg\" alt=\"\" class=\"wp-image-263\"\/><\/figure>\n<\/figure>\n\n\n\n<iframe loading=\"lazy\" src=\"https:\/\/www.youtube.com\/embed\/MZpCuWxTFc4?si=G43cw7229ZI9PKia\" height=\"350\" width=\"600\" allowfullscreen=\"\" frameborder=\"0\" style=\"display:block; margin: 0 auto;\"><\/iframe>\n\n\n<p>La Ciudad Heroica, como es conocida, se encuentra ubicada en el centro del litoral Caribe al extremo nororiental de Colombia, la cual es un gran museo al aire libre de estilo colonial con baluartes, plazas y m\u00e1s de diez kil\u00f3metros de murallas y fortificaciones que datan del siglo XVII que contrastan con sus playas, desarrollo empresarial, portuario, pol\u00edtico, acad\u00e9mico e industrial y lo m\u00e1s valioso: el gran calor humano de sus habitantes.<br \/><br \/>Es el principal destino tur\u00edstico de Colombia, de amplio reconocimiento a nivel global. Cada a\u00f1o recibe numerosos visitantes ilustres y es sede de eventos de amplia cobertura e impacto. Con un f\u00e1cil acceso, ya sea por v\u00eda a\u00e9rea, terrestre o mar\u00edtima, es visitada cada a\u00f1o por miles de turistas que encuentran en ella el lugar perfecto donde descansar o trabajar.<br \/><br \/>Su centro hist\u00f3rico, llamado \u201cEl Corralito de piedra\u201d, muestra en sus calles, casas y balcones la arquitectura republicana y barroca de una villa espa\u00f1ola de la \u00e9poca de la colonia. Vestigios intactos de garitas, ca\u00f1ones, fortalezas, baluartes y bater\u00edas son patrimonio invaluable que hace de la estad\u00eda de los visitantes una experiencia eterna, porque es una ciudad m\u00e1gica, hist\u00f3rica y bella en la que confluyen pasado, presente y futuro.<br \/><br \/>Lugares hist\u00f3ricos como el Castillo de San Felipe, el Palacio de la Proclamaci\u00f3n, la Torre del Reloj, las murallas, los balcones y las calles coloniales, se suman a la belleza natural de las playas de La Boquilla, Bocagrande, Castillo Grande, El Laguito y las cercanas Islas del Rosario y Bar\u00fa. Todo su paisaje hace de Cartagena de Indias una ciudad de encanto, de realidad m\u00e1gica.<br \/><br \/>Precisamente esta ciudad, cuya riqueza hist\u00f3rica, cultural, empresarial y tur\u00edstica la hacen \u00fanica, es el mejor escenario para el EIEI ACOFI \/ CLADI 2025.<\/p>\n\n\n<h2 class=\"wp-block-heading\">Datos generales<\/h2>\n\n\n\n<ul class=\"wp-block-list\">\n<li>Habitantes: 955.250<\/li>\n\n\n\n<li>Extensi\u00f3n: 709 km<sup>2<\/sup><\/li>\n\n\n\n<li>Altura: 2 m.s.n.m.<\/li>\n\n\n\n<li>Temperatura promedio: 28 \u00b0C<\/li>\n\n\n\n<li>Actividades econ\u00f3micas: Industria, comercio, turismo<\/li>\n\n\n\n<li>Acceso: terrestre, a\u00e9reo, mar\u00edtimo<\/li>\n<\/ul>\n\n\n<p>\n\n\n<\/p>\n<h3><span style=\"color: #ff0000;\">Aeropuerto Internacional Rafael N\u00fa\u00f1ez<\/span><\/h3>\n<ul class=\"wp-block-list\">\n\n<li style=\"text-align: justify;\">El aeropuerto internacional de Cartagena de Indias es uno de los m\u00e1s importantes de Colombia, por el movimiento tur\u00edstico. Cuenta con vuelos internacionales provenientes de Am\u00e9rica y Europa. Lo transitan anualmente, en promedio, m\u00e1s de cinco millones de pasajeros.<\/li>\n\n \n\n<li style=\"text-align: justify;\">El aeropuerto se ubica dentro del \u00e1rea urbana de Cartagena de Indias, al norte del casco c\u00e9ntrico, en el barrio de Crespo. Autobuses, minibuses y taxis comunican al aeropuerto con los distintos sectores urbanos de la ciudad de Cartagena de Indias. El servicio de taxi opera las 24 horas, mientras que el de autobuses desde las 06:50 hasta las 23:45 horas.<\/li>\n\n \n\n<li style=\"text-align: justify;\">Existen mostradores de alquiler de coches de las compa\u00f1\u00edas m\u00e1s reconocidas. El aeropuerto ofrece adem\u00e1s cajeros autom\u00e1ticos ATM, servicio de cambio de divisas, sector Vip, tel\u00e9fonos p\u00fablicos, acceso a Internet wifi sin costo y otros servicios.<\/li>\n\n<\/ul>\n<p style=\"padding-left: 40px;\"><a href=\"https:\/\/aeropuertocartagena.com.co\/\"><strong>aeropuertocartagena.com.co<\/strong><\/a><\/p>\n<p>\n\n\n\n<div style=\"text-align: center;\">\n  <iframe \n    src=\"https:\/\/www.google.com\/maps\/embed?pb=!1m18!1m12!1m3!1d3923.68798737504!2d-75.51902892421862!3d10.446314989683188!2m3!1f0!2f0!3f0!3m2!1i1024!2i768!4f13.1!3m3!1m2!1s0x8ef6254312e54b07%3A0x96a76383f1b4c3b1!2sAeropuerto%20Internacional%20Rafael%20N%C3%BA%C3%B1ez!5e0!3m2!1ses-419!2sco!4v1732650400744!5m2!1ses-419!2sco\" \n    width=\"600\" \n    height=\"450\" \n    style=\"border:0;\" \n    allowfullscreen=\"\" \n    loading=\"lazy\">\n  <\/iframe>\n<\/div>\n","protected":false},"excerpt":{"rendered":"<p>La Ciudad Heroica, como es conocida, se encuentra ubicada en el centro del litoral Caribe al extremo nororiental de Colombia, la cual es un gran museo al aire libre de estilo colonial con baluartes, plazas y m\u00e1s de diez kil\u00f3metros de murallas y fortificaciones que datan del siglo XVII que contrastan con sus playas, desarrollo [&hellip;]<\/p>\n","protected":false},"author":2,"featured_media":0,"parent":35,"menu_order":0,"comment_status":"closed","ping_status":"closed","template":"","meta":{"_acf_changed":false,"footnotes":""},"class_list":["post-47","page","type-page","status-publish","hentry"],"acf":[],"_links":{"self":[{"href":"https:\/\/acofi.edu.co\/eiei2025\/wp-json\/wp\/v2\/pages\/47","targetHints":{"allow":["GET"]}}],"collection":[{"href":"https:\/\/acofi.edu.co\/eiei2025\/wp-json\/wp\/v2\/pages"}],"about":[{"href":"https:\/\/acofi.edu.co\/eiei2025\/wp-json\/wp\/v2\/types\/page"}],"author":[{"embeddable":true,"href":"https:\/\/acofi.edu.co\/eiei2025\/wp-json\/wp\/v2\/users\/2"}],"replies":[{"embeddable":true,"href":"https:\/\/acofi.edu.co\/eiei2025\/wp-json\/wp\/v2\/comments?post=47"}],"version-history":[{"count":16,"href":"https:\/\/acofi.edu.co\/eiei2025\/wp-json\/wp\/v2\/pages\/47\/revisions"}],"predecessor-version":[{"id":427,"href":"https:\/\/acofi.edu.co\/eiei2025\/wp-json\/wp\/v2\/pages\/47\/revisions\/427"}],"up":[{"embeddable":true,"href":"https:\/\/acofi.edu.co\/eiei2025\/wp-json\/wp\/v2\/pages\/35"}],"wp:attachment":[{"href":"https:\/\/acofi.edu.co\/eiei2025\/wp-json\/wp\/v2\/media?parent=47"}],"curies":[{"name":"wp","href":"https:\/\/api.w.org\/{rel}","templated":true}]}}