{"id":24,"date":"2024-11-15T11:35:24","date_gmt":"2024-11-15T10:35:24","guid":{"rendered":"http:\/\/acofi.edu.co\/eiei2025\/?page_id=24"},"modified":"2024-11-29T04:09:01","modified_gmt":"2024-11-29T09:09:01","slug":"inicio","status":"publish","type":"page","link":"https:\/\/acofi.edu.co\/eiei2025\/","title":{"rendered":"Pagina Principal"},"content":{"rendered":"\n<p class=\"has-text-align-center mt-4\">Del 16 al 19 de septiembre de 2025, en Cartagena de Indias<\/p>\n\n\n\n<h2 class=\"wp-block-heading has-text-align-center px-5\">EIEI ACOFI 2025, uno de los eventos m\u00e1s importantes sobre educaci\u00f3n en ingenier\u00eda en el mundo.<\/h2>\n\n\n\n<div class=\"wp-block-buttons btn-preinscripcion-container is-content-justification-center is-layout-flex wp-container-core-buttons-is-layout-16018d1d wp-block-buttons-is-layout-flex\">\n<div class=\"wp-block-button button-style-cta mt-2 mb-2\"><a class=\"wp-block-button__link wp-element-button\" href=\"https:\/\/acofi.edu.co\/eiei2025\/informacion-general\/preinscripcion\/\"><i class=\"bi bi-pen-fill me-2\"><\/i>Preinscripci\u00f3n<\/a><\/div>\n<\/div>\n\n\n\n<div class=\"wp-block-group callout-container px-5\"><div class=\"wp-block-group__inner-container is-layout-flow wp-block-group-is-layout-flow\">\n<div class=\"wp-block-group\"><div class=\"wp-block-group__inner-container is-layout-flow wp-block-group-is-layout-flow\">\n<h3 class=\"wp-block-heading mt-5\">Un evento imperdible:<\/h3>\n\n\n\n<ul class=\"wp-block-list main-list\">\n<li>\n                           <img decoding=\"async\" src=\"http:\/\/acofi.edu.co\/eiei2025\/wp-content\/themes\/area92-eiei2025\/images\/checkmark.svg\" alt=\"Checkmark\" class=\"checkmark\">\n                           Conferencias, paneles, di\u00e1logos y talleres\n                       <\/li>\n\n\n\n<li>\n                           <img decoding=\"async\" src=\"http:\/\/acofi.edu.co\/eiei2025\/wp-content\/themes\/area92-eiei2025\/images\/checkmark.svg\" alt=\"Checkmark\" class=\"checkmark\">\n                           Conocer avances, desarrollos e innovaciones en el \u00e1mbito de la ingenier\u00eda\n                       <\/li>\n\n\n\n<li>\n                           <img decoding=\"async\" src=\"http:\/\/acofi.edu.co\/eiei2025\/wp-content\/themes\/area92-eiei2025\/images\/checkmark.svg\" alt=\"Checkmark\" class=\"checkmark\">\n                           Integraci\u00f3n de toda la comunidad relacionada con la ingenier\u00eda\n                       <\/li>\n<\/ul>\n<\/div><\/div>\n<\/div><\/div>\n\n\n\n<p><\/p>\n","protected":false},"excerpt":{"rendered":"<p>Del 16 al 19 de septiembre de 2025, en Cartagena de Indias EIEI ACOFI 2025, uno de los eventos m\u00e1s importantes sobre educaci\u00f3n en ingenier\u00eda en el mundo. Un evento imperdible:<\/p>\n","protected":false},"author":2,"featured_media":0,"parent":0,"menu_order":0,"comment_status":"closed","ping_status":"closed","template":"","meta":{"_acf_changed":false,"footnotes":""},"class_list":["post-24","page","type-page","status-publish","hentry"],"acf":[],"_links":{"self":[{"href":"https:\/\/acofi.edu.co\/eiei2025\/wp-json\/wp\/v2\/pages\/24","targetHints":{"allow":["GET"]}}],"collection":[{"href":"https:\/\/acofi.edu.co\/eiei2025\/wp-json\/wp\/v2\/pages"}],"about":[{"href":"https:\/\/acofi.edu.co\/eiei2025\/wp-json\/wp\/v2\/types\/page"}],"author":[{"embeddable":true,"href":"https:\/\/acofi.edu.co\/eiei2025\/wp-json\/wp\/v2\/users\/2"}],"replies":[{"embeddable":true,"href":"https:\/\/acofi.edu.co\/eiei2025\/wp-json\/wp\/v2\/comments?post=24"}],"version-history":[{"count":19,"href":"https:\/\/acofi.edu.co\/eiei2025\/wp-json\/wp\/v2\/pages\/24\/revisions"}],"predecessor-version":[{"id":317,"href":"https:\/\/acofi.edu.co\/eiei2025\/wp-json\/wp\/v2\/pages\/24\/revisions\/317"}],"wp:attachment":[{"href":"https:\/\/acofi.edu.co\/eiei2025\/wp-json\/wp\/v2\/media?parent=24"}],"curies":[{"name":"wp","href":"https:\/\/api.w.org\/{rel}","templated":true}]}}