{"id":194,"date":"2024-11-26T10:49:34","date_gmt":"2024-11-26T15:49:34","guid":{"rendered":"https:\/\/acofi.edu.co\/eiei2025\/?page_id=194"},"modified":"2024-12-10T09:53:09","modified_gmt":"2024-12-10T14:53:09","slug":"sobre-el-eiei-acofi-cladi-2025","status":"publish","type":"page","link":"https:\/\/acofi.edu.co\/eiei2025\/informacion-general\/sobre-el-eiei-acofi-cladi-2025\/","title":{"rendered":"Sobre el EIEI ACOFI \/ CLADI 2025"},"content":{"rendered":"\n<div class=\"wp-block-buttons btn-preinscripcion-container is-content-justification-center is-layout-flex wp-container-core-buttons-is-layout-16018d1d wp-block-buttons-is-layout-flex\">\n<div class=\"wp-block-button button-style-cta mt-2 mb-2\"><a class=\"wp-block-button__link wp-element-button\" href=\"https:\/\/acofi.edu.co\/eiei2025\/informacion-general\/preinscripcion\/\"><i class=\"bi bi-pen-fill me-2\"><\/i>Preinscripci\u00f3n<\/a><\/div>\n<\/div>\n\n\n<p style=\"text-align: justify;\">La Asociaci\u00f3n Colombiana de Facultades de Ingenier\u00eda (ACOFI), en alianza con el Consejo Federal de Decanas y Decanos de Ingenier\u00eda de Argentina (CONFEDI), con el apoyo institucional de la Asociaci\u00f3n Iberoamericana de Instituciones de Ense\u00f1anza de la Ingenier\u00eda (ASIBEI), realizar\u00e1n del 16 al 19 de septiembre de 2025 el Encuentro Internacional de Educaci\u00f3n en Ingenier\u00eda ACOFI (EIEI ACOFI) y el Congreso Latinoamericano de Ingenier\u00eda (CLADI), con el tema central \u201c<strong>Ingenier\u00eda de impacto para cuidar y transformar la vida<\/strong>\u201d.<br \/><br \/>En este sentido, el EIEI ACOFI \/ CLADI 2025 tendr\u00e1 diferentes espacios acad\u00e9micos, como paneles, di\u00e1logos con personas expertas, talleres, actividades t\u00e9cnicas y conferencias magistrales sobre el tema central. De igual manera, contar\u00e1 con las actividades que ha mantenido en cada una de sus versiones relacionadas con las tendencias en estrategias asociadas a la educaci\u00f3n en ingenier\u00eda y los aportes de la ingenier\u00eda con el desarrollo social y econ\u00f3mico, en un gran escenario que permitir\u00e1 acoger a expositores y participantes de diferentes lugares para compartir su conocimiento y experiencia.<br \/><br \/>En el EIEI ACOFI \/ CLADI 2025, participar\u00e1n decanas, decanos, directivas en \u00e1reas acad\u00e9micas y administrativas, docentes y estudiantes de ingenier\u00eda, representantes del sector productivo, entidades del Estado, gremios y la sociedad, quienes interactuar\u00e1n para estudiar, analizar, debatir y reflexionar sobre como la educaci\u00f3n en esta \u00e1rea contribuye para cuidar y transformar la vida.<br \/><br \/>As\u00ed, el EIEI ACOFI \/ CLADI 2025, tendr\u00e1 diferentes modalidades de participaci\u00f3n: la presentaci\u00f3n de los trabajos sobre educaci\u00f3n en ingenier\u00eda, la decimosegunda versi\u00f3n del Foro de Estudiantes de ingenier\u00eda (FCEI), la s\u00e9ptima versi\u00f3n del Encuentro de Estudiantes de Doctorado en Ingenier\u00eda (ENEDI) y la presentaci\u00f3n de avances de investigaci\u00f3n en ingenier\u00eda.<br \/><br \/>De tal manera, el EIEI ACOFI \/ CLADI 2025 constituye una gran oportunidad de relacionamiento entre organizaciones, empresas, gobierno y representantes de instituciones en uno de los escenarios m\u00e1s importantes de la educaci\u00f3n de la ingenier\u00eda en el \u00e1mbito global.<br \/><br \/>El EIEI ACOFI \/ CLADI 2025, contar\u00e1 con la participaci\u00f3n de personalidades referentes de la ingenier\u00eda con el prop\u00f3sito de generar un \u00e1mbito de profundizaci\u00f3n del conocimiento en las distintas \u00e1reas de la profesi\u00f3n, para promover el intercambio de ideas y experiencias y establecer lazos de cooperaci\u00f3n.<br \/><br \/>ACOFI y CONFEDI invitan a toda la comunidad acad\u00e9mica de ingenier\u00eda, representada por sus facultades, escuelas, programas de pregrado y posgrado, institutos, centros y grupos de investigaci\u00f3n; al sector empresarial y gremios relacionados con la ingenier\u00eda; a los gobiernos locales, regionales, nacionales e internacionales; a las organizaciones regionales y globales; a los medios de comunicaci\u00f3n y, en general, a la sociedad interesada en conocer c\u00f3mo desde la ingenier\u00eda generamos transformaci\u00f3n para una mejor vida.<\/p>\n\n\n<h2 class=\"wp-block-heading\"><strong>Objetivo general<\/strong><\/h2>\n\n\n<p style=\"text-align: justify;\">El EIEI ACOFI \/ CLADI 2025 es el evento de las facultades, escuelas y programas de ingenier\u00eda en el que se analiza, debate y reflexiona sobre c\u00f3mo desde las propuestas, acciones y transformaciones que se desarrollan desde la ingenier\u00eda se promueve la calidad de vida.<\/p>\n\n\n<h2 class=\"wp-block-heading\"><strong>Objetivos espec\u00edficos<\/strong><\/h2>\n\n\n<ul>\n<li style=\"text-align: justify;\">Ser un evento acad\u00e9mico en el que toda la comunidad de la ingenier\u00eda, representada por directivos docentes, personal administrativo, estudiantes de pregrado (grado) y posgrado, representantes de los sectores productivo y gubernamental y la sociedad, presenten y conozcan las iniciativas, experiencias, investigaciones y aportes para el cuidado de la vida desde la ingenier\u00eda.<\/li>\n<li style=\"text-align: justify;\">Dar a conocer c\u00f3mo los aportes desde los procesos de ense\u00f1anza y aprendizaje en la educaci\u00f3n en ingenier\u00eda contribuyen a una mejor calidad de vida.<\/li>\n<li style=\"text-align: justify;\">Analizar la importancia del agua, la energ\u00eda en todas sus fuentes, los aportes de la ingenier\u00eda para la salud y las nuevas y cambiantes tecnolog\u00edas, como respuestas para cuidar y transformar la vida.<\/li>\n<li style=\"text-align: justify;\">Fortalecer el quehacer acad\u00e9mico de las facultades, escuelas y programas de ingenier\u00eda entre ellas y en las relaciones con los estados, gobiernos, las organizaciones y la sociedad en su conjunto.<\/li>\n<\/ul>\n\n\n<h2 class=\"wp-block-heading\"><strong>Nuestras actividades<\/strong><\/h2>\n\n\n<ul>\n<li>Conferencias, paneles y di\u00e1logos con expertos<\/li>\n<li>Foro de Estudiantes de Ingenier\u00eda (FCEI)<\/li>\n<li>Encuentro Nacional de Estudiantes de Doctorado en Ingenier\u00eda (ENEDI)<\/li>\n<li>Ponencias simult\u00e1neas tem\u00e1ticas<\/li>\n<li>Avances en investigaci\u00f3n<\/li>\n<li>Talleres (workshops) sobre temas de inter\u00e9s<\/li>\n<li>Jornadas de certificaci\u00f3n<\/li>\n<li>Trabajos exhibidos en p\u00f3steres<\/li>\n<li>Muestra comercial<\/li>\n<li>Actividades sociales, t\u00e9cnicas y culturales<\/li>\n<\/ul>\n\n\n<h2 class=\"wp-block-heading\"><strong>\u00bfPor qu\u00e9 participar?<\/strong><\/h2>\n\n\n<p style=\"text-align: justify;\">Al participar en el EIEI ACOFI \/ CLADI 2025, tendr\u00e1 la oportunidad de:<\/p>\n<ul>\n<li style=\"text-align: justify;\">Ser parte de dos de los eventos m\u00e1s importantes de las facultades, escuelas y programas de ingenier\u00eda, con amplio reconocimiento global y la trayectoria de ACOFI y CONFEDI.<\/li>\n<li style=\"text-align: justify;\">Compartir experiencias y establecer contactos con representantes de diferentes instituciones, organismos y entidades de sectores relacionados con la ense\u00f1anza y el ejercicio profesional de la ingenier\u00eda.<\/li>\n<li style=\"text-align: justify;\">Conocer avances, desarrollos e innovaciones en el \u00e1mbito de la ingenier\u00eda y la formaci\u00f3n de ingenieros.<\/li>\n<li style=\"text-align: justify;\">Participar en actividades acad\u00e9micas con expertos para conocer y acercarse a sus pr\u00e1cticas, lecciones y perspectivas.<\/li>\n<li style=\"text-align: justify;\">Hacer parte de actividades t\u00e9cnicas, sociales y culturales en una de las ciudades m\u00e1s grandes, modernas y pujantes de Colombia y Latinoam\u00e9rica.<\/li>\n<li style=\"text-align: justify;\">Estar en un escenario formal para la divulgaci\u00f3n y comunicaci\u00f3n de trabajos resultados de investigaciones, experiencias de aula, avances de trabajos de doctorados, entre otros.<\/li>\n<\/ul>\n\n\n<h2 class=\"wp-block-heading\"><strong>\u00bfQui\u00e9nes asistir\u00e1n?<\/strong><\/h2>\n\n\n<ul>\n<li>Directivos de instituciones de educaci\u00f3n superior.<\/li>\n<li>Decanas, decanos, personas directivas administrativas de facultades, escuelas y programas de ingenier\u00eda.<\/li>\n<li>Docentes, profesionales e investigadores del \u00e1rea de la ingenier\u00eda.<\/li>\n<li>Representantes de los sectores empresarial y gubernamental.<\/li>\n<li>Asesores, consultores e investigadores, conocedores y expertos en la ense\u00f1anza de la ingenier\u00eda.<\/li>\n<li>Directivos y representantes de gremios profesionales y acad\u00e9micos<\/li>\n<li>Grupos de investigaci\u00f3n o extensi\u00f3n relacionados con la ingenier\u00eda.<\/li>\n<li>Consejos y colegios profesionales de ingenier\u00eda.<\/li>\n<li>Representantes de entidades internacionales vinculadas a la educaci\u00f3n.<\/li>\n<li>Estudiantes de pregrado (grado) y posgrado de las facultades de ingenier\u00eda.<\/li>\n<\/ul>\n\n\n<h2 class=\"wp-block-heading\"><strong>Horario del EIEI ACOFI \/ CLADI 2025<\/strong><\/h2>\n\n\n\n<p>La agenda con las actividades del EIEI ACOFI \/ CLADI 2025 tendr\u00e1n los siguientes horarios:<br><br>\u2022 Martes 16 de septiembre: 08:00 horas &#8211; 18:00 horas<br>\u2022 Mi\u00e9rcoles 17 de septiembre: 07:00 horas \u2013 19:00 horas<br>\u2022 Jueves 18 de septiembre: 08:00 horas \u2013 21:00 horas<br>\u2022 Viernes 19 septiembre: 08:00 horas \u2013 23:59 horas<\/p>\n\n\n\n<ul class=\"wp-block-list\">\n<li><\/li>\n<\/ul>\n\n\n\n<h2 class=\"wp-block-heading\"><strong>Sede del evento<\/strong><\/h2>\n\n\n<div class=\"wp-block-image\">\n<figure class=\"aligncenter size-full\"><img loading=\"lazy\" decoding=\"async\" width=\"1000\" height=\"300\" src=\"https:\/\/acofi.edu.co\/eiei2025\/wp-content\/uploads\/2024\/11\/wHsjOUUY_400x400.jpg\" alt=\"\" class=\"wp-image-205\" srcset=\"https:\/\/acofi.edu.co\/eiei2025\/wp-content\/uploads\/2024\/11\/wHsjOUUY_400x400.jpg 1000w, https:\/\/acofi.edu.co\/eiei2025\/wp-content\/uploads\/2024\/11\/wHsjOUUY_400x400-300x90.jpg 300w, https:\/\/acofi.edu.co\/eiei2025\/wp-content\/uploads\/2024\/11\/wHsjOUUY_400x400-768x230.jpg 768w\" sizes=\"auto, (max-width: 1000px) 100vw, 1000px\" \/><\/figure>\n<\/div>\n\n<p style=\"text-align: justify;\">El Centro de Convenciones Cartagena de Indias (CCCI) es el espacio m\u00e1s importante para los eventos en Colombia y uno de los m\u00e1s reconocidos en el \u00e1mbito global. Cuenta con instalaciones modernas, polivalentes y, al mismo tiempo, inalterables en su integridad arquitect\u00f3nica y tradici\u00f3n, con m\u00e1s de tres d\u00e9cadas de experiencia albergando eventos oficiales, de diversas partes del mundo del m\u00e1s alto nivel, lo cual garantiza que sea el escenario ideal para el EIEI ACOFI \/ CLADI 2025.<\/p>\n<p>El Centro de Convenciones adem\u00e1s de su infraestructura y ubicaci\u00f3n estrat\u00e9gica ofrece al EIEI ACOFI \/ CLADI 2025 una atenci\u00f3n de la m\u00e1s alta calidad, acompa\u00f1ada de una oferta tecnol\u00f3gica que abarca gran variedad de servicios, soluciones pr\u00e1cticas, innovadoras y eficientes para el buen desarrollo del evento.<\/p>\n<p>Con informaci\u00f3n de <a href=\"https:\/\/cccartagena.com\/calendario-de-eventos\/\">cccartagena.com\/eventos\/<\/a><\/p>\n\n\n<h2 class=\"wp-block-heading\"><strong>Imagen Institucional<\/strong><\/h2>\n\n\n<p style=\"text-align: justify;\">El logo del EIEI 2025 refleja un equilibrio armonioso entre innovaci\u00f3n y estructura. La combinaci\u00f3n de elementos curvos y lineales representa este balance: las curvas simbolizan la creatividad e innovaci\u00f3n, mientras que las l\u00edneas rectas evocan la precisi\u00f3n y la solidez estructural. La disposici\u00f3n de estos elementos sugiere direcci\u00f3n y movimiento, transmitiendo una sensaci\u00f3n de crecimiento y transformaci\u00f3n progresiva, donde cada intervenci\u00f3n genera un impacto positivo y duradero. Los distintos carriles representan la colaboraci\u00f3n entre diversas disciplinas de la ingenier\u00eda y la sociedad, trabajando en conjunto para lograr un cambio significativo y constructivo. Todo esto, enmarcado en la forma del n\u00famero 25 y con los colores representativos del EIEI.<\/p>\n\n\n<hr class=\"wp-block-separator aligncenter has-alpha-channel-opacity has-cool-to-warm-spectrum-gradient-background has-background is-style-wide\"\/>\n\n\n\n<div class=\"wp-block-columns is-layout-flex wp-container-core-columns-is-layout-9d6595d7 wp-block-columns-is-layout-flex\">\n<div class=\"wp-block-column is-layout-flow wp-block-column-is-layout-flow\">\n<figure class=\"wp-block-image size-full\"><img loading=\"lazy\" decoding=\"async\" width=\"218\" height=\"254\" src=\"https:\/\/acofi.edu.co\/eiei2025\/wp-content\/uploads\/2024\/11\/EIEI-25-Logo-Vertical-BG-Azul@2x-100.jpg\" alt=\"\" class=\"wp-image-259\"\/><\/figure>\n<\/div>\n\n\n\n<div class=\"wp-block-column is-layout-flow wp-block-column-is-layout-flow\"><div class=\"wp-block-image\">\n<figure class=\"aligncenter size-full\"><img loading=\"lazy\" decoding=\"async\" width=\"483\" height=\"336\" src=\"https:\/\/acofi.edu.co\/eiei2025\/wp-content\/uploads\/2024\/11\/EIEI-25-Logo@3x.png\" alt=\"\" class=\"wp-image-261\" srcset=\"https:\/\/acofi.edu.co\/eiei2025\/wp-content\/uploads\/2024\/11\/EIEI-25-Logo@3x.png 483w, https:\/\/acofi.edu.co\/eiei2025\/wp-content\/uploads\/2024\/11\/EIEI-25-Logo@3x-300x209.png 300w\" sizes=\"auto, (max-width: 483px) 100vw, 483px\" \/><\/figure>\n<\/div><\/div>\n\n\n\n<div class=\"wp-block-column is-layout-flow wp-block-column-is-layout-flow\"><div class=\"wp-block-image\">\n<figure class=\"aligncenter size-large\"><img loading=\"lazy\" decoding=\"async\" width=\"1024\" height=\"216\" src=\"https:\/\/acofi.edu.co\/eiei2025\/wp-content\/uploads\/2024\/11\/EIEI-25-Logo-Horizontal@3x-1024x216.png\" alt=\"\" class=\"wp-image-262\" srcset=\"https:\/\/acofi.edu.co\/eiei2025\/wp-content\/uploads\/2024\/11\/EIEI-25-Logo-Horizontal@3x-1024x216.png 1024w, https:\/\/acofi.edu.co\/eiei2025\/wp-content\/uploads\/2024\/11\/EIEI-25-Logo-Horizontal@3x-300x63.png 300w, https:\/\/acofi.edu.co\/eiei2025\/wp-content\/uploads\/2024\/11\/EIEI-25-Logo-Horizontal@3x-768x162.png 768w, https:\/\/acofi.edu.co\/eiei2025\/wp-content\/uploads\/2024\/11\/EIEI-25-Logo-Horizontal@3x-1536x323.png 1536w, https:\/\/acofi.edu.co\/eiei2025\/wp-content\/uploads\/2024\/11\/EIEI-25-Logo-Horizontal@3x.png 1539w\" sizes=\"auto, (max-width: 1024px) 100vw, 1024px\" \/><\/figure>\n<\/div><\/div>\n<\/div>\n\n\n\n<p><\/p>\n","protected":false},"excerpt":{"rendered":"<p>La Asociaci\u00f3n Colombiana de Facultades de Ingenier\u00eda (ACOFI), en alianza con el Consejo Federal de Decanas y Decanos de Ingenier\u00eda de Argentina (CONFEDI), con el apoyo institucional de la Asociaci\u00f3n Iberoamericana de Instituciones de Ense\u00f1anza de la Ingenier\u00eda (ASIBEI), realizar\u00e1n del 16 al 19 de septiembre de 2025 el Encuentro Internacional de Educaci\u00f3n en Ingenier\u00eda [&hellip;]<\/p>\n","protected":false},"author":2,"featured_media":0,"parent":35,"menu_order":0,"comment_status":"closed","ping_status":"closed","template":"","meta":{"_acf_changed":false,"footnotes":""},"class_list":["post-194","page","type-page","status-publish","hentry"],"acf":[],"_links":{"self":[{"href":"https:\/\/acofi.edu.co\/eiei2025\/wp-json\/wp\/v2\/pages\/194","targetHints":{"allow":["GET"]}}],"collection":[{"href":"https:\/\/acofi.edu.co\/eiei2025\/wp-json\/wp\/v2\/pages"}],"about":[{"href":"https:\/\/acofi.edu.co\/eiei2025\/wp-json\/wp\/v2\/types\/page"}],"author":[{"embeddable":true,"href":"https:\/\/acofi.edu.co\/eiei2025\/wp-json\/wp\/v2\/users\/2"}],"replies":[{"embeddable":true,"href":"https:\/\/acofi.edu.co\/eiei2025\/wp-json\/wp\/v2\/comments?post=194"}],"version-history":[{"count":55,"href":"https:\/\/acofi.edu.co\/eiei2025\/wp-json\/wp\/v2\/pages\/194\/revisions"}],"predecessor-version":[{"id":450,"href":"https:\/\/acofi.edu.co\/eiei2025\/wp-json\/wp\/v2\/pages\/194\/revisions\/450"}],"up":[{"embeddable":true,"href":"https:\/\/acofi.edu.co\/eiei2025\/wp-json\/wp\/v2\/pages\/35"}],"wp:attachment":[{"href":"https:\/\/acofi.edu.co\/eiei2025\/wp-json\/wp\/v2\/media?parent=194"}],"curies":[{"name":"wp","href":"https:\/\/api.w.org\/{rel}","templated":true}]}}