{"id":1080,"date":"2025-09-30T16:44:21","date_gmt":"2025-09-30T21:44:21","guid":{"rendered":"https:\/\/acofi.edu.co\/eiei2025\/?page_id=1080"},"modified":"2025-10-10T11:48:43","modified_gmt":"2025-10-10T16:48:43","slug":"fotografias-eiei-acofi-cladi-2025","status":"publish","type":"page","link":"https:\/\/acofi.edu.co\/eiei2025\/fotografias-eiei-acofi-cladi-2025\/","title":{"rendered":"Fotograf\u00edas EIEI ACOFI \/ CLADI 2025"},"content":{"rendered":"\n<p><a href=\"https:\/\/acofieduco-my.sharepoint.com\/:f:\/g\/personal\/eiei_acofi_edu_co\/ErZQ2X1caLdHm5NQn8m7zG0B_LwsY7zG_OKLxHqR75juBg?e=4dxs7T\">Curso para Decanas y Decanos de Ingenier\u00eda &#8211; Agencia Espa\u00f1ola de Cooperaci\u00f3n Internacional para el Desarrollo AECID &#8211; 16 Septiembre<\/a><br><a href=\"https:\/\/acofieduco-my.sharepoint.com\/:f:\/g\/personal\/eiei_acofi_edu_co\/El8o8SdmPMhLkic083gskwABEl_X9SY8eMg_9u0USTdD4w?e=r8ArK9\">Actividades Fundaci\u00f3n Universitaria Tecnol\u00f3gico Comfenalco &#8211; 16 septiembre<\/a><br><a href=\"https:\/\/acofieduco-my.sharepoint.com\/:f:\/g\/personal\/eiei_acofi_edu_co\/En6KNTzcviJDqD-PBKdOGv8BiGwbiuUmJUs9e_XNc5YUNw?e=FQQCDL\">Curso para Decanas y Decanos de Ingenier\u00eda &#8211; Palacio de la Proclamaci\u00f3n &#8211; 17 Septiembre<\/a><br><a href=\"https:\/\/acofieduco-my.sharepoint.com\/:f:\/g\/personal\/eiei_acofi_edu_co\/ElzX2FP1WTRKiEJN4kEg2ykBv79xQ4F-gWa0LVN4kIxtVw?e=zQ22p6\">D\u00eda 1, Centro de Convenciones de Cartagena de Indias &#8211; EIEI ACOFI &#8211; CLADI 17 Septiembre<br><\/a><a href=\"https:\/\/acofieduco-my.sharepoint.com\/:f:\/g\/personal\/eiei_acofi_edu_co\/Eq-R39pYSlhIo_rNGM98fbEBw6u49KOgXEcolMNmAFqFrw?e=kGOroT\">D\u00eda 2, Centro de Convenciones de Cartagena de Indias &#8211; EIEI ACOFI &#8211; CLADI 18 Septiembre<br><\/a><a href=\"https:\/\/acofieduco-my.sharepoint.com\/:f:\/g\/personal\/eiei_acofi_edu_co\/Euwao0DYlptNnv_YgBSOB40B4QvMzSEjQ9v11O4JnnNH-A?e=3owMjQ\">D\u00eda 3, Centro de Convenciones de Cartagena de Indias &#8211; EIEI ACOFI &#8211; CLADI 19 Septiembre<br><\/a><a href=\"https:\/\/acofieduco-my.sharepoint.com\/:f:\/g\/personal\/eiei_acofi_edu_co\/EsraVFhrV99NkwNjvgiKvaIBQ89gHFVatrRVGcZUzdBVwg?e=FRCoM1\">Fiesta de Gala &#8211; EIEI ACOFI &#8211; CLADI 2025 19 Septiembre<br><\/a><a href=\"https:\/\/acofieduco-my.sharepoint.com\/:f:\/g\/personal\/eiei_acofi_edu_co\/Eq4ez18briFOlvZMcGdhiosBc2aHH_YoJEjAcOEfYVB_Ag?e=cfcsXC\">Registro, \u00c1rea Comercial &#8211; EIEI ACOFI &#8211; CLADI 2025<\/a><br><a href=\"https:\/\/acofieduco-my.sharepoint.com\/:f:\/g\/personal\/eiei_acofi_edu_co\/EnsTbuVBuJ1KsPJmi6U1QFoBBzynedIfuC20JEyMlG58kA?e=V6MgBm\">Rockstar Photo Booth &#8211; Fiesta de Gala &#8211; 19 Septiembre<br><\/a><a href=\"https:\/\/acofieduco-my.sharepoint.com\/:f:\/g\/personal\/eiei_acofi_edu_co\/EowGcbzvAPZPmcE_vbupNBgBSPSTIGxCcCRjBOqDoTTNLg?e=3puJtm\">Rockstar Photo Booth &#8211; Sesi\u00f3n de P\u00f3steres &#8211; 18 Septiembre<br><\/a><a href=\"https:\/\/acofieduco-my.sharepoint.com\/:f:\/g\/personal\/eiei_acofi_edu_co\/EvYtIfjvHB5OqjympX-jxK4BbHuZ6kN3O3sn_Sj8aHV6IQ?e=8iqATV\">Sesi\u00f3n de P\u00f3steres &#8211; EIEI ACOFI &#8211; CLADI 2025 18 Septiembre<\/a><\/p>\n\n\n\n<p><\/p>\n","protected":false},"excerpt":{"rendered":"<p>Curso para Decanas y Decanos de Ingenier\u00eda &#8211; Agencia Espa\u00f1ola de Cooperaci\u00f3n Internacional para el Desarrollo AECID &#8211; 16 SeptiembreActividades Fundaci\u00f3n Universitaria Tecnol\u00f3gico Comfenalco &#8211; 16 septiembreCurso para Decanas y Decanos de Ingenier\u00eda &#8211; Palacio de la Proclamaci\u00f3n &#8211; 17 SeptiembreD\u00eda 1, Centro de Convenciones de Cartagena de Indias &#8211; EIEI ACOFI &#8211; CLADI 17 [&hellip;]<\/p>\n","protected":false},"author":2,"featured_media":0,"parent":0,"menu_order":0,"comment_status":"closed","ping_status":"closed","template":"","meta":{"_acf_changed":false,"footnotes":""},"class_list":["post-1080","page","type-page","status-publish","hentry"],"acf":[],"_links":{"self":[{"href":"https:\/\/acofi.edu.co\/eiei2025\/wp-json\/wp\/v2\/pages\/1080","targetHints":{"allow":["GET"]}}],"collection":[{"href":"https:\/\/acofi.edu.co\/eiei2025\/wp-json\/wp\/v2\/pages"}],"about":[{"href":"https:\/\/acofi.edu.co\/eiei2025\/wp-json\/wp\/v2\/types\/page"}],"author":[{"embeddable":true,"href":"https:\/\/acofi.edu.co\/eiei2025\/wp-json\/wp\/v2\/users\/2"}],"replies":[{"embeddable":true,"href":"https:\/\/acofi.edu.co\/eiei2025\/wp-json\/wp\/v2\/comments?post=1080"}],"version-history":[{"count":7,"href":"https:\/\/acofi.edu.co\/eiei2025\/wp-json\/wp\/v2\/pages\/1080\/revisions"}],"predecessor-version":[{"id":1090,"href":"https:\/\/acofi.edu.co\/eiei2025\/wp-json\/wp\/v2\/pages\/1080\/revisions\/1090"}],"wp:attachment":[{"href":"https:\/\/acofi.edu.co\/eiei2025\/wp-json\/wp\/v2\/media?parent=1080"}],"curies":[{"name":"wp","href":"https:\/\/api.w.org\/{rel}","templated":true}]}}