{"id":96,"date":"2023-11-27T21:31:07","date_gmt":"2023-11-27T21:31:07","guid":{"rendered":"https:\/\/acofi.edu.co\/eiei2024\/?page_id=96"},"modified":"2024-07-04T20:43:11","modified_gmt":"2024-07-04T20:43:11","slug":"educacion-en-ingenieria","status":"publish","type":"page","link":"https:\/\/acofi.edu.co\/eiei2024\/informacion-academica\/categorias-de-participacion\/educacion-en-ingenieria\/","title":{"rendered":"Educaci\u00f3n en ingenier\u00eda"},"content":{"rendered":"\n<p>Se expondr\u00e1n las experiencias y propuestas de profesores e investigadores en educaci\u00f3n en ingenier\u00eda, por medio de trabajos de aula e investigaciones en los \u00e1mbitos de los siguientes ejes tem\u00e1ticos:<\/p>\n\n\n\n<ol class=\"wp-block-list\" start=\"1\" style=\"list-style-type:lower-alpha\">\n<li>Calidad y acreditaci\u00f3n<\/li>\n\n\n\n<li>Evaluaci\u00f3n de la ense\u00f1anza en el aula<\/li>\n\n\n\n<li>Desarrollo curricular<\/li>\n\n\n\n<li>Procesos formativos (articulaci\u00f3n ense\u00f1anza \u2013 aprendizaje \u2013 conocimiento)<\/li>\n<\/ol>\n\n\n\n<h2 class=\"wp-block-heading\">Metodolog\u00eda<\/h2>\n\n\n\n<p>Los trabajos ser\u00e1n expuestos <strong>\u00fanicamente en forma oral<\/strong> en los horarios que se informar\u00e1n previamente. De acuerdo con el correspondiente eje tem\u00e1tico, se presentar\u00e1n durante las sesiones paralelas y se concluir\u00e1 con una sesi\u00f3n de preguntas dentro del tiempo disponible.<br><br>Los mejores trabajos en esta modalidad que cumplan con las condiciones y los autores as\u00ed lo deseen ser\u00e1n incluidos en una edici\u00f3n especial de la Revista educaci\u00f3n en ingenier\u00eda (indexada actualmente en los \u00edndices:&nbsp; IET, Gale, Cengage Learning, Publons, Dialnet, Dora). A trav\u00e9s de <a href=\"https:\/\/educacioneningenieria.org\/se\">https:\/\/educacioneningenieria.org\/se<\/a> podr\u00e1 consultar la informaci\u00f3n a partir de enero de 2024.<br><\/p>\n\n\n\n<h2 class=\"wp-block-heading\">Dirigida a<\/h2>\n\n\n\n<ul class=\"wp-block-list\">\n<li>Directivos, profesores y personal administrativo de las facultades, escuelas o programas de ingenier\u00eda.<\/li>\n\n\n\n<li>Grupos de investigaci\u00f3n, de trabajo o de extensi\u00f3n de facultades, escuelas o programas de ingenier\u00eda.<\/li>\n\n\n\n<li>Representantes del sector empresarial y del gobierno que hayan desarrollado trabajos relacionados con los ejes tem\u00e1ticos.<\/li>\n<\/ul>\n\n\n\n<h2 class=\"wp-block-heading\">C\u00f3mo enviar su resumen<\/h2>\n\n\n\n<p><strong>*Se recomienda que este proceso lo realice el autor principal del trabajo, pues quien inicia el proceso es el \u00fanico contacto entre ACOFI y el trabajo a presentar.<\/strong><strong><br>**Es obligatorio incluir a todos los autores del trabajo en la plataforma acofipapers. Despu\u00e9s de subido el resumen no se pueden hacer modificaciones y no se permitir\u00e1 la adici\u00f3n o sustracci\u00f3n de autores despu\u00e9s de comenzado el proceso.<\/strong><\/p>\n\n\n\n<div data-wp-interactive=\"core\/file\" class=\"wp-block-file\"><object data-wp-bind--hidden=\"!state.hasPdfPreview\" hidden class=\"wp-block-file__embed\" data=\"https:\/\/acofi.edu.co\/eiei2024\/wp-content\/uploads\/2023\/11\/Instructivo-para-subir-resumen-2024-1.pdf\" type=\"application\/pdf\" style=\"width:100%;height:600px\" aria-label=\"Incrustado de Instructivo-para-subir-resumen-2024-1.\"><\/object><a id=\"wp-block-file--media-ac5608c9-3183-4085-a3ba-491890f5b6b4\" href=\"https:\/\/acofi.edu.co\/eiei2024\/wp-content\/uploads\/2023\/11\/Instructivo-para-subir-resumen-2024-1.pdf\">Instructivo-para-subir-resumen-2024-1<\/a><a href=\"https:\/\/acofi.edu.co\/eiei2024\/wp-content\/uploads\/2023\/11\/Instructivo-para-subir-resumen-2024-1.pdf\" class=\"wp-block-file__button wp-element-button\" download aria-describedby=\"wp-block-file--media-ac5608c9-3183-4085-a3ba-491890f5b6b4\">Descargar<\/a><\/div>\n\n\n\n<h2 class=\"wp-block-heading\">Importante<\/h2>\n\n\n\n<ul class=\"wp-block-list\">\n<li>Para que un trabajo sea publicado en las memorias del EIEI ACOFI 2024, en cualquiera de las categor\u00edas previstas (ense\u00f1anza de la ingenier\u00eda, avances en investigaci\u00f3n, estudiantes de pregrado y estudiantes de doctorado), uno de los autores debe pagar la inscripci\u00f3n, teniendo como fecha m\u00e1xima el 2 de agosto de 2024. Una misma inscripci\u00f3n cubrir\u00e1 m\u00e1ximo dos trabajos.<\/li>\n\n\n\n<li>Un mismo autor podr\u00e1 participar en m\u00e1ximo tres trabajos y se aceptar\u00e1n como m\u00e1ximo cinco autores por trabajo.<\/li>\n\n\n\n<li>Hacer buen uso de las may\u00fasculas. El t\u00edtulo del resumen enviado no debe estar en may\u00fasculas sostenidas.<\/li>\n\n\n\n<li>El campo <em>Afiliaci\u00f3n<\/em> dentro de <em>acofipapers<\/em> hace referencia a la instituci\u00f3n a la cual pertenece usted como usuario (autor).<\/li>\n\n\n\n<li>El plazo m\u00e1ximo permitido para editar el t\u00edtulo, los autores o algo relacionado del trabajo es el 12 de abril de 2024, despu\u00e9s de esta fecha no se permite ning\u00fan tipo de ajuste o adici\u00f3n.<\/li>\n<\/ul>\n\n\n\n<h2 class=\"wp-block-heading\">Cronograma de actividades<\/h2>\n\n\n\n<figure class=\"wp-block-image size-large\"><img loading=\"lazy\" decoding=\"async\" width=\"1024\" height=\"564\" src=\"https:\/\/acofi.edu.co\/eiei2024\/wp-content\/uploads\/2023\/11\/EIEI-1-1024x564.png\" alt=\"\" class=\"wp-image-98\" srcset=\"https:\/\/acofi.edu.co\/eiei2024\/wp-content\/uploads\/2023\/11\/EIEI-1-1024x564.png 1024w, https:\/\/acofi.edu.co\/eiei2024\/wp-content\/uploads\/2023\/11\/EIEI-1-300x165.png 300w, https:\/\/acofi.edu.co\/eiei2024\/wp-content\/uploads\/2023\/11\/EIEI-1-768x423.png 768w, https:\/\/acofi.edu.co\/eiei2024\/wp-content\/uploads\/2023\/11\/EIEI-1.png 1199w\" sizes=\"auto, (max-width: 1024px) 100vw, 1024px\" \/><\/figure>\n","protected":false},"excerpt":{"rendered":"<p>Se expondr\u00e1n las experiencias y propuestas de profesores e investigadores en educaci\u00f3n en ingenier\u00eda, por medio de trabajos de aula e investigaciones en los \u00e1mbitos de los siguientes ejes tem\u00e1ticos: Metodolog\u00eda Los trabajos ser\u00e1n expuestos \u00fanicamente en forma oral en los horarios que se informar\u00e1n previamente. De acuerdo con el correspondiente eje tem\u00e1tico, se presentar\u00e1n [&hellip;]<\/p>\n","protected":false},"author":1,"featured_media":0,"parent":19,"menu_order":0,"comment_status":"closed","ping_status":"closed","template":"","meta":{"_acf_changed":false,"footnotes":""},"class_list":["post-96","page","type-page","status-publish","hentry"],"acf":[],"_links":{"self":[{"href":"https:\/\/acofi.edu.co\/eiei2024\/wp-json\/wp\/v2\/pages\/96","targetHints":{"allow":["GET"]}}],"collection":[{"href":"https:\/\/acofi.edu.co\/eiei2024\/wp-json\/wp\/v2\/pages"}],"about":[{"href":"https:\/\/acofi.edu.co\/eiei2024\/wp-json\/wp\/v2\/types\/page"}],"author":[{"embeddable":true,"href":"https:\/\/acofi.edu.co\/eiei2024\/wp-json\/wp\/v2\/users\/1"}],"replies":[{"embeddable":true,"href":"https:\/\/acofi.edu.co\/eiei2024\/wp-json\/wp\/v2\/comments?post=96"}],"version-history":[{"count":6,"href":"https:\/\/acofi.edu.co\/eiei2024\/wp-json\/wp\/v2\/pages\/96\/revisions"}],"predecessor-version":[{"id":533,"href":"https:\/\/acofi.edu.co\/eiei2024\/wp-json\/wp\/v2\/pages\/96\/revisions\/533"}],"up":[{"embeddable":true,"href":"https:\/\/acofi.edu.co\/eiei2024\/wp-json\/wp\/v2\/pages\/19"}],"wp:attachment":[{"href":"https:\/\/acofi.edu.co\/eiei2024\/wp-json\/wp\/v2\/media?parent=96"}],"curies":[{"name":"wp","href":"https:\/\/api.w.org\/{rel}","templated":true}]}}