{"id":913,"date":"2024-09-14T03:44:03","date_gmt":"2024-09-14T03:44:03","guid":{"rendered":"https:\/\/acofi.edu.co\/eiei2024\/?page_id=913"},"modified":"2024-09-14T04:01:58","modified_gmt":"2024-09-14T04:01:58","slug":"energia-transicion-eficiencia-y-seguridad","status":"publish","type":"page","link":"https:\/\/acofi.edu.co\/eiei2024\/energia-transicion-eficiencia-y-seguridad\/","title":{"rendered":"Energ\u00eda: transici\u00f3n, eficiencia y seguridad"},"content":{"rendered":"\n<div class=\"wp-block-buttons is-content-justification-center is-layout-flex wp-container-core-buttons-is-layout-16018d1d wp-block-buttons-is-layout-flex\">\n<div class=\"wp-block-button has-custom-width wp-block-button__width-75\"><a class=\"wp-block-button__link has-white-color has-vivid-red-background-color has-text-color has-background has-link-color wp-element-button\" href=\"https:\/\/acofieventos.com.co\/login\" style=\"border-radius:0px\"><strong>INSCRIBIRSE<\/strong><\/a><\/div>\n<\/div>\n\n\n<h2><br \/>Descripci\u00f3n<\/h2>\n<p style=\"text-align: justify;\">En esta jornada se presentar\u00e1n proyectos de ingenier\u00eda que aporten optimizaci\u00f3n en su manejo, en el uso de los diferentes tipos de energ\u00eda, que promuevan los cambios en los modelos de producci\u00f3n, distribuci\u00f3n y consumo y garanticen su suministro de forma ambiental, t\u00e9cnica y econ\u00f3micamente sostenible.<\/p>\n<h2>Motivaci\u00f3n<\/h2>\n<p style=\"text-align: justify;\">Hablar de transici\u00f3n, eficiencia y seguridad asociada a la energ\u00eda, es hablar de mejorar la calidad de vida de las personas y de la sociedad, garantizando su prestaci\u00f3n adecuada tanto en industria como en hogares, haciendo uso \u00f3ptimo de los recursos, recurriendo principalmente a fuentes sostenibles, amigables con el medio ambiente y financieramente viable<a href=\"#_ftn1\" name=\"_ftnref1\">[1]<\/a>.<br \/><br \/>En este sentido se expresa que:<\/p>\n<p style=\"text-align: justify; padding-left: 80px;\"><br \/><em>El camino a seguir sigue siendo claro: ha llegado el momento de que todos los actores de la cadena de valor, desde la oferta hasta la demanda y la distribuci\u00f3n, incluidos los sectores p\u00fablico y privado, adopten medidas decisivas. Esto significa intensificar los esfuerzos para transformar sus sistemas energ\u00e9ticos mediante la aplicaci\u00f3n de soluciones innovadoras, la movilizaci\u00f3n de inversiones y el impulso de reformas pol\u00edticas audaces. Si aprovechan el impulso de la transici\u00f3n energ\u00e9tica, los actores interesados <\/em><em>\u200b\u200b<\/em><em>pueden trazar el rumbo hacia un futuro energ<\/em><em>\u00e9<\/em><em>tico equitativo, seguro y sostenible.<\/em><a href=\"#_ftn2\" name=\"_ftnref2\">[2]<\/a><\/p>\n<p style=\"text-align: justify;\"><br \/>De la misma manera:<\/p>\n<p style=\"text-align: justify; padding-left: 80px;\"><br \/><em>Los \u00faltimos a\u00f1os han sido vol\u00e1tiles para el sector energ\u00e9tico. La disrupci\u00f3n extrema provocada por la crisis energ\u00e9tica mundial se ha cruzado con la acuciante necesidad de aumentar urgentemente la inversi\u00f3n en energ\u00edas renovables para evitar una crisis clim\u00e1tica.<\/em><a href=\"#_ftn3\" name=\"_ftnref3\"><strong>[3]<\/strong><\/a><em><br \/><\/em><\/p>\n<p style=\"text-align: justify;\"><em><br \/><\/em>Este entorno muestra las grandes oportunidades en las que la ingenier\u00eda debe tener un papel protag\u00f3nico con proyectos e iniciativas que le apunten a una nueva energ\u00eda en beneficio de todos. La ingenier\u00eda tiene un rol fundamental para lograrlo y es parte de lo que se va a presentar en esta jornada.<\/p>\n<hr \/>\n<pre><a href=\"#_ftnref1\" name=\"_ftn1\">[1]<\/a> Adaptado de: https:\/\/www.wwf.org.co\/?366021\/Eficiencia-energetica-una-ayuda-para-el-planeta-y-para-tu-bolsillo<br \/><br \/><a href=\"#_ftnref2\" name=\"_ftn2\">[2]<\/a> Tomado de: <a href=\"https:\/\/www.weforum.org\/publications\/fostering-effective-energy-transition-2024\/digest\/\">https:\/\/www.weforum.org\/publications\/fostering-effective-energy-transition-2024\/digest\/<\/a>, traducci\u00f3n libre<br \/><br \/><a href=\"#_ftnref3\" name=\"_ftn3\">[3]<\/a> https:\/\/es.weforum.org\/agenda\/2023\/07\/invertimos-1-70-dolares-en-energia-limpias-para-cada-dolar-en-fosiles-pero-es-suficiente\/<\/pre>\n<p>\u00a0<\/p>\n\n\n<h2 class=\"wp-block-heading\">Agenda<\/h2>\n\n\n<div class=\"wp-block-image\">\n<figure class=\"aligncenter size-full\"><img loading=\"lazy\" decoding=\"async\" width=\"585\" height=\"265\" src=\"https:\/\/acofi.edu.co\/eiei2024\/wp-content\/uploads\/2024\/09\/Energia-1.png\" alt=\"\" class=\"wp-image-917\" srcset=\"https:\/\/acofi.edu.co\/eiei2024\/wp-content\/uploads\/2024\/09\/Energia-1.png 585w, https:\/\/acofi.edu.co\/eiei2024\/wp-content\/uploads\/2024\/09\/Energia-1-300x136.png 300w\" sizes=\"auto, (max-width: 585px) 100vw, 585px\" \/><\/figure>\n<\/div>\n\n\n<h2 class=\"wp-block-heading\">Avances en investigaci\u00f3n<\/h2>\n\n\n<div class=\"wp-block-image\">\n<figure class=\"aligncenter size-full\"><img loading=\"lazy\" decoding=\"async\" width=\"645\" height=\"659\" src=\"https:\/\/acofi.edu.co\/eiei2024\/wp-content\/uploads\/2024\/09\/Energia-2.png\" alt=\"\" class=\"wp-image-918\" srcset=\"https:\/\/acofi.edu.co\/eiei2024\/wp-content\/uploads\/2024\/09\/Energia-2.png 645w, https:\/\/acofi.edu.co\/eiei2024\/wp-content\/uploads\/2024\/09\/Energia-2-294x300.png 294w\" sizes=\"auto, (max-width: 645px) 100vw, 645px\" \/><\/figure>\n<\/div>\n\n\n<h2 class=\"wp-block-heading\">Aspectos log\u00edsticos<\/h2>\n\n\n\n<ul class=\"wp-block-list\">\n<li>martes 24 de septiembre de 2024, 08:45 \u2013 16:00 horas.<\/li>\n\n\n\n<li>Fundaci\u00f3n Universitaria Tecnol\u00f3gico Comfenalco, Sede Espa\u00f1a, Auditorio Ram\u00f3n de Zubir\u00eda.<\/li>\n\n\n\n<li>N\u00famero de participantes: 40.<\/li>\n\n\n\n<li>Se solicita a quienes tengan presentaciones, utilicen un n\u00famero adecuado de diapositivas, dado que el tiempo de exposici\u00f3n ser\u00e1 de m\u00e1ximo 12 minutos y tres minutos para comentarios y preguntas.<\/li>\n\n\n\n<li>Transporte: no.<\/li>\n<\/ul>\n\n\n\n<h2 class=\"wp-block-heading\">Coordinaci\u00f3n<\/h2>\n\n\n\n<p>Jos\u00e9 Luis Villa Ram\u00edrez, Universidad Tecnol\u00f3gica de Bol\u00edvar (Colombia).<\/p>\n\n\n\n<h2 class=\"wp-block-heading\">C\u00f3mo llegar<\/h2>\n\n\n\n<iframe src=\"https:\/\/www.google.com\/maps\/embed?pb=!1m18!1m12!1m3!1d1962.0955972159502!2d-75.51315072923897!3d10.40638436033452!2m3!1f0!2f0!3f0!3m2!1i1024!2i768!4f13.1!3m3!1m2!1s0x8ef625bdfaf5abd1%3A0x8ec719f631eff881!2sFundaci%C3%B3n%20Universitaria%20Tecnol%C3%B3gico%20Comfenalco%20Sede%20Espa%C3%B1a!5e0!3m2!1ses!2sco!4v1726286384215!5m2!1ses!2sco\" width=\"600\" height=\"450\" style=\"border:0;\" allowfullscreen=\"\" loading=\"lazy\" referrerpolicy=\"no-referrer-when-downgrade\"><\/iframe>\n\n\n\n<p><\/p>\n","protected":false},"excerpt":{"rendered":"<p>Descripci\u00f3n En esta jornada se presentar\u00e1n proyectos de ingenier\u00eda que aporten optimizaci\u00f3n en su manejo, en el uso de los diferentes tipos de energ\u00eda, que promuevan los cambios en los modelos de producci\u00f3n, distribuci\u00f3n y consumo y garanticen su suministro de forma ambiental, t\u00e9cnica y econ\u00f3micamente sostenible. Motivaci\u00f3n Hablar de transici\u00f3n, eficiencia y seguridad asociada [&hellip;]<\/p>\n","protected":false},"author":1,"featured_media":0,"parent":0,"menu_order":0,"comment_status":"closed","ping_status":"closed","template":"","meta":{"_acf_changed":false,"footnotes":""},"class_list":["post-913","page","type-page","status-publish","hentry"],"acf":[],"_links":{"self":[{"href":"https:\/\/acofi.edu.co\/eiei2024\/wp-json\/wp\/v2\/pages\/913","targetHints":{"allow":["GET"]}}],"collection":[{"href":"https:\/\/acofi.edu.co\/eiei2024\/wp-json\/wp\/v2\/pages"}],"about":[{"href":"https:\/\/acofi.edu.co\/eiei2024\/wp-json\/wp\/v2\/types\/page"}],"author":[{"embeddable":true,"href":"https:\/\/acofi.edu.co\/eiei2024\/wp-json\/wp\/v2\/users\/1"}],"replies":[{"embeddable":true,"href":"https:\/\/acofi.edu.co\/eiei2024\/wp-json\/wp\/v2\/comments?post=913"}],"version-history":[{"count":6,"href":"https:\/\/acofi.edu.co\/eiei2024\/wp-json\/wp\/v2\/pages\/913\/revisions"}],"predecessor-version":[{"id":922,"href":"https:\/\/acofi.edu.co\/eiei2024\/wp-json\/wp\/v2\/pages\/913\/revisions\/922"}],"wp:attachment":[{"href":"https:\/\/acofi.edu.co\/eiei2024\/wp-json\/wp\/v2\/media?parent=913"}],"curies":[{"name":"wp","href":"https:\/\/api.w.org\/{rel}","templated":true}]}}