{"id":641,"date":"2024-08-25T03:14:37","date_gmt":"2024-08-25T03:14:37","guid":{"rendered":"https:\/\/acofi.edu.co\/eiei2024\/?page_id=641"},"modified":"2024-09-16T21:14:09","modified_gmt":"2024-09-16T21:14:09","slug":"horarios-de-ponencias-por-categorias","status":"publish","type":"page","link":"https:\/\/acofi.edu.co\/eiei2024\/horarios-de-ponencias-por-categorias\/","title":{"rendered":"Horarios de ponencias por categor\u00edas"},"content":{"rendered":"\n<h2 class=\"wp-block-heading\">Educaci\u00f3n en Ingenier\u00eda<\/h2>\n\n\n<div class=\"wp-block-image\">\n<figure class=\"aligncenter size-full is-resized\"><img loading=\"lazy\" decoding=\"async\" width=\"911\" height=\"876\" src=\"http:\/\/acofi.edu.co\/eiei2024\/wp-content\/uploads\/2024\/09\/Horarios-Version-5.1.png\" alt=\"\" class=\"wp-image-743\" style=\"width:853px;height:auto\" srcset=\"https:\/\/acofi.edu.co\/eiei2024\/wp-content\/uploads\/2024\/09\/Horarios-Version-5.1.png 911w, https:\/\/acofi.edu.co\/eiei2024\/wp-content\/uploads\/2024\/09\/Horarios-Version-5.1-300x288.png 300w, https:\/\/acofi.edu.co\/eiei2024\/wp-content\/uploads\/2024\/09\/Horarios-Version-5.1-768x738.png 768w\" sizes=\"auto, (max-width: 911px) 100vw, 911px\" \/><\/figure>\n<\/div>\n\n\n<p><a href=\"http:\/\/acofi.edu.co\/eiei2024\/wp-content\/uploads\/2024\/09\/Horarios-Educacion-en-Ingenieria.pdf\"><strong>Horarios organizados por c\u00f3digo y nombre de trabajo<\/strong><\/a><\/p>\n\n\n\n<div class=\"wp-block-file\"><a id=\"wp-block-file--media-377afc8a-1bdf-4bee-8814-cc4678a3cea1\" href=\"https:\/\/acofi.edu.co\/eiei2024\/horarios-educacion-en-ingenieria-eiei-acofi-2024\/\" target=\"_blank\" rel=\"noreferrer noopener\">Horarios Educaci\u00f3n en Ingenier\u00eda EIEI ACOFI 2024<\/a><a href=\"http:\/\/acofi.edu.co\/eiei2024\/wp-content\/uploads\/2024\/09\/Horarios-Educacion-en-Ingenieria-EIEI-ACOFI-2024.xlsx\" class=\"wp-block-file__button wp-element-button\" download aria-describedby=\"wp-block-file--media-377afc8a-1bdf-4bee-8814-cc4678a3cea1\">Descargar<\/a><\/div>\n\n\n\n<hr class=\"wp-block-separator aligncenter has-alpha-channel-opacity is-style-wide\"\/>\n\n\n\n<h2 class=\"wp-block-heading\">Avances en Investigaci\u00f3n<br>Buenas pr\u00e1cticas sobre internacionalizaci\u00f3n del Curr\u00edculo<\/h2>\n\n\n<div class=\"wp-block-image\">\n<figure class=\"aligncenter size-full is-resized\"><img loading=\"lazy\" decoding=\"async\" width=\"1548\" height=\"1768\" src=\"http:\/\/acofi.edu.co\/eiei2024\/wp-content\/uploads\/2024\/08\/Horarios-V5.-INV.png\" alt=\"\" class=\"wp-image-694\" style=\"width:843px;height:auto\" srcset=\"https:\/\/acofi.edu.co\/eiei2024\/wp-content\/uploads\/2024\/08\/Horarios-V5.-INV.png 1548w, https:\/\/acofi.edu.co\/eiei2024\/wp-content\/uploads\/2024\/08\/Horarios-V5.-INV-263x300.png 263w, https:\/\/acofi.edu.co\/eiei2024\/wp-content\/uploads\/2024\/08\/Horarios-V5.-INV-897x1024.png 897w, https:\/\/acofi.edu.co\/eiei2024\/wp-content\/uploads\/2024\/08\/Horarios-V5.-INV-768x877.png 768w, https:\/\/acofi.edu.co\/eiei2024\/wp-content\/uploads\/2024\/08\/Horarios-V5.-INV-1345x1536.png 1345w\" sizes=\"auto, (max-width: 1548px) 100vw, 1548px\" \/><\/figure>\n<\/div>\n\n\n<p><strong><a href=\"http:\/\/acofi.edu.co\/eiei2024\/wp-content\/uploads\/2024\/09\/Horarios-y-agenda-Avances-en-Investigacion.pdf\">Agenda Avances en Investigaci\u00f3n 2024<\/a><\/strong><\/p>\n\n\n\n<hr class=\"wp-block-separator has-alpha-channel-opacity is-style-wide\"\/>\n\n\n\n<h2 class=\"wp-block-heading\">Encuentro Nacional de Estudiantes de Doctorado en Ingenier\u00eda<\/h2>\n\n\n\n<p><strong><a href=\"https:\/\/acofi.edu.co\/eiei2024\/informacion-academica\/programacion-general\/\">Agenda ENEDI 2024<\/a><\/strong><\/p>\n\n\n\n<hr class=\"wp-block-separator has-alpha-channel-opacity\"\/>\n\n\n\n<h2 class=\"wp-block-heading\">Foro de estudiantes de ingenier\u00eda (FCEI)<\/h2>\n\n\n\n<p><strong><a href=\"https:\/\/acofi.edu.co\/eiei2024\/informacion-academica\/programacion-general\/\">Agenda FCEI 2024<\/a><\/strong><\/p>\n\n\n\n<hr class=\"wp-block-separator has-alpha-channel-opacity\"\/>\n\n\n\n<h2 class=\"wp-block-heading\">P\u00f3steres<\/h2>\n\n\n\n<h3 class=\"wp-block-heading\">La sesi\u00f3n de p\u00f3steres aplica para las siguientes categor\u00edas:<br><br>Avances en Investigaci\u00f3n<br>Encuentro Nacional de Estudiantes de Doctorado en Ingenier\u00eda<br>Foro de estudiantes de ingenier\u00eda (FCEI)<br>Buenas pr\u00e1cticas sobre internacionalizaci\u00f3n del Curr\u00edculo<br><br><strong>Recordamos que no es necesario llevar el impreso del p\u00f3ster, ya que ACOFI lo tendr\u00e1 listo en la sesi\u00f3n de p\u00f3steres para su debida presentaci\u00f3n ante el p\u00fablico. <\/strong><\/h3>\n\n\n<div class=\"wp-block-image\">\n<figure class=\"aligncenter size-full is-resized\"><img loading=\"lazy\" decoding=\"async\" width=\"745\" height=\"204\" src=\"http:\/\/acofi.edu.co\/eiei2024\/wp-content\/uploads\/2024\/08\/Horarios-V4.png\" alt=\"\" class=\"wp-image-664\" style=\"width:845px;height:auto\" srcset=\"https:\/\/acofi.edu.co\/eiei2024\/wp-content\/uploads\/2024\/08\/Horarios-V4.png 745w, https:\/\/acofi.edu.co\/eiei2024\/wp-content\/uploads\/2024\/08\/Horarios-V4-300x82.png 300w\" sizes=\"auto, (max-width: 745px) 100vw, 745px\" \/><\/figure>\n<\/div>","protected":false},"excerpt":{"rendered":"<p>Educaci\u00f3n en Ingenier\u00eda Horarios organizados por c\u00f3digo y nombre de trabajo Avances en Investigaci\u00f3nBuenas pr\u00e1cticas sobre internacionalizaci\u00f3n del Curr\u00edculo Agenda Avances en Investigaci\u00f3n 2024 Encuentro Nacional de Estudiantes de Doctorado en Ingenier\u00eda Agenda ENEDI 2024 Foro de estudiantes de ingenier\u00eda (FCEI) Agenda FCEI 2024 P\u00f3steres La sesi\u00f3n de p\u00f3steres aplica para las siguientes categor\u00edas: Avances [&hellip;]<\/p>\n","protected":false},"author":1,"featured_media":0,"parent":0,"menu_order":0,"comment_status":"closed","ping_status":"closed","template":"","meta":{"_acf_changed":false,"footnotes":""},"class_list":["post-641","page","type-page","status-publish","hentry"],"acf":[],"_links":{"self":[{"href":"https:\/\/acofi.edu.co\/eiei2024\/wp-json\/wp\/v2\/pages\/641","targetHints":{"allow":["GET"]}}],"collection":[{"href":"https:\/\/acofi.edu.co\/eiei2024\/wp-json\/wp\/v2\/pages"}],"about":[{"href":"https:\/\/acofi.edu.co\/eiei2024\/wp-json\/wp\/v2\/types\/page"}],"author":[{"embeddable":true,"href":"https:\/\/acofi.edu.co\/eiei2024\/wp-json\/wp\/v2\/users\/1"}],"replies":[{"embeddable":true,"href":"https:\/\/acofi.edu.co\/eiei2024\/wp-json\/wp\/v2\/comments?post=641"}],"version-history":[{"count":40,"href":"https:\/\/acofi.edu.co\/eiei2024\/wp-json\/wp\/v2\/pages\/641\/revisions"}],"predecessor-version":[{"id":1198,"href":"https:\/\/acofi.edu.co\/eiei2024\/wp-json\/wp\/v2\/pages\/641\/revisions\/1198"}],"wp:attachment":[{"href":"https:\/\/acofi.edu.co\/eiei2024\/wp-json\/wp\/v2\/media?parent=641"}],"curies":[{"name":"wp","href":"https:\/\/api.w.org\/{rel}","templated":true}]}}