{"id":39,"date":"2023-11-23T21:42:12","date_gmt":"2023-11-23T21:42:12","guid":{"rendered":"http:\/\/acofi.edu.co\/eiei2024\/?page_id=39"},"modified":"2024-05-23T17:12:28","modified_gmt":"2024-05-23T17:12:28","slug":"sobre-el-eiei-acofi-2024","status":"publish","type":"page","link":"https:\/\/acofi.edu.co\/eiei2024\/informacion-general\/sobre-el-eiei-acofi-2024\/","title":{"rendered":"Sobre el EIEI ACOFI 2024"},"content":{"rendered":"\n<p>La Asociaci\u00f3n Colombiana de Facultades de Ingenier\u00eda (ACOFI) realizar\u00e1 del 24 al 27 de septiembre de 2024 una nueva edici\u00f3n del Encuentro Internacional de Educaci\u00f3n en Ingenier\u00eda ACOFI (EIEI ACOFI), con el tema central <strong>\u201cIngenier\u00eda: una transici\u00f3n hacia el futuro\u201d<\/strong>.<br><br>En este sentido, el EIEI ACOFI 2024 tendr\u00e1 diferentes espacios acad\u00e9micos, como paneles, di\u00e1logos con expertos, talleres, actividades t\u00e9cnicas y conferencias magistrales sobre el tema central. De igual manera, contar\u00e1 con las actividades que ha mantenido en cada una de sus versiones relacionadas con las tendencias en las estrategias de ense\u00f1anza \u2013 aprendizaje, el aporte de la ingenier\u00eda con el desarrollo, en un gran escenario que permitir\u00e1 acoger a expositores y participantes de diferentes lugares para compartir su conocimiento y experiencia.<br><br>En el EIEI ACOFI 2024, participar\u00e1n decanos, directivos acad\u00e9micos y administrativos, profesores y estudiantes de ingenier\u00eda, representantes del sector productivo, entidades del Estado, gremios y la sociedad, quienes interactuar\u00e1n para estudiar, analizar, debatir y reflexionar sobre como la educaci\u00f3n en ingenier\u00eda es fundamental para el desarrollo y el avance econ\u00f3mico y social.\u00a0<br><br>As\u00ed, el EIEI ACOFI 2024, tendr\u00e1 diferentes modalidades de participaci\u00f3n: la presentaci\u00f3n de los trabajos sobre ense\u00f1anza de la ingenier\u00eda, la und\u00e9cima versi\u00f3n del Foro colombiano de estudiantes de ingenier\u00eda (FCEI), la sexta versi\u00f3n del Encuentro Nacional de Estudiantes de Doctorado en Ingenier\u00eda (ENEDI), la presentaci\u00f3n de avances de investigaci\u00f3n en ingenier\u00eda y una jornada sobre buenas pr\u00e1cticas para la internacionalizaci\u00f3n curricular en programas de ingenier\u00eda.<br><br>De tal manera, el Encuentro constituye una gran oportunidad de relacionamiento entre organizaciones, empresas, gobierno y representantes de instituciones en uno de los escenarios m\u00e1s importantes de la educaci\u00f3n de la ingenier\u00eda en el \u00e1mbito global.<br><br>El EIEI ACOFI 2024, contar\u00e1 con la participaci\u00f3n de personalidades referentes de la ingenier\u00eda con el prop\u00f3sito de generar un \u00e1mbito de profundizaci\u00f3n del conocimiento en las distintas \u00e1reas de la profesi\u00f3n, para promover el intercambio de ideas y experiencias y establecer lazos de cooperaci\u00f3n.<br><br>El Consejo Directivo y la oficina administrativa de ACOFI invitan a toda la comunidad acad\u00e9mica de ingenier\u00eda, representada por sus facultades, escuelas, programas de pregrado y posgrado, institutos, centros y grupos de investigaci\u00f3n; a los empresarios y gremios relacionados con la ingenier\u00eda; a los gobiernos locales, regionales, nacionales e internacionales; a las organizaciones regionales y globales; a los medios de comunicaci\u00f3n y, en general, a la sociedad interesada en conocer c\u00f3mo desde la ingenier\u00eda generamos transformaci\u00f3n para un mundo mejor.<\/p>\n\n\n\n<h2 class=\"wp-block-heading\"><strong>Objetivo general<\/strong><\/h2>\n\n\n\n<p>El EIEI ACOFI 2024, es el evento acad\u00e9mico por excelencia de las facultades, escuelas y programas de ingenier\u00eda que permite estudiar, analizar y debatir aspectos fundamentales para lograr, a trav\u00e9s de una mirada de futuro, como ser\u00e1 la transici\u00f3n de esta profesi\u00f3n frente al desarrollo, al conocimiento y a la construcci\u00f3n de oportunidades tanto nacionales como internacionales<strong>.<\/strong><\/p>\n\n\n\n<h2 class=\"wp-block-heading\"><strong>Objetivos espec\u00edficos<\/strong><\/h2>\n\n\n\n<ul class=\"wp-block-list\">\n<li>Ser un espacio acad\u00e9mico en el que toda la comunidad de la ingenier\u00eda, representada en directivos, profesores, personal administrativo, estudiantes de pregrado y posgrado, representantes de los sectores productivo y gubernamental y la sociedad en su conjunto, presenten sus iniciativas, experiencias y aportes hacia una transici\u00f3n que promueva el desarrollo.<\/li>\n\n\n\n<li>Conocer c\u00f3mo los aportes desde la educaci\u00f3n en ingenier\u00eda y el curr\u00edculo son estrat\u00e9gicos para el avance de la sociedad.<\/li>\n\n\n\n<li>Reconocer la importancia del agua, la energ\u00eda en todas sus fuentes, los aportes de la ingenier\u00eda para la salud, las nuevas tecnolog\u00edas y el adecuado uso de los recursos naturales renovables y no renovables, como respuestas al mejoramiento de nuestra calidad de vida.<\/li>\n\n\n\n<li>Fortalecer el quehacer acad\u00e9mico de las facultades, escuelas y programas de ingenier\u00eda en las relaciones con los estados, gobiernos, las organizaciones y la sociedad en su conjunto.<\/li>\n<\/ul>\n\n\n\n<h2 class=\"wp-block-heading\"><strong>Nuestras actividades<\/strong><\/h2>\n\n\n\n<ul class=\"wp-block-list\">\n<li>Conferencias, paneles y di\u00e1logos con expertos<\/li>\n\n\n\n<li>Foro de Estudiantes de Ingenier\u00eda (FCEI)<\/li>\n\n\n\n<li>Encuentro Nacional de estudiantes de Doctorado en Ingenier\u00eda (ENEDI)<\/li>\n\n\n\n<li>Ponencias simult\u00e1neas tem\u00e1ticas<\/li>\n\n\n\n<li>Avances en investigaci\u00f3n<\/li>\n\n\n\n<li>Talleres (workshops) sobre temas de inter\u00e9s<\/li>\n\n\n\n<li>Jornadas de certificaci\u00f3n<\/li>\n\n\n\n<li>Trabajos exhibidos en p\u00f3steres<\/li>\n\n\n\n<li>Muestra comercial<\/li>\n\n\n\n<li>Actividades sociales, t\u00e9cnicas y culturales<\/li>\n<\/ul>\n\n\n\n<h2 class=\"wp-block-heading\"><strong>\u00bfPor qu\u00e9 participar?<\/strong><\/h2>\n\n\n\n<p>Al participar en el EIEI ACOFI 2024, usted tiene la oportunidad de:<\/p>\n\n\n\n<ul class=\"wp-block-list\">\n<li>Compartir experiencias y establecer contactos con representantes de diferentes instituciones, organismos y entidades de sectores relacionados con la ense\u00f1anza y el ejercicio profesional de la ingenier\u00eda.<\/li>\n\n\n\n<li>Conocer avances, desarrollos e innovaciones en el \u00e1mbito de la ingenier\u00eda y la formaci\u00f3n de ingenieros.<\/li>\n\n\n\n<li>Participar en actividades acad\u00e9micas con expertos para conocer y acercarse a sus pr\u00e1cticas, lecciones y perspectivas.<\/li>\n\n\n\n<li>Hacer parte de actividades t\u00e9cnicas, sociales y culturales en una de las ciudades m\u00e1s grandes, modernas y pujantes de Colombia.<\/li>\n\n\n\n<li>Es un escenario formal para la divulgaci\u00f3n y comunicaci\u00f3n de trabajos resultados de investigaciones, experiencias de aula, avances de trabajos de doctorados, entre otros.<\/li>\n\n\n\n<li>Ser parte de uno de los eventos m\u00e1s importantes de las facultades, escuelas y programas de ingenier\u00eda, con amplio reconocimiento global y m\u00e1s de 40 a\u00f1os de trayectoria.<\/li>\n<\/ul>\n\n\n\n<h2 class=\"wp-block-heading\"><strong>\u00bfQui\u00e9nes asistir\u00e1n?<\/strong><\/h2>\n\n\n\n<ul class=\"wp-block-list\">\n<li>Directivos de instituciones de educaci\u00f3n superior.<\/li>\n\n\n\n<li>Decanos, directivos y personal administrativo de facultades, escuelas y programas de ingenier\u00eda.<\/li>\n\n\n\n<li>Profesores, profesionales e investigadores del \u00e1rea de la ingenier\u00eda.<\/li>\n\n\n\n<li>Representantes de los sectores empresarial y gubernamental.<\/li>\n\n\n\n<li>Asesores, consultores e investigadores, conocedores y expertos en la ense\u00f1anza de la ingenier\u00eda.<\/li>\n\n\n\n<li>Directivos y representantes de gremios profesionales y acad\u00e9micos<\/li>\n\n\n\n<li>Grupos de investigaci\u00f3n o extensi\u00f3n relacionados con la ingenier\u00eda.<\/li>\n\n\n\n<li>Consejos y colegios profesionales de ingenier\u00eda.<\/li>\n\n\n\n<li>Representantes de entidades internacionales vinculadas a la educaci\u00f3n.<\/li>\n\n\n\n<li>Estudiantes de pregrado y postgrado de las facultades de ingenier\u00eda<\/li>\n<\/ul>\n\n\n\n<h2 class=\"wp-block-heading\"><strong>Cartagena de Indias<\/strong><\/h2>\n\n\n\n<figure class=\"wp-block-embed aligncenter is-type-video is-provider-youtube wp-block-embed-youtube wp-embed-aspect-4-3 wp-has-aspect-ratio\"><div class=\"wp-block-embed__wrapper\">\n<iframe loading=\"lazy\" title=\"Marca Ciudad Cartagena de Indias,  Once... Versi\u00f3n Ingl\u00e9s\" width=\"770\" height=\"578\" src=\"https:\/\/www.youtube.com\/embed\/PRHg93xctwA?start=16&#038;feature=oembed\" frameborder=\"0\" allow=\"accelerometer; autoplay; clipboard-write; encrypted-media; gyroscope; picture-in-picture; web-share\" referrerpolicy=\"strict-origin-when-cross-origin\" allowfullscreen><\/iframe>\n<\/div><\/figure>\n\n\n\n<p>Cartagena de Indias, es una ciudad de estilo colonial ubicada en el centro del litoral Caribe al extremo nororiental de Colombia. La ciudad heroica, como es conocida, cuenta con un gran museo al aire libre con baluartes, plazas y m\u00e1s de diez kil\u00f3metros de murallas y fortificaciones que datan del siglo XVII que contrastan con sus playas, desarrollo empresarial, portuario, pol\u00edtico, acad\u00e9mico e industrial y lo m\u00e1s valioso: el gran calor humano de sus habitantes.<br><br>Es uno de los principales destinos tur\u00edsticos de Colombia, de amplio reconocimiento a nivel global. Cada a\u00f1o recibe numerosos visitantes ilustres y es sede de eventos de amplia cobertura e impacto. Con un f\u00e1cil acceso, ya sea por v\u00eda a\u00e9rea, terrestre o mar\u00edtima, es visitada cada a\u00f1o por miles de turistas que encuentran en ella el lugar perfecto donde descansar o trabajar.<br><br>El Corralito de piedra, como tambi\u00e9n es conocido su Centro hist\u00f3rico, muestra en sus calles, casas y balcones la arquitectura republicana y barroca de una villa espa\u00f1ola de la \u00e9poca de la colonia. Vestigios intactos de garitas, ca\u00f1ones, fortalezas, baluartes y bater\u00edas son patrimonio invaluable que hace de la estad\u00eda de los visitantes una experiencia eterna, porque es una ciudad m\u00e1gica, hist\u00f3rica y bella en la que confluyen pasado, presente y futuro.<br><br>Lugares hist\u00f3ricos como el Castillo de San Felipe, el Palacio de la Inquisici\u00f3n, la Torre del Reloj, las murallas, los balcones y las calles coloniales, se suman a la belleza natural de las playas de La Boquilla, Bocagrande, Castillo Grande, El Laguito y las cercanas Islas del Rosario y Bar\u00fa. Todo su paisaje hace de Cartagena de Indias una ciudad de encanto, de realidad m\u00e1gica.<br><br>Precisamente esta ciudad, cuya riqueza hist\u00f3rica, cultural, empresarial y tur\u00edstica la hacen \u00fanica, es el mejor escenario para el <strong>EIEI ACOFI 2024<\/strong>.<br><br><strong>Informaci\u00f3n general sobre Cartagena de Indias<\/strong><\/p>\n\n\n\n<ul class=\"wp-block-list\">\n<li>Habitantes: 955.250<\/li>\n\n\n\n<li>\u00c1rea: 709 km2 (274 millas cuadradas)<\/li>\n\n\n\n<li>Altura: 2 metros sobre el nivel del mar (6,5 pies)<\/li>\n\n\n\n<li>Temperatura promedio: 28 \u00b0C (82 \u00b0F)<\/li>\n\n\n\n<li>Actividades econ\u00f3micas: Industria, comercio, turismo.<\/li>\n\n\n\n<li>Acceso: terrestre, a\u00e9reo, mar\u00edtimo.<\/li>\n\n\n\n<li>Aeropuerto Internacional Rafael N\u00fa\u00f1ez<\/li>\n<\/ul>\n\n\n\n<p>El aeropuerto internacional de Cartagena de Indias es uno de los m\u00e1s importantes de Colombia, debido al movimiento tur\u00edstico. Cuenta con vuelos internacionales desde Am\u00e9rica y Europa. Por \u00e9l transitan anualmente, en promedio, m\u00e1s de cinco millones de pasajeros.<br><br>El aeropuerto est\u00e1 ubicado dentro del \u00e1rea urbana de Cartagena de Indias al norte de la zona centro, en el barrio Crespo. Autobuses, minibuses y taxis conectan el aeropuerto con los diferentes sectores urbanos de la ciudad de Cartagena de Indias. El servicio de taxi funciona las 24 horas del d\u00eda, mientras que el servicio de autob\u00fas funciona de 06:50 a 23:45.<br><br>Existen mostradores de alquiler de autos de las empresas m\u00e1s reconocidas. El aeropuerto tambi\u00e9n ofrece cajeros autom\u00e1ticos, servicio de cambio de divisas, zona VIP, tel\u00e9fonos p\u00fablicos, acceso gratuito a Internet Wi-Fi y otros servicios.<\/p>\n\n\n\n<ul class=\"wp-block-list\"><\/ul>\n\n\n\n<h2 class=\"wp-block-heading\"><strong>Sede del evento<\/strong><\/h2>\n\n\n<div class=\"wp-block-image\">\n<figure class=\"aligncenter\"><img decoding=\"async\" src=\"http:\/\/acofi.edu.co\/eiei2023\/wp-content\/uploads\/2022\/11\/Logo-ccc.png\" alt=\"\" class=\"wp-image-99\"\/><\/figure>\n<\/div>\n\n\n<p>El Centro de Convenciones Cartagena de Indias (CCCI) es el espacio m\u00e1s importante para los eventos en Colombia y uno de los m\u00e1s reconocidos en el \u00e1mbito global. Cuenta con instalaciones modernas, polivalentes y, al mismo tiempo, inalterables en su integridad arquitect\u00f3nica y tradici\u00f3n, con m\u00e1s de tres d\u00e9cadas de experiencia, albergando eventos oficiales, de diversas partes del mundo del m\u00e1s alto nivel, lo cual garantiza que sea el escenario ideal para el EIEI ACOFI 2024.<br><br>El Centro de Convenciones, adem\u00e1s de su infraestructura y ubicaci\u00f3n estrat\u00e9gica, ofrece al EIEI ACOFI 2024 una atenci\u00f3n de la m\u00e1s alta calidad, acompa\u00f1ada de una oferta tecnol\u00f3gica que abarca gran variedad de servicios, soluciones pr\u00e1cticas, innovadoras y eficientes para el buen desarrollo del evento.<br><br>Con informaci\u00f3n de <a href=\"https:\/\/cccartagena.com\/eventos\/\">https:\/\/cccartagena.com\/eventos\/<\/a><\/p>\n\n\n\n<div data-wp-interactive=\"core\/file\" class=\"wp-block-file\"><object data-wp-bind--hidden=\"!state.hasPdfPreview\" hidden class=\"wp-block-file__embed\" data=\"https:\/\/acofi.edu.co\/eiei2024\/wp-content\/uploads\/2024\/04\/User-Information-EIEI-ACOFI-2024-1.pdf\" type=\"application\/pdf\" style=\"width:100%;height:600px\" aria-label=\"Incrustado de User-Information-EIEI-ACOFI-2024-1.\"><\/object><a id=\"wp-block-file--media-13bc2c3c-ef20-4b22-a3d1-79b57a9ab193\" href=\"https:\/\/acofi.edu.co\/eiei2024\/wp-content\/uploads\/2024\/04\/User-Information-EIEI-ACOFI-2024-1.pdf\">User-Information-EIEI-ACOFI-2024-1<\/a><a href=\"https:\/\/acofi.edu.co\/eiei2024\/wp-content\/uploads\/2024\/04\/User-Information-EIEI-ACOFI-2024-1.pdf\" class=\"wp-block-file__button wp-element-button\" download aria-describedby=\"wp-block-file--media-13bc2c3c-ef20-4b22-a3d1-79b57a9ab193\">Descargar<\/a><\/div>\n\n\n\n<p><\/p>\n","protected":false},"excerpt":{"rendered":"<p>La Asociaci\u00f3n Colombiana de Facultades de Ingenier\u00eda (ACOFI) realizar\u00e1 del 24 al 27 de septiembre de 2024 una nueva edici\u00f3n del Encuentro Internacional de Educaci\u00f3n en Ingenier\u00eda ACOFI (EIEI ACOFI), con el tema central \u201cIngenier\u00eda: una transici\u00f3n hacia el futuro\u201d. En este sentido, el EIEI ACOFI 2024 tendr\u00e1 diferentes espacios acad\u00e9micos, como paneles, di\u00e1logos con [&hellip;]<\/p>\n","protected":false},"author":1,"featured_media":0,"parent":37,"menu_order":0,"comment_status":"closed","ping_status":"closed","template":"","meta":{"_acf_changed":false,"footnotes":""},"class_list":["post-39","page","type-page","status-publish","hentry"],"acf":[],"_links":{"self":[{"href":"https:\/\/acofi.edu.co\/eiei2024\/wp-json\/wp\/v2\/pages\/39","targetHints":{"allow":["GET"]}}],"collection":[{"href":"https:\/\/acofi.edu.co\/eiei2024\/wp-json\/wp\/v2\/pages"}],"about":[{"href":"https:\/\/acofi.edu.co\/eiei2024\/wp-json\/wp\/v2\/types\/page"}],"author":[{"embeddable":true,"href":"https:\/\/acofi.edu.co\/eiei2024\/wp-json\/wp\/v2\/users\/1"}],"replies":[{"embeddable":true,"href":"https:\/\/acofi.edu.co\/eiei2024\/wp-json\/wp\/v2\/comments?post=39"}],"version-history":[{"count":22,"href":"https:\/\/acofi.edu.co\/eiei2024\/wp-json\/wp\/v2\/pages\/39\/revisions"}],"predecessor-version":[{"id":475,"href":"https:\/\/acofi.edu.co\/eiei2024\/wp-json\/wp\/v2\/pages\/39\/revisions\/475"}],"up":[{"embeddable":true,"href":"https:\/\/acofi.edu.co\/eiei2024\/wp-json\/wp\/v2\/pages\/37"}],"wp:attachment":[{"href":"https:\/\/acofi.edu.co\/eiei2024\/wp-json\/wp\/v2\/media?parent=39"}],"curies":[{"name":"wp","href":"https:\/\/api.w.org\/{rel}","templated":true}]}}