{"id":251,"date":"2024-01-29T14:39:00","date_gmt":"2024-01-29T14:39:00","guid":{"rendered":"https:\/\/acofi.edu.co\/eiei2024\/?page_id=251"},"modified":"2025-07-04T15:38:00","modified_gmt":"2025-07-04T15:38:00","slug":"hoteles","status":"publish","type":"page","link":"https:\/\/acofi.edu.co\/eiei2024\/hoteles\/","title":{"rendered":"Hoteles"},"content":{"rendered":"\n<figure data-wp-context=\"{&quot;imageId&quot;:&quot;69f3fb7e42bf0&quot;}\" data-wp-interactive=\"core\/image\" data-wp-key=\"69f3fb7e42bf0\" class=\"wp-block-image size-full is-resized is-style-default wp-lightbox-container\"><img loading=\"lazy\" decoding=\"async\" width=\"2400\" height=\"470\" data-wp-class--hide=\"state.isContentHidden\" data-wp-class--show=\"state.isContentVisible\" data-wp-init=\"callbacks.setButtonStyles\" data-wp-on--click=\"actions.showLightbox\" data-wp-on--load=\"callbacks.setButtonStyles\" data-wp-on-window--resize=\"callbacks.setButtonStyles\" src=\"https:\/\/acofi.edu.co\/eiei2024\/wp-content\/uploads\/2024\/02\/snapedit_1706803125267.png\" alt=\"\" class=\"wp-image-275\" style=\"width:1100px;height:auto\" srcset=\"https:\/\/acofi.edu.co\/eiei2024\/wp-content\/uploads\/2024\/02\/snapedit_1706803125267.png 2400w, https:\/\/acofi.edu.co\/eiei2024\/wp-content\/uploads\/2024\/02\/snapedit_1706803125267-300x59.png 300w, https:\/\/acofi.edu.co\/eiei2024\/wp-content\/uploads\/2024\/02\/snapedit_1706803125267-1024x201.png 1024w, https:\/\/acofi.edu.co\/eiei2024\/wp-content\/uploads\/2024\/02\/snapedit_1706803125267-768x150.png 768w, https:\/\/acofi.edu.co\/eiei2024\/wp-content\/uploads\/2024\/02\/snapedit_1706803125267-1536x301.png 1536w, https:\/\/acofi.edu.co\/eiei2024\/wp-content\/uploads\/2024\/02\/snapedit_1706803125267-2048x401.png 2048w\" sizes=\"auto, (max-width: 2400px) 100vw, 2400px\" \/><button\n\t\t\tclass=\"lightbox-trigger\"\n\t\t\ttype=\"button\"\n\t\t\taria-haspopup=\"dialog\"\n\t\t\taria-label=\"Agrandar\"\n\t\t\tdata-wp-init=\"callbacks.initTriggerButton\"\n\t\t\tdata-wp-on--click=\"actions.showLightbox\"\n\t\t\tdata-wp-style--right=\"state.imageButtonRight\"\n\t\t\tdata-wp-style--top=\"state.imageButtonTop\"\n\t\t>\n\t\t\t<svg xmlns=\"http:\/\/www.w3.org\/2000\/svg\" width=\"12\" height=\"12\" fill=\"none\" viewBox=\"0 0 12 12\">\n\t\t\t\t<path fill=\"#fff\" d=\"M2 0a2 2 0 0 0-2 2v2h1.5V2a.5.5 0 0 1 .5-.5h2V0H2Zm2 10.5H2a.5.5 0 0 1-.5-.5V8H0v2a2 2 0 0 0 2 2h2v-1.5ZM8 12v-1.5h2a.5.5 0 0 0 .5-.5V8H12v2a2 2 0 0 1-2 2H8Zm2-12a2 2 0 0 1 2 2v2h-1.5V2a.5.5 0 0 0-.5-.5H8V0h2Z\" \/>\n\t\t\t<\/svg>\n\t\t<\/button><\/figure>\n\n\n\n<p>La agencia oficial <a href=\"https:\/\/eakoudala.net\/\">Naga169<\/a> del evento es Travel Fusion Colombia, para hacer su reserva hotelera puede<br>comunicarse con:<br><br>\u2022 <strong>Mar\u00eda Ang\u00e9lica Bernal Lozano<\/strong><br><a href=\"mailto:info@travelfusioncolombia.com\">info@travelfusioncolombia.com<\/a><br>Celular &#8211; WhatsApp<br>324 3346377<br>324 3346382<br>320 6353815<br><\/p>\n\n\n\n<hr class=\"wp-block-separator has-alpha-channel-opacity\"\/>\n\n\n\n<p><br>\u2022 <strong>Roswer Mart\u00ednez<\/strong><br>324 3346382<br>\u2022 <strong>Ana Mar\u00eda Bernal<\/strong><br>320 6353815<\/p>\n\n\n\n<hr class=\"wp-block-separator has-alpha-channel-opacity\"\/>\n\n\n\n<p>Para ampliar la informaci\u00f3n y enterarse c\u00f3mo ser nuestro aliado, puede comunicarse con nosotros<br>a trav\u00e9s del correo electr\u00f3nico <a href=\"mailto:jennyquiroga@acofi.edu.co\">jennyquiroga@acofi.edu.co<\/a> o en el tel\u00e9fono +57 3107683991.<\/p>\n","protected":false},"excerpt":{"rendered":"<p>La agencia oficial Naga169 del evento es Travel Fusion Colombia, para hacer su reserva hotelera puedecomunicarse con: \u2022 Mar\u00eda Ang\u00e9lica Bernal Lozanoinfo@travelfusioncolombia.comCelular &#8211; WhatsApp324 3346377324 3346382320 6353815 \u2022 Roswer Mart\u00ednez324 3346382\u2022 Ana Mar\u00eda Bernal320 6353815 Para ampliar la informaci\u00f3n y enterarse c\u00f3mo ser nuestro aliado, puede comunicarse con nosotrosa trav\u00e9s del correo electr\u00f3nico jennyquiroga@acofi.edu.co o [&hellip;]<\/p>\n","protected":false},"author":1,"featured_media":0,"parent":0,"menu_order":0,"comment_status":"closed","ping_status":"closed","template":"","meta":{"_acf_changed":false,"footnotes":""},"class_list":["post-251","page","type-page","status-publish","hentry"],"acf":[],"_links":{"self":[{"href":"https:\/\/acofi.edu.co\/eiei2024\/wp-json\/wp\/v2\/pages\/251","targetHints":{"allow":["GET"]}}],"collection":[{"href":"https:\/\/acofi.edu.co\/eiei2024\/wp-json\/wp\/v2\/pages"}],"about":[{"href":"https:\/\/acofi.edu.co\/eiei2024\/wp-json\/wp\/v2\/types\/page"}],"author":[{"embeddable":true,"href":"https:\/\/acofi.edu.co\/eiei2024\/wp-json\/wp\/v2\/users\/1"}],"replies":[{"embeddable":true,"href":"https:\/\/acofi.edu.co\/eiei2024\/wp-json\/wp\/v2\/comments?post=251"}],"version-history":[{"count":11,"href":"https:\/\/acofi.edu.co\/eiei2024\/wp-json\/wp\/v2\/pages\/251\/revisions"}],"predecessor-version":[{"id":1342,"href":"https:\/\/acofi.edu.co\/eiei2024\/wp-json\/wp\/v2\/pages\/251\/revisions\/1342"}],"wp:attachment":[{"href":"https:\/\/acofi.edu.co\/eiei2024\/wp-json\/wp\/v2\/media?parent=251"}],"curies":[{"name":"wp","href":"https:\/\/api.w.org\/{rel}","templated":true}]}}