{"id":23,"date":"2023-11-23T21:34:59","date_gmt":"2023-11-23T21:34:59","guid":{"rendered":"http:\/\/acofi.edu.co\/eiei2024\/?page_id=23"},"modified":"2024-07-04T20:42:26","modified_gmt":"2024-07-04T20:42:26","slug":"avances-en-investigacion","status":"publish","type":"page","link":"https:\/\/acofi.edu.co\/eiei2024\/informacion-academica\/categorias-de-participacion\/avances-en-investigacion\/","title":{"rendered":"Avances en investigaci\u00f3n"},"content":{"rendered":"\n<p>En el marco del EIEI ACOFI 2024, se abordar\u00e1n los siguientes temas de inter\u00e9s sobre ingenier\u00eda, en los que se reflexionar\u00e1 y expondr\u00e1n experiencias de las instituciones de educaci\u00f3n superior y de la empresa, para destacar el desarrollo cient\u00edfico tecnol\u00f3gico y su impacto social:<\/p>\n\n\n\n<figure class=\"wp-block-table\"><table><tbody><tr><td>Calidad del agua y saneamiento b\u00e1sico<\/td><\/tr><tr><td>Ingenier\u00eda para la salud<\/td><\/tr><tr><td>Energ\u00eda: transici\u00f3n, eficiencia y seguridad<\/td><\/tr><tr><td>Tecnolog\u00eda 4.0<\/td><\/tr><tr><td>Adaptaci\u00f3n de infraestructura al cambio clim\u00e1tico<\/td><\/tr><\/tbody><\/table><\/figure>\n\n\n\n<p><em>Metodolog\u00eda<\/em><br><br>Los trabajos ser\u00e1n expuestos <strong>en forma oral y en p\u00f3ster<\/strong>. Los trabajos seleccionados se expondr\u00e1n en una jornada acad\u00e9mica el 24 de septiembre y se exhibir\u00e1n como p\u00f3steres los d\u00edas 25, 26 y 27 del mismo mes.<br><br>En el sitio web del evento, <a href=\"https:\/\/www.acofi.edu.co\/eiei2023\/\">acofi.edu.co\/eiei2024\/<\/a> se detallan las condiciones para presentar los res\u00famenes, trabajos y p\u00f3steres.<br><br>Los criterios de evaluaci\u00f3n son los siguientes:<\/p>\n\n\n\n<ul class=\"wp-block-list\">\n<li>Coherencia con uno de los aspectos propuestos.<\/li>\n\n\n\n<li>Correspondencia con una investigaci\u00f3n.<\/li>\n\n\n\n<li>Contenido relevante.<\/li>\n\n\n\n<li>Tener un componente de innovaci\u00f3n.<\/li>\n\n\n\n<li>Contar con capacidad de implementaci\u00f3n.<\/li>\n<\/ul>\n\n\n\n<p>Los trabajos seleccionados deber\u00e1n anexar el dise\u00f1o de un p\u00f3ster que cumpla con los par\u00e1metros de factibilidad y posibilidad de implementaci\u00f3n, adem\u00e1s de especificaciones que se dar\u00e1n a conocer oportunamente.<br><br><em>Dirigida a<\/em><\/p>\n\n\n\n<ul class=\"wp-block-list\">\n<li>Directivos, profesores, estudiantes y personal administrativo de las facultades, escuelas o programas de ingenier\u00eda que formen parte de investigaciones en cada uno de los aspectos considerados.<\/li>\n\n\n\n<li>Grupos de investigaci\u00f3n de facultades, escuelas o programas de ingenier\u00eda.<\/li>\n\n\n\n<li>Representantes del sector empresarial y del gobierno que est\u00e9n desarrollando investigaciones relacionadas con los aspectos propuestos.<\/li>\n<\/ul>\n\n\n\n<h2 class=\"wp-block-heading\">C\u00f3mo enviar su resumen<\/h2>\n\n\n\n<p><strong>*Se recomienda que este proceso lo realice el autor principal del trabajo, pues quien inicia el proceso es el \u00fanico contacto entre ACOFI y el trabajo a presentar.<br>**Es obligatorio incluir a todos los autores del trabajo en la plataforma acofipapers. Despu\u00e9s de subido el resumen no se pueden hacer modificaciones y no se permitir\u00e1 la adici\u00f3n o sustracci\u00f3n de autores despu\u00e9s de comenzado el proceso.<\/strong><\/p>\n\n\n\n<div data-wp-interactive=\"core\/file\" class=\"wp-block-file\"><object data-wp-bind--hidden=\"!state.hasPdfPreview\" hidden class=\"wp-block-file__embed\" data=\"https:\/\/acofi.edu.co\/eiei2024\/wp-content\/uploads\/2023\/11\/Instructivo-para-subir-resumen-2024-2.pdf\" type=\"application\/pdf\" style=\"width:100%;height:600px\" aria-label=\"Incrustado de Instructivo-para-subir-resumen-2024-2.\"><\/object><a id=\"wp-block-file--media-82c5f470-1fba-4e3d-bdfb-74652e3c8362\" href=\"https:\/\/acofi.edu.co\/eiei2024\/wp-content\/uploads\/2023\/11\/Instructivo-para-subir-resumen-2024-2.pdf\">Instructivo-para-subir-resumen-2024-2<\/a><a href=\"https:\/\/acofi.edu.co\/eiei2024\/wp-content\/uploads\/2023\/11\/Instructivo-para-subir-resumen-2024-2.pdf\" class=\"wp-block-file__button wp-element-button\" download aria-describedby=\"wp-block-file--media-82c5f470-1fba-4e3d-bdfb-74652e3c8362\">Descargar<\/a><\/div>\n\n\n\n<h2 class=\"wp-block-heading\">Importante<\/h2>\n\n\n\n<ul class=\"wp-block-list\">\n<li>Para que un trabajo sea publicado en las memorias del EIEI ACOFI 2024, en cualquiera de las categor\u00edas previstas (ense\u00f1anza de la ingenier\u00eda, avances en investigaci\u00f3n, estudiantes de pregrado y estudiantes de doctorado), uno de los autores debe pagar la inscripci\u00f3n, teniendo como fecha m\u00e1xima el 2 de agosto de 2024. Una misma inscripci\u00f3n cubrir\u00e1 m\u00e1ximo dos trabajos.<\/li>\n\n\n\n<li>Un mismo autor podr\u00e1 participar en m\u00e1ximo tres trabajos y se aceptar\u00e1n como m\u00e1ximo cinco autores por trabajo.<\/li>\n\n\n\n<li>Hacer buen uso de las may\u00fasculas. El t\u00edtulo del resumen enviado no debe estar en may\u00fasculas sostenidas.<\/li>\n\n\n\n<li>El campo <em>Afiliaci\u00f3n<\/em> dentro de <em>acofipapers<\/em> hace referencia a la instituci\u00f3n a la cual pertenece usted como usuario (autor).<\/li>\n\n\n\n<li>El plazo m\u00e1ximo permitido para editar el t\u00edtulo, los autores o algo relacionado del trabajo es el 12 de abril de 2024, despu\u00e9s de esta fecha no se permite ning\u00fan tipo de ajuste o adici\u00f3n.  <\/li>\n<\/ul>\n\n\n\n<h2 class=\"wp-block-heading\">Cronograma de actividades<\/h2>\n\n\n\n<figure class=\"wp-block-image size-large\"><img loading=\"lazy\" decoding=\"async\" width=\"1024\" height=\"564\" src=\"https:\/\/acofi.edu.co\/eiei2024\/wp-content\/uploads\/2023\/11\/EIEI-2-1024x564.png\" alt=\"\" class=\"wp-image-104\" srcset=\"https:\/\/acofi.edu.co\/eiei2024\/wp-content\/uploads\/2023\/11\/EIEI-2-1024x564.png 1024w, https:\/\/acofi.edu.co\/eiei2024\/wp-content\/uploads\/2023\/11\/EIEI-2-300x165.png 300w, https:\/\/acofi.edu.co\/eiei2024\/wp-content\/uploads\/2023\/11\/EIEI-2-768x423.png 768w, https:\/\/acofi.edu.co\/eiei2024\/wp-content\/uploads\/2023\/11\/EIEI-2.png 1199w\" sizes=\"auto, (max-width: 1024px) 100vw, 1024px\" \/><\/figure>\n","protected":false},"excerpt":{"rendered":"<p>En el marco del EIEI ACOFI 2024, se abordar\u00e1n los siguientes temas de inter\u00e9s sobre ingenier\u00eda, en los que se reflexionar\u00e1 y expondr\u00e1n experiencias de las instituciones de educaci\u00f3n superior y de la empresa, para destacar el desarrollo cient\u00edfico tecnol\u00f3gico y su impacto social: Calidad del agua y saneamiento b\u00e1sico Ingenier\u00eda para la salud Energ\u00eda: [&hellip;]<\/p>\n","protected":false},"author":1,"featured_media":0,"parent":19,"menu_order":0,"comment_status":"closed","ping_status":"closed","template":"","meta":{"_acf_changed":false,"footnotes":""},"class_list":["post-23","page","type-page","status-publish","hentry"],"acf":[],"_links":{"self":[{"href":"https:\/\/acofi.edu.co\/eiei2024\/wp-json\/wp\/v2\/pages\/23","targetHints":{"allow":["GET"]}}],"collection":[{"href":"https:\/\/acofi.edu.co\/eiei2024\/wp-json\/wp\/v2\/pages"}],"about":[{"href":"https:\/\/acofi.edu.co\/eiei2024\/wp-json\/wp\/v2\/types\/page"}],"author":[{"embeddable":true,"href":"https:\/\/acofi.edu.co\/eiei2024\/wp-json\/wp\/v2\/users\/1"}],"replies":[{"embeddable":true,"href":"https:\/\/acofi.edu.co\/eiei2024\/wp-json\/wp\/v2\/comments?post=23"}],"version-history":[{"count":10,"href":"https:\/\/acofi.edu.co\/eiei2024\/wp-json\/wp\/v2\/pages\/23\/revisions"}],"predecessor-version":[{"id":531,"href":"https:\/\/acofi.edu.co\/eiei2024\/wp-json\/wp\/v2\/pages\/23\/revisions\/531"}],"up":[{"embeddable":true,"href":"https:\/\/acofi.edu.co\/eiei2024\/wp-json\/wp\/v2\/pages\/19"}],"wp:attachment":[{"href":"https:\/\/acofi.edu.co\/eiei2024\/wp-json\/wp\/v2\/media?parent=23"}],"curies":[{"name":"wp","href":"https:\/\/api.w.org\/{rel}","templated":true}]}}