{"id":1272,"date":"2024-09-22T22:05:40","date_gmt":"2024-09-22T22:05:40","guid":{"rendered":"https:\/\/acofi.edu.co\/eiei2024\/?page_id=1272"},"modified":"2024-10-15T19:12:18","modified_gmt":"2024-10-15T19:12:18","slug":"memorias","status":"publish","type":"page","link":"https:\/\/acofi.edu.co\/eiei2024\/memorias\/","title":{"rendered":"Memorias"},"content":{"rendered":"<div class=\"wp-block-image\">\n<figure class=\"aligncenter size-full is-resized\"><a href=\"http:\/\/acofi.edu.co\/eiei2024\/wp-content\/uploads\/2024\/10\/Memorias-EIEI-2024.pdf\"><img loading=\"lazy\" decoding=\"async\" width=\"685\" height=\"890\" src=\"https:\/\/acofi.edu.co\/eiei2024\/wp-content\/uploads\/2024\/10\/Memorias-1.jpg\" alt=\"\" class=\"wp-image-1291\" style=\"width:349px;height:auto\" srcset=\"https:\/\/acofi.edu.co\/eiei2024\/wp-content\/uploads\/2024\/10\/Memorias-1.jpg 685w, https:\/\/acofi.edu.co\/eiei2024\/wp-content\/uploads\/2024\/10\/Memorias-1-231x300.jpg 231w\" sizes=\"auto, (max-width: 685px) 100vw, 685px\" \/><\/a><\/figure>\n<\/div>\n\n\n<div class=\"wp-block-file aligncenter has-white-background-color has-background\"><a id=\"wp-block-file--media-34af2a8f-bd32-4076-b34b-64a9159bb00a\" href=\"http:\/\/acofi.edu.co\/eiei2024\/wp-content\/uploads\/2024\/10\/Memorias-EIEI-2024.pdf\" target=\"_blank\" rel=\"noreferrer noopener\"><strong>Memorias EIEI 2024<\/strong><\/a><\/div>\n\n\n<p style=\"text-align: justify;\">La Asociaci\u00f3n Colombiana de Facultades de Ingenier\u00eda (ACOFI) presenta las memorias de la versi\u00f3n 2024 del Encuentro Internacional de Educaci\u00f3n en Ingenier\u00eda ACOFI 2024 (EIEI ACOFI 2024), con trabajos de profesores, investigadores, estudiantes de pregrado y doctorado en ingenier\u00eda de Argentina, Canad\u00e1, Chile, Colombia, Espa\u00f1a, Estados Unidos, Francia, M\u00e9xico, Panam\u00e1, Per\u00fa, Portugal, Puerto Rico y Reino Unido.<\/p>\n<p style=\"text-align: justify;\">Los autores presentan sus experiencias sobre educaci\u00f3n en ingenier\u00eda, sus avances en investigaci\u00f3n, las buenas pr\u00e1cticas sobre internacionalizaci\u00f3n del curr\u00edculo y los aportes de los estudiantes de pregrado y doctorado. Las memorias se encuentran distribuidas de la siguiente manera:<\/p>\n<ul>\n<li><strong> Trabajos sobre educaci\u00f3n en ingenier\u00eda<\/strong><\/li>\n<\/ul>\n<p style=\"text-align: justify;\">Esta secci\u00f3n presenta trabajos de acad\u00e9micos sobre Procesos ense\u00f1anza y aprendizaje, Desarrollo curricular, Evaluaci\u00f3n de la ense\u00f1anza en el aula y Calidad y acreditaci\u00f3n.<\/p>\n<ul>\n<li><strong> Buenas pr\u00e1cticas sobre internacionalizaci\u00f3n del curr\u00edculo<\/strong><\/li>\n<\/ul>\n<p style=\"text-align: justify;\">Se muestran experiencias e iniciativas de las facultades, escuelas, programas de ingenier\u00eda, asociadas a mejorar sus actividades, estrategias, visibilidad y proyecci\u00f3n internacional.<\/p>\n<ul>\n<li><strong> Avances en investigaci\u00f3n<\/strong><\/li>\n<\/ul>\n<p style=\"text-align: justify;\">Esta secci\u00f3n muestra proyectos que se encuentran sobre una base de procesos creativos e innovadores, con compromiso social en los siguientes t\u00f3picos:<\/p>\n<ul>\n<li>Adaptaci\u00f3n de infraestructura al cambio clim\u00e1tico<\/li>\n<li>Calidad del agua y saneamiento b\u00e1sico<\/li>\n<li>Energ\u00eda: transici\u00f3n, eficiencia y seguridad<\/li>\n<li>Ingenier\u00eda para la salud<\/li>\n<li>Tecnolog\u00eda 4.0<\/li>\n<\/ul>\n<ul>\n<li><strong> Trabajos de los estudiantes<\/strong><\/li>\n<\/ul>\n<p style=\"text-align: justify;\">En esta secci\u00f3n, los estudiantes de pregrado en ingenier\u00eda, presentan trabajos sobre la importancia de la calidad de los procesos acad\u00e9micos y la gesti\u00f3n que se desarrolla en las facultades, escuelas y programas de ingenier\u00eda, como aporte a su formaci\u00f3n acad\u00e9mica y una contribuci\u00f3n para un mejor ejercicio profesional.<\/p>\n<ul>\n<li><strong> Proyectos doctorales en ingenier\u00eda<\/strong><\/li>\n<\/ul>\n<p style=\"text-align: justify;\">Esta secci\u00f3n muestra los trabajos de estudiantes de doctorado en ingenier\u00eda, relacionados con su actividad acad\u00e9mica.<br \/>Los 300 trabajos en las cinco modalidades se presentan en resumen en este libro y en extenso en el sistema OCS (www.acofipapers.org).<\/p>\n<p style=\"text-align: justify;\">Los trabajos que se encuentran en estas memorias son presentados de forma oral y en p\u00f3ster (de acuerdo con su categor\u00eda) en el EIEI ACOFI 2024, que se realiza de forma presencial entre el 24 y el 27 de septiembre de 2024, en el Centro de Convenciones Cartagena, en la ciudad de Cartagena de Indias (Colombia).<\/p>\n<p style=\"text-align: justify;\">El Consejo directivo y la oficina administrativa de ACOFI invitan a la lectura y difusi\u00f3n de estas memorias que constituyen un gran referente de la actividad que realizan las facultades, escuelas y programas de ingenier\u00eda, convirti\u00e9ndose en un gran aporte para la excelencia de la educaci\u00f3n en ingenier\u00eda.<\/p>\n<p>Esperamos que este documento sea de su inter\u00e9s y fuente de consulta permanente.<\/p>\n<p><strong>Juli\u00e1n Alberto Arellana Ochoa<br \/><\/strong>Presidente ACOFI<\/p>\n<p><strong>Luis Alberto Gonz\u00e1lez Araujo<br \/><\/strong>Director Ejecutivo ACOFI<\/p>\n<p><strong>Juan David Hern\u00e1ndez Melgarejo<br \/><\/strong>Coordinador EIEI ACOFI 2024<\/p>","protected":false},"excerpt":{"rendered":"<p>La Asociaci\u00f3n Colombiana de Facultades de Ingenier\u00eda (ACOFI) presenta las memorias de la versi\u00f3n 2024 del Encuentro Internacional de Educaci\u00f3n en Ingenier\u00eda ACOFI 2024 (EIEI ACOFI 2024), con trabajos de profesores, investigadores, estudiantes de pregrado y doctorado en ingenier\u00eda de Argentina, Canad\u00e1, Chile, Colombia, Espa\u00f1a, Estados Unidos, Francia, M\u00e9xico, Panam\u00e1, Per\u00fa, Portugal, Puerto Rico y [&hellip;]<\/p>\n","protected":false},"author":1,"featured_media":0,"parent":0,"menu_order":0,"comment_status":"closed","ping_status":"closed","template":"","meta":{"_acf_changed":false,"footnotes":""},"class_list":["post-1272","page","type-page","status-publish","hentry"],"acf":[],"_links":{"self":[{"href":"https:\/\/acofi.edu.co\/eiei2024\/wp-json\/wp\/v2\/pages\/1272","targetHints":{"allow":["GET"]}}],"collection":[{"href":"https:\/\/acofi.edu.co\/eiei2024\/wp-json\/wp\/v2\/pages"}],"about":[{"href":"https:\/\/acofi.edu.co\/eiei2024\/wp-json\/wp\/v2\/types\/page"}],"author":[{"embeddable":true,"href":"https:\/\/acofi.edu.co\/eiei2024\/wp-json\/wp\/v2\/users\/1"}],"replies":[{"embeddable":true,"href":"https:\/\/acofi.edu.co\/eiei2024\/wp-json\/wp\/v2\/comments?post=1272"}],"version-history":[{"count":13,"href":"https:\/\/acofi.edu.co\/eiei2024\/wp-json\/wp\/v2\/pages\/1272\/revisions"}],"predecessor-version":[{"id":1317,"href":"https:\/\/acofi.edu.co\/eiei2024\/wp-json\/wp\/v2\/pages\/1272\/revisions\/1317"}],"wp:attachment":[{"href":"https:\/\/acofi.edu.co\/eiei2024\/wp-json\/wp\/v2\/media?parent=1272"}],"curies":[{"name":"wp","href":"https:\/\/api.w.org\/{rel}","templated":true}]}}