{"id":1205,"date":"2024-09-18T16:43:55","date_gmt":"2024-09-18T16:43:55","guid":{"rendered":"https:\/\/acofi.edu.co\/eiei2024\/?page_id=1205"},"modified":"2024-09-18T17:16:46","modified_gmt":"2024-09-18T17:16:46","slug":"descarga-nuestra-app","status":"publish","type":"page","link":"https:\/\/acofi.edu.co\/eiei2024\/descarga-nuestra-app\/","title":{"rendered":"Descarga nuestra App"},"content":{"rendered":"<p style=\"text-align: justify;\">ACOFI y el programa de Ingenier\u00eda de Sistemas de la Universidad del Norte, presentan la APP del EIEI ACOFI, en la que encontrar\u00e1n la programaci\u00f3n de cada actividad del evento (EIEI, ENEDI, FCEI), los invitados, las conferencias, talleres, p\u00f3steres, patrocinadores e informaci\u00f3n de inter\u00e9s.<\/p>\n<p>Esta APP le permitir\u00e1, a trav\u00e9s de diferentes filtros de b\u00fasqueda, encontrar la informaci\u00f3n que necesita, haciendo que su experiencia en el EIEI ACOFI 2024 sea de completo agrado.<\/p>\n<p>Podr\u00e1 calificar las ponencias, los p\u00f3steres, los stands de la muestra comercial y dejar sus comentarios.<\/p>\n\n\n<h2 class=\"wp-block-heading\">Disponible en:<\/h2>\n\n\n<div class=\"wp-block-image is-style-rounded\">\n<figure class=\"aligncenter size-full is-resized\"><a href=\"https:\/\/play.google.com\/store\/apps\/details?id=com.uninorte.acofi&amp;hl=es_CO\"><img loading=\"lazy\" decoding=\"async\" width=\"390\" height=\"130\" src=\"http:\/\/acofi.edu.co\/eiei2024\/wp-content\/uploads\/2024\/09\/Descarga-en.png\" alt=\"\" class=\"wp-image-1215\" style=\"width:361px;height:auto\" srcset=\"https:\/\/acofi.edu.co\/eiei2024\/wp-content\/uploads\/2024\/09\/Descarga-en.png 390w, https:\/\/acofi.edu.co\/eiei2024\/wp-content\/uploads\/2024\/09\/Descarga-en-300x100.png 300w\" sizes=\"auto, (max-width: 390px) 100vw, 390px\" \/><\/a><\/figure>\n<\/div>\n\n<div class=\"wp-block-image is-style-rounded\">\n<figure class=\"aligncenter size-full is-resized\"><a href=\"https:\/\/apps.apple.com\/co\/app\/eiei-acofi\/id6504930115?l=en-GB\"><img loading=\"lazy\" decoding=\"async\" width=\"390\" height=\"130\" src=\"http:\/\/acofi.edu.co\/eiei2024\/wp-content\/uploads\/2024\/09\/Descarga-en-1.png\" alt=\"\" class=\"wp-image-1216\" style=\"width:359px;height:auto\" srcset=\"https:\/\/acofi.edu.co\/eiei2024\/wp-content\/uploads\/2024\/09\/Descarga-en-1.png 390w, https:\/\/acofi.edu.co\/eiei2024\/wp-content\/uploads\/2024\/09\/Descarga-en-1-300x100.png 300w\" sizes=\"auto, (max-width: 390px) 100vw, 390px\" \/><\/a><\/figure>\n<\/div>","protected":false},"excerpt":{"rendered":"<p>ACOFI y el programa de Ingenier\u00eda de Sistemas de la Universidad del Norte, presentan la APP del EIEI ACOFI, en la que encontrar\u00e1n la programaci\u00f3n de cada actividad del evento (EIEI, ENEDI, FCEI), los invitados, las conferencias, talleres, p\u00f3steres, patrocinadores e informaci\u00f3n de inter\u00e9s. Esta APP le permitir\u00e1, a trav\u00e9s de diferentes filtros de b\u00fasqueda, [&hellip;]<\/p>\n","protected":false},"author":1,"featured_media":0,"parent":0,"menu_order":0,"comment_status":"closed","ping_status":"closed","template":"","meta":{"_acf_changed":false,"footnotes":""},"class_list":["post-1205","page","type-page","status-publish","hentry"],"acf":[],"_links":{"self":[{"href":"https:\/\/acofi.edu.co\/eiei2024\/wp-json\/wp\/v2\/pages\/1205","targetHints":{"allow":["GET"]}}],"collection":[{"href":"https:\/\/acofi.edu.co\/eiei2024\/wp-json\/wp\/v2\/pages"}],"about":[{"href":"https:\/\/acofi.edu.co\/eiei2024\/wp-json\/wp\/v2\/types\/page"}],"author":[{"embeddable":true,"href":"https:\/\/acofi.edu.co\/eiei2024\/wp-json\/wp\/v2\/users\/1"}],"replies":[{"embeddable":true,"href":"https:\/\/acofi.edu.co\/eiei2024\/wp-json\/wp\/v2\/comments?post=1205"}],"version-history":[{"count":5,"href":"https:\/\/acofi.edu.co\/eiei2024\/wp-json\/wp\/v2\/pages\/1205\/revisions"}],"predecessor-version":[{"id":1218,"href":"https:\/\/acofi.edu.co\/eiei2024\/wp-json\/wp\/v2\/pages\/1205\/revisions\/1218"}],"wp:attachment":[{"href":"https:\/\/acofi.edu.co\/eiei2024\/wp-json\/wp\/v2\/media?parent=1205"}],"curies":[{"name":"wp","href":"https:\/\/api.w.org\/{rel}","templated":true}]}}