{"id":758,"date":"2023-08-31T22:48:29","date_gmt":"2023-08-31T22:48:29","guid":{"rendered":"https:\/\/acofi.edu.co\/eiei2023\/?page_id=758"},"modified":"2023-09-14T14:06:36","modified_gmt":"2023-09-14T14:06:36","slug":"ingenieria-para-la-salud","status":"publish","type":"page","link":"https:\/\/acofi.edu.co\/eiei2023\/informacion-academica\/jornada-avances-en-investigacion\/ingenieria-para-la-salud\/","title":{"rendered":"Ingenier\u00eda para la salud"},"content":{"rendered":"\n<h2 class=\"wp-block-heading\"><strong>Descripci\u00f3n<\/strong><\/h2>\n\n\n\n<p>En esta jornada se presentar\u00e1n aportes de ingenier\u00eda que a trav\u00e9s de la innovaci\u00f3n y el emprendimiento contribuyan al mejoramiento de la calidad de vida a trav\u00e9s de la salud.<br><br>De la misma manera, directivos y profesores de Ingenier\u00eda Biom\u00e9dica y Bioingenier\u00eda, analizar\u00e1n las tendencias en la profesi\u00f3n.<\/p>\n\n\n\n<h2 class=\"wp-block-heading\"><strong>Motivaci\u00f3n<\/strong><\/h2>\n\n\n\n<p>La Ingenier\u00eda Biom\u00e9dica es una profesi\u00f3n en constante evoluci\u00f3n, en la cual se relaciona la ciencia, la medicina y otras disciplinas de ingenier\u00eda. Por esto se hace importante conocer su rol e impacto en la Sociedad. Por eso se hace necesario tener en cuenta lo siguiente:<\/p>\n\n\n\n<p class=\"has-small-font-size\">Cuando hablamos de ingenier\u00eda para la salud nos estamos refiriendo a dos conceptos: salud y funci\u00f3n. Funci\u00f3n es calidad de vida para poder desarrollar nuestras actividades diarias sin problemas, actividades que van desde andar, subir escaleras, sentarse o entrar y salir de un coche, hasta poder ponerse o quitarse los zapatos. Pero, para toda esta actividad completamente natural en una persona sana y joven, es necesaria la colaboraci\u00f3n de la ingenier\u00eda cuando existen problemas de salud o cuando vamos cumpliendo a\u00f1os. Como es bien sabido, el siglo XXI se caracteriza por un aumento considerable de nuestra vida media, por tanto, hay que prepararse y organizarse para recorrer el mayor trayecto en el m\u00ednimo tiempo posible.<br><br>Somos testigos de los grandes avances logrados en la medicina, que, en gran medida, han ido emparejados a los de la ciencia y la tecnolog\u00eda de otros campos. Si buscamos una explicaci\u00f3n sencilla de qu\u00e9 es la ingenier\u00eda biom\u00e9dica, podr\u00edamos decir que es la ingenier\u00eda al servicio de la (salud humana), lo que implica la educaci\u00f3n y el entrenamiento de los ingenieros en el \u00e1mbito de la medicina y viceversa, los mismos condicionantes para los m\u00e9dicos en el \u00e1mbito de la ingenier\u00eda. Esto, que dicho as\u00ed, no parece complicado, en la pr\u00e1ctica lo es y mucho. Para ello es necesario conocer los lenguajes del m\u00e9dico y del ingeniero; yo dir\u00eda que, m\u00e1s a\u00fan, tambi\u00e9n el del bi\u00f3logo y el del especialista en ciencia de los materiales. Claramente, es un \u00e1rea interdisciplinar en la que necesariamente se tienen que coordinar especialistas muy diferentes que deben de llegar a ser complementarios.<br><br>La ingenier\u00eda de la salud aborda muchos campos donde est\u00e1n implicados investigadores, tecn\u00f3logos, cl\u00ednicos, gesti\u00f3n hospitalaria e industrias.<a id=\"_ftnref1\" href=\"#_ftn1\"><strong>[1]<\/strong><\/a><\/p>\n\n\n\n<p>Adem\u00e1s de este contexto de oportunidad para la profesi\u00f3n, es necesario conocer y reconocer la profesi\u00f3n y el inter\u00e9s de la industria. De la misma manera tener precisi\u00f3n del perfil de esta profesi\u00f3n. Los trabajos que se presentan y las reflexiones de los di\u00e1logos y conferencias presentadas ser\u00e1n un insumo importante para esta importante \u00e1rea de la ingenier\u00eda.<\/p>\n\n\n\n<h2 class=\"wp-block-heading\"><strong>Agenda<\/strong><\/h2>\n\n\n\n<figure class=\"wp-block-image size-full\"><img loading=\"lazy\" decoding=\"async\" width=\"700\" height=\"320\" src=\"https:\/\/acofi.edu.co\/eiei2023\/wp-content\/uploads\/2023\/08\/Agenda-Salud.jpg\" alt=\"\" class=\"wp-image-767\" srcset=\"https:\/\/acofi.edu.co\/eiei2023\/wp-content\/uploads\/2023\/08\/Agenda-Salud.jpg 700w, https:\/\/acofi.edu.co\/eiei2023\/wp-content\/uploads\/2023\/08\/Agenda-Salud-300x137.jpg 300w\" sizes=\"auto, (max-width: 700px) 100vw, 700px\" \/><\/figure>\n\n\n\n<h2 class=\"wp-block-heading\"><strong>Avances en investigaci\u00f3n<\/strong><\/h2>\n\n\n\n<figure class=\"wp-block-image size-full\"><img loading=\"lazy\" decoding=\"async\" width=\"700\" height=\"669\" src=\"https:\/\/acofi.edu.co\/eiei2023\/wp-content\/uploads\/2023\/08\/Avances-Salud.jpg\" alt=\"\" class=\"wp-image-769\" srcset=\"https:\/\/acofi.edu.co\/eiei2023\/wp-content\/uploads\/2023\/08\/Avances-Salud.jpg 700w, https:\/\/acofi.edu.co\/eiei2023\/wp-content\/uploads\/2023\/08\/Avances-Salud-300x287.jpg 300w\" sizes=\"auto, (max-width: 700px) 100vw, 700px\" \/><\/figure>\n\n\n\n<h2 class=\"wp-block-heading\"><strong>Coordinaci\u00f3n<\/strong><\/h2>\n\n\n\n<p><strong>Carolina Casta\u00f1o Portilla<\/strong>, Universidad Eia (Colombia)<\/p>\n\n\n\n<h2 class=\"wp-block-heading\"><strong>Aspectos log\u00edsticos<\/strong><\/h2>\n\n\n\n<ul class=\"wp-block-list\">\n<li>Fecha y horario: martes 19 de septiembre de 2023, 08:45 \u2013 17:30 horas.<\/li>\n\n\n\n<li>Idioma: espa\u00f1ol.<\/li>\n\n\n\n<li>Lugar: Fundaci\u00f3n Universitaria los Libertadores, Cartagena.<\/li>\n\n\n\n<li>N\u00famero de participantes: 40.<\/li>\n<\/ul>\n\n\n\n<h2 class=\"wp-block-heading\"><strong>C\u00f3mo llegar<\/strong><\/h2>\n\n\n\n<iframe src=\"https:\/\/www.google.com\/maps\/embed?pb=!1m18!1m12!1m3!1d3924.00269347248!2d-75.53692012425049!3d10.421360065641194!2m3!1f0!2f0!3f0!3m2!1i1024!2i768!4f13.1!3m3!1m2!1s0x8ef62f78a7f37069%3A0x56b4c2be400bfdde!2sFundaci%C3%B3n%20Universitaria%20Los%20Libertadores%20Sede%20Cartagena!5e0!3m2!1ses!2sco!4v1693521837768!5m2!1ses!2sco\" width=\"600\" height=\"450\" style=\"border:0;\" allowfullscreen=\"\" loading=\"lazy\" referrerpolicy=\"no-referrer-when-downgrade\"><\/iframe>\n\n\n\n<h2 class=\"wp-block-heading\"><strong><strong>CUPO COMPLETADO<\/strong><\/strong><\/h2>\n\n\n\n<hr class=\"wp-block-separator has-alpha-channel-opacity\"\/>\n\n\n\n<p><a href=\"#_ftnref1\" id=\"_ftn1\">[1]<\/a> Adaptado de: <a href=\"https:\/\/elpais.com\/diario\/2005\/11\/16\/futuro\/1132095605_850215.html\">https:\/\/elpais.com\/diario\/2005\/11\/16\/futuro\/1132095605_850215.html<\/a><\/p>\n\n\n\n<p><\/p>\n","protected":false},"excerpt":{"rendered":"<p>Descripci\u00f3n En esta jornada se presentar\u00e1n aportes de ingenier\u00eda que a trav\u00e9s de la innovaci\u00f3n y el emprendimiento contribuyan al mejoramiento de la calidad de vida a trav\u00e9s de la salud. De la misma manera, directivos y profesores de Ingenier\u00eda Biom\u00e9dica y Bioingenier\u00eda, analizar\u00e1n las tendencias en la profesi\u00f3n. Motivaci\u00f3n La Ingenier\u00eda Biom\u00e9dica es una [&hellip;]<\/p>\n","protected":false},"author":1,"featured_media":0,"parent":687,"menu_order":0,"comment_status":"closed","ping_status":"closed","template":"","meta":{"_acf_changed":false,"footnotes":""},"class_list":["post-758","page","type-page","status-publish","hentry"],"acf":[],"_links":{"self":[{"href":"https:\/\/acofi.edu.co\/eiei2023\/wp-json\/wp\/v2\/pages\/758","targetHints":{"allow":["GET"]}}],"collection":[{"href":"https:\/\/acofi.edu.co\/eiei2023\/wp-json\/wp\/v2\/pages"}],"about":[{"href":"https:\/\/acofi.edu.co\/eiei2023\/wp-json\/wp\/v2\/types\/page"}],"author":[{"embeddable":true,"href":"https:\/\/acofi.edu.co\/eiei2023\/wp-json\/wp\/v2\/users\/1"}],"replies":[{"embeddable":true,"href":"https:\/\/acofi.edu.co\/eiei2023\/wp-json\/wp\/v2\/comments?post=758"}],"version-history":[{"count":9,"href":"https:\/\/acofi.edu.co\/eiei2023\/wp-json\/wp\/v2\/pages\/758\/revisions"}],"predecessor-version":[{"id":1258,"href":"https:\/\/acofi.edu.co\/eiei2023\/wp-json\/wp\/v2\/pages\/758\/revisions\/1258"}],"up":[{"embeddable":true,"href":"https:\/\/acofi.edu.co\/eiei2023\/wp-json\/wp\/v2\/pages\/687"}],"wp:attachment":[{"href":"https:\/\/acofi.edu.co\/eiei2023\/wp-json\/wp\/v2\/media?parent=758"}],"curies":[{"name":"wp","href":"https:\/\/api.w.org\/{rel}","templated":true}]}}