{"id":734,"date":"2023-08-31T22:25:49","date_gmt":"2023-08-31T22:25:49","guid":{"rendered":"https:\/\/acofi.edu.co\/eiei2023\/?page_id=734"},"modified":"2023-09-06T13:21:36","modified_gmt":"2023-09-06T13:21:36","slug":"energia-transicion-eficiencia-y-seguridad","status":"publish","type":"page","link":"https:\/\/acofi.edu.co\/eiei2023\/informacion-academica\/jornada-avances-en-investigacion\/energia-transicion-eficiencia-y-seguridad\/","title":{"rendered":"Energ\u00eda: transici\u00f3n, eficiencia y seguridad"},"content":{"rendered":"\n<h2 class=\"wp-block-heading\"><strong>Descripci\u00f3n<\/strong><\/h2>\n\n\n\n<p>En esta jornada se presentar\u00e1n proyectos de ingenier\u00eda que aporten optimizaci\u00f3n en su manejo, en el uso de los diferentes tipos de energ\u00eda, que promuevan los cambios en los modelos de producci\u00f3n, distribuci\u00f3n y consumo y garanticen su suministro de forma ambiental, t\u00e9cnica y econ\u00f3micamente sostenible.<\/p>\n\n\n\n<h2 class=\"wp-block-heading\"><strong>Motivaci\u00f3n<\/strong><\/h2>\n\n\n\n<p>Hablar de transici\u00f3n, eficiencia y seguridad asociada a la energ\u00eda, es hablar de mejorar la calidad de vida de las personas y de la sociedad, garantizando su prestaci\u00f3n adecuada tanto en industria como en hogares, haciendo uso \u00f3ptimo de los recursos, recurriendo principalmente a fuentes sostenibles, amigables con el medio ambiente y financieramente viable<a id=\"_ftnref1\" href=\"#_ftn1\">[1]<\/a>.<br><br>En este sentido se expresa que:<\/p>\n\n\n\n<ul class=\"wp-block-list\">\n<li><em>La transici\u00f3n energ\u00e9tica debe abordar los retos de sostenibilidad ambiental, seguridad y justicia energ\u00e9ticas y asequibilidad de la energ\u00eda.<\/em><\/li>\n\n\n\n<li><em>Es necesario intensificar el ritmo de la transici\u00f3n energ\u00e9tica, como demuestra el reciente repunte de los precios de los combustibles, los retos para la seguridad energ\u00e9tica y la lentitud de los avances en la acci\u00f3n clim\u00e1tica.<\/em><\/li>\n\n\n\n<li><em>(Se debe) Impulsar una transici\u00f3n energ\u00e9tica equilibrada y efectiva es posible, pero requiere nuevas colaboraciones a nivel de oferta y demanda<a href=\"#_ftn2\" id=\"_ftnref2\"><strong>[2]<\/strong><\/a><\/em><\/li>\n<\/ul>\n\n\n\n<p>De la misma manera:<br><br><em>Los \u00faltimos a\u00f1os han sido vol\u00e1tiles para el sector energ\u00e9tico. La disrupci\u00f3n extrema provocada por la crisis energ\u00e9tica mundial se ha cruzado con la acuciante necesidad de aumentar urgentemente la inversi\u00f3n en energ\u00edas renovables para evitar una crisis clim\u00e1tica.<a id=\"_ftnref3\" href=\"#_ftn3\"><strong>[3]<\/strong><\/a><\/em><br><br>Este complejo entorno, que se puede mostrar como negativo, a la vez es una de las oportunidades mayores en las que la ingenier\u00eda debe tener un papel crucial con proyectos e iniciativas que le apunten a una nueva energ\u00eda en beneficio de todos. La ingenier\u00eda tiene un papel fundamental para lograrlo y es parte de lo que se va a presentar en esta jornada.<\/p>\n\n\n\n<h2 class=\"wp-block-heading\"><strong>Nota importante<\/strong><\/h2>\n\n\n\n<p>Para el tema <em>Energ\u00eda: transici\u00f3n, eficiencia y seguridad<\/em> habr\u00e1 dos agendas separadas en dos salones diferentes. <br>A continuaci\u00f3n, encontrar\u00e1 los enlaces donde puede consultar las agendas definidas.<\/p>\n\n\n\n<div class=\"wp-block-buttons is-layout-flex wp-block-buttons-is-layout-flex\">\n<div class=\"wp-block-button\"><a class=\"wp-block-button__link has-luminous-vivid-amber-background-color has-background wp-element-button\" href=\"https:\/\/acofi.edu.co\/eiei2023\/informacion-academica\/jornada-avances-en-investigacion\/energia-transicion-eficiencia-y-seguridad\/agenda-energia-transicion-eficiencia-y-seguridad-a\/\"><strong>Agenda Energ\u00eda: transici\u00f3n, eficiencia y seguridad A<\/strong><\/a><\/div>\n<\/div>\n\n\n\n<p>Para los trabajos con c\u00f3digos: <strong>3113, 3153, 3162, 3174, 3209, 3252, 3267, 3274, 3297, 3333, 3416, 3095, 3088<\/strong><\/p>\n\n\n\n<div class=\"wp-block-buttons is-layout-flex wp-block-buttons-is-layout-flex\">\n<div class=\"wp-block-button\"><a class=\"wp-block-button__link has-luminous-vivid-amber-background-color has-background wp-element-button\" href=\"https:\/\/acofi.edu.co\/eiei2023\/informacion-academica\/jornada-avances-en-investigacion\/energia-transicion-eficiencia-y-seguridad\/agenda-energia-transicion-eficiencia-y-seguridad-b\/\"><strong>Agenda Energ\u00eda: transici\u00f3n, eficiencia y seguridad <\/strong>B<\/a><\/div>\n<\/div>\n\n\n\n<p>Para los trabajos con c\u00f3digos: <strong>2780, 2786, 2945, 2964, 3016, 3022, 3027, 3049, 3052, 3085<\/strong><\/p>\n\n\n\n<hr class=\"wp-block-separator has-alpha-channel-opacity\"\/>\n\n\n\n<p><a href=\"#_ftnref1\" id=\"_ftn1\">[1]<\/a> Adaptado de: https:\/\/www.wwf.org.co\/?366021\/Eficiencia-energetica-una-ayuda-para-el-planeta-y-para-tu-bolsillo<\/p>\n\n\n\n<p><a href=\"#_ftnref2\" id=\"_ftn2\">[2]<\/a> <a href=\"https:\/\/www3.weforum.org\/docs\/ETI_Report_Press_Release_Spanish.pdf\">https:\/\/www3.weforum.org\/docs\/ETI_Report_Press_Release_Spanish.pdf<\/a><\/p>\n\n\n\n<p><a href=\"#_ftnref3\" id=\"_ftn3\">[3]<\/a> https:\/\/es.weforum.org\/agenda\/2023\/07\/invertimos-1-70-dolares-en-energia-limpias-para-cada-dolar-en-fosiles-pero-es-suficiente\/<\/p>\n","protected":false},"excerpt":{"rendered":"<p>Descripci\u00f3n En esta jornada se presentar\u00e1n proyectos de ingenier\u00eda que aporten optimizaci\u00f3n en su manejo, en el uso de los diferentes tipos de energ\u00eda, que promuevan los cambios en los modelos de producci\u00f3n, distribuci\u00f3n y consumo y garanticen su suministro de forma ambiental, t\u00e9cnica y econ\u00f3micamente sostenible. Motivaci\u00f3n Hablar de transici\u00f3n, eficiencia y seguridad asociada [&hellip;]<\/p>\n","protected":false},"author":1,"featured_media":0,"parent":687,"menu_order":0,"comment_status":"closed","ping_status":"closed","template":"","meta":{"_acf_changed":false,"footnotes":""},"class_list":["post-734","page","type-page","status-publish","hentry"],"acf":[],"_links":{"self":[{"href":"https:\/\/acofi.edu.co\/eiei2023\/wp-json\/wp\/v2\/pages\/734","targetHints":{"allow":["GET"]}}],"collection":[{"href":"https:\/\/acofi.edu.co\/eiei2023\/wp-json\/wp\/v2\/pages"}],"about":[{"href":"https:\/\/acofi.edu.co\/eiei2023\/wp-json\/wp\/v2\/types\/page"}],"author":[{"embeddable":true,"href":"https:\/\/acofi.edu.co\/eiei2023\/wp-json\/wp\/v2\/users\/1"}],"replies":[{"embeddable":true,"href":"https:\/\/acofi.edu.co\/eiei2023\/wp-json\/wp\/v2\/comments?post=734"}],"version-history":[{"count":6,"href":"https:\/\/acofi.edu.co\/eiei2023\/wp-json\/wp\/v2\/pages\/734\/revisions"}],"predecessor-version":[{"id":1199,"href":"https:\/\/acofi.edu.co\/eiei2023\/wp-json\/wp\/v2\/pages\/734\/revisions\/1199"}],"up":[{"embeddable":true,"href":"https:\/\/acofi.edu.co\/eiei2023\/wp-json\/wp\/v2\/pages\/687"}],"wp:attachment":[{"href":"https:\/\/acofi.edu.co\/eiei2023\/wp-json\/wp\/v2\/media?parent=734"}],"curies":[{"name":"wp","href":"https:\/\/api.w.org\/{rel}","templated":true}]}}