{"id":709,"date":"2023-08-31T16:03:21","date_gmt":"2023-08-31T16:03:21","guid":{"rendered":"https:\/\/acofi.edu.co\/eiei2023\/?page_id=709"},"modified":"2023-09-14T14:06:01","modified_gmt":"2023-09-14T14:06:01","slug":"agenda-calidad-del-agua-y-saneamiento-basico-a","status":"publish","type":"page","link":"https:\/\/acofi.edu.co\/eiei2023\/informacion-academica\/jornada-avances-en-investigacion\/calidad-del-agua-y-saneamiento-basico\/agenda-calidad-del-agua-y-saneamiento-basico-a\/","title":{"rendered":"Agenda Calidad del agua y saneamiento b\u00e1sico A"},"content":{"rendered":"\n<h2 class=\"wp-block-heading\">Agenda<\/h2>\n\n\n\n<figure class=\"wp-block-image size-full\"><img loading=\"lazy\" decoding=\"async\" width=\"700\" height=\"354\" src=\"https:\/\/acofi.edu.co\/eiei2023\/wp-content\/uploads\/2023\/08\/Agenda-AGUA_A.jpg\" alt=\"\" class=\"wp-image-712\" srcset=\"https:\/\/acofi.edu.co\/eiei2023\/wp-content\/uploads\/2023\/08\/Agenda-AGUA_A.jpg 700w, https:\/\/acofi.edu.co\/eiei2023\/wp-content\/uploads\/2023\/08\/Agenda-AGUA_A-300x152.jpg 300w\" sizes=\"auto, (max-width: 700px) 100vw, 700px\" \/><\/figure>\n\n\n\n<h2 class=\"wp-block-heading\">Avances en investigaci\u00f3n<\/h2>\n\n\n\n<figure class=\"wp-block-image size-full\"><img loading=\"lazy\" decoding=\"async\" width=\"650\" height=\"679\" src=\"https:\/\/acofi.edu.co\/eiei2023\/wp-content\/uploads\/2023\/08\/Avances-AGUA_A.jpg\" alt=\"\" class=\"wp-image-713\" srcset=\"https:\/\/acofi.edu.co\/eiei2023\/wp-content\/uploads\/2023\/08\/Avances-AGUA_A.jpg 650w, https:\/\/acofi.edu.co\/eiei2023\/wp-content\/uploads\/2023\/08\/Avances-AGUA_A-287x300.jpg 287w\" sizes=\"auto, (max-width: 650px) 100vw, 650px\" \/><\/figure>\n\n\n\n<h2 class=\"wp-block-heading\">Coordinaci\u00f3n<\/h2>\n\n\n\n<p><strong>Mario Camilo Torres Su\u00e1rez<\/strong>, Universidad Nacional de Colombia (Colombia)<\/p>\n\n\n\n<h2 class=\"wp-block-heading\">Aspectos log\u00edsticos<\/h2>\n\n\n\n<ul class=\"wp-block-list\">\n<li>Fecha y horario: martes 19 de septiembre de 2023, 08:45 \u2013 17:30 horas.<\/li>\n\n\n\n<li>Idioma: espa\u00f1ol.<\/li>\n\n\n\n<li>Lugar: Fundaci\u00f3n Universitaria los Libertadores, Cartagena<\/li>\n\n\n\n<li>N\u00famero de participantes: 30.<\/li>\n<\/ul>\n\n\n\n<h2 class=\"wp-block-heading\">C\u00f3mo llegar<\/h2>\n\n\n\n<iframe src=\"https:\/\/www.google.com\/maps\/embed?pb=!1m18!1m12!1m3!1d1387.3450049160824!2d-75.53581206301395!3d10.421237025469113!2m3!1f0!2f0!3f0!3m2!1i1024!2i768!4f13.1!3m3!1m2!1s0x8ef62f78a7f37069%3A0x56b4c2be400bfdde!2sFundaci%C3%B3n%20Universitaria%20Los%20Libertadores%20Sede%20Cartagena!5e0!3m2!1ses-419!2sco!4v1693498360442!5m2!1ses-419!2sco\" width=\"600\" height=\"450\" style=\"border:0;\" allowfullscreen=\"\" loading=\"lazy\" referrerpolicy=\"no-referrer-when-downgrade\"><\/iframe>\n\n\n\n<h2 class=\"wp-block-heading\"><strong><strong>CUPO COMPLETADO<\/strong><\/strong><\/h2>\n","protected":false},"excerpt":{"rendered":"<p>Agenda Avances en investigaci\u00f3n Coordinaci\u00f3n Mario Camilo Torres Su\u00e1rez, Universidad Nacional de Colombia (Colombia) Aspectos log\u00edsticos C\u00f3mo llegar CUPO COMPLETADO<\/p>\n","protected":false},"author":1,"featured_media":0,"parent":691,"menu_order":0,"comment_status":"closed","ping_status":"closed","template":"","meta":{"_acf_changed":false,"footnotes":""},"class_list":["post-709","page","type-page","status-publish","hentry"],"acf":[],"_links":{"self":[{"href":"https:\/\/acofi.edu.co\/eiei2023\/wp-json\/wp\/v2\/pages\/709","targetHints":{"allow":["GET"]}}],"collection":[{"href":"https:\/\/acofi.edu.co\/eiei2023\/wp-json\/wp\/v2\/pages"}],"about":[{"href":"https:\/\/acofi.edu.co\/eiei2023\/wp-json\/wp\/v2\/types\/page"}],"author":[{"embeddable":true,"href":"https:\/\/acofi.edu.co\/eiei2023\/wp-json\/wp\/v2\/users\/1"}],"replies":[{"embeddable":true,"href":"https:\/\/acofi.edu.co\/eiei2023\/wp-json\/wp\/v2\/comments?post=709"}],"version-history":[{"count":5,"href":"https:\/\/acofi.edu.co\/eiei2023\/wp-json\/wp\/v2\/pages\/709\/revisions"}],"predecessor-version":[{"id":1253,"href":"https:\/\/acofi.edu.co\/eiei2023\/wp-json\/wp\/v2\/pages\/709\/revisions\/1253"}],"up":[{"embeddable":true,"href":"https:\/\/acofi.edu.co\/eiei2023\/wp-json\/wp\/v2\/pages\/691"}],"wp:attachment":[{"href":"https:\/\/acofi.edu.co\/eiei2023\/wp-json\/wp\/v2\/media?parent=709"}],"curies":[{"name":"wp","href":"https:\/\/api.w.org\/{rel}","templated":true}]}}