{"id":672,"date":"2023-08-31T00:48:54","date_gmt":"2023-08-31T00:48:54","guid":{"rendered":"https:\/\/acofi.edu.co\/eiei2023\/?page_id=672"},"modified":"2023-09-14T14:07:17","modified_gmt":"2023-09-14T14:07:17","slug":"formacion-tecnocientifica-y-modularizacion-curricular","status":"publish","type":"page","link":"https:\/\/acofi.edu.co\/eiei2023\/informacion-academica\/talleres\/formacion-tecnocientifica-y-modularizacion-curricular\/","title":{"rendered":"Formaci\u00f3n tecnocient\u00edfica y modularizaci\u00f3n curricular"},"content":{"rendered":"\n<h2 class=\"wp-block-heading\"><strong>Objetivo<\/strong><\/h2>\n\n\n\n<p>Al concluir el taller, los y las participantes habr\u00e1n perfilado una posible innovaci\u00f3n curricular, a partir de m\u00f3dulos centrados en proyectos, vinculados desde una perspectiva tecnocient\u00edfica.&nbsp;<\/p>\n\n\n\n<h2 class=\"wp-block-heading\"><strong>Antecedentes<\/strong><\/h2>\n\n\n\n<p>La educaci\u00f3n superior, promovida por los principales \u00f3rganos internacionales como UNESCO desde los inicios del siglo XXI, se fundamenta en una suerte de alianza entre las diferentes esferas que dan forma a la sociedad y a las interacciones entre sus individuos, es decir, la social, econ\u00f3mica y pol\u00edtica. Sin embargo, la realidad es que, si bien esta triada es mencionada frecuentemente en los Modelos Educativos, pocas veces se encuentra claramente incluida y operada a trav\u00e9s de los desarrollos curriculares.<br><br>Lo anterior se debe al menos dos factores centrales: la falta de conocimiento sobre curr\u00edculum, su dise\u00f1o y desarrollo, y, por otro lado, la falta de comprensi\u00f3n sobre la evoluci\u00f3n que ha tenido la concepci\u00f3n de <em>tecnociencia, <\/em>adoptando en este siglo la atenci\u00f3n a las necesidades sociales y ecol\u00f3gicas, convirti\u00e9ndose en el foco de atenci\u00f3n para los trabajos conjuntos entre la ciencia y la tecnolog\u00eda.<br><br>De esta forma, en la formaci\u00f3n tecnocient\u00edfica promueve al menos tres acciones institucionales: primera, la <em>construcci\u00f3n colaborativa<\/em> del conocimiento, donde la elecci\u00f3n de conocimiento acumulado y el conocimiento socializado se define desde una perspectiva econ\u00f3mica y ahora tambi\u00e9n social; segunda, el acceso a la transferencia de conocimiento y capacidades, tanto de manera interinstitucional como con la sociedad; y finalmente, la apertura para involucrar al entorno regional en esta formaci\u00f3n.<br><br>Para lograrlo, el curr\u00edculum tecnocient\u00edfico del siglo XXI aboga por un proceso de formaci\u00f3n pertinente econ\u00f3micamente, pero tambi\u00e9n socialmente.&nbsp; Y para la ingenier\u00eda se convierte en una oportunidad para proponer modelos curriculares flexibles y adaptables, en el sentido de colocar el contexto (variable) en el centro de la acci\u00f3n institucional, y el quehacer pedag\u00f3gico.<br><br>En ese sentido, el taller ha sido propuesto como un espacio de an\u00e1lisis y reflexi\u00f3n sobre la utilidad y desaf\u00edos que representa la modularizaci\u00f3n del curr\u00edculum.&nbsp;&nbsp;&nbsp;<\/p>\n\n\n\n<h2 class=\"wp-block-heading\"><strong>Notas de reflexi\u00f3n<\/strong><\/h2>\n\n\n\n<ol class=\"wp-block-list\" start=\"1\">\n<li>La Tecnociencia representa T\u00e9cnicas vinculadas a la sociedad de la informaci\u00f3n. No la hace una persona, sino un grupo de personas (empresa).&nbsp;<\/li>\n<\/ol>\n\n\n\n<ol class=\"wp-block-list\" start=\"2\">\n<li>La formaci\u00f3n tecnocient\u00edfica deber\u00e1 concebirse para \u201cla creaci\u00f3n de un ambiente de aprendizaje y de distintos procesos de circulaci\u00f3n de conocimientos e informaci\u00f3n incluidos, muchas veces, en acuerdos de cooperaci\u00f3n\u201d.&nbsp;&nbsp;<\/li>\n<\/ol>\n\n\n\n<h2 class=\"wp-block-heading\"><strong>Agenda<\/strong><\/h2>\n\n\n\n<ol class=\"wp-block-list\" start=\"1\">\n<li>Relaci\u00f3n Ciencia- Tecnolog\u00eda- Sociedad (tecnocient\u00edfica).&nbsp;<\/li>\n<\/ol>\n\n\n\n<ol class=\"wp-block-list\" start=\"2\">\n<li>Modularizaci\u00f3n. Una propuesta din\u00e1mica.&nbsp;<\/li>\n<\/ol>\n\n\n\n<ol class=\"wp-block-list\" start=\"3\">\n<li>Dise\u00f1o de propuesta curricular.&nbsp;<\/li>\n<\/ol>\n\n\n\n<h2 class=\"wp-block-heading\"><strong>Lecturas sugeridas<\/strong><\/h2>\n\n\n\n<div class=\"wp-block-group is-vertical is-layout-flex wp-container-core-group-is-layout-8cf370e7 wp-block-group-is-layout-flex\">\n<ul class=\"wp-block-list\">\n<li>Navas, M. E. y Ospina, J. O. (2020). Dise\u00f1o curricular por competencias en educaci\u00f3n superior. <em>Revista Saber, Ciencia y Libertad<\/em>, 15(2), 195 \u2013 217. <a href=\"https:\/\/doi.org\/10.18041\/2382-3240\/saber.2020v15n2.6729\" target=\"_blank\" rel=\"noreferrer noopener\">https:\/\/doi.org\/10.18041\/2382-3240\/saber.2020v15n2.6729<\/a>&nbsp;<\/li>\n\n\n\n<li>V\u00e9lez, G. y Ter\u00e1n, L. (2010). Modelos para el dise\u00f1o curricular. <em>Pampedia<\/em>, 6, 55-65. <a href=\"http:\/\/online.aliat.edu.mx\/adistancia\/ModDisDesInstruccional\/Unidad2\/Lecturas\/4Modelos_diseno_curricular.pdf\" target=\"_blank\" rel=\"noreferrer noopener\">http:\/\/online.aliat.edu.mx\/adistancia\/ModDisDesInstruccional\/Unidad2\/Lecturas\/4Modelos_diseno_curricular.pdf<\/a>&nbsp;&nbsp;<\/li>\n\n\n\n<li>Santos, Mar\u00eda Josefa Capacidades tecnocient\u00edficas y culturales como agentes decodificadores para la competitividad industrial Alteridades, vol. 15, n\u00fam. 29, enero-junio, 2005, pp. 55-62 Universidad Aut\u00f3noma Metropolitana Unidad Iztapalapa Distrito Federal, M\u00e9xico <a href=\"https:\/\/www.redalyc.org\/pdf\/747\/74702906.pdf\" target=\"_blank\" rel=\"noreferrer noopener\">https:\/\/www.redalyc.org\/pdf\/747\/74702906.pdf<\/a>&nbsp;<\/li>\n\n\n\n<li>Ysunza, M. I., Bravo, A. S., Fern\u00e1ndez. M. M., Garc\u00eda. R. A., Arbes\u00fa, M. I. y Soria, F. J. (2019). Hacia la revitalizaci\u00f3n del sistema modular de la Universidad Aut\u00f3noma Metropolitana, Unidad Xochimilco. Una propuesta para integrar, actualizar y enriquecer sus bases conceptuales. UAM Xochimilco. <a href=\"https:\/\/consejoacademico.xoc.uam.mx\/sites\/default\/files\/archivos\/dictamenes\/Hacia_la_revitalizacion_del_Sistema_Modul.pdf\" target=\"_blank\" rel=\"noreferrer noopener\">https:\/\/consejoacademico.xoc.uam.mx\/sites\/default\/files\/archivos\/dictamenes\/Hacia_la_revitalizacion_del_Sistema_Modul.pdf<\/a>&nbsp;<\/li>\n\n\n\n<li>Cai, Yuzhuo &amp; Etzkowitz, Henry. (2020). Theorizing the Triple Helix model: Past, present, and future. Triple Helix. En <em>Minerva<\/em> 6. 1-38. 10.1163\/21971927-bja10003. <a href=\"https:\/\/www.researchgate.net\/publication\/342589887_Theorizing_the_Triple_Helix_model_Past_present_and_future\" target=\"_blank\" rel=\"noreferrer noopener\">https:\/\/www.researchgate.net\/publication\/342589887_Theorizing_the_Triple_Helix_model_Past_present_and_future<\/a>&nbsp;&nbsp;<\/li>\n<\/ul>\n<\/div>\n\n\n\n<h2 class=\"wp-block-heading\"><strong>Coordinaci\u00f3n<\/strong><\/h2>\n\n\n\n<p><strong>Adriana Castillo Rosas<\/strong>, Tecnol\u00f3gico Nacional de M\u00e9xico Campus CIIDET.<br><br>Licenciada en Administraci\u00f3n Educativa de la Universidad Pedag\u00f3gica Nacional. Especialista en Rehabilitaci\u00f3n Laboral de la Universidad del Valle de M\u00e9xico. Mag\u00edster en Ciencias de la Educaci\u00f3n de la Universidad Aut\u00f3noma de Quer\u00e9taro y Doctora en Ciencias de la Educaci\u00f3n de la Universidad Cuauht\u00e9moc Plantel Aguascalientes. Su producci\u00f3n cient\u00edfica gira en torno a cuatro l\u00edneas de investigaci\u00f3n: educaci\u00f3n a distancia, educaci\u00f3n superior y g\u00e9nero, aprendizaje de las ciencias b\u00e1sicas y enfoque de competencias, y formaci\u00f3n de ingenieros. Es docente investigadora en el Centro Interdisciplinario de Investigaci\u00f3n y Docencia en Educaci\u00f3n T\u00e9cnica, CIIDET. Forma parte del Cuerpo Acad\u00e9mico \u201cEstudios sobre la formaci\u00f3n de ingenieros\u201d y miembro de los Consejos de Posgrado de la Especializaci\u00f3n en Investigaci\u00f3n Educativa, y la Maestr\u00eda en Educaci\u00f3n. Ha colaborado con ACOFI desde 2016 en diversos proyectos acad\u00e9micos, y actualmente realiza diferentes actividades de vinculaci\u00f3n entre esta asociaci\u00f3n y las instituciones de educaci\u00f3n superior en M\u00e9xico.&nbsp;&nbsp;&nbsp;<\/p>\n\n\n\n<h2 class=\"wp-block-heading\"><strong>Aspectos log\u00edsticos<\/strong><\/h2>\n\n\n\n<ul class=\"wp-block-list\">\n<li>Fecha y horario: martes 19 de septiembre de 2023, 14:00 \u2013 18:00 horas.&nbsp;<\/li>\n\n\n\n<li>Idioma: espa\u00f1ol.&nbsp;<\/li>\n\n\n\n<li>Lugar: Fundaci\u00f3n Universitaria los Libertadores, Cartagena<\/li>\n\n\n\n<li>Cupo: 40 personas.<\/li>\n<\/ul>\n\n\n\n<h2 class=\"wp-block-heading\"><strong>C\u00f3mo llegar<\/strong><\/h2>\n\n\n\n<iframe src=\"https:\/\/www.google.com\/maps\/embed?pb=!1m18!1m12!1m3!1d801.4353612250196!2d-75.53475645081667!3d10.421648008983595!2m3!1f0!2f0!3f0!3m2!1i1024!2i768!4f13.1!3m3!1m2!1s0x8ef62f78a7f37069%3A0x56b4c2be400bfdde!2sFundaci%C3%B3n%20Universitaria%20Los%20Libertadores%20Sede%20Cartagena!5e0!3m2!1ses-419!2sco!4v1693442877842!5m2!1ses-419!2sco\" width=\"600\" height=\"450\" style=\"border:0;\" allowfullscreen=\"\" loading=\"lazy\" referrerpolicy=\"no-referrer-when-downgrade\"><\/iframe>\n\n\n\n<h2 class=\"wp-block-heading\"><strong><strong>CUPO COMPLETADO<\/strong><\/strong><\/h2>\n","protected":false},"excerpt":{"rendered":"<p>Objetivo Al concluir el taller, los y las participantes habr\u00e1n perfilado una posible innovaci\u00f3n curricular, a partir de m\u00f3dulos centrados en proyectos, vinculados desde una perspectiva tecnocient\u00edfica.&nbsp; Antecedentes La educaci\u00f3n superior, promovida por los principales \u00f3rganos internacionales como UNESCO desde los inicios del siglo XXI, se fundamenta en una suerte de alianza entre las diferentes [&hellip;]<\/p>\n","protected":false},"author":1,"featured_media":0,"parent":660,"menu_order":0,"comment_status":"closed","ping_status":"closed","template":"","meta":{"_acf_changed":false,"footnotes":""},"class_list":["post-672","page","type-page","status-publish","hentry"],"acf":[],"_links":{"self":[{"href":"https:\/\/acofi.edu.co\/eiei2023\/wp-json\/wp\/v2\/pages\/672","targetHints":{"allow":["GET"]}}],"collection":[{"href":"https:\/\/acofi.edu.co\/eiei2023\/wp-json\/wp\/v2\/pages"}],"about":[{"href":"https:\/\/acofi.edu.co\/eiei2023\/wp-json\/wp\/v2\/types\/page"}],"author":[{"embeddable":true,"href":"https:\/\/acofi.edu.co\/eiei2023\/wp-json\/wp\/v2\/users\/1"}],"replies":[{"embeddable":true,"href":"https:\/\/acofi.edu.co\/eiei2023\/wp-json\/wp\/v2\/comments?post=672"}],"version-history":[{"count":9,"href":"https:\/\/acofi.edu.co\/eiei2023\/wp-json\/wp\/v2\/pages\/672\/revisions"}],"predecessor-version":[{"id":1260,"href":"https:\/\/acofi.edu.co\/eiei2023\/wp-json\/wp\/v2\/pages\/672\/revisions\/1260"}],"up":[{"embeddable":true,"href":"https:\/\/acofi.edu.co\/eiei2023\/wp-json\/wp\/v2\/pages\/660"}],"wp:attachment":[{"href":"https:\/\/acofi.edu.co\/eiei2023\/wp-json\/wp\/v2\/media?parent=672"}],"curies":[{"name":"wp","href":"https:\/\/api.w.org\/{rel}","templated":true}]}}