{"id":660,"date":"2023-08-31T00:38:41","date_gmt":"2023-08-31T00:38:41","guid":{"rendered":"https:\/\/acofi.edu.co\/eiei2023\/?page_id=660"},"modified":"2023-08-31T00:57:05","modified_gmt":"2023-08-31T00:57:05","slug":"talleres","status":"publish","type":"page","link":"https:\/\/acofi.edu.co\/eiei2023\/informacion-academica\/talleres\/","title":{"rendered":"Talleres"},"content":{"rendered":"\n<div class=\"wp-block-buttons is-layout-flex wp-block-buttons-is-layout-flex\">\n<div class=\"wp-block-button\"><a class=\"wp-block-button__link has-black-color has-luminous-vivid-amber-background-color has-text-color has-background wp-element-button\" href=\"https:\/\/acofi.edu.co\/eiei2023\/informacion-academica\/talleres\/internacionalizacion-integral-del-curriculo\/\"><strong>Internacionalizaci\u00f3n Integral del curr\u00edculo<\/strong><\/a><\/div>\n<\/div>\n\n\n\n<div style=\"height:12px\" aria-hidden=\"true\" class=\"wp-block-spacer\"><\/div>\n\n\n\n<div class=\"wp-block-buttons is-layout-flex wp-block-buttons-is-layout-flex\">\n<div class=\"wp-block-button is-style-fill\"><a class=\"wp-block-button__link has-black-color has-luminous-vivid-amber-background-color has-text-color has-background wp-element-button\" href=\"https:\/\/acofi.edu.co\/eiei2023\/informacion-academica\/talleres\/formacion-tecnocientifica-y-modularizacion-curricular\/\"><strong>Formaci\u00f3n tecnocient\u00edfica y modularizaci\u00f3n curricular<\/strong><\/a><\/div>\n<\/div>\n","protected":false},"excerpt":{"rendered":"","protected":false},"author":1,"featured_media":0,"parent":15,"menu_order":0,"comment_status":"closed","ping_status":"closed","template":"","meta":{"_acf_changed":false,"footnotes":""},"class_list":["post-660","page","type-page","status-publish","hentry"],"acf":[],"_links":{"self":[{"href":"https:\/\/acofi.edu.co\/eiei2023\/wp-json\/wp\/v2\/pages\/660","targetHints":{"allow":["GET"]}}],"collection":[{"href":"https:\/\/acofi.edu.co\/eiei2023\/wp-json\/wp\/v2\/pages"}],"about":[{"href":"https:\/\/acofi.edu.co\/eiei2023\/wp-json\/wp\/v2\/types\/page"}],"author":[{"embeddable":true,"href":"https:\/\/acofi.edu.co\/eiei2023\/wp-json\/wp\/v2\/users\/1"}],"replies":[{"embeddable":true,"href":"https:\/\/acofi.edu.co\/eiei2023\/wp-json\/wp\/v2\/comments?post=660"}],"version-history":[{"count":6,"href":"https:\/\/acofi.edu.co\/eiei2023\/wp-json\/wp\/v2\/pages\/660\/revisions"}],"predecessor-version":[{"id":686,"href":"https:\/\/acofi.edu.co\/eiei2023\/wp-json\/wp\/v2\/pages\/660\/revisions\/686"}],"up":[{"embeddable":true,"href":"https:\/\/acofi.edu.co\/eiei2023\/wp-json\/wp\/v2\/pages\/15"}],"wp:attachment":[{"href":"https:\/\/acofi.edu.co\/eiei2023\/wp-json\/wp\/v2\/media?parent=660"}],"curies":[{"name":"wp","href":"https:\/\/api.w.org\/{rel}","templated":true}]}}