{"id":51,"date":"2022-10-30T17:26:53","date_gmt":"2022-10-30T17:26:53","guid":{"rendered":"http:\/\/acofi.edu.co\/eiei2023\/?page_id=51"},"modified":"2024-11-27T16:02:57","modified_gmt":"2024-11-27T16:02:57","slug":"sobre-el-eiei-acofi-2023","status":"publish","type":"page","link":"https:\/\/acofi.edu.co\/eiei2023\/informacion-general\/sobre-el-eiei-acofi-2023\/","title":{"rendered":"Sobre el EIEI ACOFI 2023"},"content":{"rendered":"\n<p>La Asociaci\u00f3n Colombiana de Facultades de Ingenier\u00eda (ACOFI) realizar\u00e1 del 19 al 22 de septiembre de 2023 una nueva versi\u00f3n del Encuentro Internacional de Educaci\u00f3n en Ingenier\u00eda ACOFI (EIEI ACOFI), con el tema central \u201cIngenier\u00eda para transformar territorios\u201d.<br><br>En este sentido, el EIEI ACOFI 2023 tendr\u00e1 diferentes espacios acad\u00e9micos, como paneles, di\u00e1logos con expertos, talleres, actividades t\u00e9cnicas y conferencias magistrales sobre el tema central y tambi\u00e9n contar\u00e1 con las actividades que ha mantenido en cada una de sus versiones relacionadas con las tendencias en las estrategias de ense\u00f1anza \u2013 aprendizaje, el aporte de la ingenier\u00eda con el desarrollo, en un gran escenario que permitir\u00e1 acoger a expositores y participantes de diferentes lugares para compartir su conocimiento y experiencia.<br><br>En el EIEI ACOFI 2023 participar\u00e1n decanos, directivos acad\u00e9micos y administrativos, profesores y estudiantes de ingenier\u00eda, representantes del sector productivo, entidades del Estado, gremios y la sociedad, quienes interactuar\u00e1n para estudiar, analizar, debatir y reflexionar sobre como la educaci\u00f3n en ingenier\u00eda es fundamental para el avance econ\u00f3mico y social de los territorios.<br><br>As\u00ed, el EIEI ACOFI 2023 tendr\u00e1 diferentes modalidades de participaci\u00f3n: la presentaci\u00f3n de los trabajos sobre ense\u00f1anza de la ingenier\u00eda, la d\u00e9cima versi\u00f3n del Foro colombiano de estudiantes de ingenier\u00eda (FCEI), la quinta versi\u00f3n del Encuentro Nacional de Estudiantes de Doctorado en Ingenier\u00eda (ENEDI), la presentaci\u00f3n de avances de investigaci\u00f3n en ingenier\u00eda y una jornada acerca de la ense\u00f1anza de las ciencias b\u00e1sicas en los programas de ingenier\u00eda.<br><br>De tal manera, el Encuentro constituye una gran oportunidad de relacionamiento con organizaciones, empresas, gobierno y representantes de instituciones en uno de los escenarios m\u00e1s importantes de la educaci\u00f3n de la ingenier\u00eda en el \u00e1mbito global.<br><br>En el EIEI ACOFI 2023 estar\u00e1n personalidades referentes de la ingenier\u00eda con el prop\u00f3sito de generar un \u00e1mbito de profundizaci\u00f3n del conocimiento en las distintas \u00e1reas de la profesi\u00f3n, para promover el intercambio de ideas y experiencias y establecer lazos de cooperaci\u00f3n.<br><br>El Consejo Directivo y la oficina administrativa de ACOFI invitan a toda la comunidad acad\u00e9mica de ingenier\u00eda, representada por sus facultades, escuelas, programas de pregrado y posgrado, institutos, centros y grupos de investigaci\u00f3n; a los empresarios y gremios relacionados con la ingenier\u00eda; a los gobiernos locales, regionales, nacionales e internacionales; a las organizaciones regionales y globales; a los medios de comunicaci\u00f3n y, en general, a la sociedad interesada en conocer c\u00f3mo desde la ingenier\u00eda generamos transformaci\u00f3n para un mundo mejor.<\/p>\n\n\n\n<h2 class=\"wp-block-heading\">Objetivo general<\/h2>\n\n\n\n<p>El EIEI ACOFI 2023 es el evento acad\u00e9mico para estudiar, analizar y debatir sobre c\u00f3mo las facultades, escuelas y programas de ingenier\u00eda son fundamentales para el desarrollo de una regi\u00f3n, de un pa\u00eds, del mundo, a partir del conocimiento, reconocimiento y construcci\u00f3n de oportunidades que se generan en los territorios, en los \u00e1mbitos, sociales, tecnol\u00f3gicos, digitales, ambientales, entre otras, para la transformaci\u00f3n y el progreso.<\/p>\n\n\n\n<h2 class=\"wp-block-heading\">Objetivos espec\u00edficos<\/h2>\n\n\n\n<ul class=\"wp-block-list\">\n<li>Ser un espacio acad\u00e9mico en el que toda la comunidad acad\u00e9mica de la ingenier\u00eda, representada en directivos, profesores, personal administrativo, estudiantes de pregrado y posgrado, representantes de los sectores productivo y gubernamental y la sociedad en su conjunto, presenten sus iniciativas, experiencias y aportes para la transformaci\u00f3n de los territorios.<\/li>\n\n\n\n<li>Conocer c\u00f3mo los aportes desde la ense\u00f1anza de la ingenier\u00eda y el curr\u00edculo son estrat\u00e9gicos para el avance de la sociedad.<\/li>\n\n\n\n<li>Reconocer la importancia del agua, la energ\u00eda en todas sus fuentes, los aportes de la tecnolog\u00eda para la salud, las nuevas tecnolog\u00edas y el adecuado uso de los recursos naturales renovables y no renovables son de alto impacto para mejorar nuestra calidad de vida.<\/li>\n\n\n\n<li>Fortalecer el quehacer acad\u00e9mico de las facultades, escuelas y programas de ingenier\u00eda en las relaciones con los estados, gobiernos, las organizaciones y la sociedad en general.<\/li>\n<\/ul>\n\n\n\n<h2 class=\"wp-block-heading\">Nuestras actividades<\/h2>\n\n\n\n<ul class=\"wp-block-list\">\n<li>Conferencias, paneles y di\u00e1logos con expertos<\/li>\n\n\n\n<li>Foro Colombiano de Estudiantes de Ingenier\u00eda (FCEI)<\/li>\n\n\n\n<li>Encuentro Nacional de estudiantes de Doctorado en Ingenier\u00eda (ENEDI)<\/li>\n\n\n\n<li>Avances en investigaci\u00f3n<\/li>\n\n\n\n<li>Talleres (<em>workshops<\/em>) sobre temas de inter\u00e9s<\/li>\n\n\n\n<li>Ponencias simult\u00e1neas tem\u00e1ticas<\/li>\n\n\n\n<li>Trabajos exhibidos en p\u00f3steres<\/li>\n\n\n\n<li>Muestra comercial<\/li>\n\n\n\n<li>Actividades sociales, t\u00e9cnicas y culturales<\/li>\n<\/ul>\n\n\n\n<h2 class=\"wp-block-heading\">\u00bfPor qu\u00e9 participar?<\/h2>\n\n\n\n<p>Participar en el EIEI ACOFI 2023 significa tener la oportunidad de:<\/p>\n\n\n\n<ul class=\"wp-block-list\">\n<li>Compartir experiencias y establecer contactos con representantes de diferentes instituciones, organismos y entidades de sectores relacionados con la ense\u00f1anza y el ejercicio profesional de la ingenier\u00eda.<\/li>\n\n\n\n<li>Conocer avances, desarrollos e innovaciones en el \u00e1mbito de la ingenier\u00eda y la formaci\u00f3n de ingenieros.<\/li>\n\n\n\n<li>Participar en actividades acad\u00e9micas con expertos para conocer y acercarse a sus pr\u00e1cticas, lecciones y perspectivas.<\/li>\n\n\n\n<li>Hacer parte de actividades t\u00e9cnicas, sociales y culturales en una de las ciudades m\u00e1s grandes, modernas y pujantes de Colombia.<\/li>\n\n\n\n<li>Es un escenario formal para la divulgaci\u00f3n y comunicaci\u00f3n de trabajos resultados de investigaciones, experiencias de aula, avances de trabajos de doctorados, entre otros.<\/li>\n\n\n\n<li>Ser parte de uno de los eventos m\u00e1s importantes de las facultades, escuelas y programas de ingenier\u00eda, con amplio reconocimiento global y m\u00e1s de 40 a\u00f1os de trayectoria.<\/li>\n<\/ul>\n\n\n\n<h2 class=\"wp-block-heading\">\u00bfQui\u00e9nes asistir\u00e1n?<\/h2>\n\n\n\n<ul class=\"wp-block-list\">\n<li>Directivos de instituciones de educaci\u00f3n superior.<\/li>\n\n\n\n<li>Decanos, directivos y personal administrativo de facultades, escuelas y programas de ingenier\u00eda.<\/li>\n\n\n\n<li>Profesores, profesionales e investigadores del \u00e1rea de la ingenier\u00eda.<\/li>\n\n\n\n<li>Representantes de los sectores empresarial y gubernamental.<\/li>\n\n\n\n<li>Asesores, consultores e investigadores, conocedores y expertos en la ense\u00f1anza de la ingenier\u00eda.<\/li>\n\n\n\n<li>Directivos y representantes de gremios profesionales y acad\u00e9micos.<\/li>\n\n\n\n<li>Grupos de investigaci\u00f3n o extensi\u00f3n relacionados con la ingenier\u00eda.<\/li>\n\n\n\n<li>Consejos y colegios profesionales de ingenier\u00eda.<\/li>\n\n\n\n<li>Representantes de entidades internacionales vinculadas a la educaci\u00f3n.<\/li>\n\n\n\n<li>Estudiantes de pregrado y postgrado de las facultades de ingenier\u00eda.<\/li>\n<\/ul>\n\n\n\n<h2 class=\"wp-block-heading\">Sede del evento<\/h2>\n\n\n\n<figure class=\"wp-block-image size-full is-resized\"><img loading=\"lazy\" decoding=\"async\" width=\"381\" height=\"163\" src=\"https:\/\/acofi.edu.co\/eiei2023\/wp-content\/uploads\/2022\/11\/Logo-ccc.png\" alt=\"\" class=\"wp-image-99\" style=\"width:286px;height:122px\" srcset=\"https:\/\/acofi.edu.co\/eiei2023\/wp-content\/uploads\/2022\/11\/Logo-ccc.png 381w, https:\/\/acofi.edu.co\/eiei2023\/wp-content\/uploads\/2022\/11\/Logo-ccc-300x128.png 300w\" sizes=\"auto, (max-width: 381px) 100vw, 381px\" \/><\/figure>\n\n\n\n<p>El Centro de Convenciones Cartagena de Indias (CCCI) es el espacio m\u00e1s importante para los eventos en Colombia y uno de los m\u00e1s reconocidos en el \u00e1mbito global. Cuenta con m\u00e1s de 20.000 m<sup>2<\/sup> de espacios vers\u00e1tiles con los m\u00e1s altos est\u00e1ndares internacionales de calidad, lo que le permite atender eventos de m\u00e1s de 2.000 delegados en simultaneidad, con lo cual garantiza que sea el \u00e1rea ideal para el EIEI ACOFI 2023.<br><br>El Centro de Convenciones ofrece al EIEI ACOFI 2023 una atenci\u00f3n en servicios y alimentaci\u00f3n de la m\u00e1s alta calidad, acompa\u00f1ada de una oferta tecnol\u00f3gica que abarca una gran variedad de servicios, soluciones pr\u00e1cticas, innovadoras y eficientes para el buen desarrollo del evento.<br><br>El CCCI ha desarrollado protocolos de seguridad sanitaria que abarcan \u00e1reas como acceso al recinto, control de proveedores, montajes, alimentos y bebidas, equipos audiovisuales, estacionamientos, entre otros, con el objetivo de garantizarle a sus asistentes control en todas las \u00e1reas de interacci\u00f3n.<br><br>Con informaci\u00f3n de <a href=\"https:\/\/cccartagena.com\/eventos\/\"><strong>https:\/\/cccartagena.com\/eventos\/<\/strong><\/a><\/p>\n\n\n\n<iframe src=\"https:\/\/www.google.com\/maps\/embed?pb=!1m18!1m12!1m3!1d3924.0046379519986!2d-75.55102248541425!3d10.42120569256314!2m3!1f0!2f0!3f0!3m2!1i1024!2i768!4f13.1!3m3!1m2!1s0x8ef62f7513b1da9f%3A0x24d9de4304104b6f!2sCentro%20de%20Convenciones%20Cartagena%20de%20Indias!5e0!3m2!1ses!2sco!4v1667491491813!5m2!1ses!2sco\" width=\"400\" height=\"300\" style=\"border:0;\" allowfullscreen=\"\" loading=\"lazy\" referrerpolicy=\"no-referrer-when-downgrade\"><\/iframe>\n\n\n\n<h2 class=\"wp-block-heading\">Nuestro imagotipo<\/h2>\n\n\n\n<figure class=\"wp-block-image size-full is-resized\"><img loading=\"lazy\" decoding=\"async\" width=\"408\" height=\"374\" src=\"https:\/\/acofi.edu.co\/eiei2023\/wp-content\/uploads\/2022\/11\/Logo-EIEI.jpg\" alt=\"\" class=\"wp-image-103\" style=\"width:306px;height:281px\" srcset=\"https:\/\/acofi.edu.co\/eiei2023\/wp-content\/uploads\/2022\/11\/Logo-EIEI.jpg 408w, https:\/\/acofi.edu.co\/eiei2023\/wp-content\/uploads\/2022\/11\/Logo-EIEI-300x275.jpg 300w\" sizes=\"auto, (max-width: 408px) 100vw, 408px\" \/><\/figure>\n\n\n\n<p>Un logo para representar simb\u00f3licamente las diferentes ramas de la ingenier\u00eda.<\/p>\n\n\n\n<ul class=\"wp-block-list\">\n<li>Inspirado en la representaci\u00f3n de los vectores, presentes en toda ingenier\u00eda.<\/li>\n\n\n\n<li>Integra diferentes elementos matem\u00e1ticos.<\/li>\n\n\n\n<li>Contiene una abstracci\u00f3n de lo que puede ser una intersecci\u00f3n de planos, d\u00e1ndole un aspecto 3D.<\/li>\n\n\n\n<li>Simplifica el proceso de memorizaci\u00f3n de la sigla como marca.<\/li>\n\n\n\n<li>Recuerda los colores de ACOFI.<\/li>\n<\/ul>\n","protected":false},"excerpt":{"rendered":"<p>La Asociaci\u00f3n Colombiana de Facultades de Ingenier\u00eda (ACOFI) realizar\u00e1 del 19 al 22 de septiembre de 2023 una nueva versi\u00f3n del Encuentro Internacional de Educaci\u00f3n en Ingenier\u00eda ACOFI (EIEI ACOFI), con el tema central \u201cIngenier\u00eda para transformar territorios\u201d. En este sentido, el EIEI ACOFI 2023 tendr\u00e1 diferentes espacios acad\u00e9micos, como paneles, di\u00e1logos con expertos, talleres, [&hellip;]<\/p>\n","protected":false},"author":1,"featured_media":0,"parent":31,"menu_order":0,"comment_status":"closed","ping_status":"closed","template":"","meta":{"_acf_changed":false,"footnotes":""},"class_list":["post-51","page","type-page","status-publish","hentry"],"acf":[],"_links":{"self":[{"href":"https:\/\/acofi.edu.co\/eiei2023\/wp-json\/wp\/v2\/pages\/51","targetHints":{"allow":["GET"]}}],"collection":[{"href":"https:\/\/acofi.edu.co\/eiei2023\/wp-json\/wp\/v2\/pages"}],"about":[{"href":"https:\/\/acofi.edu.co\/eiei2023\/wp-json\/wp\/v2\/types\/page"}],"author":[{"embeddable":true,"href":"https:\/\/acofi.edu.co\/eiei2023\/wp-json\/wp\/v2\/users\/1"}],"replies":[{"embeddable":true,"href":"https:\/\/acofi.edu.co\/eiei2023\/wp-json\/wp\/v2\/comments?post=51"}],"version-history":[{"count":17,"href":"https:\/\/acofi.edu.co\/eiei2023\/wp-json\/wp\/v2\/pages\/51\/revisions"}],"predecessor-version":[{"id":1352,"href":"https:\/\/acofi.edu.co\/eiei2023\/wp-json\/wp\/v2\/pages\/51\/revisions\/1352"}],"up":[{"embeddable":true,"href":"https:\/\/acofi.edu.co\/eiei2023\/wp-json\/wp\/v2\/pages\/31"}],"wp:attachment":[{"href":"https:\/\/acofi.edu.co\/eiei2023\/wp-json\/wp\/v2\/media?parent=51"}],"curies":[{"name":"wp","href":"https:\/\/api.w.org\/{rel}","templated":true}]}}