{"id":47,"date":"2022-10-30T17:26:10","date_gmt":"2022-10-30T17:26:10","guid":{"rendered":"http:\/\/acofi.edu.co\/eiei2023\/?page_id=47"},"modified":"2023-09-29T12:28:44","modified_gmt":"2023-09-29T12:28:44","slug":"premios-acofi","status":"publish","type":"page","link":"https:\/\/acofi.edu.co\/eiei2023\/informacion-general\/premios-acofi\/","title":{"rendered":"Premios ACOFI"},"content":{"rendered":"\n<p>Los premios ACOFI se promueven desde el a\u00f1o 1998. Buscan estimular el trabajo acad\u00e9mico de los profesores y estudiantes pertenecientes a las facultades de ingenier\u00eda del pa\u00eds y&nbsp;se entregan a los mejores trabajos presentados en el Encuentro en las distintas categor\u00edas.&nbsp;El reconocimiento se realizar\u00e1 durante el primer trimestre del 2024.<\/p>\n\n\n\n<h2 class=\"wp-block-heading\">Trabajos sobre ense\u00f1anza de la ingenier\u00eda<\/h2>\n\n\n\n<p><strong>Proyecto productivo articulador como estrategia de ense\u00f1anza-aprendizaje para estudiantes del grado quinto de primaria en la Instituci\u00f3n Educativa Biling\u00fce DXI PHADEN sede El Guabito Resguardo Ind\u00edgena L\u00f3pez Adentro municipio de Caloto Cauca.<\/strong><br><em>Fabio Trochez Herrera, Yesica Mariot Cu\u00e9llar, Gloria Milena Osorno Osorio, Daniel Velasco.<\/em><br>Unidad Central del Valle del Cauca, Corporaci\u00f3n Universitaria Comfacauca.<br><br><a href=\"https:\/\/acofipapers.org\/index.php\/eiei\/article\/view\/3188\"><strong>Consultar trabajo<\/strong><\/a><\/p>\n\n\n\n<p><strong>Lecciones aprendidas en el proceso de formulaci\u00f3n de los resultados de aprendizaje de un programa de Maestr\u00eda en Gerencia de Proyectos en una Facultad de Ingenier\u00edas, Dise\u00f1o e Innovaci\u00f3n.<\/strong><br><em>Carmelina Cadenas Anaya.<\/em><br>Polit\u00e9cnico Grancolombiano.<br><br><a href=\"https:\/\/acofipapers.org\/index.php\/eiei\/article\/view\/3080\"><strong>Consultar trabajo<\/strong><\/a><\/p>\n\n\n\n<p><strong>Contenido digital educativo para la ense\u00f1anza de los casos de factorizaci\u00f3n en la Instituci\u00f3n Educativa Rep\u00fablica de Suiza de la ciudad de Popay\u00e1n Cauca.<\/strong><br><em>Alberto Bravo, Dayner Felipe Ord\u00f3\u00f1ez L\u00f3pez.<\/em><br>Instituci\u00f3n Universitaria Colegio Mayor del Cauca.<br><br><a href=\"https:\/\/acofipapers.org\/index.php\/eiei\/article\/view\/3077\"><strong>Consultar trabajo<\/strong><\/a><\/p>\n\n\n\n<h2 class=\"wp-block-heading\">Avances en investigaci\u00f3n<\/h2>\n\n\n\n<p><strong>Gesti\u00f3n de la informaci\u00f3n generada por el sistema BMS (Building management system) implementado en el edificio corporativo de la Administraci\u00f3n del Sistema Portuario Nacional L\u00e1zaro C\u00e1rdenas S.A. de C.V.<\/strong><br><em>Angie Katherine Torres Daza, H\u00e9ctor Javier Vega Lozano, Andr\u00e9s Felipe Guerrero Guerrero.<\/em><br>Universidad de Cundinamarca.<br><br><strong><a href=\"https:\/\/acofipapers.org\/index.php\/eiei\/article\/view\/3162\">Consultar trabajo<\/a><br><a href=\"https:\/\/acofi.edu.co\/eiei2023\/wp-content\/uploads\/2023\/09\/INV-3162.jpg\">Consultar p\u00f3ster<\/a><\/strong><\/p>\n\n\n\n<h2 class=\"wp-block-heading\">Encuentro nacional de estudiantes de doctorado en ingenier\u00eda<\/h2>\n\n\n\n<p><strong>Implementaci\u00f3n de hardware eficiente para la reconstrucci\u00f3n de fuerzas de contacto en sensado t\u00e1ctil inteligente.<\/strong><br><em>Mar\u00eda Luisa Pinto Salamanca, Wilson Javier P\u00e9rez Holgu\u00edn, Jos\u00e9 Antonio Hidalgo L\u00f3pez.<\/em><br>Universidad Pedag\u00f3gica y Tecnol\u00f3gica de Colombia, Universidad de M\u00e1laga.<br><br><strong><a href=\"https:\/\/acofipapers.org\/index.php\/eiei\/article\/view\/3221\">Consultar trabajo<\/a><br><a href=\"https:\/\/acofi.edu.co\/eiei2023\/wp-content\/uploads\/2023\/09\/DOC-3221.jpg\">Consultar p\u00f3ster<\/a><\/strong><\/p>\n\n\n\n<h2 class=\"wp-block-heading\">Ciencias b\u00e1sicas en ingenier\u00eda<\/h2>\n\n\n\n<p><strong>Implementaci\u00f3n del enfoque STEM para la ense\u00f1anza de las ciencias b\u00e1sicas en estudiantes de ingenier\u00eda.<\/strong><br><em>M\u00f3nica Mar\u00eda G\u00f3mez Hermida, Fern\u00e1n Camilo Osorio Guzm\u00e1n.<\/em><br>Universidad Cat\u00f3lica de Pereira.<br><br><strong><a href=\"https:\/\/acofipapers.org\/index.php\/eiei\/article\/view\/3268\">Consultar trabajo<\/a><br><a href=\"https:\/\/acofi.edu.co\/eiei2023\/wp-content\/uploads\/2023\/09\/BAS-3268.jpg\">Consultar p\u00f3ster<\/a><\/strong><\/p>\n\n\n\n<h2 class=\"wp-block-heading\">Trabajos de los estudiantes<\/h2>\n\n\n\n<p><strong>Hacia la formaci\u00f3n de ingenieros para la industria 5.0: desaf\u00edos y oportunidades.<\/strong><br><em>Andr\u00e9s Felipe Vel\u00e1squez Hern\u00e1ndez, Heidi Mar\u00eda Echeverri Fl\u00f3rez.<\/em><br>Universidad de C\u00f3rdoba.<br><br><strong><a href=\"https:\/\/acofipapers.org\/index.php\/eiei\/article\/view\/2785\">Consultar trabajo<\/a><br><a href=\"https:\/\/acofi.edu.co\/eiei2023\/wp-content\/uploads\/2023\/09\/EST-2785.jpg\">Consultar p\u00f3ster<\/a><\/strong><\/p>\n\n\n\n<h2 class=\"wp-block-heading\">Concurso 3MT\u00ae<\/h2>\n\n\n\n<p><strong>Biorrefiner\u00eda a partir de los residuos agroindustriales del pl\u00e1tano: Un acercamiento a la econom\u00eda circular en el departamento de Santander.<\/strong><br><em>Nelfa Patricia D\u00edaz Prada.<\/em><br>Universidad Nacional Abierta y a Distancia.<br><br><strong><a href=\"https:\/\/acofipapers.org\/index.php\/eiei\/article\/view\/2920\">Consultar trabajo<\/a><br><a href=\"https:\/\/acofi.edu.co\/eiei2023\/wp-content\/uploads\/2023\/09\/EST-2920.jpg\">Consultar p\u00f3ster<\/a><\/strong><\/p>\n","protected":false},"excerpt":{"rendered":"<p>Los premios ACOFI se promueven desde el a\u00f1o 1998. Buscan estimular el trabajo acad\u00e9mico de los profesores y estudiantes pertenecientes a las facultades de ingenier\u00eda del pa\u00eds y&nbsp;se entregan a los mejores trabajos presentados en el Encuentro en las distintas categor\u00edas.&nbsp;El reconocimiento se realizar\u00e1 durante el primer trimestre del 2024. Trabajos sobre ense\u00f1anza de la [&hellip;]<\/p>\n","protected":false},"author":1,"featured_media":0,"parent":31,"menu_order":0,"comment_status":"closed","ping_status":"closed","template":"","meta":{"_acf_changed":false,"footnotes":""},"class_list":["post-47","page","type-page","status-publish","hentry"],"acf":[],"_links":{"self":[{"href":"https:\/\/acofi.edu.co\/eiei2023\/wp-json\/wp\/v2\/pages\/47","targetHints":{"allow":["GET"]}}],"collection":[{"href":"https:\/\/acofi.edu.co\/eiei2023\/wp-json\/wp\/v2\/pages"}],"about":[{"href":"https:\/\/acofi.edu.co\/eiei2023\/wp-json\/wp\/v2\/types\/page"}],"author":[{"embeddable":true,"href":"https:\/\/acofi.edu.co\/eiei2023\/wp-json\/wp\/v2\/users\/1"}],"replies":[{"embeddable":true,"href":"https:\/\/acofi.edu.co\/eiei2023\/wp-json\/wp\/v2\/comments?post=47"}],"version-history":[{"count":9,"href":"https:\/\/acofi.edu.co\/eiei2023\/wp-json\/wp\/v2\/pages\/47\/revisions"}],"predecessor-version":[{"id":1297,"href":"https:\/\/acofi.edu.co\/eiei2023\/wp-json\/wp\/v2\/pages\/47\/revisions\/1297"}],"up":[{"embeddable":true,"href":"https:\/\/acofi.edu.co\/eiei2023\/wp-json\/wp\/v2\/pages\/31"}],"wp:attachment":[{"href":"https:\/\/acofi.edu.co\/eiei2023\/wp-json\/wp\/v2\/media?parent=47"}],"curies":[{"name":"wp","href":"https:\/\/api.w.org\/{rel}","templated":true}]}}