{"id":45,"date":"2022-10-30T17:25:21","date_gmt":"2022-10-30T17:25:21","guid":{"rendered":"http:\/\/acofi.edu.co\/eiei2023\/?page_id=45"},"modified":"2024-11-29T14:21:05","modified_gmt":"2024-11-29T14:21:05","slug":"pre-inscripcion","status":"publish","type":"page","link":"https:\/\/acofi.edu.co\/eiei2023\/informacion-general\/pre-inscripcion\/","title":{"rendered":"Preinscripci\u00f3n"},"content":{"rendered":"\n<figure class=\"wp-block-image size-large\"><img loading=\"lazy\" decoding=\"async\" width=\"1024\" height=\"370\" src=\"https:\/\/acofi.edu.co\/eiei2023\/wp-content\/uploads\/2023\/03\/tarifas-def-eiei-2023-1024x370.jpg\" alt=\"\" class=\"wp-image-390\" srcset=\"https:\/\/acofi.edu.co\/eiei2023\/wp-content\/uploads\/2023\/03\/tarifas-def-eiei-2023-1024x370.jpg 1024w, https:\/\/acofi.edu.co\/eiei2023\/wp-content\/uploads\/2023\/03\/tarifas-def-eiei-2023-300x108.jpg 300w, https:\/\/acofi.edu.co\/eiei2023\/wp-content\/uploads\/2023\/03\/tarifas-def-eiei-2023-768x278.jpg 768w, https:\/\/acofi.edu.co\/eiei2023\/wp-content\/uploads\/2023\/03\/tarifas-def-eiei-2023-1536x555.jpg 1536w, https:\/\/acofi.edu.co\/eiei2023\/wp-content\/uploads\/2023\/03\/tarifas-def-eiei-2023.jpg 1544w\" sizes=\"auto, (max-width: 1024px) 100vw, 1024px\" \/><\/figure>\n\n\n\n<p>*Ponentes extranjeros: tarifa para extranjeros que residan fuera de Colombia.<br>**Estudiantes de doctorado: esta tarifa solo aplica para estudiantes de doctorado que presenten trabajo para ENEDI 2023.<br>***Tarifa pronto pago:&nbsp;Aplica para inscripciones y pagos efectivos realizados hasta el 28 de julio de 2023.<br><br><strong>Importante:&nbsp;Los pagos recibidos por concepto de inscripci\u00f3n al Encuentro Internacional de Educaci\u00f3n en Ingenier\u00eda ACOFI 2023, no son reembolsables.<\/strong><br><br><strong>La inscripci\u00f3n al Encuentro se har\u00e1 oficial, una vez se haya cancelado el valor de la inscripci\u00f3n de cada participante.<\/strong><\/p>\n\n\n\n<h2 class=\"wp-block-heading\"><strong>Medios de pago<\/strong><\/h2>\n\n\n\n<p>Contamos con las siguientes opciones para que realice su pago de manera \u00e1gil:<\/p>\n\n\n\n<h3 class=\"wp-block-heading\">Pago en l\u00ednea<\/h3>\n\n\n\n<figure class=\"wp-block-image size-full\"><a href=\"https:\/\/micrositios.goupagos.com.co\/acofi-ma \" target=\"_blank\" rel=\"noreferrer noopener\"><img loading=\"lazy\" decoding=\"async\" width=\"602\" height=\"65\" src=\"https:\/\/acofi.edu.co\/eiei2023\/wp-content\/uploads\/2023\/04\/PAGO-BIS-copia.png\" alt=\"\" class=\"wp-image-426\" srcset=\"https:\/\/acofi.edu.co\/eiei2023\/wp-content\/uploads\/2023\/04\/PAGO-BIS-copia.png 602w, https:\/\/acofi.edu.co\/eiei2023\/wp-content\/uploads\/2023\/04\/PAGO-BIS-copia-300x32.png 300w\" sizes=\"auto, (max-width: 602px) 100vw, 602px\" \/><\/a><\/figure>\n\n\n\n<h3 class=\"wp-block-heading\">Datos para transferencia bancaria en Colombia<\/h3>\n\n\n\n<p>Nombre beneficiario: Asociaci\u00f3n Colombiana de Facultades de Ingenier\u00eda ACOFI<br>Tel\u00e9fono del beneficiario: 57 601 4273065 ext. 103<br>Entidad bancaria: Bancolombia, sucursal Salitre, Calle 25 # 68B \u2013 02, Bogot\u00e1. Tel.: 57 601 4273070<br>N\u00famero de cuenta: 17126041844. Tipo de cuenta: Corriente<br>Ciudad y pa\u00eds: Bogot\u00e1, Colombia&nbsp;<\/p>\n\n\n\n<h3 class=\"wp-block-heading\">Datos para transferencia bancaria en el exterior<\/h3>\n\n\n\n<h4 class=\"wp-block-heading has-text-color\" style=\"color:#fbb040\"><strong>D\u00f3lares y euros<\/strong><\/h4>\n\n\n\n<p>Banco pagador: BANCOLOMBIA<br>SWIFT BANCOLOMBIA: COLOCOBM<br>Acreditar a la cuenta: #17126041844&nbsp;de&nbsp;BANCOLOMBIA<\/p>\n\n\n\n<h2 class=\"wp-block-heading\">Contacto<\/h2>\n\n\n\n<p>Si usted requiere un tr\u00e1mite diferente para el pago de su inscripci\u00f3n, por favor escr\u00edbanos haciendo la solicitud respectiva a&nbsp;<a rel=\"noreferrer noopener\" href=\"mailto:administrativa@acofi.edu.co\" target=\"_blank\">administrativa@acofi.edu.co<\/a>.&nbsp;Estaremos atentos para colaborarle.<\/p>\n","protected":false},"excerpt":{"rendered":"<p>*Ponentes extranjeros: tarifa para extranjeros que residan fuera de Colombia.**Estudiantes de doctorado: esta tarifa solo aplica para estudiantes de doctorado que presenten trabajo para ENEDI 2023.***Tarifa pronto pago:&nbsp;Aplica para inscripciones y pagos efectivos realizados hasta el 28 de julio de 2023. Importante:&nbsp;Los pagos recibidos por concepto de inscripci\u00f3n al Encuentro Internacional de Educaci\u00f3n en Ingenier\u00eda [&hellip;]<\/p>\n","protected":false},"author":1,"featured_media":0,"parent":31,"menu_order":0,"comment_status":"closed","ping_status":"closed","template":"","meta":{"_acf_changed":false,"footnotes":""},"class_list":["post-45","page","type-page","status-publish","hentry"],"acf":[],"_links":{"self":[{"href":"https:\/\/acofi.edu.co\/eiei2023\/wp-json\/wp\/v2\/pages\/45","targetHints":{"allow":["GET"]}}],"collection":[{"href":"https:\/\/acofi.edu.co\/eiei2023\/wp-json\/wp\/v2\/pages"}],"about":[{"href":"https:\/\/acofi.edu.co\/eiei2023\/wp-json\/wp\/v2\/types\/page"}],"author":[{"embeddable":true,"href":"https:\/\/acofi.edu.co\/eiei2023\/wp-json\/wp\/v2\/users\/1"}],"replies":[{"embeddable":true,"href":"https:\/\/acofi.edu.co\/eiei2023\/wp-json\/wp\/v2\/comments?post=45"}],"version-history":[{"count":58,"href":"https:\/\/acofi.edu.co\/eiei2023\/wp-json\/wp\/v2\/pages\/45\/revisions"}],"predecessor-version":[{"id":1362,"href":"https:\/\/acofi.edu.co\/eiei2023\/wp-json\/wp\/v2\/pages\/45\/revisions\/1362"}],"up":[{"embeddable":true,"href":"https:\/\/acofi.edu.co\/eiei2023\/wp-json\/wp\/v2\/pages\/31"}],"wp:attachment":[{"href":"https:\/\/acofi.edu.co\/eiei2023\/wp-json\/wp\/v2\/media?parent=45"}],"curies":[{"name":"wp","href":"https:\/\/api.w.org\/{rel}","templated":true}]}}