{"id":41,"date":"2022-10-30T17:24:42","date_gmt":"2022-10-30T17:24:42","guid":{"rendered":"http:\/\/acofi.edu.co\/eiei2023\/?page_id=41"},"modified":"2023-05-17T13:15:49","modified_gmt":"2023-05-17T13:15:49","slug":"hoteles","status":"publish","type":"page","link":"https:\/\/acofi.edu.co\/eiei2023\/informacion-general\/hoteles\/","title":{"rendered":"Hoteles"},"content":{"rendered":"\n<h2 class=\"wp-block-heading\">Hotel Corales de Indias<\/h2>\n\n\n\n<figure class=\"wp-block-gallery has-nested-images columns-default is-cropped wp-block-gallery-1 is-layout-flex wp-block-gallery-is-layout-flex\">\n<figure class=\"wp-block-image size-large\"><img loading=\"lazy\" decoding=\"async\" width=\"1000\" height=\"562\" data-id=\"218\" src=\"https:\/\/acofi.edu.co\/eiei2023\/wp-content\/uploads\/2022\/11\/Corales-de-Indias-Habitaciones-07.jpg\" alt=\"\" class=\"wp-image-218\" srcset=\"https:\/\/acofi.edu.co\/eiei2023\/wp-content\/uploads\/2022\/11\/Corales-de-Indias-Habitaciones-07.jpg 1000w, https:\/\/acofi.edu.co\/eiei2023\/wp-content\/uploads\/2022\/11\/Corales-de-Indias-Habitaciones-07-300x169.jpg 300w, https:\/\/acofi.edu.co\/eiei2023\/wp-content\/uploads\/2022\/11\/Corales-de-Indias-Habitaciones-07-768x432.jpg 768w\" sizes=\"auto, (max-width: 1000px) 100vw, 1000px\" \/><\/figure>\n\n\n\n<figure class=\"wp-block-image size-large\"><img loading=\"lazy\" decoding=\"async\" width=\"1000\" height=\"562\" data-id=\"219\" src=\"https:\/\/acofi.edu.co\/eiei2023\/wp-content\/uploads\/2022\/11\/CoralesDeIndias_Fachada_001.jpg\" alt=\"\" class=\"wp-image-219\" srcset=\"https:\/\/acofi.edu.co\/eiei2023\/wp-content\/uploads\/2022\/11\/CoralesDeIndias_Fachada_001.jpg 1000w, https:\/\/acofi.edu.co\/eiei2023\/wp-content\/uploads\/2022\/11\/CoralesDeIndias_Fachada_001-300x169.jpg 300w, https:\/\/acofi.edu.co\/eiei2023\/wp-content\/uploads\/2022\/11\/CoralesDeIndias_Fachada_001-768x432.jpg 768w\" sizes=\"auto, (max-width: 1000px) 100vw, 1000px\" \/><\/figure>\n\n\n\n<figure class=\"wp-block-image size-large\"><img loading=\"lazy\" decoding=\"async\" width=\"1024\" height=\"683\" data-id=\"234\" src=\"https:\/\/acofi.edu.co\/eiei2023\/wp-content\/uploads\/2022\/11\/Corales-de-Indias-Restaurante-03-1024x683.jpg\" alt=\"\" class=\"wp-image-234\" srcset=\"https:\/\/acofi.edu.co\/eiei2023\/wp-content\/uploads\/2022\/11\/Corales-de-Indias-Restaurante-03-1024x683.jpg 1024w, https:\/\/acofi.edu.co\/eiei2023\/wp-content\/uploads\/2022\/11\/Corales-de-Indias-Restaurante-03-300x200.jpg 300w, https:\/\/acofi.edu.co\/eiei2023\/wp-content\/uploads\/2022\/11\/Corales-de-Indias-Restaurante-03-768x512.jpg 768w, https:\/\/acofi.edu.co\/eiei2023\/wp-content\/uploads\/2022\/11\/Corales-de-Indias-Restaurante-03.jpg 1200w\" sizes=\"auto, (max-width: 1024px) 100vw, 1024px\" \/><\/figure>\n<\/figure>\n\n\n\n<p>250 modernas y funcionales habitaciones con varias posibilidades de acomodaci\u00f3n<\/p>\n\n\n\n<ul class=\"wp-block-list\">\n<li>Balc\u00f3n y vista al mar<\/li>\n\n\n\n<li>Cajilla de seguridad<\/li>\n\n\n\n<li>Televisi\u00f3n por cable nacional e internacional<\/li>\n\n\n\n<li>Ba\u00f1o con ducha<\/li>\n\n\n\n<li>Secador de cabello<\/li>\n\n\n\n<li>Room Service 24 horas<\/li>\n\n\n\n<li>Guest Services 24 horas<\/li>\n<\/ul>\n\n\n\n<p>Direcci\u00f3n:&nbsp;&nbsp;<strong>Carrera 1 No 62-198, Barrio Crespo.<\/strong><br>Lugares cerca: Aeropuerto a 5 minutos, ciudad Amurallada y Boca Grande a 12 minutos.<\/p>\n\n\n\n<iframe src=\"https:\/\/www.google.com\/maps\/embed?pb=!1m18!1m12!1m3!1d3923.7270739082664!2d-75.52772808541408!3d10.443218792548146!2m3!1f0!2f0!3f0!3m2!1i1024!2i768!4f13.1!3m3!1m2!1s0x8ef6255fd6fd4067%3A0x72ca6dc9becdaa04!2sGHL%20Relax%20Hotel%20Corales%20de%20Indias!5e0!3m2!1ses!2sco!4v1667575160551!5m2!1ses!2sco\" width=\"400\" height=\"300\" style=\"border:0;\" allowfullscreen=\"\" loading=\"lazy\" referrerpolicy=\"no-referrer-when-downgrade\"><\/iframe>\n\n\n\n<h3 class=\"wp-block-heading\">Tarifa<\/h3>\n\n\n\n<figure class=\"wp-block-image size-large\"><img loading=\"lazy\" decoding=\"async\" width=\"1024\" height=\"132\" src=\"https:\/\/acofi.edu.co\/eiei2023\/wp-content\/uploads\/2022\/11\/Corales-def-1024x132.jpg\" alt=\"\" class=\"wp-image-305\" srcset=\"https:\/\/acofi.edu.co\/eiei2023\/wp-content\/uploads\/2022\/11\/Corales-def-1024x132.jpg 1024w, https:\/\/acofi.edu.co\/eiei2023\/wp-content\/uploads\/2022\/11\/Corales-def-300x39.jpg 300w, https:\/\/acofi.edu.co\/eiei2023\/wp-content\/uploads\/2022\/11\/Corales-def-768x99.jpg 768w, https:\/\/acofi.edu.co\/eiei2023\/wp-content\/uploads\/2022\/11\/Corales-def.jpg 1337w\" sizes=\"auto, (max-width: 1024px) 100vw, 1024px\" \/><\/figure>\n\n\n\n<p>Tarifa de alojamiento incluye: Alojamiento seg\u00fan acomodaci\u00f3n y tipo de habitaci\u00f3n, desayuno, piscina, internet inal\u00e1mbrico en las habitaciones y en \u00e1reas p\u00fablicas del hotel, parqueadero.<\/p>\n\n\n\n<h3 class=\"wp-block-heading\">Reservas<\/h3>\n\n\n\n<figure class=\"wp-block-image size-full\"><a href=\"https:\/\/www.ghlhoteles.com\/ofertas\/acofi-2023\/?cp=acofi\"><img loading=\"lazy\" decoding=\"async\" width=\"300\" height=\"65\" src=\"http:\/\/acofi.edu.co\/eiei2023\/wp-content\/uploads\/2022\/11\/RESERVASdef.png\" alt=\"\" class=\"wp-image-207\"\/><\/a><\/figure>\n\n\n\n<p>Pueden solicitar las reservas a trav\u00e9s del correo&nbsp;<a href=\"mailto:aleyda.herrera@ghlhoteles.com\"><strong>aleyda.herrera@ghlhoteles.com<\/strong><\/a><br>Contacto: Aleyda Herrera Rojas, tel\u00e9fono m\u00f3vil +573162335754.<\/p>\n\n\n\n<h2 class=\"wp-block-heading\">Hotel Caribe<\/h2>\n\n\n\n<figure class=\"wp-block-gallery has-nested-images columns-default is-cropped wp-block-gallery-2 is-layout-flex wp-block-gallery-is-layout-flex\">\n<figure class=\"wp-block-image size-large\"><img loading=\"lazy\" decoding=\"async\" width=\"1000\" height=\"667\" data-id=\"194\" src=\"https:\/\/acofi.edu.co\/eiei2023\/wp-content\/uploads\/2022\/11\/PHOTO-2021-07-23-17-26-07.jpg\" alt=\"\" class=\"wp-image-194\" srcset=\"https:\/\/acofi.edu.co\/eiei2023\/wp-content\/uploads\/2022\/11\/PHOTO-2021-07-23-17-26-07.jpg 1000w, https:\/\/acofi.edu.co\/eiei2023\/wp-content\/uploads\/2022\/11\/PHOTO-2021-07-23-17-26-07-300x200.jpg 300w, https:\/\/acofi.edu.co\/eiei2023\/wp-content\/uploads\/2022\/11\/PHOTO-2021-07-23-17-26-07-768x512.jpg 768w\" sizes=\"auto, (max-width: 1000px) 100vw, 1000px\" \/><\/figure>\n\n\n\n<figure class=\"wp-block-image size-large\"><img loading=\"lazy\" decoding=\"async\" width=\"1000\" height=\"666\" data-id=\"196\" src=\"https:\/\/acofi.edu.co\/eiei2023\/wp-content\/uploads\/2022\/11\/PHOTO-2021-07-23-17-26-06.jpg\" alt=\"\" class=\"wp-image-196\" srcset=\"https:\/\/acofi.edu.co\/eiei2023\/wp-content\/uploads\/2022\/11\/PHOTO-2021-07-23-17-26-06.jpg 1000w, https:\/\/acofi.edu.co\/eiei2023\/wp-content\/uploads\/2022\/11\/PHOTO-2021-07-23-17-26-06-300x200.jpg 300w, https:\/\/acofi.edu.co\/eiei2023\/wp-content\/uploads\/2022\/11\/PHOTO-2021-07-23-17-26-06-768x511.jpg 768w\" sizes=\"auto, (max-width: 1000px) 100vw, 1000px\" \/><\/figure>\n\n\n\n<figure class=\"wp-block-image size-large\"><img loading=\"lazy\" decoding=\"async\" width=\"1000\" height=\"667\" data-id=\"195\" src=\"https:\/\/acofi.edu.co\/eiei2023\/wp-content\/uploads\/2022\/11\/PHOTO-2021-07-23-17-26-06-1.jpg\" alt=\"\" class=\"wp-image-195\" srcset=\"https:\/\/acofi.edu.co\/eiei2023\/wp-content\/uploads\/2022\/11\/PHOTO-2021-07-23-17-26-06-1.jpg 1000w, https:\/\/acofi.edu.co\/eiei2023\/wp-content\/uploads\/2022\/11\/PHOTO-2021-07-23-17-26-06-1-300x200.jpg 300w, https:\/\/acofi.edu.co\/eiei2023\/wp-content\/uploads\/2022\/11\/PHOTO-2021-07-23-17-26-06-1-768x512.jpg 768w\" sizes=\"auto, (max-width: 1000px) 100vw, 1000px\" \/><\/figure>\n<\/figure>\n\n\n\n<h3 class=\"wp-block-heading\">Informaci\u00f3n de las habitaciones<\/h3>\n\n\n\n<p><strong>Torre Laguito:&nbsp;<\/strong>Las habitaciones Superiores del Hotel Caribe Cartagena de Indias son amplias, modernas y con excelentes vistas a los jardines o laguito. Habitaciones luminosas con ventanas grandes te invitan a descansar en un ambiente lleno de paz, a pocos pasos de la playa, cuentan con&nbsp;televisi\u00f3n, caja de seguridad, wifi sin costo adicional, room service 24 horas, minibar y ba\u00f1o privado con amenities.<br><strong>Torre Lagomar:<\/strong>&nbsp;Las&nbsp;habitaciones Premium Lagomar del Hotel Caribe by Faranda Grand&nbsp;te invitan a disfrutar de un descanso muy especial en un ambiente muy elegante y c\u00e1lido. Vive una escapada en pareja muy especial y rel\u00e1jate en estos dormitorios equipados con camas Queen o King Size, televisi\u00f3n, caja de seguridad, wifi sin costo adicional, room service 24 horas, minibar y ba\u00f1o privado con amenities.<br><strong>Torre Colonial:<\/strong>&nbsp;Las&nbsp;habitaciones Colonial Deluxe del Hotel Caribe by Faranda Grand&nbsp;son espacios repletos de encanto que le garantizan un descanso muy tranquilo en primera l\u00ednea de mar. Estos alojamientos con vista al mar Caribe se equipan con cama King Size, zona de trabajo, mini bar, wifi sin costo adicional, caja de seguridad, room service 24 horas, minibar y ba\u00f1o privado con amenities.<br><br>Direcci\u00f3n:<strong>&nbsp;Carrera 1 # 2-87<\/strong><br>Lugares cerca:<strong>&nbsp;<\/strong>Al frente de la Playa, sector Tur\u00edstico&nbsp;Bocagrande, Centro Comercial Bocagrande Plaza, Base Naval, Centro de Convenciones Julio Cesar Turbay (Centro hist\u00f3rico).<\/p>\n\n\n\n<iframe src=\"https:\/\/www.google.com\/maps\/embed?pb=!1m18!1m12!1m3!1d3924.2927514000066!2d-75.56326848541445!3d10.398307192578816!2m3!1f0!2f0!3f0!3m2!1i1024!2i768!4f13.1!3m3!1m2!1s0x8ef62f3d23c37441%3A0x472a86c71152e6fe!2sHotel%20Caribe%20By%20Faranda%20Grand%2C%20A%20Member%20of%20Radisson%20Individuals!5e0!3m2!1ses!2sco!4v1667575039719!5m2!1ses!2sco\" width=\"400\" height=\"300\" style=\"border:0;\" allowfullscreen=\"\" loading=\"lazy\" referrerpolicy=\"no-referrer-when-downgrade\"><\/iframe>\n\n\n\n<h3 class=\"wp-block-heading\">Tarifa<\/h3>\n\n\n\n<p>Las tarifas otorgadas incluyen: Desayuno e Internet Wifi.<br>Tarifas no incluyen, impuestos vigentes, ni valores del seguro hotelero (voluntario), y\/o Contribuci\u00f3n al turismo seg\u00fan corresponda en cada Hotel.<\/p>\n\n\n\n<figure class=\"wp-block-image size-full\"><a href=\"https:\/\/www.radissonhotelsamericas.com\/en-us\/booking\/room-display?checkInDate=2023-09-19&amp;checkOutDate=2023-09-20&amp;adults%5B%5D=1&amp;children%5B%5D=0&amp;searchType=pac&amp;promotionCode=ACOFI&amp;brandFirst=rhg&amp;hotelCode=COLCBCO#\"><img loading=\"lazy\" decoding=\"async\" width=\"300\" height=\"65\" src=\"https:\/\/acofi.edu.co\/eiei2023\/wp-content\/uploads\/2022\/11\/RESERVASdef.png\" alt=\"\" class=\"wp-image-207\"\/><\/a><\/figure>\n\n\n\n<h2 class=\"wp-block-heading\">Hampton by Hilton<\/h2>\n\n\n\n<figure class=\"wp-block-gallery has-nested-images columns-default is-cropped wp-block-gallery-3 is-layout-flex wp-block-gallery-is-layout-flex\">\n<figure class=\"wp-block-image size-large\"><img loading=\"lazy\" decoding=\"async\" width=\"1024\" height=\"399\" data-id=\"212\" src=\"https:\/\/acofi.edu.co\/eiei2023\/wp-content\/uploads\/2022\/11\/CTGHXHX_gallery_dining-1024x399.jpg\" alt=\"\" class=\"wp-image-212\" srcset=\"https:\/\/acofi.edu.co\/eiei2023\/wp-content\/uploads\/2022\/11\/CTGHXHX_gallery_dining-1024x399.jpg 1024w, https:\/\/acofi.edu.co\/eiei2023\/wp-content\/uploads\/2022\/11\/CTGHXHX_gallery_dining-300x117.jpg 300w, https:\/\/acofi.edu.co\/eiei2023\/wp-content\/uploads\/2022\/11\/CTGHXHX_gallery_dining-768x299.jpg 768w, https:\/\/acofi.edu.co\/eiei2023\/wp-content\/uploads\/2022\/11\/CTGHXHX_gallery_dining.jpg 1440w\" sizes=\"auto, (max-width: 1024px) 100vw, 1024px\" \/><\/figure>\n\n\n\n<figure class=\"wp-block-image size-large\"><img loading=\"lazy\" decoding=\"async\" width=\"700\" height=\"467\" data-id=\"211\" src=\"https:\/\/acofi.edu.co\/eiei2023\/wp-content\/uploads\/2022\/11\/not-set.jpg\" alt=\"\" class=\"wp-image-211\" srcset=\"https:\/\/acofi.edu.co\/eiei2023\/wp-content\/uploads\/2022\/11\/not-set.jpg 700w, https:\/\/acofi.edu.co\/eiei2023\/wp-content\/uploads\/2022\/11\/not-set-300x200.jpg 300w\" sizes=\"auto, (max-width: 700px) 100vw, 700px\" \/><\/figure>\n\n\n\n<figure class=\"wp-block-image size-large\"><img loading=\"lazy\" decoding=\"async\" width=\"1024\" height=\"750\" data-id=\"213\" src=\"https:\/\/acofi.edu.co\/eiei2023\/wp-content\/uploads\/2022\/11\/CTGHXHX_quicklook_full_nuxng01-1024x750.jpg\" alt=\"\" class=\"wp-image-213\" srcset=\"https:\/\/acofi.edu.co\/eiei2023\/wp-content\/uploads\/2022\/11\/CTGHXHX_quicklook_full_nuxng01-1024x750.jpg 1024w, https:\/\/acofi.edu.co\/eiei2023\/wp-content\/uploads\/2022\/11\/CTGHXHX_quicklook_full_nuxng01-300x220.jpg 300w, https:\/\/acofi.edu.co\/eiei2023\/wp-content\/uploads\/2022\/11\/CTGHXHX_quicklook_full_nuxng01-768x563.jpg 768w, https:\/\/acofi.edu.co\/eiei2023\/wp-content\/uploads\/2022\/11\/CTGHXHX_quicklook_full_nuxng01-1536x1125.jpg 1536w, https:\/\/acofi.edu.co\/eiei2023\/wp-content\/uploads\/2022\/11\/CTGHXHX_quicklook_full_nuxng01.jpg 2048w\" sizes=\"auto, (max-width: 1024px) 100vw, 1024px\" \/><\/figure>\n<\/figure>\n\n\n\n<p>Ubicado entre el mar Caribe y la bah\u00eda de Cartagena de Indias, en el animado distrito comercial y tur\u00edstico de Bocagrande, Hampton by Hilton Cartagena ofrece f\u00e1cil acceso a todas las atracciones y opciones de entretenimiento que la ciudad tiene para ofrecer. Nuestro hotel en Cartagena de Indias est\u00e1 a solo 15 minutos del aeropuerto y a 25 minutos de la zona industrial\/portuaria.<br><br>Ya sea que est\u00e9s en Cartagena de Indias de vacaciones, para asistir a una conferencia en el Centro de convenciones de Cartagena de Indias o para visitar una de las empresas cercanas, el hotel Hampton Cartagena te ofrecer\u00e1 la combinaci\u00f3n perfecta de elegancia y conveniencia en una ubicaci\u00f3n excelente.<br><br>Direcci\u00f3n: <strong>Calle 8 con Avenida San Mart\u00edn, Bocagrande<\/strong><\/p>\n\n\n\n<iframe src=\"https:\/\/www.google.com\/maps\/embed?pb=!1m18!1m12!1m3!1d3924.223660580566!2d-75.55715138541436!3d10.403802892575051!2m3!1f0!2f0!3f0!3m2!1i1024!2i768!4f13.1!3m3!1m2!1s0x8ef62f144ecd60b1%3A0x918ffc67c363b8b!2sHampton%20by%20Hilton%20Cartagena!5e0!3m2!1ses!2sco!4v1667575116237!5m2!1ses!2sco\" width=\"400\" height=\"300\" style=\"border:0;\" allowfullscreen=\"\" loading=\"lazy\" referrerpolicy=\"no-referrer-when-downgrade\"><\/iframe>\n\n\n\n<h3 class=\"wp-block-heading\">Tarifa<\/h3>\n\n\n\n<p>Habitaci\u00f3n acomodaci\u00f3n sencilla o doble: <strong>COP 450.000<\/strong><br><br>La tarifa no incluye impuestos.<br>Incluye:<\/p>\n\n\n\n<ul class=\"wp-block-list\">\n<li>\u2713&nbsp;Desayuno de cortes\u00eda con opciones fr\u00edas y calientes<\/li>\n\n\n\n<li>\u2713\u00a0Wifi gratis<\/li>\n\n\n\n<li>\u2713&nbsp;Habitaci\u00f3n para no fumadores<\/li>\n\n\n\n<li>\u2713&nbsp;Piscina al aire libre<\/li>\n\n\n\n<li>\u2713&nbsp;Gimnasio<\/li>\n\n\n\n<li>\u2713&nbsp;Centro de negocios<\/li>\n<\/ul>\n\n\n\n<figure class=\"wp-block-image size-full\"><a href=\"https:\/\/www.hilton.com\/es\/book\/reservation\/deeplink\/?ctyhocn=CTGHXHX&amp;groupCode=CHHACO&amp;arrivaldate=2023-09-17&amp;departuredate=2023-09-24&amp;cid=OM,WW,HILTONLINK,EN,DirectLink&amp;fromId=HILTONLINKDIRECT\"><img loading=\"lazy\" decoding=\"async\" width=\"300\" height=\"65\" src=\"http:\/\/acofi.edu.co\/eiei2023\/wp-content\/uploads\/2022\/11\/RESERVASdef.png\" alt=\"\" class=\"wp-image-207\"\/><\/a><\/figure>\n\n\n\n<h2 class=\"wp-block-heading\">Estelar Cartagena de Indias Hotel y Centro de Convenciones<\/h2>\n\n\n\n<figure class=\"wp-block-gallery has-nested-images columns-default is-cropped wp-block-gallery-4 is-layout-flex wp-block-gallery-is-layout-flex\">\n<figure class=\"wp-block-image size-large\"><img loading=\"lazy\" decoding=\"async\" width=\"1024\" height=\"671\" data-id=\"225\" src=\"https:\/\/acofi.edu.co\/eiei2023\/wp-content\/uploads\/2022\/11\/ESTELAR-CARTAGENA-DIC-2017-12-of-290-1024x671.jpg\" alt=\"\" class=\"wp-image-225\" srcset=\"https:\/\/acofi.edu.co\/eiei2023\/wp-content\/uploads\/2022\/11\/ESTELAR-CARTAGENA-DIC-2017-12-of-290-1024x671.jpg 1024w, https:\/\/acofi.edu.co\/eiei2023\/wp-content\/uploads\/2022\/11\/ESTELAR-CARTAGENA-DIC-2017-12-of-290-300x197.jpg 300w, https:\/\/acofi.edu.co\/eiei2023\/wp-content\/uploads\/2022\/11\/ESTELAR-CARTAGENA-DIC-2017-12-of-290-768x503.jpg 768w, https:\/\/acofi.edu.co\/eiei2023\/wp-content\/uploads\/2022\/11\/ESTELAR-CARTAGENA-DIC-2017-12-of-290-1536x1007.jpg 1536w, https:\/\/acofi.edu.co\/eiei2023\/wp-content\/uploads\/2022\/11\/ESTELAR-CARTAGENA-DIC-2017-12-of-290.jpg 1890w\" sizes=\"auto, (max-width: 1024px) 100vw, 1024px\" \/><\/figure>\n\n\n\n<figure class=\"wp-block-image size-large\"><img loading=\"lazy\" decoding=\"async\" width=\"1024\" height=\"683\" data-id=\"227\" src=\"https:\/\/acofi.edu.co\/eiei2023\/wp-content\/uploads\/2022\/11\/rest4-1024x683.jpg\" alt=\"\" class=\"wp-image-227\" srcset=\"https:\/\/acofi.edu.co\/eiei2023\/wp-content\/uploads\/2022\/11\/rest4-1024x683.jpg 1024w, https:\/\/acofi.edu.co\/eiei2023\/wp-content\/uploads\/2022\/11\/rest4-300x200.jpg 300w, https:\/\/acofi.edu.co\/eiei2023\/wp-content\/uploads\/2022\/11\/rest4-768x512.jpg 768w, https:\/\/acofi.edu.co\/eiei2023\/wp-content\/uploads\/2022\/11\/rest4-1536x1024.jpg 1536w, https:\/\/acofi.edu.co\/eiei2023\/wp-content\/uploads\/2022\/11\/rest4.jpg 1591w\" sizes=\"auto, (max-width: 1024px) 100vw, 1024px\" \/><\/figure>\n\n\n\n<figure class=\"wp-block-image size-large\"><img loading=\"lazy\" decoding=\"async\" width=\"1000\" height=\"667\" data-id=\"226\" src=\"https:\/\/acofi.edu.co\/eiei2023\/wp-content\/uploads\/2022\/11\/ESTELAR-CARTAGENA-DIC-2017-98-of-290.jpg\" alt=\"\" class=\"wp-image-226\" srcset=\"https:\/\/acofi.edu.co\/eiei2023\/wp-content\/uploads\/2022\/11\/ESTELAR-CARTAGENA-DIC-2017-98-of-290.jpg 1000w, https:\/\/acofi.edu.co\/eiei2023\/wp-content\/uploads\/2022\/11\/ESTELAR-CARTAGENA-DIC-2017-98-of-290-300x200.jpg 300w, https:\/\/acofi.edu.co\/eiei2023\/wp-content\/uploads\/2022\/11\/ESTELAR-CARTAGENA-DIC-2017-98-of-290-768x512.jpg 768w\" sizes=\"auto, (max-width: 1000px) 100vw, 1000px\" \/><\/figure>\n<\/figure>\n\n\n\n<p>En el exclusivo sector tur\u00edstico de Bocagrande, a solo 5 minutos de la ciudad amurallada y a 10 minutos del Aeropuerto Internacional Rafael N\u00fa\u00f1ez, se encuentra ESTELAR Cartagena de Indias Hotel &amp; Centro de convenciones: el complejo hotelero m\u00e1s imponente de la ciudad, con 52 pisos, 338 habitaciones, restaurante Piso 12, lobby bar, piscina sin fin, spa y el gran Centro de Convenciones Luis Carlos Sarmiento Angulo, con doble altura, capacidad para 2.000 personas, salones de juntas y todos los servicios para los m\u00e1s importantes eventos de la ciudad.<br><br>Direcci\u00f3n: <strong>Carrera 1 # 11-116, Bocagrande.<\/strong><\/p>\n\n\n\n<iframe src=\"https:\/\/www.google.com\/maps\/embed?pb=!1m18!1m12!1m3!1d3924.144830333069!2d-75.55379378541441!3d10.41006979257074!2m3!1f0!2f0!3f0!3m2!1i1024!2i768!4f13.1!3m3!1m2!1s0x8ef62f12b747eef9%3A0x786136b6e604f600!2sEstelar%20Cartagena%20de%20Indias%20Hotel%20y%20Centro%20de%20Convenciones!5e0!3m2!1ses!2sco!4v1667575191350!5m2!1ses!2sco\" width=\"400\" height=\"300\" style=\"border:0;\" allowfullscreen=\"\" loading=\"lazy\" referrerpolicy=\"no-referrer-when-downgrade\"><\/iframe>\n\n\n\n<h3 class=\"wp-block-heading\">Tarifas<\/h3>\n\n\n\n<figure class=\"wp-block-image size-large is-resized\"><img decoding=\"async\" src=\"https:\/\/acofi.edu.co\/eiei2023\/wp-content\/uploads\/2022\/11\/estelar-2023-1024x354.png\" alt=\"\" class=\"wp-image-229\" width=\"500\" srcset=\"https:\/\/acofi.edu.co\/eiei2023\/wp-content\/uploads\/2022\/11\/estelar-2023-1024x354.png 1024w, https:\/\/acofi.edu.co\/eiei2023\/wp-content\/uploads\/2022\/11\/estelar-2023-300x104.png 300w, https:\/\/acofi.edu.co\/eiei2023\/wp-content\/uploads\/2022\/11\/estelar-2023-768x265.png 768w, https:\/\/acofi.edu.co\/eiei2023\/wp-content\/uploads\/2022\/11\/estelar-2023.png 1144w\" sizes=\"(max-width: 1024px) 100vw, 1024px\" \/><\/figure>\n\n\n\n<p>Tarifas informadas por noche, incluyen desayuno. No incluye IVA.<\/p>\n\n\n\n<figure class=\"wp-block-image size-full\"><a href=\"https:\/\/be.synxis.com\/?adult=1&amp;arrive=2023-09-19&amp;chain=23120&amp;child=0&amp;currency=COP&amp;depart=2023-09-23&amp;group=2309ASOCIA&amp;hotel=3949&amp;level=hotel&amp;locale=es-MX&amp;rooms=1\"><img loading=\"lazy\" decoding=\"async\" width=\"300\" height=\"65\" src=\"http:\/\/acofi.edu.co\/eiei2023\/wp-content\/uploads\/2022\/11\/RESERVASdef.png\" alt=\"\" class=\"wp-image-207\"\/><\/a><\/figure>\n","protected":false},"excerpt":{"rendered":"<p>Hotel Corales de Indias 250 modernas y funcionales habitaciones con varias posibilidades de acomodaci\u00f3n Direcci\u00f3n:&nbsp;&nbsp;Carrera 1 No 62-198, Barrio Crespo.Lugares cerca: Aeropuerto a 5 minutos, ciudad Amurallada y Boca Grande a 12 minutos. Tarifa Tarifa de alojamiento incluye: Alojamiento seg\u00fan acomodaci\u00f3n y tipo de habitaci\u00f3n, desayuno, piscina, internet inal\u00e1mbrico en las habitaciones y en \u00e1reas [&hellip;]<\/p>\n","protected":false},"author":1,"featured_media":0,"parent":31,"menu_order":0,"comment_status":"closed","ping_status":"closed","template":"","meta":{"_acf_changed":false,"footnotes":""},"class_list":["post-41","page","type-page","status-publish","hentry"],"acf":[],"_links":{"self":[{"href":"https:\/\/acofi.edu.co\/eiei2023\/wp-json\/wp\/v2\/pages\/41","targetHints":{"allow":["GET"]}}],"collection":[{"href":"https:\/\/acofi.edu.co\/eiei2023\/wp-json\/wp\/v2\/pages"}],"about":[{"href":"https:\/\/acofi.edu.co\/eiei2023\/wp-json\/wp\/v2\/types\/page"}],"author":[{"embeddable":true,"href":"https:\/\/acofi.edu.co\/eiei2023\/wp-json\/wp\/v2\/users\/1"}],"replies":[{"embeddable":true,"href":"https:\/\/acofi.edu.co\/eiei2023\/wp-json\/wp\/v2\/comments?post=41"}],"version-history":[{"count":30,"href":"https:\/\/acofi.edu.co\/eiei2023\/wp-json\/wp\/v2\/pages\/41\/revisions"}],"predecessor-version":[{"id":479,"href":"https:\/\/acofi.edu.co\/eiei2023\/wp-json\/wp\/v2\/pages\/41\/revisions\/479"}],"up":[{"embeddable":true,"href":"https:\/\/acofi.edu.co\/eiei2023\/wp-json\/wp\/v2\/pages\/31"}],"wp:attachment":[{"href":"https:\/\/acofi.edu.co\/eiei2023\/wp-json\/wp\/v2\/media?parent=41"}],"curies":[{"name":"wp","href":"https:\/\/api.w.org\/{rel}","templated":true}]}}