{"id":39,"date":"2022-10-30T17:22:46","date_gmt":"2022-10-30T17:22:46","guid":{"rendered":"http:\/\/acofi.edu.co\/eiei2023\/?page_id=39"},"modified":"2023-05-29T18:57:18","modified_gmt":"2023-05-29T18:57:18","slug":"comite-organizador","status":"publish","type":"page","link":"https:\/\/acofi.edu.co\/eiei2023\/informacion-general\/comite-organizador\/","title":{"rendered":"Comit\u00e9 Organizador"},"content":{"rendered":"\n<figure class=\"wp-block-gallery has-nested-images columns-5 is-cropped wp-block-gallery-1 is-layout-flex wp-block-gallery-is-layout-flex\">\n<figure class=\"wp-block-image size-large is-style-rounded\"><img loading=\"lazy\" decoding=\"async\" width=\"138\" height=\"178\" data-id=\"237\" src=\"https:\/\/acofi.edu.co\/eiei2023\/wp-content\/uploads\/2022\/11\/ochacon.jpg\" alt=\"\" class=\"wp-image-237\"\/><figcaption class=\"wp-element-caption\"><strong>Olga Patricia Chac\u00f3n Arias<br><\/strong>Presidenta ACOFI<\/figcaption><\/figure>\n\n\n\n<figure class=\"wp-block-image size-large is-style-rounded\"><img loading=\"lazy\" decoding=\"async\" width=\"125\" height=\"167\" data-id=\"239\" src=\"https:\/\/acofi.edu.co\/eiei2023\/wp-content\/uploads\/2022\/11\/JMSA22.jpg\" alt=\"\" class=\"wp-image-239\"\/><figcaption class=\"wp-element-caption\"><strong>Jos\u00e9 Miguel Solano Araujo<br><\/strong>Director<\/figcaption><\/figure>\n\n\n\n<figure class=\"wp-block-image size-large is-style-rounded\"><img loading=\"lazy\" decoding=\"async\" width=\"435\" height=\"574\" data-id=\"243\" src=\"https:\/\/acofi.edu.co\/eiei2023\/wp-content\/uploads\/2022\/11\/Janneth-Pineda-Molina.jpg\" alt=\"\" class=\"wp-image-243\" srcset=\"https:\/\/acofi.edu.co\/eiei2023\/wp-content\/uploads\/2022\/11\/Janneth-Pineda-Molina.jpg 435w, https:\/\/acofi.edu.co\/eiei2023\/wp-content\/uploads\/2022\/11\/Janneth-Pineda-Molina-227x300.jpg 227w\" sizes=\"auto, (max-width: 435px) 100vw, 435px\" \/><figcaption class=\"wp-element-caption\"><strong>Janneth Pineda Molina<br><\/strong>Coordinadora<\/figcaption><\/figure>\n\n\n\n<figure class=\"wp-block-image size-large is-style-rounded\"><img loading=\"lazy\" decoding=\"async\" width=\"125\" height=\"154\" data-id=\"242\" src=\"https:\/\/acofi.edu.co\/eiei2023\/wp-content\/uploads\/2022\/11\/Luis-Alberto-Gonzalez-Araujo_2.jpg\" alt=\"\" class=\"wp-image-242\"\/><figcaption class=\"wp-element-caption\"><strong>Luis Alberto Gonz\u00e1lez Araujo<br><\/strong>Director acad\u00e9mico<\/figcaption><\/figure>\n\n\n\n<figure class=\"wp-block-image size-large is-style-rounded\"><img loading=\"lazy\" decoding=\"async\" width=\"117\" height=\"154\" data-id=\"240\" src=\"https:\/\/acofi.edu.co\/eiei2023\/wp-content\/uploads\/2022\/11\/Simon-Andres-De-Leon-Novoa_3.jpg\" alt=\"\" class=\"wp-image-240\"\/><figcaption class=\"wp-element-caption\"><strong>Sim\u00f3n Andr\u00e9s De Le\u00f3n Novoa<br><\/strong>Coordinador jornadas acad\u00e9micas<\/figcaption><\/figure>\n\n\n\n<figure class=\"wp-block-image size-large is-style-rounded\"><img loading=\"lazy\" decoding=\"async\" width=\"200\" height=\"262\" data-id=\"238\" src=\"https:\/\/acofi.edu.co\/eiei2023\/wp-content\/uploads\/2022\/11\/JennyQuiroga22col-removebg-preview.jpg\" alt=\"\" class=\"wp-image-238\"\/><figcaption class=\"wp-element-caption\"><strong>Jenny Quiroga Alarc\u00f3n<br><\/strong>Gestora comercial<\/figcaption><\/figure>\n\n\n\n<figure class=\"wp-block-image size-large is-style-rounded\"><img loading=\"lazy\" decoding=\"async\" width=\"320\" height=\"428\" data-id=\"241\" src=\"https:\/\/acofi.edu.co\/eiei2023\/wp-content\/uploads\/2022\/11\/Alix.jpg\" alt=\"\" class=\"wp-image-241\" srcset=\"https:\/\/acofi.edu.co\/eiei2023\/wp-content\/uploads\/2022\/11\/Alix.jpg 320w, https:\/\/acofi.edu.co\/eiei2023\/wp-content\/uploads\/2022\/11\/Alix-224x300.jpg 224w\" sizes=\"auto, (max-width: 320px) 100vw, 320px\" \/><figcaption class=\"wp-element-caption\"><strong>Alix Rubiela Beltr\u00e1n Paipa<br><\/strong>Jefe de prensa<\/figcaption><\/figure>\n\n\n\n<figure class=\"wp-block-image size-full is-style-rounded\"><img loading=\"lazy\" decoding=\"async\" width=\"395\" height=\"600\" data-id=\"497\" src=\"https:\/\/acofi.edu.co\/eiei2023\/wp-content\/uploads\/2023\/05\/ZAGL-copia.jpg\" alt=\"\" class=\"wp-image-497\" srcset=\"https:\/\/acofi.edu.co\/eiei2023\/wp-content\/uploads\/2023\/05\/ZAGL-copia.jpg 395w, https:\/\/acofi.edu.co\/eiei2023\/wp-content\/uploads\/2023\/05\/ZAGL-copia-198x300.jpg 198w\" sizes=\"auto, (max-width: 395px) 100vw, 395px\" \/><figcaption class=\"wp-element-caption\"><strong>Zulma Giraldo L\u00f3pez<br><\/strong>Coordinadora ENEDI<\/figcaption><\/figure>\n\n\n\n<figure class=\"wp-block-image size-large is-style-rounded\"><img loading=\"lazy\" decoding=\"async\" width=\"375\" height=\"496\" data-id=\"244\" src=\"https:\/\/acofi.edu.co\/eiei2023\/wp-content\/uploads\/2022\/11\/Juan-David-Hernandez-Melgarejo.jpg\" alt=\"\" class=\"wp-image-244\" srcset=\"https:\/\/acofi.edu.co\/eiei2023\/wp-content\/uploads\/2022\/11\/Juan-David-Hernandez-Melgarejo.jpg 375w, https:\/\/acofi.edu.co\/eiei2023\/wp-content\/uploads\/2022\/11\/Juan-David-Hernandez-Melgarejo-227x300.jpg 227w\" sizes=\"auto, (max-width: 375px) 100vw, 375px\" \/><figcaption class=\"wp-element-caption\"><strong>Juan David Hern\u00e1ndez<br><\/strong>Coordinador audiovisuales<\/figcaption><\/figure>\n\n\n\n<figure class=\"wp-block-image size-full is-style-rounded\"><img loading=\"lazy\" decoding=\"async\" width=\"200\" height=\"267\" data-id=\"494\" src=\"https:\/\/acofi.edu.co\/eiei2023\/wp-content\/uploads\/2023\/05\/Karen-Zabala23.jpg\" alt=\"\" class=\"wp-image-494\"\/><figcaption class=\"wp-element-caption\"><strong>Karen Zabala Casta\u00f1eda<br><\/strong>Facturaci\u00f3n<\/figcaption><\/figure>\n<\/figure>\n","protected":false},"excerpt":{"rendered":"","protected":false},"author":1,"featured_media":0,"parent":31,"menu_order":0,"comment_status":"closed","ping_status":"closed","template":"","meta":{"_acf_changed":false,"footnotes":""},"class_list":["post-39","page","type-page","status-publish","hentry"],"acf":[],"_links":{"self":[{"href":"https:\/\/acofi.edu.co\/eiei2023\/wp-json\/wp\/v2\/pages\/39","targetHints":{"allow":["GET"]}}],"collection":[{"href":"https:\/\/acofi.edu.co\/eiei2023\/wp-json\/wp\/v2\/pages"}],"about":[{"href":"https:\/\/acofi.edu.co\/eiei2023\/wp-json\/wp\/v2\/types\/page"}],"author":[{"embeddable":true,"href":"https:\/\/acofi.edu.co\/eiei2023\/wp-json\/wp\/v2\/users\/1"}],"replies":[{"embeddable":true,"href":"https:\/\/acofi.edu.co\/eiei2023\/wp-json\/wp\/v2\/comments?post=39"}],"version-history":[{"count":14,"href":"https:\/\/acofi.edu.co\/eiei2023\/wp-json\/wp\/v2\/pages\/39\/revisions"}],"predecessor-version":[{"id":498,"href":"https:\/\/acofi.edu.co\/eiei2023\/wp-json\/wp\/v2\/pages\/39\/revisions\/498"}],"up":[{"embeddable":true,"href":"https:\/\/acofi.edu.co\/eiei2023\/wp-json\/wp\/v2\/pages\/31"}],"wp:attachment":[{"href":"https:\/\/acofi.edu.co\/eiei2023\/wp-json\/wp\/v2\/media?parent=39"}],"curies":[{"name":"wp","href":"https:\/\/api.w.org\/{rel}","templated":true}]}}