{"id":35,"date":"2022-10-30T17:22:15","date_gmt":"2022-10-30T17:22:15","guid":{"rendered":"http:\/\/acofi.edu.co\/eiei2023\/?page_id=35"},"modified":"2023-05-17T13:08:59","modified_gmt":"2023-05-17T13:08:59","slug":"cartagena-de-indias","status":"publish","type":"page","link":"https:\/\/acofi.edu.co\/eiei2023\/informacion-general\/cartagena-de-indias\/","title":{"rendered":"Cartagena de Indias"},"content":{"rendered":"\n<figure class=\"wp-block-gallery has-nested-images columns-default is-cropped wp-block-gallery-1 is-layout-flex wp-block-gallery-is-layout-flex\">\n<figure class=\"wp-block-image size-large\"><img loading=\"lazy\" decoding=\"async\" width=\"1024\" height=\"577\" data-id=\"262\" src=\"https:\/\/acofi.edu.co\/eiei2023\/wp-content\/uploads\/2022\/11\/caribbean-g2f697c7c3_1920-1024x577.jpg\" alt=\"\" class=\"wp-image-262\" srcset=\"https:\/\/acofi.edu.co\/eiei2023\/wp-content\/uploads\/2022\/11\/caribbean-g2f697c7c3_1920-1024x577.jpg 1024w, https:\/\/acofi.edu.co\/eiei2023\/wp-content\/uploads\/2022\/11\/caribbean-g2f697c7c3_1920-300x169.jpg 300w, https:\/\/acofi.edu.co\/eiei2023\/wp-content\/uploads\/2022\/11\/caribbean-g2f697c7c3_1920-768x432.jpg 768w, https:\/\/acofi.edu.co\/eiei2023\/wp-content\/uploads\/2022\/11\/caribbean-g2f697c7c3_1920-1536x865.jpg 1536w, https:\/\/acofi.edu.co\/eiei2023\/wp-content\/uploads\/2022\/11\/caribbean-g2f697c7c3_1920.jpg 1920w\" sizes=\"auto, (max-width: 1024px) 100vw, 1024px\" \/><\/figure>\n\n\n\n<figure class=\"wp-block-image size-large\"><img loading=\"lazy\" decoding=\"async\" width=\"1024\" height=\"576\" data-id=\"261\" src=\"https:\/\/acofi.edu.co\/eiei2023\/wp-content\/uploads\/2022\/11\/sunset-ga95d35f34_1920-1024x576.jpg\" alt=\"\" class=\"wp-image-261\" srcset=\"https:\/\/acofi.edu.co\/eiei2023\/wp-content\/uploads\/2022\/11\/sunset-ga95d35f34_1920-1024x576.jpg 1024w, https:\/\/acofi.edu.co\/eiei2023\/wp-content\/uploads\/2022\/11\/sunset-ga95d35f34_1920-300x169.jpg 300w, https:\/\/acofi.edu.co\/eiei2023\/wp-content\/uploads\/2022\/11\/sunset-ga95d35f34_1920-768x432.jpg 768w, https:\/\/acofi.edu.co\/eiei2023\/wp-content\/uploads\/2022\/11\/sunset-ga95d35f34_1920-1536x864.jpg 1536w, https:\/\/acofi.edu.co\/eiei2023\/wp-content\/uploads\/2022\/11\/sunset-ga95d35f34_1920.jpg 1920w\" sizes=\"auto, (max-width: 1024px) 100vw, 1024px\" \/><\/figure>\n\n\n\n<figure class=\"wp-block-image size-large\"><img loading=\"lazy\" decoding=\"async\" width=\"1024\" height=\"683\" data-id=\"263\" src=\"https:\/\/acofi.edu.co\/eiei2023\/wp-content\/uploads\/2022\/11\/cartagena-de-indias-g503aeb64a_1920-1024x683.jpg\" alt=\"\" class=\"wp-image-263\" srcset=\"https:\/\/acofi.edu.co\/eiei2023\/wp-content\/uploads\/2022\/11\/cartagena-de-indias-g503aeb64a_1920-1024x683.jpg 1024w, https:\/\/acofi.edu.co\/eiei2023\/wp-content\/uploads\/2022\/11\/cartagena-de-indias-g503aeb64a_1920-300x200.jpg 300w, https:\/\/acofi.edu.co\/eiei2023\/wp-content\/uploads\/2022\/11\/cartagena-de-indias-g503aeb64a_1920-768x512.jpg 768w, https:\/\/acofi.edu.co\/eiei2023\/wp-content\/uploads\/2022\/11\/cartagena-de-indias-g503aeb64a_1920-1536x1024.jpg 1536w, https:\/\/acofi.edu.co\/eiei2023\/wp-content\/uploads\/2022\/11\/cartagena-de-indias-g503aeb64a_1920.jpg 1920w\" sizes=\"auto, (max-width: 1024px) 100vw, 1024px\" \/><\/figure>\n<\/figure>\n\n\n\n<p>Fundada en 1533, a orillas del mar Caribe, esta ciudad hist\u00f3rica se destaca por la preservaci\u00f3n de su arquitectura colonial del casco antiguo. Esta caracter\u00edstica le vali\u00f3 la declaratoria como ciudad patrimonio de la humanidad por parte de la Unesco y ser la preferida para visitar por turistas de todas las latitudes.<br><br>Solo basta recorrer sus calles, contemplar sus balcones, visitar los monumentos, plazas y parques, y por supuesto, caminar por su cord\u00f3n amurallado para atesorar varias escenas hist\u00f3ricas de esta ciudad del Caribe colombiano.<br><br>Igualmente, Cartagena de Indias es un polo de desarrollo para Colombia y la regi\u00f3n con su zona industrial para la industria petroqu\u00edmica del pa\u00eds, as\u00ed como por la actividad mar\u00edtima y portuaria que se concentra en su bah\u00eda y la infraestructura de almacenamiento.<br><br>La gastronom\u00eda es una fusi\u00f3n de culturas que ha tra\u00eddo consigo recetas que coquetean con el paladar, como el arroz con coco, la posta cartagenera, una arepa de huevo, la carima\u00f1ola, los pl\u00e1tanos tentaci\u00f3n, las deliciosas cocadas, los caballitos, el corozo y los deliciosos bollos en sus diferentes versiones.<br><br>\u2018La Heroica\u2019 como es conocida Cartagena de Indias, es historia, es Caribe y es escenario de un vibrante presente y futuro que acoge a\u00f1o tras a\u00f1o importantes eventos de talla mundial.<\/p>\n\n\n\n<h2 class=\"wp-block-heading\">Datos generales<\/h2>\n\n\n\n<ul class=\"wp-block-list\">\n<li>Habitantes: 955.250<\/li>\n\n\n\n<li>Extensi\u00f3n: 709 km<sup>2<\/sup><\/li>\n\n\n\n<li>Altura: 2 m.s.n.m.<\/li>\n\n\n\n<li>Temperatura promedio: 28 \u00b0C<\/li>\n\n\n\n<li>Actividades econ\u00f3micas: Industria, comercio, turismo<\/li>\n\n\n\n<li>Acceso: terrestre, a\u00e9reo, mar\u00edtimo<\/li>\n<\/ul>\n\n\n\n<h2 class=\"wp-block-heading\">Aeropuerto Internacional Rafael N\u00fa\u00f1ez<\/h2>\n\n\n\n<ul class=\"wp-block-list\">\n<li>El aeropuerto internacional de Cartagena de Indias es uno de los m\u00e1s importantes de Colombia, por el movimiento tur\u00edstico. Cuenta con vuelos internacionales provenientes de Am\u00e9rica y Europa. Lo transitan anualmente, en promedio, m\u00e1s de cinco millones de pasajeros.<\/li>\n\n\n\n<li>El aeropuerto se ubica dentro del \u00e1rea urbana de Cartagena de Indias, al norte del casco c\u00e9ntrico, en el barrio de Crespo. Autobuses, minibuses y taxis comunican al aeropuerto con los distintos sectores urbanos de la ciudad de Cartagena de Indias. El servicio de taxi opera las 24 horas, mientras que el de autobuses desde las 06:50 hasta las 23:45 horas.<\/li>\n\n\n\n<li>Existen mostradores de alquiler de coches de las compa\u00f1\u00edas m\u00e1s reconocidas. El aeropuerto ofrece adem\u00e1s cajeros autom\u00e1ticos ATM, servicio de cambio de divisas, sector Vip, tel\u00e9fonos p\u00fablicos, acceso a Internet wifi sin costo y otros servicios.<\/li>\n<\/ul>\n\n\n\n<p><a href=\"https:\/\/aeropuertocartagena.com.co\/\"><strong>aeropuertocartagena.com.co<\/strong><\/a><\/p>\n\n\n\n<iframe src=\"https:\/\/www.google.com\/maps\/embed?pb=!1m18!1m12!1m3!1d3923.6879873388934!2d-75.51864268541402!3d10.446314992546052!2m3!1f0!2f0!3f0!3m2!1i1024!2i768!4f13.1!3m3!1m2!1s0x8ef6254312e54b07%3A0x96a76383f1b4c3b1!2sAeropuerto%20Internacional%20Rafael%20N%C3%BA%C3%B1ez!5e0!3m2!1ses!2sco!4v1667575338631!5m2!1ses!2sco\" width=\"400\" height=\"300\" style=\"border:0;\" allowfullscreen=\"\" loading=\"lazy\" referrerpolicy=\"no-referrer-when-downgrade\"><\/iframe>\n","protected":false},"excerpt":{"rendered":"<p>Fundada en 1533, a orillas del mar Caribe, esta ciudad hist\u00f3rica se destaca por la preservaci\u00f3n de su arquitectura colonial del casco antiguo. Esta caracter\u00edstica le vali\u00f3 la declaratoria como ciudad patrimonio de la humanidad por parte de la Unesco y ser la preferida para visitar por turistas de todas las latitudes. Solo basta recorrer [&hellip;]<\/p>\n","protected":false},"author":1,"featured_media":0,"parent":31,"menu_order":0,"comment_status":"closed","ping_status":"closed","template":"","meta":{"_acf_changed":false,"footnotes":""},"class_list":["post-35","page","type-page","status-publish","hentry"],"acf":[],"_links":{"self":[{"href":"https:\/\/acofi.edu.co\/eiei2023\/wp-json\/wp\/v2\/pages\/35","targetHints":{"allow":["GET"]}}],"collection":[{"href":"https:\/\/acofi.edu.co\/eiei2023\/wp-json\/wp\/v2\/pages"}],"about":[{"href":"https:\/\/acofi.edu.co\/eiei2023\/wp-json\/wp\/v2\/types\/page"}],"author":[{"embeddable":true,"href":"https:\/\/acofi.edu.co\/eiei2023\/wp-json\/wp\/v2\/users\/1"}],"replies":[{"embeddable":true,"href":"https:\/\/acofi.edu.co\/eiei2023\/wp-json\/wp\/v2\/comments?post=35"}],"version-history":[{"count":6,"href":"https:\/\/acofi.edu.co\/eiei2023\/wp-json\/wp\/v2\/pages\/35\/revisions"}],"predecessor-version":[{"id":471,"href":"https:\/\/acofi.edu.co\/eiei2023\/wp-json\/wp\/v2\/pages\/35\/revisions\/471"}],"up":[{"embeddable":true,"href":"https:\/\/acofi.edu.co\/eiei2023\/wp-json\/wp\/v2\/pages\/31"}],"wp:attachment":[{"href":"https:\/\/acofi.edu.co\/eiei2023\/wp-json\/wp\/v2\/media?parent=35"}],"curies":[{"name":"wp","href":"https:\/\/api.w.org\/{rel}","templated":true}]}}