{"id":23,"date":"2022-10-30T17:20:28","date_gmt":"2022-10-30T17:20:28","guid":{"rendered":"http:\/\/acofi.edu.co\/eiei2023\/?page_id=23"},"modified":"2023-09-11T13:07:28","modified_gmt":"2023-09-11T13:07:28","slug":"memorias","status":"publish","type":"page","link":"https:\/\/acofi.edu.co\/eiei2023\/informacion-academica\/memorias\/","title":{"rendered":"Memorias"},"content":{"rendered":"\n<figure class=\"wp-block-image size-full\"><a href=\"http:\/\/acofi.edu.co\/eiei2023\/wp-content\/uploads\/2023\/09\/EIEI-ACOFI-N-2.pdf\"><img loading=\"lazy\" decoding=\"async\" width=\"300\" height=\"400\" src=\"https:\/\/acofi.edu.co\/eiei2023\/wp-content\/uploads\/2023\/09\/EIEI2023-Portada@2x.png\" alt=\"\" class=\"wp-image-950\" srcset=\"https:\/\/acofi.edu.co\/eiei2023\/wp-content\/uploads\/2023\/09\/EIEI2023-Portada@2x.png 300w, https:\/\/acofi.edu.co\/eiei2023\/wp-content\/uploads\/2023\/09\/EIEI2023-Portada@2x-225x300.png 225w\" sizes=\"auto, (max-width: 300px) 100vw, 300px\" \/><\/a><\/figure>\n\n\n\n<p><a href=\"http:\/\/acofi.edu.co\/eiei2023\/wp-content\/uploads\/2023\/09\/EIEI-ACOFI-N-2.pdf\"><strong>Memorias EIEI ACOFI 2023<\/strong><\/a><br>ISSN: 2954-7288 (En l\u00ednea)<\/p>\n\n\n\n<p>El Consejo Directivo y la oficina administrativa de la Asociaci\u00f3n Colombiana de Facultades de Ingenier\u00eda (ACOFI) presentan las memorias de la d\u00e9cima versi\u00f3n del Encuentro Internacional de Educaci\u00f3n en Ingenier\u00eda ACOFI 2023 (EIEI ACOFI 2023), con trabajos de profesores, investigadores, estudiantes de pregrado y estudiantes de doctorado de Colombia, Argentina, Chile, B\u00e9lgica, Brasil, Espa\u00f1a, M\u00e9xico, Costa Rica, Per\u00fa y Estados Unidos.<br><br>Los autores presentan sus experiencias por el mejoramiento de la ense\u00f1anza de la ingenier\u00eda, tambi\u00e9n sus proyectos de investigaci\u00f3n, la ense\u00f1anza de las ciencias b\u00e1sicas y se exponen aportes de los estudiantes de pregrado y doctorado. Las memorias se encuentran distribuidas de la siguiente manera:<\/p>\n\n\n\n<ul class=\"wp-block-list\">\n<li>Trabajos sobre ense\u00f1anza de la ingenier\u00eda<\/li>\n<\/ul>\n\n\n\n<p>Como parte central de la misi\u00f3n de ACOFI, esta secci\u00f3n presenta trabajos de acad\u00e9micos sobre Procesos de ense\u00f1anza \u2013 aprendizaje, Desarrollo curricular, Evaluaci\u00f3n de la ense\u00f1anza en el aula y Calidad y acreditaci\u00f3n.<\/p>\n\n\n\n<ul class=\"wp-block-list\">\n<li>Ciencias b\u00e1sicas en ingenier\u00eda<\/li>\n<\/ul>\n\n\n\n<p>Se muestran experiencias e iniciativas de las facultades, escuelas, programas de ingenier\u00eda, asociadas a esta \u00e1rea fundamental para la formaci\u00f3n en ingenier\u00eda.<\/p>\n\n\n\n<ul class=\"wp-block-list\">\n<li>Avances en investigaci\u00f3n<\/li>\n<\/ul>\n\n\n\n<p>Esta secci\u00f3n muestra proyectos que se encuentran sobre una base de procesos creativos e innovadores, con compromiso social en los siguientes t\u00f3picos:<\/p>\n\n\n\n<ul class=\"wp-block-list\">\n<li>Ingenier\u00eda para la salud,<ul><li>Energ\u00eda: transici\u00f3n, eficiencia y seguridad<\/li><\/ul><ul><li>Tecnolog\u00eda 4.0<\/li><\/ul>\n<ul class=\"wp-block-list\">\n<li>Calidad del agua y saneamiento b\u00e1sico<\/li>\n<\/ul>\n<\/li>\n<\/ul>\n\n\n\n<ul class=\"wp-block-list\">\n<li>Trabajos de los estudiantes<\/li>\n<\/ul>\n\n\n\n<p>En esta secci\u00f3n, los estudiantes de pregrado en ingenier\u00eda, presentan trabajos sobre la importancia de la calidad de los procesos acad\u00e9micos y la gesti\u00f3n que se desarrolla en las facultades, escuelas y programas de ingenier\u00eda, como aporte a su formaci\u00f3n acad\u00e9mica y una contribuci\u00f3n para un mejor ejercicio profesional.<\/p>\n\n\n\n<ul class=\"wp-block-list\">\n<li>Proyectos doctorales en ingenier\u00eda<\/li>\n<\/ul>\n\n\n\n<p>Esta secci\u00f3n muestra los trabajos de estudiantes de doctorado en ingenier\u00eda, relacionados con su actividad acad\u00e9mica.<\/p>\n\n\n\n<p>Los 300 trabajos en las cinco modalidades se presentan en resumen en este libro y en extenso en el sistema OCS (<a href=\"http:\/\/www.acofipapers.org\"><strong>www.acofipapers.org<\/strong><\/a>).<br><br>Los trabajos que se encuentran en estas memorias son presentados de forma oral y en p\u00f3ster (de acuerdo con su categor\u00eda) en el EIEI ACOFI 2023, que se realiza de forma presencial entre el 19 y el 22 de septiembre de 2023, en el Centro de Convenciones Cartagena, en la ciudad de Cartagena de Indias (Colombia).<br><br>ACOFI invita a la lectura y difusi\u00f3n de estas memorias que constituyen un gran referente de la actividad que se realiza en las facultades, escuelas y programas de ingenier\u00eda, convirti\u00e9ndose en un gran aporte para la excelencia de la educaci\u00f3n en ingenier\u00eda.<br><br>Esperamos que este documento sea de su inter\u00e9s y fuente de consulta permanente.<\/p>\n\n\n\n<p><strong>Olga Patricia Chac\u00f3n Arias<\/strong><br>Presidenta ACOFI<br><br><strong>Luis Alberto Gonz\u00e1lez Araujo<\/strong><br>Director Ejecutivo ACOFI<br><br><strong>Jos\u00e9 Miguel Solano Araujo<\/strong><br>Director EIEI ACOFI 2023<\/p>\n\n\n\n<p>La producci\u00f3n de estas memorias cont\u00f3 con el apoyo de:<\/p>\n\n\n\n<figure class=\"wp-block-gallery has-nested-images columns-default is-cropped wp-block-gallery-1 is-layout-flex wp-block-gallery-is-layout-flex\">\n<figure class=\"wp-block-image size-large\"><img loading=\"lazy\" decoding=\"async\" width=\"500\" height=\"500\" data-id=\"731\" src=\"https:\/\/acofi.edu.co\/eiei2023\/wp-content\/uploads\/2023\/08\/Politecnico-Colombiano-Jaime-Isaza-Cadavid.jpg\" alt=\"\" class=\"wp-image-731\" srcset=\"https:\/\/acofi.edu.co\/eiei2023\/wp-content\/uploads\/2023\/08\/Politecnico-Colombiano-Jaime-Isaza-Cadavid.jpg 500w, https:\/\/acofi.edu.co\/eiei2023\/wp-content\/uploads\/2023\/08\/Politecnico-Colombiano-Jaime-Isaza-Cadavid-300x300.jpg 300w, https:\/\/acofi.edu.co\/eiei2023\/wp-content\/uploads\/2023\/08\/Politecnico-Colombiano-Jaime-Isaza-Cadavid-150x150.jpg 150w\" sizes=\"auto, (max-width: 500px) 100vw, 500px\" \/><\/figure>\n\n\n\n<figure class=\"wp-block-image size-large\"><img loading=\"lazy\" decoding=\"async\" width=\"500\" height=\"500\" data-id=\"414\" src=\"https:\/\/acofi.edu.co\/eiei2023\/wp-content\/uploads\/2023\/04\/Universidad-de-Antoquia.jpg\" alt=\"\" class=\"wp-image-414\" srcset=\"https:\/\/acofi.edu.co\/eiei2023\/wp-content\/uploads\/2023\/04\/Universidad-de-Antoquia.jpg 500w, https:\/\/acofi.edu.co\/eiei2023\/wp-content\/uploads\/2023\/04\/Universidad-de-Antoquia-300x300.jpg 300w, https:\/\/acofi.edu.co\/eiei2023\/wp-content\/uploads\/2023\/04\/Universidad-de-Antoquia-150x150.jpg 150w\" sizes=\"auto, (max-width: 500px) 100vw, 500px\" \/><\/figure>\n\n\n\n<figure class=\"wp-block-image size-large\"><img loading=\"lazy\" decoding=\"async\" width=\"500\" height=\"500\" data-id=\"379\" src=\"https:\/\/acofi.edu.co\/eiei2023\/wp-content\/uploads\/2023\/03\/Universidad-El-Bosque.jpg\" alt=\"\" class=\"wp-image-379\" srcset=\"https:\/\/acofi.edu.co\/eiei2023\/wp-content\/uploads\/2023\/03\/Universidad-El-Bosque.jpg 500w, https:\/\/acofi.edu.co\/eiei2023\/wp-content\/uploads\/2023\/03\/Universidad-El-Bosque-300x300.jpg 300w, https:\/\/acofi.edu.co\/eiei2023\/wp-content\/uploads\/2023\/03\/Universidad-El-Bosque-150x150.jpg 150w\" sizes=\"auto, (max-width: 500px) 100vw, 500px\" \/><\/figure>\n<\/figure>\n","protected":false},"excerpt":{"rendered":"<p>Memorias EIEI ACOFI 2023ISSN: 2954-7288 (En l\u00ednea) El Consejo Directivo y la oficina administrativa de la Asociaci\u00f3n Colombiana de Facultades de Ingenier\u00eda (ACOFI) presentan las memorias de la d\u00e9cima versi\u00f3n del Encuentro Internacional de Educaci\u00f3n en Ingenier\u00eda ACOFI 2023 (EIEI ACOFI 2023), con trabajos de profesores, investigadores, estudiantes de pregrado y estudiantes de doctorado de [&hellip;]<\/p>\n","protected":false},"author":1,"featured_media":0,"parent":15,"menu_order":0,"comment_status":"closed","ping_status":"closed","template":"","meta":{"_acf_changed":false,"footnotes":""},"class_list":["post-23","page","type-page","status-publish","hentry"],"acf":[],"_links":{"self":[{"href":"https:\/\/acofi.edu.co\/eiei2023\/wp-json\/wp\/v2\/pages\/23","targetHints":{"allow":["GET"]}}],"collection":[{"href":"https:\/\/acofi.edu.co\/eiei2023\/wp-json\/wp\/v2\/pages"}],"about":[{"href":"https:\/\/acofi.edu.co\/eiei2023\/wp-json\/wp\/v2\/types\/page"}],"author":[{"embeddable":true,"href":"https:\/\/acofi.edu.co\/eiei2023\/wp-json\/wp\/v2\/users\/1"}],"replies":[{"embeddable":true,"href":"https:\/\/acofi.edu.co\/eiei2023\/wp-json\/wp\/v2\/comments?post=23"}],"version-history":[{"count":8,"href":"https:\/\/acofi.edu.co\/eiei2023\/wp-json\/wp\/v2\/pages\/23\/revisions"}],"predecessor-version":[{"id":1214,"href":"https:\/\/acofi.edu.co\/eiei2023\/wp-json\/wp\/v2\/pages\/23\/revisions\/1214"}],"up":[{"embeddable":true,"href":"https:\/\/acofi.edu.co\/eiei2023\/wp-json\/wp\/v2\/pages\/15"}],"wp:attachment":[{"href":"https:\/\/acofi.edu.co\/eiei2023\/wp-json\/wp\/v2\/media?parent=23"}],"curies":[{"name":"wp","href":"https:\/\/api.w.org\/{rel}","templated":true}]}}