{"id":17,"date":"2022-10-30T17:19:38","date_gmt":"2022-10-30T17:19:38","guid":{"rendered":"http:\/\/acofi.edu.co\/eiei2023\/?page_id=17"},"modified":"2023-05-05T15:24:35","modified_gmt":"2023-05-05T15:24:35","slug":"categorias-de-participacion","status":"publish","type":"page","link":"https:\/\/acofi.edu.co\/eiei2023\/informacion-academica\/categorias-de-participacion\/","title":{"rendered":"Categor\u00edas de Participaci\u00f3n"},"content":{"rendered":"\n<h2 class=\"wp-block-heading\"><a href=\"https:\/\/acofi.edu.co\/eiei2023\/informacion-academica\/categorias-de-participacion\/trabajos-sobre-ensenanza-de-la-ingenieria\/\">Ense\u00f1anza de la ingenier\u00eda<\/a><\/h2>\n\n\n\n<h2 class=\"wp-block-heading\"><a href=\"https:\/\/acofi.edu.co\/eiei2023\/informacion-academica\/categorias-de-participacion\/avances\/\">Avances en investigaci\u00f3n<\/a><\/h2>\n\n\n\n<h2 class=\"wp-block-heading\"><a href=\"https:\/\/acofi.edu.co\/eiei2023\/informacion-academica\/categorias-de-participacion\/enedi\/\">Encuentro nacional de estudiantes de doctorado en ingenier\u00eda (ENEDI)<\/a><\/h2>\n\n\n\n<h2 class=\"wp-block-heading\"><a href=\"https:\/\/acofi.edu.co\/eiei2023\/informacion-academica\/categorias-de-participacion\/informacion-academica-foro-de-estudiantes\/\">Foro colombiano de estudiantes de ingenier\u00eda (FCEI)<\/a><\/h2>\n\n\n\n<h2 class=\"wp-block-heading\"><a href=\"https:\/\/acofi.edu.co\/eiei2023\/informacion-academica\/categorias-de-participacion\/ciencias-basicas-en-ingenieria\/\">Ciencias b\u00e1sicas en ingenier\u00eda<\/a><\/h2>\n","protected":false},"excerpt":{"rendered":"<p>Ense\u00f1anza de la ingenier\u00eda Avances en investigaci\u00f3n Encuentro nacional de estudiantes de doctorado en ingenier\u00eda (ENEDI) Foro colombiano de estudiantes de ingenier\u00eda (FCEI) Ciencias b\u00e1sicas en ingenier\u00eda<\/p>\n","protected":false},"author":1,"featured_media":0,"parent":15,"menu_order":0,"comment_status":"closed","ping_status":"closed","template":"","meta":{"_acf_changed":false,"footnotes":""},"class_list":["post-17","page","type-page","status-publish","hentry"],"acf":[],"_links":{"self":[{"href":"https:\/\/acofi.edu.co\/eiei2023\/wp-json\/wp\/v2\/pages\/17","targetHints":{"allow":["GET"]}}],"collection":[{"href":"https:\/\/acofi.edu.co\/eiei2023\/wp-json\/wp\/v2\/pages"}],"about":[{"href":"https:\/\/acofi.edu.co\/eiei2023\/wp-json\/wp\/v2\/types\/page"}],"author":[{"embeddable":true,"href":"https:\/\/acofi.edu.co\/eiei2023\/wp-json\/wp\/v2\/users\/1"}],"replies":[{"embeddable":true,"href":"https:\/\/acofi.edu.co\/eiei2023\/wp-json\/wp\/v2\/comments?post=17"}],"version-history":[{"count":5,"href":"https:\/\/acofi.edu.co\/eiei2023\/wp-json\/wp\/v2\/pages\/17\/revisions"}],"predecessor-version":[{"id":446,"href":"https:\/\/acofi.edu.co\/eiei2023\/wp-json\/wp\/v2\/pages\/17\/revisions\/446"}],"up":[{"embeddable":true,"href":"https:\/\/acofi.edu.co\/eiei2023\/wp-json\/wp\/v2\/pages\/15"}],"wp:attachment":[{"href":"https:\/\/acofi.edu.co\/eiei2023\/wp-json\/wp\/v2\/media?parent=17"}],"curies":[{"name":"wp","href":"https:\/\/api.w.org\/{rel}","templated":true}]}}