{"id":159,"date":"2022-11-03T16:52:24","date_gmt":"2022-11-03T16:52:24","guid":{"rendered":"https:\/\/acofi.edu.co\/eiei2023\/?page_id=159"},"modified":"2023-05-17T13:10:29","modified_gmt":"2023-05-17T13:10:29","slug":"ciencias-basicas-en-ingenieria","status":"publish","type":"page","link":"https:\/\/acofi.edu.co\/eiei2023\/informacion-academica\/categorias-de-participacion\/ciencias-basicas-en-ingenieria\/","title":{"rendered":"Ciencias b\u00e1sicas en ingenier\u00eda"},"content":{"rendered":"\n<p>En el contexto actual y futuro, es posible afirmar que:<br><br><em>\u2026 El estudiante de hoy ser\u00e1 ingeniero en un mundo cient\u00edfico y cambiante, donde ser\u00e1 m\u00e1s importante la tecnolog\u00eda que \u00e9l desarrollar\u00e1 y que cambiar\u00e1 el pa\u00eds, que la actual, que se le ense\u00f1e, porque ma\u00f1ana mismo ser\u00e1 obsoleta, inadecuada y antiecon\u00f3mica.<\/em><br><br><em>\u2026 el ingeniero debe aprender a pensar \u2013 con todo lo que eso significa -, que su formaci\u00f3n debe ser fuerte en ciencias b\u00e1sicas, con la habilidad de aplicar principios fundamentales, conceptos o leyes, incluyendo el uso de las matem\u00e1ticas y los computadores. Adem\u00e1s, la base ingenieril debe ser lo suficientemente amplia como para interactuar con otras disciplinas, sin olvidar que no toda la ingenier\u00eda est\u00e1 basada en la ciencia, los ejemplos del arte y la pr\u00e1ctica ilustran la aplicaci\u00f3n de los principios cient\u00edficos\u2026<a id=\"_ftnref1\" href=\"#_ftn1\"><strong>[1]<\/strong><\/a><\/em><br><br>Sobre esta base se hace necesaria la permanente reflexi\u00f3n de la forma como se imparten las matem\u00e1ticas y las ciencias naturales en la ingenier\u00eda y su impacto en cada una de las disciplinas. De la misma manera, generar el an\u00e1lisis de su alcance e importancia dentro del ejercicio profesional y como la tecnolog\u00eda, en especial las herramientas computacionales, impactan positiva o negativamente su aprendizaje.<\/p>\n\n\n\n<h2 class=\"wp-block-heading\">Objetivo<\/h2>\n\n\n\n<p>Socializar experiencias e iniciativas de las facultades, escuelas, programas de ingenier\u00eda, asociadas a la ense\u00f1anza de las ciencias b\u00e1sicas en los programas de ingenier\u00eda.<strong>&nbsp;<\/strong><\/p>\n\n\n\n<h2 class=\"wp-block-heading\">Metodolog\u00eda<\/h2>\n\n\n\n<p>Los trabajos ser\u00e1n expuestos <strong>en forma oral y en p\u00f3ster<\/strong>. Los trabajos seleccionados se expondr\u00e1n de forma oral en una jornada acad\u00e9mica el d\u00eda 19 de septiembre. La exhibici\u00f3n como p\u00f3steres ser\u00e1 los d\u00edas 20, 21 y 22 de septiembre.<strong>&nbsp;<\/strong><\/p>\n\n\n\n<h2 class=\"wp-block-heading\">Dirigida a<\/h2>\n\n\n\n<ul class=\"wp-block-list\">\n<li>Grupos de trabajo alrededor del trabajo en ciencias b\u00e1sicas en ingenier\u00eda.<\/li>\n\n\n\n<li>Grupos de investigaci\u00f3n de facultades, escuelas o programas de ingenier\u00eda.<\/li>\n\n\n\n<li>Directivos, profesores, estudiantes y personal administrativo de las facultades, escuelas o programas de ingenier\u00eda.<\/li>\n<\/ul>\n\n\n\n<h2 class=\"wp-block-heading\">C\u00f3mo enviar su resumen<\/h2>\n\n\n\n<p>Los trabajos seleccionados deber\u00e1n anexar el dise\u00f1o de un p\u00f3ster que contenga los aspectos m\u00e1s relevantes de la experiencia.<br><br>Esta propuesta se orienta a lograr una mejor interacci\u00f3n y contar con elementos pr\u00e1cticos para la jornada de presentaci\u00f3n de las experiencias.<\/p>\n\n\n\n<div data-wp-interactive=\"core\/file\" class=\"wp-block-file\"><object data-wp-bind--hidden=\"!state.hasPdfPreview\" hidden class=\"wp-block-file__embed\" data=\"https:\/\/acofi.edu.co\/eiei2023\/wp-content\/uploads\/2022\/11\/Instructivo-para-subir-resumen-2023-4.pdf\" type=\"application\/pdf\" style=\"width:100%;height:600px\" aria-label=\"PDF incrustado\"><\/object><a href=\"https:\/\/acofi.edu.co\/eiei2023\/wp-content\/uploads\/2022\/11\/Instructivo-para-subir-resumen-2023-4.pdf\" class=\"wp-block-file__button wp-element-button\" download>Descarga<\/a><\/div>\n\n\n\n<h2 class=\"wp-block-heading\">Cronograma de actividades<\/h2>\n\n\n\n<figure class=\"wp-block-image size-large is-resized\"><img decoding=\"async\" src=\"http:\/\/acofi.edu.co\/eiei2023\/wp-content\/uploads\/2022\/11\/Cronograma-2023-1024x627.png\" alt=\"\" class=\"wp-image-167\" width=\"800\" srcset=\"https:\/\/acofi.edu.co\/eiei2023\/wp-content\/uploads\/2022\/11\/Cronograma-2023-1024x627.png 1024w, https:\/\/acofi.edu.co\/eiei2023\/wp-content\/uploads\/2022\/11\/Cronograma-2023-300x184.png 300w, https:\/\/acofi.edu.co\/eiei2023\/wp-content\/uploads\/2022\/11\/Cronograma-2023-768x470.png 768w, https:\/\/acofi.edu.co\/eiei2023\/wp-content\/uploads\/2022\/11\/Cronograma-2023.png 1189w\" sizes=\"(max-width: 1024px) 100vw, 1024px\" \/><\/figure>\n\n\n\n<hr class=\"wp-block-separator has-alpha-channel-opacity\"\/>\n\n\n\n<p><a href=\"#_ftnref1\" id=\"_ftn1\">[1]<\/a> Tomado de: XVII Reuni\u00f3n Nacional de Facultades de Ingenier\u00eda, ACOFI, 1997.<\/p>\n","protected":false},"excerpt":{"rendered":"<p>En el contexto actual y futuro, es posible afirmar que: \u2026 El estudiante de hoy ser\u00e1 ingeniero en un mundo cient\u00edfico y cambiante, donde ser\u00e1 m\u00e1s importante la tecnolog\u00eda que \u00e9l desarrollar\u00e1 y que cambiar\u00e1 el pa\u00eds, que la actual, que se le ense\u00f1e, porque ma\u00f1ana mismo ser\u00e1 obsoleta, inadecuada y antiecon\u00f3mica. \u2026 el ingeniero [&hellip;]<\/p>\n","protected":false},"author":1,"featured_media":0,"parent":17,"menu_order":0,"comment_status":"closed","ping_status":"closed","template":"","meta":{"_acf_changed":false,"footnotes":""},"class_list":["post-159","page","type-page","status-publish","hentry"],"acf":[],"_links":{"self":[{"href":"https:\/\/acofi.edu.co\/eiei2023\/wp-json\/wp\/v2\/pages\/159","targetHints":{"allow":["GET"]}}],"collection":[{"href":"https:\/\/acofi.edu.co\/eiei2023\/wp-json\/wp\/v2\/pages"}],"about":[{"href":"https:\/\/acofi.edu.co\/eiei2023\/wp-json\/wp\/v2\/types\/page"}],"author":[{"embeddable":true,"href":"https:\/\/acofi.edu.co\/eiei2023\/wp-json\/wp\/v2\/users\/1"}],"replies":[{"embeddable":true,"href":"https:\/\/acofi.edu.co\/eiei2023\/wp-json\/wp\/v2\/comments?post=159"}],"version-history":[{"count":3,"href":"https:\/\/acofi.edu.co\/eiei2023\/wp-json\/wp\/v2\/pages\/159\/revisions"}],"predecessor-version":[{"id":473,"href":"https:\/\/acofi.edu.co\/eiei2023\/wp-json\/wp\/v2\/pages\/159\/revisions\/473"}],"up":[{"embeddable":true,"href":"https:\/\/acofi.edu.co\/eiei2023\/wp-json\/wp\/v2\/pages\/17"}],"wp:attachment":[{"href":"https:\/\/acofi.edu.co\/eiei2023\/wp-json\/wp\/v2\/media?parent=159"}],"curies":[{"name":"wp","href":"https:\/\/api.w.org\/{rel}","templated":true}]}}