{"id":157,"date":"2022-11-03T16:50:41","date_gmt":"2022-11-03T16:50:41","guid":{"rendered":"https:\/\/acofi.edu.co\/eiei2023\/?page_id=157"},"modified":"2023-05-17T13:11:57","modified_gmt":"2023-05-17T13:11:57","slug":"informacion-academica-foro-de-estudiantes","status":"publish","type":"page","link":"https:\/\/acofi.edu.co\/eiei2023\/informacion-academica\/categorias-de-participacion\/informacion-academica-foro-de-estudiantes\/","title":{"rendered":"Foro colombiano de estudiantes de ingenier\u00eda (FCEI)"},"content":{"rendered":"\n<p>En el marco del EIEI ACOFI 2023 se realizar\u00e1 la d\u00e9cima versi\u00f3n del Foro Colombiano de Estudiantes de Ingenier\u00eda, para compartir experiencias sobre el compromiso social de la formaci\u00f3n en ingenier\u00eda por medio de talleres, retos, proyectos, conferencias y debates a partir de las distintas carreras y facultades de ingenier\u00eda. El objetivo de esta actividad es facilitar la retroalimentaci\u00f3n de los estudiantes hacia sus instituciones y dem\u00e1s compa\u00f1eros en el mejoramiento del proceso de aprendizaje y ense\u00f1anza de los programas de ingenier\u00eda.<\/p>\n\n\n\n<h2 class=\"wp-block-heading\"><strong>VII Muestra de trabajos de estudiantes de ingenier\u00eda ACOFI 2023<\/strong><\/h2>\n\n\n\n<h3 class=\"wp-block-heading\">Introducci\u00f3n<\/h3>\n\n\n\n<p>El reconocimiento del trabajo en el aula y su relaci\u00f3n con la sociedad se han convertido en un elemento importante y cada vez m\u00e1s com\u00fan en los procesos de formaci\u00f3n de ingenieros en Colombia. Llevar los proyectos m\u00e1s all\u00e1 de las aulas e invitar a otros actores les permite a los estudiantes enfrentarse a situaciones que fortalecen sus habilidades de abstracci\u00f3n, s\u00edntesis, comunicaci\u00f3n y planeaci\u00f3n, fundamentales en su desempe\u00f1o profesional.<br><br>Se han desarrollado diversas iniciativas en las facultades de ingenier\u00eda; sin embargo, estos ejercicios acad\u00e9micos se quedan en las asignaturas y la comunidad acad\u00e9mica los desconoce. En este sentido, se ha propuesto la muestra de trabajos de los mejores proyectos de estudiantes de pregrado de ingenier\u00eda, con el fin de visibilizar los avances que nacen desde las aulas y llegan a las comunidades.&nbsp;<\/p>\n\n\n\n<h3 class=\"wp-block-heading\">Objetivo<\/h3>\n\n\n\n<p>Reconocer el talento de los estudiantes de pregrado en el desarrollo de sus proyectos en grupos de trabajo.&nbsp;<\/p>\n\n\n\n<h3 class=\"wp-block-heading\">Dirigida a<\/h3>\n\n\n\n<p>Estudiantes de pregrado de las facultades, escuelas o programas de ingenier\u00eda. Pueden presentar sus trabajos de forma independiente o con el acompa\u00f1amiento de profesores y empresas, siempre que la mayor participaci\u00f3n sea de los estudiantes, para considerarlos en esta categor\u00eda.<\/p>\n\n\n\n<h3 class=\"wp-block-heading\">Metodolog\u00eda<\/h3>\n\n\n\n<p>Los trabajos ser\u00e1n expuestos <strong>\u00fanicamente en forma de p\u00f3ster<\/strong>. Los trabajos seleccionados se exhibir\u00e1n los d\u00edas 20, 21 y 22 de septiembre.<\/p>\n\n\n\n<h3 class=\"wp-block-heading\">Requisitos<\/h3>\n\n\n\n<ul class=\"wp-block-list\">\n<li>El proyecto debe ser producto del trabajo de un semillero o de emprendimiento social y empresarial.<\/li>\n\n\n\n<li>La mayor\u00eda de los integrantes del grupo deben ser estudiantes de pregrado de ingenier\u00eda.<\/li>\n\n\n\n<li>El proyecto debe haber sido desarrollado durante 2022 o el primer semestre de 2023.<\/li>\n\n\n\n<li>El grupo puede estar conformado por estudiantes de una o varias instituciones.<\/li>\n\n\n\n<li>El trabajo debe contar con el aval de la decanatura de la facultad o la direcci\u00f3n del programa acad\u00e9mico al que pertenezca.<\/li>\n<\/ul>\n\n\n\n<h3 class=\"wp-block-heading\">&nbsp;C\u00f3mo enviar su resumen<\/h3>\n\n\n\n<p><strong>*Se recomienda que este proceso lo realice el autor principal del trabajo, pues quien inicia el proceso es el \u00fanico contacto entre ACOFI y el trabajo a presentar.<br>**Es obligatorio incluir a todos los autores del trabajo en la plataforma acofipapers. Despu\u00e9s de subido el resumen no se pueden hacer modificaciones y no se permitir\u00e1 la adici\u00f3n o sustracci\u00f3n de autores despu\u00e9s de comenzado el proceso.<\/strong><\/p>\n\n\n\n<div data-wp-interactive=\"core\/file\" class=\"wp-block-file\"><object data-wp-bind--hidden=\"!state.hasPdfPreview\" hidden class=\"wp-block-file__embed\" data=\"https:\/\/acofi.edu.co\/eiei2023\/wp-content\/uploads\/2022\/11\/Instructivo-para-subir-resumen-2023-3.pdf\" type=\"application\/pdf\" style=\"width:100%;height:600px\" aria-label=\"PDF incrustado\"><\/object><a href=\"https:\/\/acofi.edu.co\/eiei2023\/wp-content\/uploads\/2022\/11\/Instructivo-para-subir-resumen-2023-3.pdf\" class=\"wp-block-file__button wp-element-button\" download>Descarga<\/a><\/div>\n\n\n\n<h2 class=\"wp-block-heading\"><strong>Concurso 3MT \u00ae<\/strong><\/h2>\n\n\n\n<h3 class=\"wp-block-heading\">Introducci\u00f3n<\/h3>\n\n\n\n<p>En la actualidad, adem\u00e1s de las habilidades propias de cada disciplina, es necesario que los futuros profesionales desarrollen competencias en comunicaci\u00f3n, entre otros temas, para poder interactuar mejor con la sociedad.<br><br>Iniciativas como Three minute thesis 3MT \u00ae, concurso que naci\u00f3 en la Universidad de Queensland en Australia en el a\u00f1o 2008, en el cual, los estudiantes de doctorado presentan en 3 minutos su tesis a un p\u00fablico no necesariamente experto. Actualmente, es una competencia en muchas universidades alrededor del mundo y constituye un reto para los participantes.<br><br>En el marco del Foro Colombiano de Estudiantes de Ingenier\u00eda (FCEI 2023), se realizar\u00e1 el concurso \u201cExposici\u00f3n mejores trabajos de estudiantes\u201d, para estudiantes de pregrado que hayan presentado su proyecto en la modalidad \u201cTrabajos de estudiantes\u201d de acuerdo con la clasificaci\u00f3n establecida para el EIEI ACOFI 2023. Esta actividad acad\u00e9mica se efectuar\u00e1 el viernes 22 de septiembre.<\/p>\n\n\n\n<h3 class=\"wp-block-heading\">Condiciones<\/h3>\n\n\n\n<ul class=\"wp-block-list\">\n<li>El trabajo solo podr\u00e1 ser presentado por uno de los autores del proyecto, que debe estar registrado en el EIEI ACOFI 2023, a m\u00e1s tardar hasta el 28 de julio de 2023.<\/li>\n\n\n\n<li>Enviar la presentaci\u00f3n, de m\u00e1ximo 2 diapositivas, \u00fanicamente en formato PDF, sin ninguna animaci\u00f3n, a m\u00e1s tardar el d\u00eda <strong>18 de agosto de 2023<\/strong>. No se recibir\u00e1n presentaciones despu\u00e9s de esta fecha y no se podr\u00e1n hacer modificaciones posteriores a las presentaciones. Al enviar las diapositivas quedar\u00e1 autom\u00e1ticamente inscrito en el concurso.<\/li>\n\n\n\n<li>Para la exposici\u00f3n no se podr\u00e1n utilizar otras ayudas audiovisuales, ni elementos adicionales, como prototipos ni elementos de utiler\u00eda.<\/li>\n\n\n\n<li>El tiempo para cada presentaci\u00f3n es de 3 minutos. En caso de exceder el tiempo queda descalificado.<\/li>\n\n\n\n<li>El tiempo de exposici\u00f3n inicia cuando el expositor comience su intervenci\u00f3n.<\/li>\n\n\n\n<li>La \u00fanica decisi\u00f3n ser\u00e1 emitida por el jurado calificador.<\/li>\n\n\n\n<li>Los participantes en el Concurso deben estar toda la jornada.<\/li>\n\n\n\n<li>Los estudiantes que hacen parte de la organizaci\u00f3n del FCEI no podr\u00e1n participar.<\/li>\n<\/ul>\n\n\n\n<p>Cada proyecto tendr\u00e1 tres minutos para su presentaci\u00f3n y ser\u00e1n evaluados por un jurado, que dar\u00e1 su dictamen e informar\u00e1 los ganadores al finalizar la jornada, con el premio correspondiente.<\/p>\n\n\n\n<h2 class=\"wp-block-heading\">Cronograma de actividades<\/h2>\n\n\n\n<figure class=\"wp-block-image size-large is-resized\"><img decoding=\"async\" src=\"http:\/\/acofi.edu.co\/eiei2023\/wp-content\/uploads\/2022\/11\/Cronograma-2023-1024x627.png\" alt=\"\" class=\"wp-image-167\" width=\"800\" srcset=\"https:\/\/acofi.edu.co\/eiei2023\/wp-content\/uploads\/2022\/11\/Cronograma-2023-1024x627.png 1024w, https:\/\/acofi.edu.co\/eiei2023\/wp-content\/uploads\/2022\/11\/Cronograma-2023-300x184.png 300w, https:\/\/acofi.edu.co\/eiei2023\/wp-content\/uploads\/2022\/11\/Cronograma-2023-768x470.png 768w, https:\/\/acofi.edu.co\/eiei2023\/wp-content\/uploads\/2022\/11\/Cronograma-2023.png 1189w\" sizes=\"(max-width: 1024px) 100vw, 1024px\" \/><\/figure>\n","protected":false},"excerpt":{"rendered":"<p>En el marco del EIEI ACOFI 2023 se realizar\u00e1 la d\u00e9cima versi\u00f3n del Foro Colombiano de Estudiantes de Ingenier\u00eda, para compartir experiencias sobre el compromiso social de la formaci\u00f3n en ingenier\u00eda por medio de talleres, retos, proyectos, conferencias y debates a partir de las distintas carreras y facultades de ingenier\u00eda. El objetivo de esta actividad [&hellip;]<\/p>\n","protected":false},"author":1,"featured_media":0,"parent":17,"menu_order":0,"comment_status":"closed","ping_status":"closed","template":"","meta":{"_acf_changed":false,"footnotes":""},"class_list":["post-157","page","type-page","status-publish","hentry"],"acf":[],"_links":{"self":[{"href":"https:\/\/acofi.edu.co\/eiei2023\/wp-json\/wp\/v2\/pages\/157","targetHints":{"allow":["GET"]}}],"collection":[{"href":"https:\/\/acofi.edu.co\/eiei2023\/wp-json\/wp\/v2\/pages"}],"about":[{"href":"https:\/\/acofi.edu.co\/eiei2023\/wp-json\/wp\/v2\/types\/page"}],"author":[{"embeddable":true,"href":"https:\/\/acofi.edu.co\/eiei2023\/wp-json\/wp\/v2\/users\/1"}],"replies":[{"embeddable":true,"href":"https:\/\/acofi.edu.co\/eiei2023\/wp-json\/wp\/v2\/comments?post=157"}],"version-history":[{"count":5,"href":"https:\/\/acofi.edu.co\/eiei2023\/wp-json\/wp\/v2\/pages\/157\/revisions"}],"predecessor-version":[{"id":475,"href":"https:\/\/acofi.edu.co\/eiei2023\/wp-json\/wp\/v2\/pages\/157\/revisions\/475"}],"up":[{"embeddable":true,"href":"https:\/\/acofi.edu.co\/eiei2023\/wp-json\/wp\/v2\/pages\/17"}],"wp:attachment":[{"href":"https:\/\/acofi.edu.co\/eiei2023\/wp-json\/wp\/v2\/media?parent=157"}],"curies":[{"name":"wp","href":"https:\/\/api.w.org\/{rel}","templated":true}]}}