{"id":155,"date":"2022-11-03T16:48:12","date_gmt":"2022-11-03T16:48:12","guid":{"rendered":"https:\/\/acofi.edu.co\/eiei2023\/?page_id=155"},"modified":"2023-05-17T13:10:56","modified_gmt":"2023-05-17T13:10:56","slug":"enedi","status":"publish","type":"page","link":"https:\/\/acofi.edu.co\/eiei2023\/informacion-academica\/categorias-de-participacion\/enedi\/","title":{"rendered":"Encuentro nacional de estudiantes de doctorado en ingenier\u00eda (ENEDI)"},"content":{"rendered":"\n<p>El Cap\u00edtulo Nacional de Doctorados en Ingenier\u00eda de ACOFI organiza el Quinto Encuentro Nacional de Estudiantes de Doctorado en Ingenier\u00eda (ENEDI), que se realizar\u00e1 del 20 al 22 de septiembre de 2023, en el marco del EIEI ACOFI 2023.<br><br>Esta nueva versi\u00f3n de ENEDI constituye una de las actividades principales del Cap\u00edtulo para fomentar la formaci\u00f3n de excelencia en dicho nivel y desarrollar estrategias de cooperaci\u00f3n sobre los esquemas curriculares, de investigaci\u00f3n y de innovaci\u00f3n actuales, frente a los retos que impone en Colombia la globalizaci\u00f3n e internacionalizaci\u00f3n de la educaci\u00f3n en el \u00e1mbito de los posgrados.<\/p>\n\n\n\n<h2 class=\"wp-block-heading\">Objetivos<\/h2>\n\n\n\n<ul class=\"wp-block-list\">\n<li>Promover el intercambio de experiencias entre los doctorandos para que fluya la informaci\u00f3n y generar espacios de conocimiento de actividades en \u00e1reas comunes.<\/li>\n\n\n\n<li>Realizar conferencias sobre temas de inter\u00e9s para la formaci\u00f3n en el nivel doctoral, exposiciones de p\u00f3steres y presentaciones orales.<\/li>\n\n\n\n<li>Destacar el papel de la formaci\u00f3n doctoral para la competitividad y la innovaci\u00f3n en el pa\u00eds.<\/li>\n\n\n\n<li>Fomentar la divulgaci\u00f3n del conocimiento generado a partir del avance de tesis doctorales.<\/li>\n\n\n\n<li>Propiciar la formaci\u00f3n y consolidaci\u00f3n de redes nacionales e internacionales propias del desarrollo de actividades de formaci\u00f3n doctoral en ingenier\u00eda.<\/li>\n<\/ul>\n\n\n\n<h2 class=\"wp-block-heading\">Mejores proyectos doctorales en ingenier\u00eda<\/h2>\n\n\n\n<p>El reconocimiento de los mejores proyectos de investigaci\u00f3n de los estudiantes de los programas nacionales de doctorado es fundamental para apoyar e incentivar el desarrollo de la investigaci\u00f3n cient\u00edfica con miras a elevar el aporte de la tecnolog\u00eda y la innovaci\u00f3n a la sociedad y la industria.<br>En el quinto Encuentro Nacional de Estudiantes de Doctorado en Ingenier\u00eda se reconocer\u00e1 el talento, la innovaci\u00f3n y la calidad de las investigaciones de los doctorandos en el desarrollo de sus disertaciones doctorales en Colombia. Con ese prop\u00f3sito se evaluar\u00e1n los trabajos distribuidos en los siguientes ejes tem\u00e1ticos:<\/p>\n\n\n\n<figure class=\"wp-block-table is-style-stripes\"><table class=\"has-luminous-vivid-amber-background-color has-background\"><tbody><tr><td><strong>Agroindustria y alimentos<\/strong><\/td><td>Trabajos que abarquen la producci\u00f3n, industrializaci\u00f3n y comercializaci\u00f3n de actividades agropecuarias, forestales, pesqueras y de alimentos o que busquen mejorar la eficiencia operativa de los procesos.<\/td><\/tr><tr><td><strong>Bioingenier\u00eda y biotecnolog\u00eda<\/strong><\/td><td>Investigaci\u00f3n b\u00e1sica o aplicada en ingenier\u00eda que aborde aspectos relacionados a las \u00e1reas de la vida y el uso de sistemas biol\u00f3gicos para conseguir productos y procesos para usos espec\u00edficos.<\/td><\/tr><tr><td><strong>Electr\u00f3nica y ciencias de la computaci\u00f3n<\/strong><\/td><td>Investigaciones realizadas en procesos de automatizaci\u00f3n, sistemas de control, tecnolog\u00edas de la informaci\u00f3n, ingenier\u00eda de software o procesos algor\u00edtmicos para el procesamiento digital de la informaci\u00f3n, entre otros.<\/td><\/tr><tr><td><strong>Industria<\/strong><\/td><td>Estudios que involucren las actividades manufactureras para la transformaci\u00f3n de materias primas en productos para el consumo final o intermedio a gran escala, as\u00ed como las investigaciones que consideren los recursos involucrados en la cadena de producci\u00f3n.<\/td><\/tr><tr><td><strong>Infraestructura y territorio<\/strong><\/td><td>Estudios sobre la relaci\u00f3n entre los elementos que componen el territorio con la planificaci\u00f3n y el desarrollo de infraestructura, tales como transporte, energ\u00e9tica, hidr\u00e1ulica o de telecomunicaciones para el soporte y desarrollo territorial.<\/td><\/tr><tr><td><strong>Medioambiente, energ\u00eda y sostenibilidad<\/strong><\/td><td>Estudios que consideren aportes para avanzar a la sostenibilidad planetaria y de los territorios o consideren el impacto de la actividad humana sobre el medioambiente.<\/td><\/tr><\/tbody><\/table><\/figure>\n\n\n\n<h2 class=\"wp-block-heading\">Metodolog\u00eda<\/h2>\n\n\n\n<p>Los trabajos ser\u00e1n expuestos <strong>en forma oral y en p\u00f3ster<\/strong>. Los trabajos seleccionados se presentar\u00e1n durante las jornadas acad\u00e9micas de ENEDI 2023 y se exhibir\u00e1n como p\u00f3steres los d\u00edas 20, 21 y 22 de este mes.<\/p>\n\n\n\n<h2 class=\"wp-block-heading\">Dirigida a<\/h2>\n\n\n\n<ul class=\"wp-block-list\">\n<li>Estudiantes activos de doctorado en ingenier\u00eda<\/li>\n<\/ul>\n\n\n\n<h2 class=\"wp-block-heading\">C\u00f3mo enviar su resumen<\/h2>\n\n\n\n<p><strong>*Se recomienda que este proceso lo realice el autor principal del trabajo, pues quien inicia el proceso es el \u00fanico contacto entre ACOFI y el trabajo a presentar.<br>**Es obligatorio incluir a todos los autores del trabajo en la plataforma acofipapers. Despu\u00e9s de subido el resumen no se pueden hacer modificaciones y no se permitir\u00e1 la adici\u00f3n o sustracci\u00f3n de autores despu\u00e9s de comenzado el proceso.<\/strong><\/p>\n\n\n\n<div data-wp-interactive=\"core\/file\" class=\"wp-block-file\"><object data-wp-bind--hidden=\"!state.hasPdfPreview\" hidden class=\"wp-block-file__embed\" data=\"https:\/\/acofi.edu.co\/eiei2023\/wp-content\/uploads\/2022\/11\/Instructivo-para-subir-resumen-2023-2.pdf\" type=\"application\/pdf\" style=\"width:100%;height:600px\" aria-label=\"PDF incrustado\"><\/object><a href=\"https:\/\/acofi.edu.co\/eiei2023\/wp-content\/uploads\/2022\/11\/Instructivo-para-subir-resumen-2023-2.pdf\" class=\"wp-block-file__button wp-element-button\" download>Descarga<\/a><\/div>\n\n\n\n<h2 class=\"wp-block-heading\">Cronograma de actividades<\/h2>\n\n\n\n<figure class=\"wp-block-image size-large is-resized\"><img decoding=\"async\" src=\"http:\/\/acofi.edu.co\/eiei2023\/wp-content\/uploads\/2022\/11\/Cronograma-2023-1024x627.png\" alt=\"\" class=\"wp-image-167\" width=\"800\" srcset=\"https:\/\/acofi.edu.co\/eiei2023\/wp-content\/uploads\/2022\/11\/Cronograma-2023-1024x627.png 1024w, https:\/\/acofi.edu.co\/eiei2023\/wp-content\/uploads\/2022\/11\/Cronograma-2023-300x184.png 300w, https:\/\/acofi.edu.co\/eiei2023\/wp-content\/uploads\/2022\/11\/Cronograma-2023-768x470.png 768w, https:\/\/acofi.edu.co\/eiei2023\/wp-content\/uploads\/2022\/11\/Cronograma-2023.png 1189w\" sizes=\"(max-width: 1024px) 100vw, 1024px\" \/><\/figure>\n","protected":false},"excerpt":{"rendered":"<p>El Cap\u00edtulo Nacional de Doctorados en Ingenier\u00eda de ACOFI organiza el Quinto Encuentro Nacional de Estudiantes de Doctorado en Ingenier\u00eda (ENEDI), que se realizar\u00e1 del 20 al 22 de septiembre de 2023, en el marco del EIEI ACOFI 2023. Esta nueva versi\u00f3n de ENEDI constituye una de las actividades principales del Cap\u00edtulo para fomentar la [&hellip;]<\/p>\n","protected":false},"author":1,"featured_media":0,"parent":17,"menu_order":0,"comment_status":"closed","ping_status":"closed","template":"","meta":{"_acf_changed":false,"footnotes":""},"class_list":["post-155","page","type-page","status-publish","hentry"],"acf":[],"_links":{"self":[{"href":"https:\/\/acofi.edu.co\/eiei2023\/wp-json\/wp\/v2\/pages\/155","targetHints":{"allow":["GET"]}}],"collection":[{"href":"https:\/\/acofi.edu.co\/eiei2023\/wp-json\/wp\/v2\/pages"}],"about":[{"href":"https:\/\/acofi.edu.co\/eiei2023\/wp-json\/wp\/v2\/types\/page"}],"author":[{"embeddable":true,"href":"https:\/\/acofi.edu.co\/eiei2023\/wp-json\/wp\/v2\/users\/1"}],"replies":[{"embeddable":true,"href":"https:\/\/acofi.edu.co\/eiei2023\/wp-json\/wp\/v2\/comments?post=155"}],"version-history":[{"count":4,"href":"https:\/\/acofi.edu.co\/eiei2023\/wp-json\/wp\/v2\/pages\/155\/revisions"}],"predecessor-version":[{"id":474,"href":"https:\/\/acofi.edu.co\/eiei2023\/wp-json\/wp\/v2\/pages\/155\/revisions\/474"}],"up":[{"embeddable":true,"href":"https:\/\/acofi.edu.co\/eiei2023\/wp-json\/wp\/v2\/pages\/17"}],"wp:attachment":[{"href":"https:\/\/acofi.edu.co\/eiei2023\/wp-json\/wp\/v2\/media?parent=155"}],"curies":[{"name":"wp","href":"https:\/\/api.w.org\/{rel}","templated":true}]}}