{"id":153,"date":"2022-11-03T16:47:08","date_gmt":"2022-11-03T16:47:08","guid":{"rendered":"https:\/\/acofi.edu.co\/eiei2023\/?page_id=153"},"modified":"2022-11-16T15:54:32","modified_gmt":"2022-11-16T15:54:32","slug":"avances","status":"publish","type":"page","link":"https:\/\/acofi.edu.co\/eiei2023\/informacion-academica\/categorias-de-participacion\/avances\/","title":{"rendered":"Avances en investigaci\u00f3n"},"content":{"rendered":"\n<p>En el marco del EIEI ACOFI 2023 se abordar\u00e1n los siguientes temas de inter\u00e9s sobre ingenier\u00eda, en los que se reflexionar\u00e1 y expondr\u00e1n experiencias de las instituciones de educaci\u00f3n superior y de la empresa, para destacar el desarrollo cient\u00edfico, tecnol\u00f3gico y su impacto social:<\/p>\n\n\n\n<figure class=\"wp-block-table is-style-stripes has-medium-font-size\"><table class=\"has-luminous-vivid-amber-background-color has-background\"><tbody><tr><td><strong>Calidad del agua y saneamiento b\u00e1sico<\/strong><\/td><td>Soluciones de ingenier\u00eda que garanticen:<br>&#8211; La utilizaci\u00f3n adecuada del recurso h\u00eddrico en las fuentes, transporte, consumo (residencial, industrial).<br>&#8211; La eliminaci\u00f3n de residuos y aguas residuales que promuevan un ambiente limpio y sano.<\/td><\/tr><tr><td><strong>Ingenier\u00eda para la salud<\/strong><\/td><td>Aportes de ingenier\u00eda que trav\u00e9s de la innovaci\u00f3n y el emprendimiento contribuyan al mejoramiento de la calidad de vida a trav\u00e9s de la salud.<\/td><\/tr><tr><td><strong>Energ\u00eda: transici\u00f3n, eficiencia y seguridad<\/strong><\/td><td>Proyectos de ingenier\u00eda que aporten optimizaci\u00f3n en su manejo, en el uso de los diferentes tipos de energ\u00eda, que promuevan los cambios en los modelos de producci\u00f3n, distribuci\u00f3n y consumo y garanticen su suministro de forma ambiental, t\u00e9cnica y econ\u00f3micamente sostenible.<\/td><\/tr><tr><td><strong>Tecnolog\u00eda 4.0<\/strong><\/td><td>Proyectos de ingenier\u00eda que se desarrollen a trav\u00e9s de la tecnolog\u00eda asociada a internet de las cosas, cloud computing, machine learning, inteligencia artificial, realidades extendidas, robots aut\u00f3nomos, ciberseguridad, deep learning, entre otros.<\/td><\/tr><\/tbody><\/table><\/figure>\n\n\n\n<h2 class=\"wp-block-heading\">Metodolog\u00eda<\/h2>\n\n\n\n<p>Los trabajos ser\u00e1n expuestos <strong>en forma oral y en p\u00f3ster<\/strong>. Los trabajos seleccionados se expondr\u00e1n en una jornada acad\u00e9mica el 19 de septiembre y se exhibir\u00e1n como p\u00f3steres los d\u00edas 20, 21 y 22 del mismo mes.<br><br>Los criterios de evaluaci\u00f3n son los siguientes:<\/p>\n\n\n\n<ul class=\"wp-block-list\">\n<li>Correspondencia con una investigaci\u00f3n.<\/li>\n\n\n\n<li>Componente de innovaci\u00f3n.<\/li>\n\n\n\n<li>Capacidad de implementaci\u00f3n, planeaci\u00f3n y alcance.<\/li>\n\n\n\n<li>Coherencia con uno de los aspectos propuestos.<\/li>\n\n\n\n<li>Contenido relevante.<\/li>\n<\/ul>\n\n\n\n<p>Los trabajos seleccionados deber\u00e1n anexar el dise\u00f1o de un p\u00f3ster que cumpla con los par\u00e1metros de coherencia, factibilidad y posibilidad de implementaci\u00f3n, adem\u00e1s de especificaciones que se dar\u00e1n a conocer oportunamente.<\/p>\n\n\n\n<h2 class=\"wp-block-heading\">Dirigida a<\/h2>\n\n\n\n<ul class=\"wp-block-list\">\n<li>Directivos, profesores, estudiantes y personal administrativo de las facultades, escuelas o programas de ingenier\u00eda que formen parte de investigaciones en cada uno de los aspectos considerados.<\/li>\n\n\n\n<li>Grupos de investigaci\u00f3n de facultades, escuelas o programas de ingenier\u00eda.<\/li>\n\n\n\n<li>Representantes del sector empresarial y del gobierno que est\u00e9n desarrollando investigaciones relacionadas con los aspectos sugeridos.<\/li>\n<\/ul>\n\n\n\n<h2 class=\"wp-block-heading\">C\u00f3mo enviar su resumen<\/h2>\n\n\n\n<p><strong>*Se recomienda que este proceso lo realice el autor principal del trabajo, pues quien inicia el proceso es el \u00fanico contacto entre ACOFI y el trabajo a presentar.<br>**Es obligatorio incluir a todos los autores del trabajo en la plataforma acofipapers. Despu\u00e9s de subido el resumen no se pueden hacer modificaciones y no se permitir\u00e1 la adici\u00f3n o sustracci\u00f3n de autores despu\u00e9s de comenzado el proceso.<\/strong><\/p>\n\n\n\n<div data-wp-interactive=\"core\/file\" class=\"wp-block-file\"><object data-wp-bind--hidden=\"!state.hasPdfPreview\" hidden class=\"wp-block-file__embed\" data=\"https:\/\/acofi.edu.co\/eiei2023\/wp-content\/uploads\/2022\/11\/Instructivo-para-subir-resumen-2023-1.pdf\" type=\"application\/pdf\" style=\"width:100%;height:600px\" aria-label=\"PDF incrustado\"><\/object><a href=\"https:\/\/acofi.edu.co\/eiei2023\/wp-content\/uploads\/2022\/11\/Instructivo-para-subir-resumen-2023-1.pdf\" class=\"wp-block-file__button wp-element-button\" download>Descarga<\/a><\/div>\n\n\n\n<h2 class=\"wp-block-heading\">Cronograma de actividades<\/h2>\n\n\n\n<figure class=\"wp-block-image size-large is-resized\"><img decoding=\"async\" src=\"http:\/\/acofi.edu.co\/eiei2023\/wp-content\/uploads\/2022\/11\/Cronograma-2023-1024x627.png\" alt=\"\" class=\"wp-image-167\" width=\"800\" srcset=\"https:\/\/acofi.edu.co\/eiei2023\/wp-content\/uploads\/2022\/11\/Cronograma-2023-1024x627.png 1024w, https:\/\/acofi.edu.co\/eiei2023\/wp-content\/uploads\/2022\/11\/Cronograma-2023-300x184.png 300w, https:\/\/acofi.edu.co\/eiei2023\/wp-content\/uploads\/2022\/11\/Cronograma-2023-768x470.png 768w, https:\/\/acofi.edu.co\/eiei2023\/wp-content\/uploads\/2022\/11\/Cronograma-2023.png 1189w\" sizes=\"(max-width: 1024px) 100vw, 1024px\" \/><\/figure>\n\n\n\n<p><\/p>\n","protected":false},"excerpt":{"rendered":"<p>En el marco del EIEI ACOFI 2023 se abordar\u00e1n los siguientes temas de inter\u00e9s sobre ingenier\u00eda, en los que se reflexionar\u00e1 y expondr\u00e1n experiencias de las instituciones de educaci\u00f3n superior y de la empresa, para destacar el desarrollo cient\u00edfico, tecnol\u00f3gico y su impacto social: Calidad del agua y saneamiento b\u00e1sico Soluciones de ingenier\u00eda que garanticen:&#8211; [&hellip;]<\/p>\n","protected":false},"author":1,"featured_media":0,"parent":17,"menu_order":0,"comment_status":"closed","ping_status":"closed","template":"","meta":{"_acf_changed":false,"footnotes":""},"class_list":["post-153","page","type-page","status-publish","hentry"],"acf":[],"_links":{"self":[{"href":"https:\/\/acofi.edu.co\/eiei2023\/wp-json\/wp\/v2\/pages\/153","targetHints":{"allow":["GET"]}}],"collection":[{"href":"https:\/\/acofi.edu.co\/eiei2023\/wp-json\/wp\/v2\/pages"}],"about":[{"href":"https:\/\/acofi.edu.co\/eiei2023\/wp-json\/wp\/v2\/types\/page"}],"author":[{"embeddable":true,"href":"https:\/\/acofi.edu.co\/eiei2023\/wp-json\/wp\/v2\/users\/1"}],"replies":[{"embeddable":true,"href":"https:\/\/acofi.edu.co\/eiei2023\/wp-json\/wp\/v2\/comments?post=153"}],"version-history":[{"count":12,"href":"https:\/\/acofi.edu.co\/eiei2023\/wp-json\/wp\/v2\/pages\/153\/revisions"}],"predecessor-version":[{"id":301,"href":"https:\/\/acofi.edu.co\/eiei2023\/wp-json\/wp\/v2\/pages\/153\/revisions\/301"}],"up":[{"embeddable":true,"href":"https:\/\/acofi.edu.co\/eiei2023\/wp-json\/wp\/v2\/pages\/17"}],"wp:attachment":[{"href":"https:\/\/acofi.edu.co\/eiei2023\/wp-json\/wp\/v2\/media?parent=153"}],"curies":[{"name":"wp","href":"https:\/\/api.w.org\/{rel}","templated":true}]}}