{"id":151,"date":"2022-11-03T16:46:46","date_gmt":"2022-11-03T16:46:46","guid":{"rendered":"https:\/\/acofi.edu.co\/eiei2023\/?page_id=151"},"modified":"2023-05-05T15:24:52","modified_gmt":"2023-05-05T15:24:52","slug":"trabajos-sobre-ensenanza-de-la-ingenieria","status":"publish","type":"page","link":"https:\/\/acofi.edu.co\/eiei2023\/informacion-academica\/categorias-de-participacion\/trabajos-sobre-ensenanza-de-la-ingenieria\/","title":{"rendered":"Ense\u00f1anza de la ingenier\u00eda"},"content":{"rendered":"\n<p>Se expondr\u00e1n las experiencias y propuestas de profesores e investigadores en educaci\u00f3n en ingenier\u00eda, por medio de trabajos de aula e investigaciones en los \u00e1mbitos de los siguientes ejes tem\u00e1ticos:<\/p>\n\n\n\n<ul class=\"wp-block-list\">\n<li>Calidad y acreditaci\u00f3n<\/li>\n\n\n\n<li>Evaluaci\u00f3n de la ense\u00f1anza en el aula<\/li>\n\n\n\n<li>Desarrollo curricular<\/li>\n\n\n\n<li>Procesos de ense\u00f1anza\u2013aprendizaje<\/li>\n<\/ul>\n\n\n\n<h2 class=\"wp-block-heading\">Metodolog\u00eda<\/h2>\n\n\n\n<p>Los trabajos ser\u00e1n expuestos <strong>\u00fanicamente en forma oral<\/strong> en los horarios especificados. De acuerdo con el correspondiente eje tem\u00e1tico, se presentar\u00e1n durante las sesiones paralelas y se concluir\u00e1 con una sesi\u00f3n de preguntas dentro del tiempo disponible.<\/p>\n\n\n\n<h2 class=\"wp-block-heading\">Dirigida a<\/h2>\n\n\n\n<ul class=\"wp-block-list\">\n<li>Directivos, profesores y personal administrativo de las facultades, escuelas o programas de ingenier\u00eda.<\/li>\n\n\n\n<li>Grupos de investigaci\u00f3n, de trabajo o de extensi\u00f3n de facultades, escuelas o programas de ingenier\u00eda.<\/li>\n\n\n\n<li>Representantes del sector empresarial y del gobierno que hayan desarrollado trabajos relacionados con los ejes tem\u00e1ticos.<\/li>\n<\/ul>\n\n\n\n<h2 class=\"wp-block-heading\">C\u00f3mo enviar su resumen<\/h2>\n\n\n\n<p><strong>*Se recomienda que este proceso lo realice el autor principal del trabajo, pues quien inicia el proceso es el \u00fanico contacto entre ACOFI y el trabajo a presentar.<br>**Es obligatorio incluir a todos los autores del trabajo en la plataforma acofipapers. Despu\u00e9s de subido el resumen no se pueden hacer modificaciones y no se permitir\u00e1 la adici\u00f3n o sustracci\u00f3n de autores despu\u00e9s de comenzado el proceso.<\/strong><\/p>\n\n\n\n<div data-wp-interactive=\"core\/file\" class=\"wp-block-file\"><object data-wp-bind--hidden=\"!state.hasPdfPreview\" hidden class=\"wp-block-file__embed\" data=\"https:\/\/acofi.edu.co\/eiei2023\/wp-content\/uploads\/2022\/11\/Instructivo-para-subir-resumen-2023.pdf\" type=\"application\/pdf\" style=\"width:100%;height:600px\" aria-label=\"PDF incrustado\"><\/object><a href=\"https:\/\/acofi.edu.co\/eiei2023\/wp-content\/uploads\/2022\/11\/Instructivo-para-subir-resumen-2023.pdf\" class=\"wp-block-file__button wp-element-button\" download>Descarga<\/a><\/div>\n\n\n\n<h2 class=\"wp-block-heading\">Cronograma de actividades<\/h2>\n\n\n\n<figure class=\"wp-block-image size-large is-resized\"><img decoding=\"async\" src=\"https:\/\/acofi.edu.co\/eiei2023\/wp-content\/uploads\/2022\/11\/Cronograma-2023-1024x627.png\" alt=\"\" class=\"wp-image-167\" width=\"800\" srcset=\"https:\/\/acofi.edu.co\/eiei2023\/wp-content\/uploads\/2022\/11\/Cronograma-2023-1024x627.png 1024w, https:\/\/acofi.edu.co\/eiei2023\/wp-content\/uploads\/2022\/11\/Cronograma-2023-300x184.png 300w, https:\/\/acofi.edu.co\/eiei2023\/wp-content\/uploads\/2022\/11\/Cronograma-2023-768x470.png 768w, https:\/\/acofi.edu.co\/eiei2023\/wp-content\/uploads\/2022\/11\/Cronograma-2023.png 1189w\" sizes=\"(max-width: 1024px) 100vw, 1024px\" \/><\/figure>\n","protected":false},"excerpt":{"rendered":"<p>Se expondr\u00e1n las experiencias y propuestas de profesores e investigadores en educaci\u00f3n en ingenier\u00eda, por medio de trabajos de aula e investigaciones en los \u00e1mbitos de los siguientes ejes tem\u00e1ticos: Metodolog\u00eda Los trabajos ser\u00e1n expuestos \u00fanicamente en forma oral en los horarios especificados. De acuerdo con el correspondiente eje tem\u00e1tico, se presentar\u00e1n durante las sesiones [&hellip;]<\/p>\n","protected":false},"author":1,"featured_media":0,"parent":17,"menu_order":0,"comment_status":"closed","ping_status":"closed","template":"","meta":{"_acf_changed":false,"footnotes":""},"class_list":["post-151","page","type-page","status-publish","hentry"],"acf":[],"_links":{"self":[{"href":"https:\/\/acofi.edu.co\/eiei2023\/wp-json\/wp\/v2\/pages\/151","targetHints":{"allow":["GET"]}}],"collection":[{"href":"https:\/\/acofi.edu.co\/eiei2023\/wp-json\/wp\/v2\/pages"}],"about":[{"href":"https:\/\/acofi.edu.co\/eiei2023\/wp-json\/wp\/v2\/types\/page"}],"author":[{"embeddable":true,"href":"https:\/\/acofi.edu.co\/eiei2023\/wp-json\/wp\/v2\/users\/1"}],"replies":[{"embeddable":true,"href":"https:\/\/acofi.edu.co\/eiei2023\/wp-json\/wp\/v2\/comments?post=151"}],"version-history":[{"count":9,"href":"https:\/\/acofi.edu.co\/eiei2023\/wp-json\/wp\/v2\/pages\/151\/revisions"}],"predecessor-version":[{"id":447,"href":"https:\/\/acofi.edu.co\/eiei2023\/wp-json\/wp\/v2\/pages\/151\/revisions\/447"}],"up":[{"embeddable":true,"href":"https:\/\/acofi.edu.co\/eiei2023\/wp-json\/wp\/v2\/pages\/17"}],"wp:attachment":[{"href":"https:\/\/acofi.edu.co\/eiei2023\/wp-json\/wp\/v2\/media?parent=151"}],"curies":[{"name":"wp","href":"https:\/\/api.w.org\/{rel}","templated":true}]}}