{"id":1266,"date":"2023-09-14T21:14:14","date_gmt":"2023-09-14T21:14:14","guid":{"rendered":"https:\/\/acofi.edu.co\/eiei2023\/?page_id=1266"},"modified":"2023-09-14T21:15:50","modified_gmt":"2023-09-14T21:15:50","slug":"descarga-nuestra-app","status":"publish","type":"page","link":"https:\/\/acofi.edu.co\/eiei2023\/descarga-nuestra-app\/","title":{"rendered":"Descarga nuestra App"},"content":{"rendered":"\n<p>ACOFI y el programa de Ingenier\u00eda de Sistemas de la Universidad El Bosque, presentan la APP del EIEI ACOFI, en la que encontrar\u00e1n la programaci\u00f3n de cada actividad del evento (EIEI, ENEDI, FCEI), los invitados, las conferencias, talleres, p\u00f3steres, patrocinadores e informaci\u00f3n de inter\u00e9s.<br><br>Esta APP le permitir\u00e1, a trav\u00e9s de diferentes filtros de b\u00fasqueda, encontrar la informaci\u00f3n que necesita, haciendo que su experiencia en el EIEI ACOFI 2022 sea de completo agrado.<br><br>Podr\u00e1 calificar las ponencias, los p\u00f3steres, los stands de la muestra comercial y dejar sus comentarios.<br><br>Disponible en:<\/p>\n\n\n\n<figure class=\"wp-block-image size-full\"><a href=\"https:\/\/play.google.com\/store\/apps\/details?id=edu.unbosque.acofiapp&amp;pli=1\"><img loading=\"lazy\" decoding=\"async\" width=\"300\" height=\"110\" src=\"https:\/\/acofi.edu.co\/eiei2023\/wp-content\/uploads\/2023\/09\/google-play-300x110-1.png\" alt=\"\" class=\"wp-image-1267\"\/><\/a><\/figure>\n\n\n\n<figure class=\"wp-block-image size-full\"><a href=\"https:\/\/apps.apple.com\/co\/app\/acofi-eiei\/id1473887330\"><img loading=\"lazy\" decoding=\"async\" width=\"300\" height=\"90\" src=\"https:\/\/acofi.edu.co\/eiei2023\/wp-content\/uploads\/2023\/09\/app-store-300x90-1.png\" alt=\"\" class=\"wp-image-1268\"\/><\/a><\/figure>\n","protected":false},"excerpt":{"rendered":"<p>ACOFI y el programa de Ingenier\u00eda de Sistemas de la Universidad El Bosque, presentan la APP del EIEI ACOFI, en la que encontrar\u00e1n la programaci\u00f3n de cada actividad del evento (EIEI, ENEDI, FCEI), los invitados, las conferencias, talleres, p\u00f3steres, patrocinadores e informaci\u00f3n de inter\u00e9s. Esta APP le permitir\u00e1, a trav\u00e9s de diferentes filtros de b\u00fasqueda, [&hellip;]<\/p>\n","protected":false},"author":1,"featured_media":0,"parent":0,"menu_order":0,"comment_status":"closed","ping_status":"closed","template":"","meta":{"_acf_changed":false,"footnotes":""},"class_list":["post-1266","page","type-page","status-publish","hentry"],"acf":[],"_links":{"self":[{"href":"https:\/\/acofi.edu.co\/eiei2023\/wp-json\/wp\/v2\/pages\/1266","targetHints":{"allow":["GET"]}}],"collection":[{"href":"https:\/\/acofi.edu.co\/eiei2023\/wp-json\/wp\/v2\/pages"}],"about":[{"href":"https:\/\/acofi.edu.co\/eiei2023\/wp-json\/wp\/v2\/types\/page"}],"author":[{"embeddable":true,"href":"https:\/\/acofi.edu.co\/eiei2023\/wp-json\/wp\/v2\/users\/1"}],"replies":[{"embeddable":true,"href":"https:\/\/acofi.edu.co\/eiei2023\/wp-json\/wp\/v2\/comments?post=1266"}],"version-history":[{"count":2,"href":"https:\/\/acofi.edu.co\/eiei2023\/wp-json\/wp\/v2\/pages\/1266\/revisions"}],"predecessor-version":[{"id":1271,"href":"https:\/\/acofi.edu.co\/eiei2023\/wp-json\/wp\/v2\/pages\/1266\/revisions\/1271"}],"wp:attachment":[{"href":"https:\/\/acofi.edu.co\/eiei2023\/wp-json\/wp\/v2\/media?parent=1266"}],"curies":[{"name":"wp","href":"https:\/\/api.w.org\/{rel}","templated":true}]}}