{"id":918,"date":"2019-09-03T19:38:46","date_gmt":"2019-09-03T19:38:46","guid":{"rendered":"http:\/\/acofi.edu.co\/eiei2019\/?page_id=918"},"modified":"2019-09-03T19:41:42","modified_gmt":"2019-09-03T19:41:42","slug":"servicio-comunitario","status":"publish","type":"page","link":"http:\/\/acofi.edu.co\/eiei2019\/categorias-de-participacion\/foro-de-estudiantes\/servicio-comunitario\/","title":{"rendered":"Servicio comunitario"},"content":{"rendered":"<p><strong>Objetivos<\/strong><\/p>\n<ul>\n<li>Reconocer la importancia del impacto social de los productos y servicios que generan las innovaciones en ingenier\u00eda.<\/li>\n<li>Proporcionar a los estudiantes de educaci\u00f3n media un acercamiento a la ingenier\u00eda mediante la soluci\u00f3n de problemas reales de su entorno escolar.<\/li>\n<li>Identificar problemas cotidianos y sus respectivas soluciones desde la Ingenier\u00eda, como consecuencia de la interacci\u00f3n entre estudiantes de educaci\u00f3n media y educaci\u00f3n superior.<strong>\u00a0<\/strong><\/li>\n<\/ul>\n<p><strong>Justificaci\u00f3n dentro del marco del FCEI<\/strong><\/p>\n<p>La ingenier\u00eda brinda herramientas para la concepci\u00f3n, dise\u00f1o e implementaci\u00f3n de soluciones a las problem\u00e1ticas cotidianas que las comunidades enfrentan. La comunidad flotante y residente del entorno escolar del Colegio, presenta una serie de problem\u00e1ticas reales que pueden ser identificadas y solucionadas mediante la interacci\u00f3n entre los estudiantes de educaci\u00f3n media y los estudiantes de educaci\u00f3n superior, que en conjunto dise\u00f1ar\u00e1n e implementar\u00e1n proyectos sostenibles desde la Ingenier\u00eda. Para tal fin, se busca que los participantes del Servicio Comunitario en equipos multidisciplinarios, desarrollen habilidades para dise\u00f1ar e implementar productos y servicios que satisfagan las necesidades econ\u00f3micas, sociales y ambientales del entorno, y comprender el impacto de estas soluciones de ingenier\u00eda en diferentes contextos.<\/p>\n<p><strong>Agenda<\/strong><\/p>\n<p><strong>\u00a0<a href=\"http:\/\/acofi.edu.co\/eiei2019\/categorias-de-participacion\/foro-de-estudiantes\/servicio-comunitario\/sembrando-ing\/#main\" rel=\"attachment wp-att-922\"><img loading=\"lazy\" class=\"alignnone wp-image-922\" src=\"http:\/\/www.acofi.edu.co\/eiei2019\/wp-content\/uploads\/2019\/09\/Sembrando-ing.jpg\" alt=\"\" width=\"700\" height=\"265\" srcset=\"http:\/\/www.acofi.edu.co\/eiei2019\/wp-content\/uploads\/2019\/09\/Sembrando-ing.jpg 1359w, http:\/\/www.acofi.edu.co\/eiei2019\/wp-content\/uploads\/2019\/09\/Sembrando-ing-300x113.jpg 300w, http:\/\/www.acofi.edu.co\/eiei2019\/wp-content\/uploads\/2019\/09\/Sembrando-ing-768x290.jpg 768w, http:\/\/www.acofi.edu.co\/eiei2019\/wp-content\/uploads\/2019\/09\/Sembrando-ing-1024x387.jpg 1024w\" sizes=\"(max-width: 700px) 100vw, 700px\" \/><\/a><\/strong><\/p>\n<p><strong>Aspectos log\u00edsticos<\/strong><\/p>\n<p>Fecha: Jueves 12 de septiembre<\/p>\n<p>Hora: 11:00 \u2013 13:00<\/p>\n<p>Lugar: Instituci\u00f3n Educativa San Lucas, sede El Milagro (Barrio El Milagro, Cl. 17 61 44, Calle Valencia)<\/p>\n<p>Participantes:<\/p>\n<ul>\n<li>75 estudiantes de educaci\u00f3n media.<\/li>\n<li>25 estudiantes del FCEI<\/li>\n<\/ul>\n","protected":false},"excerpt":{"rendered":"<p>Objetivos Reconocer la importancia del impacto social de los productos y servicios que generan las innovaciones en ingenier\u00eda. Proporcionar a los estudiantes de educaci\u00f3n media un acercamiento a la ingenier\u00eda mediante la soluci\u00f3n de problemas reales de su entorno escolar. Identificar problemas cotidianos y sus respectivas soluciones desde la Ingenier\u00eda, como consecuencia de la interacci\u00f3n [&hellip;]<\/p>\n","protected":false},"author":1,"featured_media":0,"parent":119,"menu_order":0,"comment_status":"closed","ping_status":"closed","template":"","meta":[],"_links":{"self":[{"href":"http:\/\/acofi.edu.co\/eiei2019\/wp-json\/wp\/v2\/pages\/918"}],"collection":[{"href":"http:\/\/acofi.edu.co\/eiei2019\/wp-json\/wp\/v2\/pages"}],"about":[{"href":"http:\/\/acofi.edu.co\/eiei2019\/wp-json\/wp\/v2\/types\/page"}],"author":[{"embeddable":true,"href":"http:\/\/acofi.edu.co\/eiei2019\/wp-json\/wp\/v2\/users\/1"}],"replies":[{"embeddable":true,"href":"http:\/\/acofi.edu.co\/eiei2019\/wp-json\/wp\/v2\/comments?post=918"}],"version-history":[{"count":4,"href":"http:\/\/acofi.edu.co\/eiei2019\/wp-json\/wp\/v2\/pages\/918\/revisions"}],"predecessor-version":[{"id":923,"href":"http:\/\/acofi.edu.co\/eiei2019\/wp-json\/wp\/v2\/pages\/918\/revisions\/923"}],"up":[{"embeddable":true,"href":"http:\/\/acofi.edu.co\/eiei2019\/wp-json\/wp\/v2\/pages\/119"}],"wp:attachment":[{"href":"http:\/\/acofi.edu.co\/eiei2019\/wp-json\/wp\/v2\/media?parent=918"}],"curies":[{"name":"wp","href":"https:\/\/api.w.org\/{rel}","templated":true}]}}