{"id":912,"date":"2019-09-03T19:34:26","date_gmt":"2019-09-03T19:34:26","guid":{"rendered":"http:\/\/acofi.edu.co\/eiei2019\/?page_id=912"},"modified":"2019-09-03T19:35:56","modified_gmt":"2019-09-03T19:35:56","slug":"contaminacion-ambiental","status":"publish","type":"page","link":"http:\/\/acofi.edu.co\/eiei2019\/categorias-de-participacion\/foro-de-estudiantes\/contaminacion-ambiental\/","title":{"rendered":"Contaminaci\u00f3n ambiental"},"content":{"rendered":"<p><strong>Objetivos (ABET)<\/strong><\/p>\n<ul>\n<li>Dise\u00f1ar sistemas, componentes o procesos para la toma de decisiones con restricciones reales, para satisfacer las necesidades econ\u00f3micas, sociales, ambientales, pol\u00edticas, de salud y de seguridad (Outcome C).<\/li>\n<li>Operar en equipos multidisciplinarios (Outcome D).<\/li>\n<li>Identificar, formular y resolver problemas de ingenier\u00eda (Outcome E).<\/li>\n<li>Adquirir los conocimientos para comprender el impacto de las soluciones de ingenier\u00eda en un contexto global, ambiental y social (Outcome H).<\/li>\n<\/ul>\n<p><strong>\u00a0<\/strong><strong>Descripci\u00f3n<\/strong><\/p>\n<p>La contaminaci\u00f3n ambiental es una problem\u00e1tica mundial que requiere de soluciones innovadoras desde la ingenier\u00eda. La ingenier\u00eda social proporciona un escenario de equidad en el que todos los ciudadanos tienen acceso a bienes y servicios que les permite subsistir y desarrollar sus capacidades para competir en igualdad de condiciones. As\u00ed mismo, la ingenier\u00eda sostenible busca desarrollar procesos amigables con el medio ambiente y conscientes del limitado uso y disponibilidad de los recursos naturales. Estos escenarios de equidad y sostenibilidad ser\u00edan posibles si los productos y servicios que desarrolla la Ingenier\u00eda, tienen en cuenta entre otras cosas, pol\u00edticas de inclusi\u00f3n global como la Agenda 2030 de los Objetivos de Desarrollo Sostenible (ODS). Los Objetivos de Desarrollo Sostenible representan un llamado universal a la adopci\u00f3n de medidas para erradicar la pobreza, cuidar el planeta y garantizar la paz y la prosperidad. Para tal fin, este taller de contaminaci\u00f3n ambiental busca promover en los estudiantes participantes la conformaci\u00f3n de equipos multidisciplinarios para el desarrollo de soluciones sostenibles con impacto social y la aplicaci\u00f3n de habilidades para la resoluci\u00f3n de problem\u00e1ticas ambientales reales. Las soluciones ambientales propuestas por los estudiantes, ser\u00e1n el producto final de la metodolog\u00eda OCDIO (Observaci\u00f3n, Concepci\u00f3n, Dise\u00f1o, Implementaci\u00f3n y Operaci\u00f3n) desarrollada durante la semana, en la que se abordar\u00e1n todas las fases hasta la fase de Dise\u00f1o, y se presentar\u00e1n estos avances a un auditorio de ingenieros expertos.<\/p>\n<p><strong>Agenda<\/strong><strong>\u00a0<\/strong><\/p>\n<ol>\n<li><strong> Contextualizaci\u00f3n (90 minutos)<\/strong><\/li>\n<\/ol>\n<p>Mi\u00e9rcoles 11 de septiembre (11:30 \u2013 13:00), Centro de Convenciones, Sal\u00f3n 304.<\/p>\n<p>En la contextualizaci\u00f3n el experto har\u00e1 una charla introductoria de 40 minutos por tem\u00e1tica.<\/p>\n<p><strong>\u00a0<\/strong><\/p>\n<ol start=\"2\">\n<li><strong> Fase de Observaci\u00f3n (120 minutos)<\/strong><\/li>\n<\/ol>\n<p>Mi\u00e9rcoles 11 de septiembre (14:30 \u2013 16:30), Centro de Convenciones, Sal\u00f3n 304 B.<\/p>\n<p>2.1 Conformaci\u00f3n de grupos de trabajo (20 minutos)<\/p>\n<p>2.2 Descripci\u00f3n de la metodolog\u00eda OCDIO y de la fase de observaci\u00f3n (10 minutos)<\/p>\n<p>2.3 Desarrollo fase de observaci\u00f3n (50 minutos)<\/p>\n<p>Cada grupo deber\u00e1 identificar el contexto del problema y la problem\u00e1tica a solucionar.<\/p>\n<p>2.4 Presentaci\u00f3n fase de observaci\u00f3n (40 minutos)<\/p>\n<p>Cada grupo deber\u00e1 presentar la descripci\u00f3n del problema, las evidencias de dicho problema y los actores involucrados.<\/p>\n<p><strong>\u00a0<\/strong><\/p>\n<ol start=\"3\">\n<li><strong> Fase de Concepci\u00f3n (105 minutos)<\/strong><\/li>\n<\/ol>\n<p>Mi\u00e9rcoles 11 de septiembre (17:00 \u2013 18:45), Centro de Convenciones, Sal\u00f3n 304 B.<\/p>\n<p>3.1 Descripci\u00f3n de la fase de concepci\u00f3n (15 minutos)<\/p>\n<p>3.2 Desarrollo de la fase de concepci\u00f3n (50 minutos)<\/p>\n<p>Cada grupo deber\u00e1 identificar las soluciones que se le dan actualmente al problema, los requerimientos de la soluci\u00f3n y el plan de acci\u00f3n.<\/p>\n<p>3.3 Presentaci\u00f3n de la fase de concepci\u00f3n (40 minutos)<\/p>\n<p>Cada grupo deber\u00e1 presentar una descripci\u00f3n general de la soluci\u00f3n propuesta, de la poblaci\u00f3n objetivo y de c\u00f3mo resuelve el problema.<\/p>\n<p><strong>\u00a0<\/strong><\/p>\n<ol start=\"4\">\n<li><strong> Fase de Dise\u00f1o (180 minutos)<\/strong><\/li>\n<\/ol>\n<p>Jueves 12 de septiembre (08:00 \u2013 10:30), Centro de Convenciones, Sal\u00f3n 303 B.<\/p>\n<p>4.1 Descripci\u00f3n de la fase de dise\u00f1o (10 minutos)<\/p>\n<p>4.2 Desarrollo del dise\u00f1o de la soluci\u00f3n (120 minutos)<\/p>\n<p>Cada grupo deber\u00e1 desarrollar el storyboard del usuario usando la soluci\u00f3n en el contexto y los bocetos de la soluci\u00f3n mostrando c\u00f3mo se ver\u00eda y como se usar\u00eda.<\/p>\n<p>4.3 Presentaci\u00f3n del dise\u00f1o de la soluci\u00f3n (50 minutos)<\/p>\n<p>Cada grupo deber\u00e1 presentar el dise\u00f1o de la soluci\u00f3n.<\/p>\n<p>&nbsp;<\/p>\n<ol start=\"5\">\n<li><strong> Preparaci\u00f3n de proyectos (90 minutos)<\/strong><\/li>\n<\/ol>\n<p>Jueves 12 de septiembre de 2019 (14:30 \u2013 16:00), Centro de Convenciones, Sal\u00f3n 304.<\/p>\n<p>5.1 Descripci\u00f3n de la presentaci\u00f3n final (10 minutos)<\/p>\n<p>5.2 Desarrollo de la presentaci\u00f3n final (40 minutos)<\/p>\n<p>Cada grupo deber\u00e1 desarrollar la descripci\u00f3n del problema, la descripci\u00f3n de la soluci\u00f3n, la demostraci\u00f3n de la soluci\u00f3n y c\u00f3mo podr\u00eda validarla con el usuario final.<\/p>\n<p>5.3 Ensayo de la presentaci\u00f3n final (40 minutos)<\/p>\n<p>&nbsp;<\/p>\n<ol start=\"6\">\n<li><strong> Presentaci\u00f3n de proyectos (120 minutos)<\/strong><\/li>\n<\/ol>\n<p>Jueves 12 de septiembre de 2019 (16:30 \u2013 18:30), Centro de Convenciones, Sal\u00f3n 304.<\/p>\n<p><strong>\u00a0<\/strong><\/p>\n<p><strong>Aspectos log\u00edsticos<\/strong><\/p>\n<ul>\n<li>Fecha y horario: mi\u00e9rcoles 11 y jueves 12 de septiembre de 2019<\/li>\n<li>Idioma: espa\u00f1ol.<\/li>\n<li>N\u00famero de participantes: 50<\/li>\n<li>Lugar: Centro de Convenciones Cartagena, mi\u00e9rcoles 11 (304, ma\u00f1ana \u2013 304B, tarde); jueves 12 (303B, ma\u00f1ana \u2013 304 tarde)<\/li>\n<\/ul>\n","protected":false},"excerpt":{"rendered":"<p>Objetivos (ABET) Dise\u00f1ar sistemas, componentes o procesos para la toma de decisiones con restricciones reales, para satisfacer las necesidades econ\u00f3micas, sociales, ambientales, pol\u00edticas, de salud y de seguridad (Outcome C). Operar en equipos multidisciplinarios (Outcome D). Identificar, formular y resolver problemas de ingenier\u00eda (Outcome E). Adquirir los conocimientos para comprender el impacto de las soluciones [&hellip;]<\/p>\n","protected":false},"author":1,"featured_media":0,"parent":119,"menu_order":0,"comment_status":"closed","ping_status":"closed","template":"","meta":[],"_links":{"self":[{"href":"http:\/\/acofi.edu.co\/eiei2019\/wp-json\/wp\/v2\/pages\/912"}],"collection":[{"href":"http:\/\/acofi.edu.co\/eiei2019\/wp-json\/wp\/v2\/pages"}],"about":[{"href":"http:\/\/acofi.edu.co\/eiei2019\/wp-json\/wp\/v2\/types\/page"}],"author":[{"embeddable":true,"href":"http:\/\/acofi.edu.co\/eiei2019\/wp-json\/wp\/v2\/users\/1"}],"replies":[{"embeddable":true,"href":"http:\/\/acofi.edu.co\/eiei2019\/wp-json\/wp\/v2\/comments?post=912"}],"version-history":[{"count":3,"href":"http:\/\/acofi.edu.co\/eiei2019\/wp-json\/wp\/v2\/pages\/912\/revisions"}],"predecessor-version":[{"id":916,"href":"http:\/\/acofi.edu.co\/eiei2019\/wp-json\/wp\/v2\/pages\/912\/revisions\/916"}],"up":[{"embeddable":true,"href":"http:\/\/acofi.edu.co\/eiei2019\/wp-json\/wp\/v2\/pages\/119"}],"wp:attachment":[{"href":"http:\/\/acofi.edu.co\/eiei2019\/wp-json\/wp\/v2\/media?parent=912"}],"curies":[{"name":"wp","href":"https:\/\/api.w.org\/{rel}","templated":true}]}}