{"id":885,"date":"2019-08-22T16:58:08","date_gmt":"2019-08-22T16:58:08","guid":{"rendered":"http:\/\/acofi.edu.co\/eiei2019\/?page_id=885"},"modified":"2019-08-22T17:03:59","modified_gmt":"2019-08-22T17:03:59","slug":"iot","status":"publish","type":"page","link":"http:\/\/acofi.edu.co\/eiei2019\/categorias-de-participacion\/foro-de-estudiantes\/iot\/","title":{"rendered":"Internet de las cosas (IoT)"},"content":{"rendered":"<p><strong>Definici\u00f3n <\/strong><\/p>\n<p>Internet de las Cosas es una traducci\u00f3n de la expresi\u00f3n en ingl\u00e9s\u00a0<em>Internet of Things (IoT),\u00a0<\/em>que describe un escenario en el que diversas cosas est\u00e1n conectadas y se comunican. Esa innovaci\u00f3n tecnol\u00f3gica tiene como objetivo conectar los \u00edtems que usamos diariamente a internet, con el objetivo de aproximar cada vez m\u00e1s el mundo f\u00edsico a la digital.<a href=\"#_ftn1\" name=\"_ftnref1\">[1]<\/a><\/p>\n<p><em>Historia<\/em><\/p>\n<p>El t\u00e9rmino naci\u00f3 en 1999, cuando Kevin Ashton, de Massachusetts Institute of Technology (MIT), escribi\u00f3 el art\u00edculo \u201cLas cosas de Internet de las Cosas\u201d. Para \u00e9l, la falta de tiempo de las personas genera la necesidad de conectarse en internet de nuevas maneras. Estas permiten la creaci\u00f3n de dispositivos que ejecutan tareas que no necesitamos hacer. Estos dispositivos conversan por medios de diferentes protocolos dentro de la misma red, acompa\u00f1an nuestras actividades, almacenan informaci\u00f3n y, a partir de ah\u00ed, no auxilian en el d\u00eda a d\u00eda. Cuando hablamos de \u201ccosas\u201d, nos referimos a cualquier cosa. \u00a1de verdad! Ya estamos acostumbrados a usar internet con los Smartphone, computadoras, Tv Smart y videojuegos, pero en este contexto la idea no es tener un medio m\u00e1s para conectarse a internet en s\u00ed, sino hacer con que los dispositivos sean m\u00e1s eficientes. Adem\u00e1s de contribuir para optimizar recursos naturales, para la salud y otras in\u00fameras oportunidades.<a href=\"#_ftn2\" name=\"_ftnref2\">[2]<\/a><\/p>\n<p><strong>\u00a0<\/strong><em>Ventajas<\/em><\/p>\n<ul>\n<li>Gracias a la tecnolog\u00eda, en esta nueva sociedad digital que se nos presenta, la comunicaci\u00f3n con el entorno ser\u00e1 la clave para que funcionemos.<\/li>\n<li>El estar conectados con personas de todo el mundo y poder intercambiar informaci\u00f3n en cuesti\u00f3n de minutos.<\/li>\n<li>La informaci\u00f3n est\u00e1 al alcance de cualquiera que quiera hacerse con ella, en la mayor biblioteca del mundo: la nube digital.<\/li>\n<li>La posibilidad de comparar puntos de vista, porque sobre cualquier notica tendremos a la mano la versi\u00f3n de todas las personas que quieran compartirla.<\/li>\n<li>Estaremos siempre a la vanguardia en todos los temas y actualizaciones de nuestras ingenier\u00edas<\/li>\n<\/ul>\n<p><em>Desventajas<\/em><\/p>\n<ul>\n<li>Aprender a detectar informaci\u00f3n fiable e interesante de la que nos llega sin contrastar.<\/li>\n<li>Porque si nuestros estudiantes, en lugar de esforzarse cono descubrir, copian y pegan lo que leen, poco favor hacemos a la sociedad del futuro.<\/li>\n<li>Adem\u00e1s de tener la necesidad de andar prevenidos a toda hora por los virus que cargan en la red.<\/li>\n<\/ul>\n<p><strong>\u00a0<\/strong><em>Pilares fundamentales<\/em><\/p>\n<p><strong>\u00a0<a href=\"http:\/\/acofi.edu.co\/eiei2019\/categorias-de-participacion\/foro-de-estudiantes\/iot\/pilares\/#main\" rel=\"attachment wp-att-890\"><img loading=\"lazy\" class=\"alignnone wp-image-890\" src=\"http:\/\/www.acofi.edu.co\/eiei2019\/wp-content\/uploads\/2019\/08\/Pilares.png\" alt=\"\" width=\"300\" height=\"399\" srcset=\"http:\/\/www.acofi.edu.co\/eiei2019\/wp-content\/uploads\/2019\/08\/Pilares.png 339w, http:\/\/www.acofi.edu.co\/eiei2019\/wp-content\/uploads\/2019\/08\/Pilares-225x300.png 225w\" sizes=\"(max-width: 300px) 100vw, 300px\" \/><\/a><\/strong><\/p>\n<p><strong>Justificaci\u00f3n dentro del marco del FCEI<\/strong><\/p>\n<ol>\n<li>Prop\u00f3sitos<\/li>\n<\/ol>\n<ul>\n<li>Exponer todas las aplicaciones del IoT para su implementaci\u00f3n en cada una de las ingenier\u00edas.<\/li>\n<li>Aplicar los conceptos desarrollados para la resoluci\u00f3n de problemas de la vida real.<\/li>\n<li>Fomentar el trabajo interdisciplinario entre los asistentes del FCEI.<\/li>\n<\/ul>\n<p>El IoT es un concepto globalizado actualmente. Sus aplicaciones pueden verse en sectores como el industrial, mercado dom\u00e9stico y ciudades inteligentes. Dom\u00f3tica, salud, agr\u00edcola, ganader\u00eda, hosteler\u00eda, gesti\u00f3n ambiental, tr\u00e1fico y suministros son solo algunos de los usos pr\u00e1cticos en la cotidianidad. Adem\u00e1s de lo anteriormente mencionado, el IoT resuelve grandes problem\u00e1ticas que se presentan, entre ellas, las relacionadas con seguridad, se quiere utilizar esta tecnolog\u00eda para reducir los desacuerdos en transacciones entre empresas y usuarios.<\/p>\n<p>Finalmente, en materia de innovaci\u00f3n tiene mucho potencial y, por supuesto, es un gran aporte para lo que son las ciudades inteligentes y proyectos de infraestructura, experimentando de un crecimiento exponencial en beneficio de la sociedad.<\/p>\n<ol start=\"2\">\n<li>Perspectivas<\/li>\n<\/ol>\n<p><a href=\"http:\/\/acofi.edu.co\/eiei2019\/categorias-de-participacion\/foro-de-estudiantes\/iot\/perspectivas\/#main\" rel=\"attachment wp-att-891\"><img loading=\"lazy\" class=\"alignnone wp-image-891 size-full\" src=\"http:\/\/www.acofi.edu.co\/eiei2019\/wp-content\/uploads\/2019\/08\/Perspectivas.png\" alt=\"\" width=\"488\" height=\"662\" srcset=\"http:\/\/www.acofi.edu.co\/eiei2019\/wp-content\/uploads\/2019\/08\/Perspectivas.png 488w, http:\/\/www.acofi.edu.co\/eiei2019\/wp-content\/uploads\/2019\/08\/Perspectivas-221x300.png 221w\" sizes=\"(max-width: 488px) 100vw, 488px\" \/><\/a><\/p>\n<ol start=\"3\">\n<li>Metodolog\u00eda<\/li>\n<\/ol>\n<p>El mi\u00e9rcoles 11 de septiembre se trabajar\u00e1 la tem\u00e1tica de Internet de las cosas, bajo la metodolog\u00eda de planes de acci\u00f3n, empleados en las anteriores versiones del FCEI. Los criterios b\u00e1sicos de elaboraci\u00f3n se explican a continuaci\u00f3n.<\/p>\n<ul>\n<li>Esquemas borrador del plan de acci\u00f3n trabajados durante el foro, con comentario de retroalimentaci\u00f3n.<\/li>\n<li>Documento escrito, donde se exponga:<\/li>\n<\/ul>\n<ol>\n<li>Problem\u00e1tica identificada<\/li>\n<li>Ideas destacadas, previamente seleccionada de una lluvia de ideas<\/li>\n<li>Eje principal, bajo el cual se conform\u00f3 el equipo<\/li>\n<li>Resumen del plan de acci\u00f3n<\/li>\n<li>\u201cElevator Pitch\u201d, modelo en el cual permite vender de la manera \u00f3ptima un producto o servicio.<\/li>\n<\/ol>\n<ul>\n<li>Presentaci\u00f3n, en la plataforma de preferencia, en donde se exponga en su totalidad el plan de acci\u00f3n acompa\u00f1ado de una presentaci\u00f3n oral.<\/li>\n<li>Charla TED<\/li>\n<\/ul>\n<p>Para la contextualizaci\u00f3n de la tem\u00e1tica se propone una charla TED debido a la exposici\u00f3n de acontecimientos sociales, adem\u00e1s de proponer soluciones oportunas, en donde el tiempo de presentaci\u00f3n tiene una duraci\u00f3n de 12 a 18 minutos.<\/p>\n<p>What is the Internet of Things? And why should you care? | Benson Hougland | TEDxTemecula<\/p>\n<p><a href=\"https:\/\/youtu.be\/_AlcRoqS65E\">https:\/\/youtu.be\/_AlcRoqS65E<\/a><\/p>\n<p><strong>Agenda<\/strong><strong>\u00a0<\/strong><\/p>\n<p><a href=\"http:\/\/acofi.edu.co\/eiei2019\/categorias-de-participacion\/foro-de-estudiantes\/iot\/agenda\/#main\" rel=\"attachment wp-att-893\"><img loading=\"lazy\" class=\"alignnone wp-image-893\" src=\"http:\/\/www.acofi.edu.co\/eiei2019\/wp-content\/uploads\/2019\/08\/Agenda.png\" alt=\"\" width=\"800\" height=\"466\" srcset=\"http:\/\/www.acofi.edu.co\/eiei2019\/wp-content\/uploads\/2019\/08\/Agenda.png 929w, http:\/\/www.acofi.edu.co\/eiei2019\/wp-content\/uploads\/2019\/08\/Agenda-300x175.png 300w, http:\/\/www.acofi.edu.co\/eiei2019\/wp-content\/uploads\/2019\/08\/Agenda-768x447.png 768w\" sizes=\"(max-width: 800px) 100vw, 800px\" \/><\/a><\/p>\n<p><strong>Aspectos log\u00edsticos<\/strong><\/p>\n<ul>\n<li>Fecha y horario: mi\u00e9rcoles 11 y jueves 12 de septiembre de 2019<\/li>\n<li>Idioma: espa\u00f1ol.<\/li>\n<li>N\u00famero de participantes: 50<\/li>\n<li>Lugar: Centro de Convenciones Cartagena, mi\u00e9rcoles 11 (304, ma\u00f1ana \u2013 304A, tarde); jueves 12 (303A, ma\u00f1ana \u2013 304 tarde)<\/li>\n<\/ul>\n<p><a href=\"#_ftnref1\" name=\"_ftn1\">[1]<\/a> Tomado de: <a href=\"https:\/\/issuu.com\/vazgoingrid\/docs\/ingrid__redes_\">https:\/\/issuu.com\/vazgoingrid\/docs\/ingrid__redes_<\/a><\/p>\n<p><a href=\"#_ftnref2\" name=\"_ftn2\">[2]<\/a> Tomado de: <a href=\"https:\/\/ingenieriasistemascies.wordpress.com\/2019\/02\/08\/que-es-internet-de-las-cosas-y-como-funciona\/\">https:\/\/ingenieriasistemascies.wordpress.com\/2019\/02\/08\/que-es-internet-de-las-cosas-y-como-funciona\/<\/a><\/p>\n","protected":false},"excerpt":{"rendered":"<p>Definici\u00f3n Internet de las Cosas es una traducci\u00f3n de la expresi\u00f3n en ingl\u00e9s\u00a0Internet of Things (IoT),\u00a0que describe un escenario en el que diversas cosas est\u00e1n conectadas y se comunican. Esa innovaci\u00f3n tecnol\u00f3gica tiene como objetivo conectar los \u00edtems que usamos diariamente a internet, con el objetivo de aproximar cada vez m\u00e1s el mundo f\u00edsico a [&hellip;]<\/p>\n","protected":false},"author":1,"featured_media":0,"parent":119,"menu_order":0,"comment_status":"closed","ping_status":"closed","template":"","meta":[],"_links":{"self":[{"href":"http:\/\/acofi.edu.co\/eiei2019\/wp-json\/wp\/v2\/pages\/885"}],"collection":[{"href":"http:\/\/acofi.edu.co\/eiei2019\/wp-json\/wp\/v2\/pages"}],"about":[{"href":"http:\/\/acofi.edu.co\/eiei2019\/wp-json\/wp\/v2\/types\/page"}],"author":[{"embeddable":true,"href":"http:\/\/acofi.edu.co\/eiei2019\/wp-json\/wp\/v2\/users\/1"}],"replies":[{"embeddable":true,"href":"http:\/\/acofi.edu.co\/eiei2019\/wp-json\/wp\/v2\/comments?post=885"}],"version-history":[{"count":4,"href":"http:\/\/acofi.edu.co\/eiei2019\/wp-json\/wp\/v2\/pages\/885\/revisions"}],"predecessor-version":[{"id":894,"href":"http:\/\/acofi.edu.co\/eiei2019\/wp-json\/wp\/v2\/pages\/885\/revisions\/894"}],"up":[{"embeddable":true,"href":"http:\/\/acofi.edu.co\/eiei2019\/wp-json\/wp\/v2\/pages\/119"}],"wp:attachment":[{"href":"http:\/\/acofi.edu.co\/eiei2019\/wp-json\/wp\/v2\/media?parent=885"}],"curies":[{"name":"wp","href":"https:\/\/api.w.org\/{rel}","templated":true}]}}