{"id":850,"date":"2019-08-13T20:23:21","date_gmt":"2019-08-13T20:23:21","guid":{"rendered":"http:\/\/acofi.edu.co\/eiei2019\/?page_id=850"},"modified":"2019-09-03T11:40:05","modified_gmt":"2019-09-03T11:40:05","slug":"concurso-3mt","status":"publish","type":"page","link":"http:\/\/acofi.edu.co\/eiei2019\/categorias-de-participacion\/foro-de-estudiantes\/concurso-3mt\/","title":{"rendered":"CONCURSO 3MT\u00ae"},"content":{"rendered":"<p><span style=\"color: #ef4136;\"><strong>Exposici\u00f3n Mejores Trabajos de estudiantes<\/strong><\/span><\/p>\n<p>En la actualidad adem\u00e1s de las habilidades propias de cada disciplina, es necesario que los futuros profesionales desarrollen competencias en comunicaci\u00f3n, entre otros temas, para poder interactuar mejor con la sociedad.<\/p>\n<p>Iniciativas como Three minute thesis 3MT \u00ae, concurso que naci\u00f3 en la Universidad de Queensland en Australia en el a\u00f1o 2008, en el cual, los estudiantes de doctorado presentan en 3 minutos su tesis a un p\u00fablico no necesariamente experto. Actualmente es una competencia en muchas universidades alrededor del mundo y constituye un reto para los participantes.<\/p>\n<p>En el marco del Foro de Estudiantes de Ingenier\u00eda (FCEI 2019), se realizar\u00e1 el concurso \u201cExposici\u00f3n mejores trabajos de estudiantes\u201d, para estudiantes de pregrado que hayan presentado su proyecto en la modalidad \u201cTrabajos de estudiantes\u201d de acuerdo con la clasificaci\u00f3n establecida para el EIEI ACOFI 2019. Esta actividad acad\u00e9mica se realizar\u00e1 el viernes 13 de septiembre entre las 8:00 a.m. y las 10:30 a.m.<\/p>\n<p><strong><span style=\"color: #ef4136;\">Las condiciones son las siguientes<\/span><\/strong><\/p>\n<ul>\n<li>Manifestar el inter\u00e9s en participar en el concurso, diligenciando el formulario correspondiente.<\/li>\n<li>El trabajo solo podr\u00e1 ser presentado por uno de los autores del proyecto, que debe estar registrado en el EIEI ACOFI 2019, a m\u00e1s tardar hasta el 30 de agosto.<\/li>\n<li>Enviar la presentaci\u00f3n, de m\u00e1ximo 2 diapositivas, \u00fanicamente en formato PDF sin ninguna animaci\u00f3n, a m\u00e1s tardar el d\u00eda 2 de septiembre de 2019 al correo <a href=\"mailto:estudiantes@acofi.edu.co\">estudiantes@acofi.edu.co<\/a>. No se recibir\u00e1n presentaciones despu\u00e9s de esta fecha y no se podr\u00e1n hacer modificaciones posteriores a las presentaciones.<\/li>\n<li>Para la exposici\u00f3n no se podr\u00e1n utilizar otras ayudas audiovisuales, ni elementos adicionales, como prototipos ni elementos de utiler\u00eda.<\/li>\n<li>El tiempo para cada presentaci\u00f3n es de 3 minutos. en caso de exceder el tiempo queda descalificado.<\/li>\n<li>El tiempo de exposici\u00f3n inicia cuando el expositor comience su intervenci\u00f3n.<\/li>\n<li>La \u00fanica decisi\u00f3n ser\u00e1 emitida por el jurado calificador.<\/li>\n<li>Los participantes en el Concurso deben estar toda la jornada.<\/li>\n<li>Los estudiantes que hacen parte de la organizaci\u00f3n del FCEI no podr\u00e1n participar.<\/li>\n<\/ul>\n<p>Cada proyecto tendr\u00e1 tres minutos para su presentaci\u00f3n y ser\u00e1n evaluados por un jurado, que dar\u00e1 su dictamen e informar\u00e1 los ganadores al finalizar la jornada, con el premio correspondiente.<\/p>\n<p>Para el concurso se han definido dos categor\u00edas, de las cuales cada trabajo debe seleccionar una:<\/p>\n<ul>\n<li>Proyecto finalizado: se observan claramente los resultados obtenidos<\/li>\n<li>Proyecto en desarrollo: muestra un desarrollo metodol\u00f3gico y expresa a que resultados va a llegar<\/li>\n<\/ul>\n","protected":false},"excerpt":{"rendered":"<p>Exposici\u00f3n Mejores Trabajos de estudiantes En la actualidad adem\u00e1s de las habilidades propias de cada disciplina, es necesario que los futuros profesionales desarrollen competencias en comunicaci\u00f3n, entre otros temas, para poder interactuar mejor con la sociedad. Iniciativas como Three minute thesis 3MT \u00ae, concurso que naci\u00f3 en la Universidad de Queensland en Australia en el [&hellip;]<\/p>\n","protected":false},"author":1,"featured_media":0,"parent":119,"menu_order":0,"comment_status":"closed","ping_status":"closed","template":"","meta":[],"_links":{"self":[{"href":"http:\/\/acofi.edu.co\/eiei2019\/wp-json\/wp\/v2\/pages\/850"}],"collection":[{"href":"http:\/\/acofi.edu.co\/eiei2019\/wp-json\/wp\/v2\/pages"}],"about":[{"href":"http:\/\/acofi.edu.co\/eiei2019\/wp-json\/wp\/v2\/types\/page"}],"author":[{"embeddable":true,"href":"http:\/\/acofi.edu.co\/eiei2019\/wp-json\/wp\/v2\/users\/1"}],"replies":[{"embeddable":true,"href":"http:\/\/acofi.edu.co\/eiei2019\/wp-json\/wp\/v2\/comments?post=850"}],"version-history":[{"count":7,"href":"http:\/\/acofi.edu.co\/eiei2019\/wp-json\/wp\/v2\/pages\/850\/revisions"}],"predecessor-version":[{"id":911,"href":"http:\/\/acofi.edu.co\/eiei2019\/wp-json\/wp\/v2\/pages\/850\/revisions\/911"}],"up":[{"embeddable":true,"href":"http:\/\/acofi.edu.co\/eiei2019\/wp-json\/wp\/v2\/pages\/119"}],"wp:attachment":[{"href":"http:\/\/acofi.edu.co\/eiei2019\/wp-json\/wp\/v2\/media?parent=850"}],"curies":[{"name":"wp","href":"https:\/\/api.w.org\/{rel}","templated":true}]}}