{"id":844,"date":"2019-08-13T17:09:47","date_gmt":"2019-08-13T17:09:47","guid":{"rendered":"http:\/\/acofi.edu.co\/eiei2019\/?page_id=844"},"modified":"2019-08-30T14:08:48","modified_gmt":"2019-08-30T14:08:48","slug":"mantenimiento","status":"publish","type":"page","link":"http:\/\/acofi.edu.co\/eiei2019\/informacion-academica\/talleres\/mantenimiento\/","title":{"rendered":"Materiales. Integridad Estructural y Corrosi\u00f3n"},"content":{"rendered":"<p><span style=\"color: #ef4136;\"><strong>Descripci\u00f3n<\/strong><\/span><\/p>\n<p>La integridad de equipos y estructuras propende por la implementaci\u00f3n de metodolog\u00edas y t\u00e9cnicas encaminadas al desarrollo y aplicaci\u00f3n de procedimientos de an\u00e1lisis, monitoreo e intervenci\u00f3n, con el fin de preservar su funcionamiento en el tiempo junto a su entorno de trabajo, considerando aspectos financieros, de productividad, seguridad y mejora. Adicionalmente, uno de los mecanismos de deterioro con mayor incidencia e impacto en la gesti\u00f3n de la integridad de activos es la corrosi\u00f3n en sus diversas modalidades y aspectos f\u00edsico-qu\u00edmicos. Con este taller, Asociaci\u00f3n Colombiana de Corrosi\u00f3n y Protecci\u00f3n ASCOR en conjunto con la Red de Programas de Ingenier\u00eda Mec\u00e1nica (REDIMEC), buscan apoyar e impulsar tanto en las empresas como en los programas de formaci\u00f3n de los futuros Ingenieros, la migraci\u00f3n del mantenimiento tradicional hacia la gesti\u00f3n de activos integrada a los esfuerzos y normativas que garantizan la integridad de equipos y estructuras, con el fin de cerrar la brecha entre ambas filosof\u00edas y generar una visi\u00f3n m\u00e1s global hacia la creaci\u00f3n de industrias m\u00e1s competitivas<strong>\u00a0<\/strong><\/p>\n<p><span style=\"color: #ef4136;\"><strong>Objetivos<\/strong><\/span><\/p>\n<ul>\n<li>Conocer, reflexionar y analizar como la gesti\u00f3n, mantenimiento, protecci\u00f3n e integridad de los materiales aportan al desarrollo de la ingenier\u00eda.<\/li>\n<li>Mostrar c\u00f3mo, a trav\u00e9s de las acciones de mantenimiento y dise\u00f1o ejecutadas para asegurar la integridad estructural de equipos, se optimiza el desempe\u00f1o de los productos.<\/li>\n<li>Fortalecer las relaciones entre las Facultades y Escuelas de Ingenier\u00eda del pa\u00eds<strong>\u00a0<\/strong><\/li>\n<\/ul>\n<p><span style=\"color: #ef4136;\"><strong>Agenda<\/strong><\/span><\/p>\n<p><a href=\"http:\/\/acofi.edu.co\/eiei2019\/informacion-academica\/talleres\/mantenimiento\/prog-manteni\/#main\" rel=\"attachment wp-att-859\"><img loading=\"lazy\" class=\"alignnone wp-image-859\" src=\"http:\/\/www.acofi.edu.co\/eiei2019\/wp-content\/uploads\/2019\/08\/PROG-MANTENI.jpg\" alt=\"\" width=\"700\" height=\"203\" srcset=\"http:\/\/www.acofi.edu.co\/eiei2019\/wp-content\/uploads\/2019\/08\/PROG-MANTENI.jpg 1500w, http:\/\/www.acofi.edu.co\/eiei2019\/wp-content\/uploads\/2019\/08\/PROG-MANTENI-300x87.jpg 300w, http:\/\/www.acofi.edu.co\/eiei2019\/wp-content\/uploads\/2019\/08\/PROG-MANTENI-768x223.jpg 768w, http:\/\/www.acofi.edu.co\/eiei2019\/wp-content\/uploads\/2019\/08\/PROG-MANTENI-1024x298.jpg 1024w\" sizes=\"(max-width: 700px) 100vw, 700px\" \/><\/a><\/p>\n<p><span style=\"color: #ef4136;\"><strong>Coordinaci\u00f3n <\/strong><\/span><\/p>\n<p>Ing. Humberto G\u00f3mez Vega, Universidad del Norte, Colombia<\/p>\n<p><span style=\"color: #ef4136;\"><strong>Aspectos log\u00edsticos<\/strong><\/span><\/p>\n<ul>\n<li>Fecha y horario: martes 10 de septiembre de 2019, 08:30 \u2013 14:00<\/li>\n<li>Idioma: espa\u00f1ol<\/li>\n<li>N\u00famero de participantes: 25<\/li>\n<li>Lugar: Escuela Naval de Cadetes<\/li>\n<li>Los aspectos de seguridad industrial ser\u00e1n enviados a los participantes inscritos y son de estricto cumplimiento<\/li>\n<\/ul>\n<p><iframe loading=\"lazy\" style=\"border: 0;\" src=\"https:\/\/www.google.com\/maps\/embed?pb=!1m18!1m12!1m3!1d3924.390358831833!2d-75.5320422848069!3d10.39053829258407!2m3!1f0!2f0!3f0!3m2!1i1024!2i768!4f13.1!3m3!1m2!1s0x8ef62f59c95cab9b%3A0xa6a10d540566f5e8!2sEscuela+Naval+De+Cadetes+Almirante+Padilla!5e0!3m2!1ses-419!2sco!4v1565782513213!5m2!1ses-419!2sco\" width=\"500\" height=\"500\" frameborder=\"0\" allowfullscreen=\"allowfullscreen\"><\/iframe><\/p>\n","protected":false},"excerpt":{"rendered":"<p>Descripci\u00f3n La integridad de equipos y estructuras propende por la implementaci\u00f3n de metodolog\u00edas y t\u00e9cnicas encaminadas al desarrollo y aplicaci\u00f3n de procedimientos de an\u00e1lisis, monitoreo e intervenci\u00f3n, con el fin de preservar su funcionamiento en el tiempo junto a su entorno de trabajo, considerando aspectos financieros, de productividad, seguridad y mejora. Adicionalmente, uno de los [&hellip;]<\/p>\n","protected":false},"author":1,"featured_media":0,"parent":40,"menu_order":0,"comment_status":"closed","ping_status":"closed","template":"","meta":[],"_links":{"self":[{"href":"http:\/\/acofi.edu.co\/eiei2019\/wp-json\/wp\/v2\/pages\/844"}],"collection":[{"href":"http:\/\/acofi.edu.co\/eiei2019\/wp-json\/wp\/v2\/pages"}],"about":[{"href":"http:\/\/acofi.edu.co\/eiei2019\/wp-json\/wp\/v2\/types\/page"}],"author":[{"embeddable":true,"href":"http:\/\/acofi.edu.co\/eiei2019\/wp-json\/wp\/v2\/users\/1"}],"replies":[{"embeddable":true,"href":"http:\/\/acofi.edu.co\/eiei2019\/wp-json\/wp\/v2\/comments?post=844"}],"version-history":[{"count":9,"href":"http:\/\/acofi.edu.co\/eiei2019\/wp-json\/wp\/v2\/pages\/844\/revisions"}],"predecessor-version":[{"id":907,"href":"http:\/\/acofi.edu.co\/eiei2019\/wp-json\/wp\/v2\/pages\/844\/revisions\/907"}],"up":[{"embeddable":true,"href":"http:\/\/acofi.edu.co\/eiei2019\/wp-json\/wp\/v2\/pages\/40"}],"wp:attachment":[{"href":"http:\/\/acofi.edu.co\/eiei2019\/wp-json\/wp\/v2\/media?parent=844"}],"curies":[{"name":"wp","href":"https:\/\/api.w.org\/{rel}","templated":true}]}}