{"id":756,"date":"2019-08-06T19:28:17","date_gmt":"2019-08-06T19:28:17","guid":{"rendered":"http:\/\/acofi.edu.co\/eiei2019\/?page_id=756"},"modified":"2019-08-30T14:08:59","modified_gmt":"2019-08-30T14:08:59","slug":"infraestructura","status":"publish","type":"page","link":"http:\/\/acofi.edu.co\/eiei2019\/informacion-academica\/talleres\/infraestructura\/","title":{"rendered":"Proyectos de infraestructura"},"content":{"rendered":"<p><span style=\"color: #ef4136;\"><strong>Descripci\u00f3n <\/strong><\/span><\/p>\n<p>En esta jornada, directores y profesores de programas de ingenier\u00eda civil, junto a investigadores, profesores y estudiantes de ingenier\u00eda del \u00e1rea, compartir\u00e1n en una jornada en la que se presentar\u00e1n avances de la Red de Programas de Ingenier\u00eda Civil y avances en investigaci\u00f3n en proyectos de infraestructura.<\/p>\n<p><span style=\"color: #ef4136;\"><strong>Agenda<\/strong><\/span><\/p>\n<p><a href=\"http:\/\/acofi.edu.co\/eiei2019\/informacion-academica\/talleres\/infraestructura\/prog-infra-def\/#main\" rel=\"attachment wp-att-866\"><img loading=\"lazy\" class=\"alignnone wp-image-866\" src=\"http:\/\/www.acofi.edu.co\/eiei2019\/wp-content\/uploads\/2019\/08\/PROG-INFRA-DEF.jpg\" alt=\"\" width=\"700\" height=\"671\" srcset=\"http:\/\/www.acofi.edu.co\/eiei2019\/wp-content\/uploads\/2019\/08\/PROG-INFRA-DEF.jpg 891w, http:\/\/www.acofi.edu.co\/eiei2019\/wp-content\/uploads\/2019\/08\/PROG-INFRA-DEF-300x288.jpg 300w, http:\/\/www.acofi.edu.co\/eiei2019\/wp-content\/uploads\/2019\/08\/PROG-INFRA-DEF-768x736.jpg 768w\" sizes=\"(max-width: 700px) 100vw, 700px\" \/><\/a><\/p>\n<p><span style=\"color: #ef4136;\"><strong>Coordinaci\u00f3n<\/strong><\/span><\/p>\n<p>Mario Camilo Torres Su\u00e1rez, Universidad La Gran Colombia<\/p>\n<p><span style=\"color: #ef4136;\"><strong>Aspectos log\u00edsticos<\/strong><\/span><\/p>\n<ul>\n<li>Fecha y horario: martes 10 de septiembre de 2019, 08:30 \u2013 16:30<\/li>\n<li>Idioma: espa\u00f1ol<\/li>\n<li>N\u00famero de participantes: 30<\/li>\n<li>Lugar: Universidad Nacional Abierta y a Distancia, nodo Cartagena de Indias<\/li>\n<li>Se solicita a las personas que tengan presentaciones, que utilicen un n\u00famero adecuado de diapositivas, dado que las presentaciones ser\u00e1n m\u00e1ximo de 15 minutos.<\/li>\n<\/ul>\n<p><iframe loading=\"lazy\" style=\"border: 0;\" src=\"https:\/\/www.google.com\/maps\/embed?pb=!1m18!1m12!1m3!1d3924.2743711879293!2d-75.51597748480695!3d10.399769492577773!2m3!1f0!2f0!3f0!3m2!1i1024!2i768!4f13.1!3m3!1m2!1s0x8ef62592e73f6873%3A0x556d22e2b00f2f55!2sUniversidad+Nacional+Abierta+y+a+Distancia!5e0!3m2!1ses-419!2sco!4v1565643460930!5m2!1ses-419!2sco\" width=\"500\" height=\"500\" frameborder=\"0\" allowfullscreen=\"allowfullscreen\"><\/iframe><\/p>\n","protected":false},"excerpt":{"rendered":"<p>Descripci\u00f3n En esta jornada, directores y profesores de programas de ingenier\u00eda civil, junto a investigadores, profesores y estudiantes de ingenier\u00eda del \u00e1rea, compartir\u00e1n en una jornada en la que se presentar\u00e1n avances de la Red de Programas de Ingenier\u00eda Civil y avances en investigaci\u00f3n en proyectos de infraestructura. Agenda Coordinaci\u00f3n Mario Camilo Torres Su\u00e1rez, Universidad [&hellip;]<\/p>\n","protected":false},"author":1,"featured_media":0,"parent":40,"menu_order":0,"comment_status":"closed","ping_status":"closed","template":"","meta":[],"_links":{"self":[{"href":"http:\/\/acofi.edu.co\/eiei2019\/wp-json\/wp\/v2\/pages\/756"}],"collection":[{"href":"http:\/\/acofi.edu.co\/eiei2019\/wp-json\/wp\/v2\/pages"}],"about":[{"href":"http:\/\/acofi.edu.co\/eiei2019\/wp-json\/wp\/v2\/types\/page"}],"author":[{"embeddable":true,"href":"http:\/\/acofi.edu.co\/eiei2019\/wp-json\/wp\/v2\/users\/1"}],"replies":[{"embeddable":true,"href":"http:\/\/acofi.edu.co\/eiei2019\/wp-json\/wp\/v2\/comments?post=756"}],"version-history":[{"count":9,"href":"http:\/\/acofi.edu.co\/eiei2019\/wp-json\/wp\/v2\/pages\/756\/revisions"}],"predecessor-version":[{"id":909,"href":"http:\/\/acofi.edu.co\/eiei2019\/wp-json\/wp\/v2\/pages\/756\/revisions\/909"}],"up":[{"embeddable":true,"href":"http:\/\/acofi.edu.co\/eiei2019\/wp-json\/wp\/v2\/pages\/40"}],"wp:attachment":[{"href":"http:\/\/acofi.edu.co\/eiei2019\/wp-json\/wp\/v2\/media?parent=756"}],"curies":[{"name":"wp","href":"https:\/\/api.w.org\/{rel}","templated":true}]}}