{"id":754,"date":"2019-08-06T19:27:41","date_gmt":"2019-08-06T19:27:41","guid":{"rendered":"http:\/\/acofi.edu.co\/eiei2019\/?page_id=754"},"modified":"2019-08-30T14:08:43","modified_gmt":"2019-08-30T14:08:43","slug":"sostenible","status":"publish","type":"page","link":"http:\/\/acofi.edu.co\/eiei2019\/informacion-academica\/talleres\/sostenible\/","title":{"rendered":"Ingenier\u00eda sostenible"},"content":{"rendered":"<p><span style=\"color: #ef4136;\"><strong>Descripci\u00f3n <\/strong><\/span><\/p>\n<p>En este Taller se presentar\u00e1n iniciativas y proyectos sobre energ\u00eda, gesti\u00f3n ambiental y cambio clim\u00e1tico centrados en la sostenibilidad. la jornada tendr\u00e1 igualmente un taller y una conferencia.<strong>\u00a0<\/strong><\/p>\n<p><span style=\"color: #ef4136;\"><strong>Motivaci\u00f3n<\/strong><\/span><\/p>\n<p style=\"text-align: justify;\">Hablar de sostenibilidad es un imperativo para esta generaci\u00f3n y las venideras. El cambio clim\u00e1tico, por ejemplo, indica esta necesidad:<\/p>\n<p style=\"text-align: justify;\"><em>La Organizaci\u00f3n de Naciones Unidas (ONU) ha lanzado un mensaje claro y definitivo: tenemos 11 a\u00f1os para limitar la cat\u00e1strofe del cambio clim\u00e1tico.<\/em><em>\u00a0<\/em><\/p>\n<p style=\"text-align: justify;\"><em>Ya tenemos plazo para superar los l\u00edmites admisibles de temperatura en el planeta que, una vez sobrepasados, nos llevan a un cambio en el clima de la Tierra sin precedentes. La Organizaci\u00f3n de Naciones Unidas (ONU) ha lanzado un mensaje claro y definitivo: tenemos 11 a\u00f1os para limitar la cat\u00e1strofe del cambio clim\u00e1tico. Pero, \u00bfdeber\u00edamos estar preocupados? Para saberlo necesitamos entender el porqu\u00e9 de los 11 a\u00f1os de plazo para que las consecuencias del cambio clim\u00e1tico sean irreversibles.<\/em><em>\u00a0<\/em><\/p>\n<p style=\"text-align: justify;\"><em>Lo primero es tener claro que el planeta ha sufrido cambios en el clima a lo largo de su historia, lo que se ve n\u00edtidamente en el registro geol\u00f3gico. Sin embargo, a partir de la Revoluci\u00f3n Industrial basada en el consumo de energ\u00edas f\u00f3siles y de las emisiones de gases que llamamos de efecto invernadero (GEI), este proceso est\u00e1 inducido por el hombre m\u00e1s que por fen\u00f3menos naturales. El efecto que producen los GEI es el mismo que permite que dentro de un invernadero se acumule radiaci\u00f3n infrarroja y se caliente su interior.<\/em><em>\u00a0<\/em><\/p>\n<p style=\"text-align: justify;\"><em>La principal consecuencia, que ya predijo el qu\u00edmico sueco Svante Arrhenius (1859-1927) a principios del siglo XX, es que las temperaturas est\u00e1n aumentando en todo el planeta, convertido en un gigantesco invernadero. Si ha habido siempre cambio clim\u00e1tico en la Tierra, \u00bfcu\u00e1l es el problema? En este caso, el problema es la r\u00e1pida velocidad y la magnitud del cambio clim\u00e1tico.<a href=\"#_ftn1\" name=\"_ftnref1\"><strong>[1]<\/strong><\/a><\/em><\/p>\n<p style=\"text-align: justify;\">La ingenier\u00eda como promotor del desarrollo ha generado un fuerte impacto en el clima y en general en la sostenibilidad del planeta, por lo que se hace necesario que todas sus actividades se desarrollen de manera arm\u00f3nica con el planeta.<\/p>\n<p style=\"text-align: justify;\"><a href=\"#_ftnref1\" name=\"_ftn1\">[1]<\/a> <a href=\"https:\/\/es.weforum.org\/agenda\/2019\/07\/cambio-climatico-la-cuenta-atras-ya-ha-comenzado\/\">https:\/\/es.weforum.org\/agenda\/2019\/07\/cambio-climatico-la-cuenta-atras-ya-ha-comenzado\/<\/a><\/p>\n<p><span style=\"color: #ef4136;\"><strong>Agenda<\/strong><\/span><\/p>\n<p><a href=\"http:\/\/acofi.edu.co\/eiei2019\/informacion-academica\/talleres\/sostenible\/prog-taller-sostenible\/#main\" rel=\"attachment wp-att-765\"><img loading=\"lazy\" class=\"alignnone wp-image-765\" src=\"http:\/\/www.acofi.edu.co\/eiei2019\/wp-content\/uploads\/2019\/08\/PROG-TALLER-SOSTENIBLE.jpg\" alt=\"\" width=\"700\" height=\"223\" srcset=\"http:\/\/www.acofi.edu.co\/eiei2019\/wp-content\/uploads\/2019\/08\/PROG-TALLER-SOSTENIBLE.jpg 1409w, http:\/\/www.acofi.edu.co\/eiei2019\/wp-content\/uploads\/2019\/08\/PROG-TALLER-SOSTENIBLE-300x96.jpg 300w, http:\/\/www.acofi.edu.co\/eiei2019\/wp-content\/uploads\/2019\/08\/PROG-TALLER-SOSTENIBLE-768x245.jpg 768w, http:\/\/www.acofi.edu.co\/eiei2019\/wp-content\/uploads\/2019\/08\/PROG-TALLER-SOSTENIBLE-1024x326.jpg 1024w\" sizes=\"(max-width: 700px) 100vw, 700px\" \/><\/a><\/p>\n<p><span style=\"color: #ef4136;\"><strong>Metodolog\u00eda<\/strong><\/span><\/p>\n<p>La moderadora realizar\u00e1 una breve introducci\u00f3n, presentando con base en su experiencia aspectos que considere relevantes alrededor de la ingenier\u00eda sostenible.<\/p>\n<p>Se tendr\u00e1 una conferencia magistral motivadora, la presentaci\u00f3n de los avances en investigaci\u00f3n y un taller sobre el tema.<\/p>\n<p><span style=\"color: #ef4136;\"><strong>Avances en investigaci\u00f3n<\/strong><\/span><\/p>\n<p>Parte 1<\/p>\n<p><a href=\"http:\/\/acofi.edu.co\/eiei2019\/informacion-academica\/talleres\/sostenible\/av-parte-1-sostenible_\/#main\" rel=\"attachment wp-att-776\"><img loading=\"lazy\" class=\"alignnone wp-image-776\" src=\"http:\/\/www.acofi.edu.co\/eiei2019\/wp-content\/uploads\/2019\/08\/AV-PARTE-1-SOSTENIBLE_.jpg\" alt=\"\" width=\"900\" height=\"634\" srcset=\"http:\/\/www.acofi.edu.co\/eiei2019\/wp-content\/uploads\/2019\/08\/AV-PARTE-1-SOSTENIBLE_.jpg 1015w, http:\/\/www.acofi.edu.co\/eiei2019\/wp-content\/uploads\/2019\/08\/AV-PARTE-1-SOSTENIBLE_-300x211.jpg 300w, http:\/\/www.acofi.edu.co\/eiei2019\/wp-content\/uploads\/2019\/08\/AV-PARTE-1-SOSTENIBLE_-768x541.jpg 768w\" sizes=\"(max-width: 900px) 100vw, 900px\" \/><\/a><\/p>\n<p>Parte 2<\/p>\n<p><a href=\"http:\/\/acofi.edu.co\/eiei2019\/informacion-academica\/talleres\/sostenible\/av-parte-2-sostenible\/#main\" rel=\"attachment wp-att-770\"><img loading=\"lazy\" class=\"alignnone wp-image-770\" src=\"http:\/\/www.acofi.edu.co\/eiei2019\/wp-content\/uploads\/2019\/08\/AV-PARTE-2-SOSTENIBLE.jpg\" alt=\"\" width=\"900\" height=\"336\" srcset=\"http:\/\/www.acofi.edu.co\/eiei2019\/wp-content\/uploads\/2019\/08\/AV-PARTE-2-SOSTENIBLE.jpg 1603w, http:\/\/www.acofi.edu.co\/eiei2019\/wp-content\/uploads\/2019\/08\/AV-PARTE-2-SOSTENIBLE-300x112.jpg 300w, http:\/\/www.acofi.edu.co\/eiei2019\/wp-content\/uploads\/2019\/08\/AV-PARTE-2-SOSTENIBLE-768x287.jpg 768w, http:\/\/www.acofi.edu.co\/eiei2019\/wp-content\/uploads\/2019\/08\/AV-PARTE-2-SOSTENIBLE-1024x383.jpg 1024w\" sizes=\"(max-width: 900px) 100vw, 900px\" \/><\/a><\/p>\n<p><span style=\"color: #ef4136;\"><strong>Aspectos log\u00edsticos<\/strong><\/span><\/p>\n<ul>\n<li>Fecha y horario: martes 10 de septiembre de 2019, 08:30 \u2013 17:00.<\/li>\n<li>Idioma: espa\u00f1ol.<\/li>\n<li>N\u00famero de participantes: 30.<\/li>\n<li>Lugar: Universidad Tecnol\u00f3gica de Bol\u00edvar campus Casa Lemaitre, sal\u00f3n MB 401.<\/li>\n<li>Se solicita a quienes tengan presentaciones, utilicen un n\u00famero adecuado de diapositivas, dado que el tiempo de exposici\u00f3n ser\u00e1 de m\u00e1ximo 15 minutos.<\/li>\n<\/ul>\n<p><iframe loading=\"lazy\" style=\"border: 0;\" src=\"https:\/\/www.google.com\/maps\/embed?pb=!1m18!1m12!1m3!1d3924.1044806878244!2d-75.54027918480676!3d10.413276092568571!2m3!1f0!2f0!3f0!3m2!1i1024!2i768!4f13.1!3m3!1m2!1s0x8ef625936b260037%3A0x9308af08f0ad9383!2sUTB!5e0!3m2!1ses-419!2sco!4v1565120906092!5m2!1ses-419!2sco\" width=\"500\" height=\"500\" frameborder=\"0\" allowfullscreen=\"allowfullscreen\"><\/iframe><\/p>\n","protected":false},"excerpt":{"rendered":"<p>Descripci\u00f3n En este Taller se presentar\u00e1n iniciativas y proyectos sobre energ\u00eda, gesti\u00f3n ambiental y cambio clim\u00e1tico centrados en la sostenibilidad. la jornada tendr\u00e1 igualmente un taller y una conferencia.\u00a0 Motivaci\u00f3n Hablar de sostenibilidad es un imperativo para esta generaci\u00f3n y las venideras. El cambio clim\u00e1tico, por ejemplo, indica esta necesidad: La Organizaci\u00f3n de Naciones Unidas [&hellip;]<\/p>\n","protected":false},"author":1,"featured_media":0,"parent":40,"menu_order":0,"comment_status":"closed","ping_status":"closed","template":"","meta":[],"_links":{"self":[{"href":"http:\/\/acofi.edu.co\/eiei2019\/wp-json\/wp\/v2\/pages\/754"}],"collection":[{"href":"http:\/\/acofi.edu.co\/eiei2019\/wp-json\/wp\/v2\/pages"}],"about":[{"href":"http:\/\/acofi.edu.co\/eiei2019\/wp-json\/wp\/v2\/types\/page"}],"author":[{"embeddable":true,"href":"http:\/\/acofi.edu.co\/eiei2019\/wp-json\/wp\/v2\/users\/1"}],"replies":[{"embeddable":true,"href":"http:\/\/acofi.edu.co\/eiei2019\/wp-json\/wp\/v2\/comments?post=754"}],"version-history":[{"count":19,"href":"http:\/\/acofi.edu.co\/eiei2019\/wp-json\/wp\/v2\/pages\/754\/revisions"}],"predecessor-version":[{"id":906,"href":"http:\/\/acofi.edu.co\/eiei2019\/wp-json\/wp\/v2\/pages\/754\/revisions\/906"}],"up":[{"embeddable":true,"href":"http:\/\/acofi.edu.co\/eiei2019\/wp-json\/wp\/v2\/pages\/40"}],"wp:attachment":[{"href":"http:\/\/acofi.edu.co\/eiei2019\/wp-json\/wp\/v2\/media?parent=754"}],"curies":[{"name":"wp","href":"https:\/\/api.w.org\/{rel}","templated":true}]}}