{"id":752,"date":"2019-08-06T19:27:18","date_gmt":"2019-08-06T19:27:18","guid":{"rendered":"http:\/\/acofi.edu.co\/eiei2019\/?page_id=752"},"modified":"2019-08-30T14:08:53","modified_gmt":"2019-08-30T14:08:53","slug":"optimizacion","status":"publish","type":"page","link":"http:\/\/acofi.edu.co\/eiei2019\/informacion-academica\/talleres\/optimizacion\/","title":{"rendered":"Optimizaci\u00f3n de productos y procesos"},"content":{"rendered":"<p><span style=\"color: #ef4136;\"><strong>Descripci\u00f3n <\/strong><\/span><\/p>\n<p>En esta jornada se presentar\u00e1n trabajos que promueven la incorporaci\u00f3n de soluciones que incluyan nuevas tecnolog\u00edas de la informaci\u00f3n en beneficio de la productividad.<\/p>\n<p><span style=\"color: #ef4136;\"><strong>Agenda<\/strong><\/span><\/p>\n<p><a href=\"http:\/\/acofi.edu.co\/eiei2019\/informacion-academica\/talleres\/optimizacion\/prog-taller-optimizacion\/#main\" rel=\"attachment wp-att-784\"><img loading=\"lazy\" class=\"alignnone wp-image-784 size-full\" src=\"http:\/\/www.acofi.edu.co\/eiei2019\/wp-content\/uploads\/2019\/08\/PROG-TALLER-OPTIMIZACI\u00d3N.jpg\" alt=\"\" width=\"833\" height=\"848\" srcset=\"http:\/\/www.acofi.edu.co\/eiei2019\/wp-content\/uploads\/2019\/08\/PROG-TALLER-OPTIMIZACI\u00d3N.jpg 833w, http:\/\/www.acofi.edu.co\/eiei2019\/wp-content\/uploads\/2019\/08\/PROG-TALLER-OPTIMIZACI\u00d3N-295x300.jpg 295w, http:\/\/www.acofi.edu.co\/eiei2019\/wp-content\/uploads\/2019\/08\/PROG-TALLER-OPTIMIZACI\u00d3N-768x782.jpg 768w\" sizes=\"(max-width: 833px) 100vw, 833px\" \/><\/a><\/p>\n<p><span style=\"color: #ef4136;\"><strong>Coordinaci\u00f3n<\/strong><\/span><\/p>\n<p>Fairuz Ospino Valdiris, Universidad de la Costa, Colombia<\/p>\n<p><span style=\"color: #ef4136;\"><strong>Aspectos log\u00edsticos<\/strong><\/span><\/p>\n<ul>\n<li>Fecha y horario: martes 10 de septiembre de 2019, 08:30 \u2013 14:00<\/li>\n<li>Idioma: espa\u00f1ol<\/li>\n<li>N\u00famero de participantes: 20<\/li>\n<li>Lugar: Tenaris \u2013 Universidad Tecnol\u00f3gica de Bol\u00edvar campus Ternera (por confirmar)<\/li>\n<li>Se solicita a las personas que tengan presentaciones, que utilicen un n\u00famero adecuado de diapositivas, dado que las presentaciones ser\u00e1n m\u00e1ximo de 15 minutos.<\/li>\n<\/ul>\n<p><iframe loading=\"lazy\" style=\"border: 0;\" src=\"https:\/\/www.google.com\/maps\/embed?pb=!1m18!1m12!1m3!1d3924.626334950245!2d-75.467786584807!3d10.371732392596938!2m3!1f0!2f0!3f0!3m2!1i1024!2i768!4f13.1!3m3!1m2!1s0x8ef6269c4cfd0905%3A0xc3b2d3435388ab54!2sPlanta+Tenaris%2C+tubo+caribe!5e0!3m2!1ses-419!2sco!4v1565121301158!5m2!1ses-419!2sco\" width=\"500\" height=\"500\" frameborder=\"0\" allowfullscreen=\"allowfullscreen\"><\/iframe><\/p>\n","protected":false},"excerpt":{"rendered":"<p>Descripci\u00f3n En esta jornada se presentar\u00e1n trabajos que promueven la incorporaci\u00f3n de soluciones que incluyan nuevas tecnolog\u00edas de la informaci\u00f3n en beneficio de la productividad. Agenda Coordinaci\u00f3n Fairuz Ospino Valdiris, Universidad de la Costa, Colombia Aspectos log\u00edsticos Fecha y horario: martes 10 de septiembre de 2019, 08:30 \u2013 14:00 Idioma: espa\u00f1ol N\u00famero de participantes: 20 [&hellip;]<\/p>\n","protected":false},"author":1,"featured_media":0,"parent":40,"menu_order":0,"comment_status":"closed","ping_status":"closed","template":"","meta":[],"_links":{"self":[{"href":"http:\/\/acofi.edu.co\/eiei2019\/wp-json\/wp\/v2\/pages\/752"}],"collection":[{"href":"http:\/\/acofi.edu.co\/eiei2019\/wp-json\/wp\/v2\/pages"}],"about":[{"href":"http:\/\/acofi.edu.co\/eiei2019\/wp-json\/wp\/v2\/types\/page"}],"author":[{"embeddable":true,"href":"http:\/\/acofi.edu.co\/eiei2019\/wp-json\/wp\/v2\/users\/1"}],"replies":[{"embeddable":true,"href":"http:\/\/acofi.edu.co\/eiei2019\/wp-json\/wp\/v2\/comments?post=752"}],"version-history":[{"count":10,"href":"http:\/\/acofi.edu.co\/eiei2019\/wp-json\/wp\/v2\/pages\/752\/revisions"}],"predecessor-version":[{"id":908,"href":"http:\/\/acofi.edu.co\/eiei2019\/wp-json\/wp\/v2\/pages\/752\/revisions\/908"}],"up":[{"embeddable":true,"href":"http:\/\/acofi.edu.co\/eiei2019\/wp-json\/wp\/v2\/pages\/40"}],"wp:attachment":[{"href":"http:\/\/acofi.edu.co\/eiei2019\/wp-json\/wp\/v2\/media?parent=752"}],"curies":[{"name":"wp","href":"https:\/\/api.w.org\/{rel}","templated":true}]}}