{"id":54,"date":"2018-12-04T03:07:06","date_gmt":"2018-12-04T03:07:06","guid":{"rendered":"http:\/\/localhost\/eiei2019\/?page_id=54"},"modified":"2019-01-22T20:26:24","modified_gmt":"2019-01-22T20:26:24","slug":"comite-cientifico","status":"publish","type":"page","link":"http:\/\/acofi.edu.co\/eiei2019\/informacion-general\/comite-cientifico\/","title":{"rendered":"Comit\u00e9 Cient\u00edfico"},"content":{"rendered":"<h3>Elvira G\u00f3mez Verjel<\/h3>\n<p><span style=\"color: #ffffff;\">.<\/span><\/p>\n<h3>Gloria Isabel Bautista<\/h3>\n<p>Universidad Tecnol\u00f3gica de Bol\u00edvar, Cartagena, Colombia<br \/>\n<span style=\"color: #ffffff;\">.<\/span><\/p>\n<h3>Lorena Ech\u00e1vez Baquero<\/h3>\n<p>Universidad Piloto de Colombia, Girardot, Colombia<br \/>\n<span style=\"color: #ffffff;\">.<\/span><\/p>\n<h3>Mar\u00eda Claudia Bonfante<\/h3>\n<p>Universidad del Sin\u00fa, Cartagena, Colombia<br \/>\n<span style=\"color: #ffffff;\">.<\/span><\/p>\n<h3>Yenny Julio Narv\u00e1ez<\/h3>\n<p>Corporaci\u00f3n Universitaria Rafael N\u00fa\u00f1ez, Cartagena, Colombia<br \/>\n<span style=\"color: #ffffff;\">.<\/span><\/p>\n<h3>Jairo Acosta Solano<\/h3>\n<p>Corporaci\u00f3n Universitaria Rafael N\u00fa\u00f1ez, Cartagena, Colombia<br \/>\n<span style=\"color: #ffffff;\">.<\/span><\/p>\n<h3>Jairo Enrique Serrano<\/h3>\n<p>Universidad Tecnol\u00f3gica de Bol\u00edvar, Cartagena, Colombia<\/p>\n","protected":false},"excerpt":{"rendered":"<p>Elvira G\u00f3mez Verjel . Gloria Isabel Bautista Universidad Tecnol\u00f3gica de Bol\u00edvar, Cartagena, Colombia . Lorena Ech\u00e1vez Baquero Universidad Piloto de Colombia, Girardot, Colombia . Mar\u00eda Claudia Bonfante Universidad del Sin\u00fa, Cartagena, Colombia . Yenny Julio Narv\u00e1ez Corporaci\u00f3n Universitaria Rafael N\u00fa\u00f1ez, Cartagena, Colombia . Jairo Acosta Solano Corporaci\u00f3n Universitaria Rafael N\u00fa\u00f1ez, Cartagena, Colombia . Jairo Enrique [&hellip;]<\/p>\n","protected":false},"author":1,"featured_media":0,"parent":10,"menu_order":0,"comment_status":"closed","ping_status":"closed","template":"","meta":[],"_links":{"self":[{"href":"http:\/\/acofi.edu.co\/eiei2019\/wp-json\/wp\/v2\/pages\/54"}],"collection":[{"href":"http:\/\/acofi.edu.co\/eiei2019\/wp-json\/wp\/v2\/pages"}],"about":[{"href":"http:\/\/acofi.edu.co\/eiei2019\/wp-json\/wp\/v2\/types\/page"}],"author":[{"embeddable":true,"href":"http:\/\/acofi.edu.co\/eiei2019\/wp-json\/wp\/v2\/users\/1"}],"replies":[{"embeddable":true,"href":"http:\/\/acofi.edu.co\/eiei2019\/wp-json\/wp\/v2\/comments?post=54"}],"version-history":[{"count":6,"href":"http:\/\/acofi.edu.co\/eiei2019\/wp-json\/wp\/v2\/pages\/54\/revisions"}],"predecessor-version":[{"id":305,"href":"http:\/\/acofi.edu.co\/eiei2019\/wp-json\/wp\/v2\/pages\/54\/revisions\/305"}],"up":[{"embeddable":true,"href":"http:\/\/acofi.edu.co\/eiei2019\/wp-json\/wp\/v2\/pages\/10"}],"wp:attachment":[{"href":"http:\/\/acofi.edu.co\/eiei2019\/wp-json\/wp\/v2\/media?parent=54"}],"curies":[{"name":"wp","href":"https:\/\/api.w.org\/{rel}","templated":true}]}}