{"id":52,"date":"2018-12-04T03:06:48","date_gmt":"2018-12-04T03:06:48","guid":{"rendered":"http:\/\/localhost\/eiei2019\/?page_id=52"},"modified":"2019-07-19T14:33:14","modified_gmt":"2019-07-19T14:33:14","slug":"comite-organizador","status":"publish","type":"page","link":"http:\/\/acofi.edu.co\/eiei2019\/informacion-general\/comite-organizador\/","title":{"rendered":"Comit\u00e9 Organizador"},"content":{"rendered":"<h2 style=\"text-align: center;\"><span style=\"color: #fbb040;\"><strong>ORGANIZACI\u00d3N CENTRAL<\/strong><\/span><br \/>\n<span style=\"color: #ffffff;\">.<\/span><\/h2>\n<h5><img loading=\"lazy\" class=\"wp-image-201 aligncenter\" src=\"http:\/\/www.acofi.edu.co\/eiei2019\/wp-content\/uploads\/2018\/12\/Luis-Alberto-Gonz\u00e1lez-Araujo_2.jpg\" alt=\"\" width=\"122\" height=\"150\" \/><\/h5>\n<h5 style=\"text-align: center;\"><span style=\"color: #ef4136;\"><img loading=\"lazy\" class=\"alignnone wp-image-564\" src=\"http:\/\/www.acofi.edu.co\/eiei2019\/wp-content\/uploads\/2019\/07\/Colombia-1.png\" alt=\"\" width=\"40\" height=\"40\" srcset=\"http:\/\/www.acofi.edu.co\/eiei2019\/wp-content\/uploads\/2019\/07\/Colombia-1.png 256w, http:\/\/www.acofi.edu.co\/eiei2019\/wp-content\/uploads\/2019\/07\/Colombia-1-150x150.png 150w\" sizes=\"(max-width: 40px) 100vw, 40px\" \/>\u00a0Luis Alberto Gonz\u00e1lez Araujo<\/span><br \/>\n<strong>Director Ejecutivo ACOFI<br \/>\nDirector General EIEI ACOFI 2019<br \/>\n<\/strong><a href=\"mailto:director@acofi.edu.co\">director@acofi.edu.co<\/a><\/h5>\n<p style=\"text-align: center;\"><span style=\"color: #ffffff;\">.<\/span><\/p>\n<div class=\"row\">\n<div class=\"col-12 col-sm-6\" style=\"text-align: center;\">\n<h5><img loading=\"lazy\" class=\"aligncenter wp-image-205\" src=\"http:\/\/www.acofi.edu.co\/eiei2019\/wp-content\/uploads\/2018\/12\/lozano.jpg\" alt=\"\" width=\"122\" height=\"150\" \/><\/h5>\n<h5 style=\"text-align: center;\"><span style=\"color: #ef4136;\"><img loading=\"lazy\" class=\"alignnone wp-image-564\" src=\"http:\/\/www.acofi.edu.co\/eiei2019\/wp-content\/uploads\/2019\/07\/Colombia-1.png\" alt=\"\" width=\"40\" height=\"40\" srcset=\"http:\/\/www.acofi.edu.co\/eiei2019\/wp-content\/uploads\/2019\/07\/Colombia-1.png 256w, http:\/\/www.acofi.edu.co\/eiei2019\/wp-content\/uploads\/2019\/07\/Colombia-1-150x150.png 150w\" sizes=\"(max-width: 40px) 100vw, 40px\" \/>\u00a0<\/span><span style=\"color: #ef4136;\">Carlos Arturo Lozano Moncada<\/span><br \/>\n<strong>Presidente ACOFI<br \/>\n<\/strong><a href=\"mailto:presidencia@acofi.edu.co\">presidencia@acofi.edu.co<\/a><\/h5>\n<p><span style=\"color: #ffffff;\">.<\/span><\/p>\n<h5><img loading=\"lazy\" class=\"alignnone size-full wp-image-272\" src=\"http:\/\/www.acofi.edu.co\/eiei2019\/wp-content\/uploads\/2019\/01\/Pablo_Recabarren.jpg\" alt=\"\" width=\"112\" height=\"150\" \/><\/h5>\n<h5 style=\"text-align: center;\"><span style=\"color: #ef4136;\"><img loading=\"lazy\" class=\"alignnone wp-image-569\" src=\"http:\/\/www.acofi.edu.co\/eiei2019\/wp-content\/uploads\/2019\/07\/argentina-flag-3d-round-small.png\" alt=\"\" width=\"35\" height=\"35\" srcset=\"http:\/\/www.acofi.edu.co\/eiei2019\/wp-content\/uploads\/2019\/07\/argentina-flag-3d-round-small.png 500w, http:\/\/www.acofi.edu.co\/eiei2019\/wp-content\/uploads\/2019\/07\/argentina-flag-3d-round-small-150x150.png 150w, http:\/\/www.acofi.edu.co\/eiei2019\/wp-content\/uploads\/2019\/07\/argentina-flag-3d-round-small-300x300.png 300w\" sizes=\"(max-width: 35px) 100vw, 35px\" \/>\u00a0<\/span><span style=\"color: #ef4136;\">Pablo Recabarren<\/span><br \/>\n<strong>Presidente CONFEDI<br \/>\n<\/strong><\/h5>\n<p><span style=\"color: #ffffff;\">.<\/span><\/p>\n<p><span style=\"color: #ffffff;\">.<\/span><\/p>\n<\/div>\n<div class=\"col-12 col-sm-6\">\n<h5 style=\"text-align: center;\"><img loading=\"lazy\" class=\"alignnone size-full wp-image-273\" src=\"http:\/\/www.acofi.edu.co\/eiei2019\/wp-content\/uploads\/2019\/01\/Roberto_Giordano.jpg\" alt=\"\" width=\"110\" height=\"150\" \/><\/h5>\n<h5 style=\"text-align: center;\"><span style=\"color: #ef4136;\"><img loading=\"lazy\" class=\"alignnone wp-image-569\" src=\"http:\/\/www.acofi.edu.co\/eiei2019\/wp-content\/uploads\/2019\/07\/argentina-flag-3d-round-small.png\" alt=\"\" width=\"35\" height=\"35\" srcset=\"http:\/\/www.acofi.edu.co\/eiei2019\/wp-content\/uploads\/2019\/07\/argentina-flag-3d-round-small.png 500w, http:\/\/www.acofi.edu.co\/eiei2019\/wp-content\/uploads\/2019\/07\/argentina-flag-3d-round-small-150x150.png 150w, http:\/\/www.acofi.edu.co\/eiei2019\/wp-content\/uploads\/2019\/07\/argentina-flag-3d-round-small-300x300.png 300w\" sizes=\"(max-width: 35px) 100vw, 35px\" \/>\u00a0<\/span><span style=\"color: #ef4136;\">Roberto Giordano Lerena<\/span><br \/>\n<strong>Presidente saliente CONFEDI<\/strong><br \/>\nCoordinador CLADI 2019<\/h5>\n<p style=\"text-align: center;\"><span style=\"color: #ffffff;\">.<\/span><\/p>\n<h5 style=\"text-align: center;\"><img loading=\"lazy\" class=\"alignnone wp-image-200\" src=\"http:\/\/www.acofi.edu.co\/eiei2019\/wp-content\/uploads\/2018\/12\/Jos\u00e9-Miguel-Solano-Araujo_3.jpg\" alt=\"\" width=\"113\" height=\"150\" \/><\/h5>\n<h5 style=\"text-align: center;\"><span style=\"color: #ef4136;\"><img loading=\"lazy\" class=\"alignnone wp-image-564\" src=\"http:\/\/www.acofi.edu.co\/eiei2019\/wp-content\/uploads\/2019\/07\/Colombia-1.png\" alt=\"\" width=\"40\" height=\"40\" srcset=\"http:\/\/www.acofi.edu.co\/eiei2019\/wp-content\/uploads\/2019\/07\/Colombia-1.png 256w, http:\/\/www.acofi.edu.co\/eiei2019\/wp-content\/uploads\/2019\/07\/Colombia-1-150x150.png 150w\" sizes=\"(max-width: 40px) 100vw, 40px\" \/>\u00a0<\/span><span style=\"color: #ef4136;\">Jos\u00e9 Miguel Solano Araujo<\/span><br \/>\n<strong>Coordinador General EIEI ACOFI\u00a0 \/ CLADI 2019<\/strong><br \/>\n<a href=\"mailto:jsolano@acofi.edu.co\">jsolano@acofi.edu.co<\/a><\/h5>\n<p style=\"text-align: center;\"><span style=\"color: #ffffff;\">.<\/span><\/p>\n<\/div>\n<\/div>\n<h2 style=\"text-align: center;\"><span style=\"color: #fbb040;\"><strong>APOYO ACOFI<\/strong><\/span><\/h2>\n<p style=\"text-align: center;\"><span style=\"color: #ffffff;\">.<\/span><\/p>\n<div class=\"row\">\n<div class=\"col-12 col-sm-6\" style=\"text-align: center;\">\n<h5><img loading=\"lazy\" class=\"alignnone wp-image-198\" src=\"http:\/\/www.acofi.edu.co\/eiei2019\/wp-content\/uploads\/2018\/12\/Janeth-Jert-Pineda-Molina_3.jpg\" alt=\"\" width=\"104\" height=\"150\" \/><\/h5>\n<h5 style=\"text-align: center;\"><span style=\"color: #ef4136;\"><img loading=\"lazy\" class=\"alignnone wp-image-564\" src=\"http:\/\/www.acofi.edu.co\/eiei2019\/wp-content\/uploads\/2019\/07\/Colombia-1.png\" alt=\"\" width=\"40\" height=\"40\" srcset=\"http:\/\/www.acofi.edu.co\/eiei2019\/wp-content\/uploads\/2019\/07\/Colombia-1.png 256w, http:\/\/www.acofi.edu.co\/eiei2019\/wp-content\/uploads\/2019\/07\/Colombia-1-150x150.png 150w\" sizes=\"(max-width: 40px) 100vw, 40px\" \/>\u00a0<\/span><span style=\"color: #ef4136;\">Janneth Pineda Molina<\/span><br \/>\n<strong>Inscripciones y facturaci\u00f3n<br \/>\n<\/strong><a href=\"mailto:administrativa@acofi.edu.co\">administrativa@acofi.edu.co<\/a><span style=\"color: #ffffff;\">.<\/span><\/h5>\n<p><span style=\"color: #ffffff;\">.<\/span><\/p>\n<p><img loading=\"lazy\" class=\"alignnone wp-image-199\" src=\"http:\/\/www.acofi.edu.co\/eiei2019\/wp-content\/uploads\/2018\/12\/JennyQ.jpg\" alt=\"\" width=\"111\" height=\"150\" \/><\/p>\n<h5 style=\"text-align: center;\"><span style=\"color: #ef4136;\"><img loading=\"lazy\" class=\"alignnone wp-image-564\" src=\"http:\/\/www.acofi.edu.co\/eiei2019\/wp-content\/uploads\/2019\/07\/Colombia-1.png\" alt=\"\" width=\"40\" height=\"40\" srcset=\"http:\/\/www.acofi.edu.co\/eiei2019\/wp-content\/uploads\/2019\/07\/Colombia-1.png 256w, http:\/\/www.acofi.edu.co\/eiei2019\/wp-content\/uploads\/2019\/07\/Colombia-1-150x150.png 150w\" sizes=\"(max-width: 40px) 100vw, 40px\" \/>\u00a0<\/span><span style=\"color: #ef4136;\">Jenny A. Quiroga A.<\/span><br \/>\n<strong>Gesti\u00f3n Comercial<br \/>\n<\/strong><a href=\"mailto:jennyquiroga@acofi.edu.co\">jennyquiroga@acofi.edu.co<\/a><\/h5>\n<p><span style=\"color: #ffffff;\">.<\/span><\/p>\n<\/div>\n<div class=\"col-12 col-sm-6\">\n<h5 style=\"text-align: center;\"><img loading=\"lazy\" class=\"alignnone wp-image-202\" src=\"http:\/\/www.acofi.edu.co\/eiei2019\/wp-content\/uploads\/2018\/12\/Sim\u00f3n-Andr\u00e9s-De-Le\u00f3n-Novoa_3.jpg\" alt=\"\" width=\"114\" height=\"150\" \/><\/h5>\n<h5 style=\"text-align: center;\"><span style=\"color: #ef4136;\"><img loading=\"lazy\" class=\"alignnone wp-image-564\" src=\"http:\/\/www.acofi.edu.co\/eiei2019\/wp-content\/uploads\/2019\/07\/Colombia-1.png\" alt=\"\" width=\"40\" height=\"40\" srcset=\"http:\/\/www.acofi.edu.co\/eiei2019\/wp-content\/uploads\/2019\/07\/Colombia-1.png 256w, http:\/\/www.acofi.edu.co\/eiei2019\/wp-content\/uploads\/2019\/07\/Colombia-1-150x150.png 150w\" sizes=\"(max-width: 40px) 100vw, 40px\" \/>\u00a0<\/span><span style=\"color: #ef4136;\">Sim\u00f3n Andr\u00e9s De Le\u00f3n<\/span><br \/>\n<strong>Coordinador Talleres<br \/>\n<\/strong><a href=\"mailto:simondeleon@acofi.edu.co\">simondeleon@acofi.edu.co<\/a><\/h5>\n<p style=\"text-align: center;\"><span style=\"color: #ffffff;\">.<\/span><\/p>\n<h5 style=\"text-align: center;\"><img loading=\"lazy\" class=\"alignnone wp-image-197\" src=\"http:\/\/www.acofi.edu.co\/eiei2019\/wp-content\/uploads\/2018\/12\/Alix-Beltran.jpg\" alt=\"\" width=\"110\" height=\"150\" \/><\/h5>\n<h5 style=\"text-align: center;\"><span style=\"color: #ef4136;\"><img loading=\"lazy\" class=\"alignnone wp-image-564\" src=\"http:\/\/www.acofi.edu.co\/eiei2019\/wp-content\/uploads\/2019\/07\/Colombia-1.png\" alt=\"\" width=\"40\" height=\"40\" srcset=\"http:\/\/www.acofi.edu.co\/eiei2019\/wp-content\/uploads\/2019\/07\/Colombia-1.png 256w, http:\/\/www.acofi.edu.co\/eiei2019\/wp-content\/uploads\/2019\/07\/Colombia-1-150x150.png 150w\" sizes=\"(max-width: 40px) 100vw, 40px\" \/>\u00a0<\/span><span style=\"color: #ef4136;\">Alix Rubiela Beltr\u00e1n P.<\/span><br \/>\n<strong>Asesora de Comunicaciones<\/strong><br \/>\n<a href=\"mailto:prensa@acofi.edu.co\">prensa@acofi.edu.co<\/a><\/h5>\n<p style=\"text-align: center;\"><span style=\"color: #ffffff;\">.<\/span><\/p>\n<h5 style=\"text-align: center;\"><\/h5>\n<\/div>\n<\/div>\n<h2 style=\"text-align: center;\"><strong><span style=\"color: #fbb040;\">APOYO CONFEDI<\/span><br \/>\n<span style=\"color: #ffffff;\">.<\/span><\/strong><\/h2>\n<h5><img loading=\"lazy\" class=\"size-full wp-image-274 aligncenter\" src=\"http:\/\/www.acofi.edu.co\/eiei2019\/wp-content\/uploads\/2019\/01\/Guillermo-Oliveto.jpg\" alt=\"\" width=\"104\" height=\"150\" \/><\/h5>\n<h5 style=\"text-align: center;\"><span style=\"color: #ef4136;\"><img loading=\"lazy\" class=\"alignnone wp-image-569\" src=\"http:\/\/www.acofi.edu.co\/eiei2019\/wp-content\/uploads\/2019\/07\/argentina-flag-3d-round-small.png\" alt=\"\" width=\"35\" height=\"35\" srcset=\"http:\/\/www.acofi.edu.co\/eiei2019\/wp-content\/uploads\/2019\/07\/argentina-flag-3d-round-small.png 500w, http:\/\/www.acofi.edu.co\/eiei2019\/wp-content\/uploads\/2019\/07\/argentina-flag-3d-round-small-150x150.png 150w, http:\/\/www.acofi.edu.co\/eiei2019\/wp-content\/uploads\/2019\/07\/argentina-flag-3d-round-small-300x300.png 300w\" sizes=\"(max-width: 35px) 100vw, 35px\" \/>\u00a0<\/span><span style=\"color: #ef4136;\">Guillermo Oliveto<\/span><br \/>\n<strong>Vicepresidente<br \/>\n<\/strong><\/h5>\n<p style=\"text-align: center;\"><span style=\"color: #ffffff;\">.<\/span><\/p>\n<div class=\"row\">\n<div class=\"col-12 col-sm-6\" style=\"text-align: center;\">\n<h5><img loading=\"lazy\" class=\"alignnone size-full wp-image-275\" src=\"http:\/\/www.acofi.edu.co\/eiei2019\/wp-content\/uploads\/2019\/01\/Jorge_Basterra.jpg\" alt=\"\" width=\"113\" height=\"150\" \/><\/h5>\n<h5 style=\"text-align: center;\"><span style=\"color: #ef4136;\"><img loading=\"lazy\" class=\"alignnone wp-image-569\" src=\"http:\/\/www.acofi.edu.co\/eiei2019\/wp-content\/uploads\/2019\/07\/argentina-flag-3d-round-small.png\" alt=\"\" width=\"35\" height=\"35\" srcset=\"http:\/\/www.acofi.edu.co\/eiei2019\/wp-content\/uploads\/2019\/07\/argentina-flag-3d-round-small.png 500w, http:\/\/www.acofi.edu.co\/eiei2019\/wp-content\/uploads\/2019\/07\/argentina-flag-3d-round-small-150x150.png 150w, http:\/\/www.acofi.edu.co\/eiei2019\/wp-content\/uploads\/2019\/07\/argentina-flag-3d-round-small-300x300.png 300w\" sizes=\"(max-width: 35px) 100vw, 35px\" \/>\u00a0<\/span><span style=\"color: #ef4136;\">Jos\u00e9 Basterra<\/span><br \/>\n<strong>Secretario General<br \/>\n<\/strong><\/h5>\n<p><span style=\"color: #ffffff;\">.<\/span><span style=\"color: #ffffff;\">.<\/span><\/p>\n<p><span style=\"color: #ffffff;\">.<\/span><\/p>\n<\/div>\n<div class=\"col-12 col-sm-6\">\n<h5 style=\"text-align: center;\"><img loading=\"lazy\" class=\"alignnone size-full wp-image-276\" src=\"http:\/\/www.acofi.edu.co\/eiei2019\/wp-content\/uploads\/2019\/01\/Miguel_Sosa.jpg\" alt=\"\" width=\"116\" height=\"150\" \/><\/h5>\n<h5 style=\"text-align: center;\"><span style=\"color: #ef4136;\"><img loading=\"lazy\" class=\"alignnone wp-image-569\" src=\"http:\/\/www.acofi.edu.co\/eiei2019\/wp-content\/uploads\/2019\/07\/argentina-flag-3d-round-small.png\" alt=\"\" width=\"35\" height=\"35\" srcset=\"http:\/\/www.acofi.edu.co\/eiei2019\/wp-content\/uploads\/2019\/07\/argentina-flag-3d-round-small.png 500w, http:\/\/www.acofi.edu.co\/eiei2019\/wp-content\/uploads\/2019\/07\/argentina-flag-3d-round-small-150x150.png 150w, http:\/\/www.acofi.edu.co\/eiei2019\/wp-content\/uploads\/2019\/07\/argentina-flag-3d-round-small-300x300.png 300w\" sizes=\"(max-width: 35px) 100vw, 35px\" \/>\u00a0<\/span><span style=\"color: #ef4136;\">Miguel \u00c1ngel Sosa<\/span><br \/>\n<strong>Presidente de Relaciones Internacionales<\/strong><\/h5>\n<p style=\"text-align: center;\"><span style=\"color: #ffffff;\">.<\/span><\/p>\n<\/div>\n<\/div>\n","protected":false},"excerpt":{"rendered":"<p>ORGANIZACI\u00d3N CENTRAL . \u00a0Luis Alberto Gonz\u00e1lez Araujo Director Ejecutivo ACOFI Director General EIEI ACOFI 2019 director@acofi.edu.co . \u00a0Carlos Arturo Lozano Moncada Presidente ACOFI presidencia@acofi.edu.co . \u00a0Pablo Recabarren Presidente CONFEDI . . \u00a0Roberto Giordano Lerena Presidente saliente CONFEDI Coordinador CLADI 2019 . \u00a0Jos\u00e9 Miguel Solano Araujo Coordinador General EIEI ACOFI\u00a0 \/ CLADI 2019 jsolano@acofi.edu.co . APOYO [&hellip;]<\/p>\n","protected":false},"author":1,"featured_media":0,"parent":10,"menu_order":0,"comment_status":"closed","ping_status":"closed","template":"","meta":[],"_links":{"self":[{"href":"http:\/\/acofi.edu.co\/eiei2019\/wp-json\/wp\/v2\/pages\/52"}],"collection":[{"href":"http:\/\/acofi.edu.co\/eiei2019\/wp-json\/wp\/v2\/pages"}],"about":[{"href":"http:\/\/acofi.edu.co\/eiei2019\/wp-json\/wp\/v2\/types\/page"}],"author":[{"embeddable":true,"href":"http:\/\/acofi.edu.co\/eiei2019\/wp-json\/wp\/v2\/users\/1"}],"replies":[{"embeddable":true,"href":"http:\/\/acofi.edu.co\/eiei2019\/wp-json\/wp\/v2\/comments?post=52"}],"version-history":[{"count":64,"href":"http:\/\/acofi.edu.co\/eiei2019\/wp-json\/wp\/v2\/pages\/52\/revisions"}],"predecessor-version":[{"id":582,"href":"http:\/\/acofi.edu.co\/eiei2019\/wp-json\/wp\/v2\/pages\/52\/revisions\/582"}],"up":[{"embeddable":true,"href":"http:\/\/acofi.edu.co\/eiei2019\/wp-json\/wp\/v2\/pages\/10"}],"wp:attachment":[{"href":"http:\/\/acofi.edu.co\/eiei2019\/wp-json\/wp\/v2\/media?parent=52"}],"curies":[{"name":"wp","href":"https:\/\/api.w.org\/{rel}","templated":true}]}}