{"id":50,"date":"2018-12-04T03:06:36","date_gmt":"2018-12-04T03:06:36","guid":{"rendered":"http:\/\/localhost\/eiei2019\/?page_id=50"},"modified":"2018-12-05T19:45:34","modified_gmt":"2018-12-05T19:45:34","slug":"sobre-eiei-2019","status":"publish","type":"page","link":"http:\/\/acofi.edu.co\/eiei2019\/informacion-general\/sobre-eiei-2019\/","title":{"rendered":"Sobre EIEI 2019"},"content":{"rendered":"<h2 style=\"text-align: justify;\"><span style=\"color: #ef4136;\"><strong>Invitaci\u00f3n<\/strong><\/span><\/h2>\n<p style=\"text-align: justify;\">La Asociaci\u00f3n Colombiana de Facultades de Ingenier\u00eda (ACOFI) realizar\u00e1 del 10 al 13 de septiembre de 2019 una nueva edici\u00f3n del Encuentro Internacional de Educaci\u00f3n en Ingenier\u00eda ACOFI (EIEI ACOFI 2019) y, en alianza con el Consejo Federal de Decanos de Ingenier\u00eda de Argentina (CONFEDI) organizar\u00e1 el II Congreso Latinoamericano de Ingenier\u00eda CLADI 2019, eventos que se llevar\u00e1n a cabo en Cartagena de Indias (Colombia), patrimonio hist\u00f3rico de la humanidad.<\/p>\n<p style=\"text-align: justify;\">Con el t\u00edtulo \u201cRetos en la formaci\u00f3n de ingenieros en la era digital\u201d, el EIEI ACOFI 2019 y el CLADI 2019 reunir\u00e1 a decanos, directivos acad\u00e9micos y administrativos, profesores y estudiantes de ingenier\u00eda, representantes del sector productivo, entidades del Estado, gremios y la sociedad, quienes interactuar\u00e1n para estudiar, analizar, debatir y reflexionar sobre c\u00f3mo la era digital genera una revoluci\u00f3n en la ense\u00f1anza en ingenier\u00eda, que necesita a todos sus actores como parte activa de este constante y virtuoso proceso.<\/p>\n<p style=\"text-align: justify;\">El EIEI ACOFI 2019 y el CLADI 2019 tendr\u00e1n conferencias magistrales, paneles y di\u00e1logos con expertos sobre la ense\u00f1anza de la ingenier\u00eda, las tendencias en las estrategias de ense\u00f1anza\u2013aprendizaje y el impacto de la era digital en su quehacer. De la misma manera, habr\u00e1 talleres sobre temas de ingenier\u00eda y actividades t\u00e9cnicas, que convertir\u00e1n estos encuentros en los espacios propicios para conocer y compartir experiencias y propuestas sobre las nuevas tendencias de la educaci\u00f3n en ingenier\u00eda.<\/p>\n<p style=\"text-align: justify;\">Se convocar\u00e1 a referentes de la ingenier\u00eda de Latinoam\u00e9rica con el prop\u00f3sito de generar un \u00e1mbito de profundizaci\u00f3n del conocimiento en las distintas \u00e1reas de la profesi\u00f3n, para promover el intercambio de ideas y experiencias, establecer lazos de cooperaci\u00f3n y brindar la oportunidad de concretar acuerdos interinstitucionales.<\/p>\n<p style=\"text-align: justify;\">Por primera vez los doctorandos de ingenier\u00eda de Colombia podr\u00e1n intercambiar experiencias, lo que contribuir\u00e1 a promover el flujo de informaci\u00f3n y generar espacios de conocimiento de actividades en \u00e1reas comunes. Tambi\u00e9n est\u00e1 prevista la participaci\u00f3n de directivos de los programas de doctorado en ingenier\u00eda de la Argentina, nucleados en la Red Argentina de Doctorados de Ingenier\u00eda (RADoI), que compartir\u00e1n sus experiencias, fundamentalmente en el plano de los doctorados tecnol\u00f3gicos.<\/p>\n<p style=\"text-align: justify;\">El Consejo Directivo de ACOFI invita a toda la comunidad acad\u00e9mica de ingenier\u00eda, representada por las facultades, escuelas, programas de pregrado y posgrado, institutos, centros y grupos de investigaci\u00f3n; a los empresarios y gremios relacionados con la ingenier\u00eda; a los gobiernos locales, regionales, nacionales e internacionales; a las organizaciones regionales y globales; a los medios de comunicaci\u00f3n y, en general, a la sociedad interesada en conocer y apoyar el compromiso de promover el desarrollo a partir de la ense\u00f1anza de la ingenier\u00eda.<strong>\u00a0<\/strong><\/p>\n<h2 style=\"text-align: justify;\"><span style=\"color: #ef4136;\"><strong>Nuestras actividades<\/strong><\/span><\/h2>\n<ul style=\"text-align: justify;\">\n<li>II Congreso Latinoamericano de Ingenier\u00eda (CLADI)<\/li>\n<li>Primer Encuentro Nacional de Estudiantes de Doctorado en Ingenier\u00eda Colombia Investiga 2019<\/li>\n<li>Visita y panel de la Red Argentina de Doctorados de Ingenier\u00eda (RADoI)<\/li>\n<li>Conferencias magistrales, paneles y di\u00e1logos con expertos<\/li>\n<li>Foro de estudiantes de ingenier\u00eda<\/li>\n<li>Ponencias simult\u00e1neas presentadas en salas tem\u00e1ticas<\/li>\n<li>Talleres<\/li>\n<li>Avances de investigaci\u00f3n<\/li>\n<li>Trabajos exhibidos en p\u00f3steres<\/li>\n<li>Muestra comercial<\/li>\n<li>Actividades sociales, t\u00e9cnicas y culturales<strong>\u00a0<\/strong><\/li>\n<\/ul>\n<h2 style=\"text-align: justify;\"><span style=\"color: #ef4136;\"><strong>\u00bfPor qu\u00e9 participar?<\/strong><\/span><\/h2>\n<p style=\"text-align: justify;\">Participar en el EIEI ACOFI 2019 y el CLADI 2019 singnifica tener la oportunidad de:<\/p>\n<ul style=\"text-align: justify;\">\n<li>Compartir experiencias y establecer contactos con representantes de diferentes instituciones, organismos y entidades de sectores relacionados con la ense\u00f1anza y el ejercicio profesional de la ingenier\u00eda.<\/li>\n<li>Participar en actividades acad\u00e9micas con expertos reconocidos para conocer y acercarse a sus pr\u00e1cticas, lecciones y perspectivas sobre el tema central del encuentro.<\/li>\n<li>Conocer avances, desarrollos, innovaciones e informaci\u00f3n en ciencia, tecnolog\u00eda y procesos en el \u00e1mbito de la ingenier\u00eda y la formaci\u00f3n de ingenieros.<\/li>\n<li>Integrarse a actividades t\u00e9cnicas, sociales y culturales en una de las ciudades m\u00e1s grandes, modernas y pujantes de Colombia.<\/li>\n<li>Ser parte del encuentro de mayor reconocimiento entre las facultades, escuelas y programas de ingenier\u00eda de Colombia, de reconocimiento global, con m\u00e1s de 39 a\u00f1os de trayectoria.<strong>\u00a0<\/strong><\/li>\n<\/ul>\n<h2 style=\"text-align: justify;\"><span style=\"color: #ef4136;\"><strong>\u00bfQui\u00e9nes asistir\u00e1n?<\/strong><\/span><\/h2>\n<ul>\n<li style=\"text-align: justify;\">Directivos de instituciones de educaci\u00f3n superior.<\/li>\n<li style=\"text-align: justify;\">Decanos, directivos y personal administrativo de facultades, escuelas y programas de ingenier\u00eda.<\/li>\n<li style=\"text-align: justify;\">Profesores, profesionales, investigadores y estudiantes de ingenier\u00eda.<\/li>\n<li style=\"text-align: justify;\">Representantes de los sectores empresarial y gubernamental.<\/li>\n<li style=\"text-align: justify;\">Asesores, consultores e investigadores, conocedores y expertos en la ense\u00f1anza de la ingenier\u00eda.<\/li>\n<li style=\"text-align: justify;\">Gremios profesionales y acad\u00e9micos, y grupos de investigaci\u00f3n o extensi\u00f3n relacionados con la ingenier\u00eda.<\/li>\n<li style=\"text-align: justify;\">Representantes de entidades internacionales vinculadas a la educaci\u00f3n.<\/li>\n<li style=\"text-align: justify;\">Medios de comunicaci\u00f3n. <strong><br \/>\n<\/strong><\/li>\n<\/ul>\n<h2><span style=\"color: #ef4136;\"><strong>Sede del evento<\/strong><\/span><\/h2>\n<h4><span style=\"color: #fbb040;\">Centro de Convenciones Cartagena de Indias<\/span><\/h4>\n<p style=\"text-align: justify;\">Con su ubicaci\u00f3n estrat\u00e9gica en la bah\u00eda de la ciudad, el Centro de Convenciones de Cartagena de Indias (CCCI) es una sede extraordinaria para la realizaci\u00f3n de eventos de gran envergadura como el EIEI ACOFI 2019 y el CLADI 2019. El CCCI es igualmente un referente emblem\u00e1tico en el coraz\u00f3n del centro hist\u00f3rico de Cartagena: cuenta con 20.000 m<sup>2<\/sup> de espacios vers\u00e1tiles, ideales para la realizaci\u00f3n de cumbres, congresos, convenciones y encuentros que exigen los m\u00e1s altos est\u00e1ndares internacionales de calidad.<\/p>\n<p><iframe loading=\"lazy\" style=\"border: 0;\" src=\"https:\/\/www.google.com\/maps\/embed?pb=!1m18!1m12!1m3!1d3924.0046379519986!2d-75.55102248470146!3d10.421205692563147!2m3!1f0!2f0!3f0!3m2!1i1024!2i768!4f13.1!3m3!1m2!1s0x8ef62f7513b1da9f%3A0x24d9de4304104b6f!2sCentro+de+Convenciones+Cartagena+de+Indias+%E2%80%9CJulio+Cesar+Turbay+Ayala%22!5e0!3m2!1ses-419!2sco!4v1544039017215\" width=\"600\" height=\"450\" frameborder=\"0\" allowfullscreen=\"allowfullscreen\"><\/iframe><\/p>\n<h2><span style=\"color: #ef4136;\">Nuestra imagen<\/span><\/h2>\n<p><img loading=\"lazy\" class=\"aligncenter wp-image-182 size-medium\" src=\"http:\/\/www.acofi.edu.co\/eiei2016\/wp-content\/uploads\/2016\/02\/EIEI2016-Logo-copia-300x275.png\" alt=\"EIEI2016 - Logo - copia\" width=\"300\" height=\"275\" \/><\/p>\n<p>Un logo para representar simb\u00f3licamente las diferentes ramas de la ingenier\u00eda.<\/p>\n<ul>\n<li>Inspirado en la representaci\u00f3n de los vectores, presentes en toda ingenier\u00eda<\/li>\n<li>Integra diferentes elementos matem\u00e1ticos<\/li>\n<li>Contiene una abstracci\u00f3n de lo que puede ser una intersecci\u00f3n de planos, d\u00e1ndole un aspecto 3D<\/li>\n<li>Simplifica el proceso de memorizaci\u00f3n de la sigla como marca<\/li>\n<li>Recuerda los colores de ACOFI<\/li>\n<\/ul>\n","protected":false},"excerpt":{"rendered":"<p>Invitaci\u00f3n La Asociaci\u00f3n Colombiana de Facultades de Ingenier\u00eda (ACOFI) realizar\u00e1 del 10 al 13 de septiembre de 2019 una nueva edici\u00f3n del Encuentro Internacional de Educaci\u00f3n en Ingenier\u00eda ACOFI (EIEI ACOFI 2019) y, en alianza con el Consejo Federal de Decanos de Ingenier\u00eda de Argentina (CONFEDI) organizar\u00e1 el II Congreso Latinoamericano de Ingenier\u00eda CLADI 2019, [&hellip;]<\/p>\n","protected":false},"author":1,"featured_media":0,"parent":10,"menu_order":0,"comment_status":"closed","ping_status":"closed","template":"","meta":[],"_links":{"self":[{"href":"http:\/\/acofi.edu.co\/eiei2019\/wp-json\/wp\/v2\/pages\/50"}],"collection":[{"href":"http:\/\/acofi.edu.co\/eiei2019\/wp-json\/wp\/v2\/pages"}],"about":[{"href":"http:\/\/acofi.edu.co\/eiei2019\/wp-json\/wp\/v2\/types\/page"}],"author":[{"embeddable":true,"href":"http:\/\/acofi.edu.co\/eiei2019\/wp-json\/wp\/v2\/users\/1"}],"replies":[{"embeddable":true,"href":"http:\/\/acofi.edu.co\/eiei2019\/wp-json\/wp\/v2\/comments?post=50"}],"version-history":[{"count":10,"href":"http:\/\/acofi.edu.co\/eiei2019\/wp-json\/wp\/v2\/pages\/50\/revisions"}],"predecessor-version":[{"id":87,"href":"http:\/\/acofi.edu.co\/eiei2019\/wp-json\/wp\/v2\/pages\/50\/revisions\/87"}],"up":[{"embeddable":true,"href":"http:\/\/acofi.edu.co\/eiei2019\/wp-json\/wp\/v2\/pages\/10"}],"wp:attachment":[{"href":"http:\/\/acofi.edu.co\/eiei2019\/wp-json\/wp\/v2\/media?parent=50"}],"curies":[{"name":"wp","href":"https:\/\/api.w.org\/{rel}","templated":true}]}}