{"id":44,"date":"2018-12-04T03:05:55","date_gmt":"2018-12-04T03:05:55","guid":{"rendered":"http:\/\/localhost\/eiei2019\/?page_id=44"},"modified":"2018-12-12T20:12:53","modified_gmt":"2018-12-12T20:12:53","slug":"cartagena-de-indias","status":"publish","type":"page","link":"http:\/\/acofi.edu.co\/eiei2019\/informacion-de-viaje\/cartagena-de-indias\/","title":{"rendered":"Cartagena de Indias"},"content":{"rendered":"<p><iframe loading=\"lazy\" src=\"https:\/\/www.youtube.com\/embed\/MZpCuWxTFc4?rel=0\" width=\"420\" height=\"315\" frameborder=\"0\" allowfullscreen=\"allowfullscreen\"><span data-mce-type=\"bookmark\" style=\"display: inline-block; width: 0px; overflow: hidden; line-height: 0;\" class=\"mce_SELRES_start\">\ufeff<\/span><\/iframe><\/p>\n<p style=\"text-align: justify;\">Cartagena de Indias, Distrito Tur\u00edstico y Cultural, es uno de los principales destinos tur\u00edsticos de Colombia, de amplio reconocimiento en el mundo por su historia, su arquitectura, sus playas y el calor humano propio del Caribe. Cada a\u00f1o recibe numerosos visitantes ilustres y es sede de eventos de amplia cobertura e impacto en Colombia y el exterior.<\/p>\n<p style=\"text-align: justify;\">Su centro hist\u00f3rico es un gran museo al aire libre, con m\u00e1s de diez kil\u00f3metros de murallas y fortificaciones que datan del siglo XVII, y que se realzan con baluartes, plazas y museos. Adem\u00e1s, su gastronom\u00eda de clase mundial y la riqueza de su tradici\u00f3n y su cultura hicieron que en 1985 la Unesco la declarara patrimonio hist\u00f3rico de la humanidad.<\/p>\n<p style=\"text-align: justify;\">Cartagena de Indias es, tambi\u00e9n, una de las ciudades colombianas con notorio desarrollo. Cuenta con una zona industrial con organizaciones nacionales y extranjeras en diversas \u00e1reas, una s\u00f3lida infraestructura portuaria y varias instituciones de educaci\u00f3n superior de amplio reconocimiento.<\/p>\n<p style=\"text-align: justify;\">Su arquitectura combina m\u00faltiples estilos, desde el barroco y el colonial espa\u00f1ol hasta el neocl\u00e1sico, los cuales contrastan con la infraestructura moderna destinada al turismo, lo que la convierte en una ciudad muy atractiva. Lugares hist\u00f3ricos como el Castillo de San Felipe, el Palacio de la Inquisici\u00f3n, la Torre del Reloj, las murallas, los balcones y las calles coloniales, se suman a la belleza natural de las playas de La Boquilla, Bocagrande, Castillo Grande, El Laguito y las cercanas Islas del Rosario y Bar\u00fa. Todo su paisaje hace de Cartagena de Indias una ciudad de encanto, de realidad m\u00e1gica.<\/p>\n<p style=\"text-align: justify;\">Precisamente esta ciudad, cuya riqueza hist\u00f3rica, cultural, empresarial y tur\u00edstica la hacen \u00fanica, es el escenario ideal para el EIEI ACOFI 2019 y el CLADI 2019.<\/p>\n<h2 style=\"text-align: justify;\"><span style=\"color: #ef4136;\">Datos Generales<\/span><\/h2>\n<ul style=\"text-align: justify;\">\n<li>Habitantes: 955.250<\/li>\n<li>Extensi\u00f3n: 709 km<sup>2<\/sup><\/li>\n<li>Altura: 2 m.s.n.m.<\/li>\n<li>Temperatura promedio: 28 \u00b0C<\/li>\n<li>Actividades econ\u00f3micas: Industria, comercio, turismo<\/li>\n<li>Acceso: terrestre, a\u00e9reo, mar\u00edtimo<\/li>\n<\/ul>\n<h3><span style=\"color: #ffffff;\">\u00a0.<\/span><\/h3>\n<h2 style=\"text-align: left;\"><span style=\"color: #ef4136;\">Aeropuerto Internacional Rafael N\u00fa\u00f1ez<\/span><\/h2>\n<p><img loading=\"lazy\" class=\"alignnone size-full wp-image-143\" src=\"http:\/\/www.acofi.edu.co\/eiei2018\/wp-content\/uploads\/2017\/11\/aeropuerto.jpg\" alt=\"\" width=\"700\" height=\"468\" \/><\/p>\n<ul style=\"text-align: justify;\">\n<li>El aeropuerto internacional de Cartagena de Indias es uno de los m\u00e1s importantes de Colombia, por el movimiento tur\u00edstico. Cuenta con vuelos internacionales provenientes de Am\u00e9rica y Europa. Alrededor de 2.19 millones de pasajeros lo transitaron en 2012.<\/li>\n<li>El aeropuerto se ubica dentro del \u00e1rea urbana de Cartagena de Indias al norte del casco c\u00e9ntrico, en el barrio de Crespo. Autobuses, minibuses y taxis comunican al aeropuerto con los distintos sectores urbanos de la ciudad de Cartagena de Indias. El servicio de taxi opera las 24 horas, mientras que el de autobuses desde las 06:50 hasta las 23:45 horas.<\/li>\n<li>Existen mostradores de alquiler de coches de las compa\u00f1\u00edas m\u00e1s reconocidas. El aeropuerto ofrece adem\u00e1s cajeros autom\u00e1ticos ATM, servicio de cambio de divisas, sector Vip, tel\u00e9fonos p\u00fablicos, acceso a Internet Wi-Fi sin costo y otros servicios.<\/li>\n<\/ul>\n<p style=\"text-align: justify;\"><span style=\"color: #000000;\"><strong><a href=\"http:\/\/www.sacsa.com.co\/\">www.sacsa.com.co<\/a><\/strong><\/span><\/p>\n","protected":false},"excerpt":{"rendered":"<p>\ufeff Cartagena de Indias, Distrito Tur\u00edstico y Cultural, es uno de los principales destinos tur\u00edsticos de Colombia, de amplio reconocimiento en el mundo por su historia, su arquitectura, sus playas y el calor humano propio del Caribe. Cada a\u00f1o recibe numerosos visitantes ilustres y es sede de eventos de amplia cobertura e impacto en Colombia [&hellip;]<\/p>\n","protected":false},"author":1,"featured_media":0,"parent":8,"menu_order":0,"comment_status":"closed","ping_status":"closed","template":"","meta":[],"_links":{"self":[{"href":"http:\/\/acofi.edu.co\/eiei2019\/wp-json\/wp\/v2\/pages\/44"}],"collection":[{"href":"http:\/\/acofi.edu.co\/eiei2019\/wp-json\/wp\/v2\/pages"}],"about":[{"href":"http:\/\/acofi.edu.co\/eiei2019\/wp-json\/wp\/v2\/types\/page"}],"author":[{"embeddable":true,"href":"http:\/\/acofi.edu.co\/eiei2019\/wp-json\/wp\/v2\/users\/1"}],"replies":[{"embeddable":true,"href":"http:\/\/acofi.edu.co\/eiei2019\/wp-json\/wp\/v2\/comments?post=44"}],"version-history":[{"count":7,"href":"http:\/\/acofi.edu.co\/eiei2019\/wp-json\/wp\/v2\/pages\/44\/revisions"}],"predecessor-version":[{"id":75,"href":"http:\/\/acofi.edu.co\/eiei2019\/wp-json\/wp\/v2\/pages\/44\/revisions\/75"}],"up":[{"embeddable":true,"href":"http:\/\/acofi.edu.co\/eiei2019\/wp-json\/wp\/v2\/pages\/8"}],"wp:attachment":[{"href":"http:\/\/acofi.edu.co\/eiei2019\/wp-json\/wp\/v2\/media?parent=44"}],"curies":[{"name":"wp","href":"https:\/\/api.w.org\/{rel}","templated":true}]}}