{"id":170,"date":"2018-12-11T16:42:23","date_gmt":"2018-12-11T16:42:23","guid":{"rendered":"http:\/\/acofi.edu.co\/eiei2019\/?page_id=170"},"modified":"2018-12-11T16:53:50","modified_gmt":"2018-12-11T16:53:50","slug":"cladi-2019","status":"publish","type":"page","link":"http:\/\/acofi.edu.co\/eiei2019\/informacion-general\/cladi-2019\/","title":{"rendered":"CLADI 2019"},"content":{"rendered":"<p><img loading=\"lazy\" class=\"alignnone wp-image-174\" src=\"http:\/\/www.acofi.edu.co\/eiei2019\/wp-content\/uploads\/2018\/12\/CLADI-300x212.png\" alt=\"\" width=\"500\" height=\"353\" srcset=\"http:\/\/www.acofi.edu.co\/eiei2019\/wp-content\/uploads\/2018\/12\/CLADI-300x212.png 300w, http:\/\/www.acofi.edu.co\/eiei2019\/wp-content\/uploads\/2018\/12\/CLADI-768x543.png 768w, http:\/\/www.acofi.edu.co\/eiei2019\/wp-content\/uploads\/2018\/12\/CLADI-1024x724.png 1024w\" sizes=\"(max-width: 500px) 100vw, 500px\" \/><\/p>\n<p style=\"text-align: justify;\">El Consejo de Decanos de Ingenier\u00eda de Argentina (CONFEDI) y la Asociaci\u00f3n Colombiana de Facultades de Ingenier\u00eda (ACOFI) invitan a la comunidad acad\u00e9mica de ingenier\u00eda al II Congreso Latinoamericano de Ingenier\u00eda (CLADI), que se llevar\u00e1 a cabo en el marco del EIEI ACOFI 2019 en el Centro de Convenciones de Cartagena de Indias (Colombia) del 10 al 13 de septiembre de 2019.<\/p>\n<p style=\"text-align: justify;\">El CLADI fue creado en el 2017 por CONFEDI como una iniciativa de integraci\u00f3n regional, con el fin de generar un espacio para profundizar el conocimiento en las distintas \u00e1reas de la profesi\u00f3n, promover el intercambio de ideas y experiencias, estrechar lazos de cooperaci\u00f3n y brindar la oportunidad de establecer acuerdos interinstitucionales.<\/p>\n<p style=\"text-align: justify;\">En el CLADI 2019 se abordar\u00e1n los temas tradicionales propuestos por CONFEDI, haciendo \u00e9nfasis en los retos de la era digital:<\/p>\n<ul style=\"text-align: justify;\">\n<li>Desarrollo regional. Vinculaci\u00f3n entre universidad, empresa y Estado.<\/li>\n<li>Educaci\u00f3n en ingenier\u00eda.<\/li>\n<li>Ingenier\u00eda sostenible. Energ\u00eda, transporte, gesti\u00f3n ambiental y cambio clim\u00e1tico.<\/li>\n<li>Internacionalizaci\u00f3n en ingenier\u00eda.<\/li>\n<li>Participaci\u00f3n de la mujer en la ingenier\u00eda.<\/li>\n<li>Obras y proyectos de ingenier\u00eda.<\/li>\n<li>Pol\u00edticas y gesti\u00f3n universitaria.<\/li>\n<li>Proyectos de desarrollo tecnol\u00f3gico y social.<\/li>\n<\/ul>\n<p style=\"text-align: justify;\">Los temas se abordar\u00e1n en cada una de las categor\u00edas de participaci\u00f3n previstas para el EIEI ACOFI 2019 y el CLADI 2019.<\/p>\n<p style=\"text-align: justify;\">El CLADI 2019 se realiza en el marco del convenio de cooperaci\u00f3n suscrito entre ACOFI y CONFEDI en 2016, y cuenta con el apoyo de la Asociaci\u00f3n Iberoamericana de Instituciones de Ense\u00f1anza de la Ingenier\u00eda (ASIBEI).<\/p>\n","protected":false},"excerpt":{"rendered":"<p>El Consejo de Decanos de Ingenier\u00eda de Argentina (CONFEDI) y la Asociaci\u00f3n Colombiana de Facultades de Ingenier\u00eda (ACOFI) invitan a la comunidad acad\u00e9mica de ingenier\u00eda al II Congreso Latinoamericano de Ingenier\u00eda (CLADI), que se llevar\u00e1 a cabo en el marco del EIEI ACOFI 2019 en el Centro de Convenciones de Cartagena de Indias (Colombia) del [&hellip;]<\/p>\n","protected":false},"author":1,"featured_media":0,"parent":10,"menu_order":0,"comment_status":"closed","ping_status":"closed","template":"","meta":[],"_links":{"self":[{"href":"http:\/\/acofi.edu.co\/eiei2019\/wp-json\/wp\/v2\/pages\/170"}],"collection":[{"href":"http:\/\/acofi.edu.co\/eiei2019\/wp-json\/wp\/v2\/pages"}],"about":[{"href":"http:\/\/acofi.edu.co\/eiei2019\/wp-json\/wp\/v2\/types\/page"}],"author":[{"embeddable":true,"href":"http:\/\/acofi.edu.co\/eiei2019\/wp-json\/wp\/v2\/users\/1"}],"replies":[{"embeddable":true,"href":"http:\/\/acofi.edu.co\/eiei2019\/wp-json\/wp\/v2\/comments?post=170"}],"version-history":[{"count":3,"href":"http:\/\/acofi.edu.co\/eiei2019\/wp-json\/wp\/v2\/pages\/170\/revisions"}],"predecessor-version":[{"id":175,"href":"http:\/\/acofi.edu.co\/eiei2019\/wp-json\/wp\/v2\/pages\/170\/revisions\/175"}],"up":[{"embeddable":true,"href":"http:\/\/acofi.edu.co\/eiei2019\/wp-json\/wp\/v2\/pages\/10"}],"wp:attachment":[{"href":"http:\/\/acofi.edu.co\/eiei2019\/wp-json\/wp\/v2\/media?parent=170"}],"curies":[{"name":"wp","href":"https:\/\/api.w.org\/{rel}","templated":true}]}}