{"id":16,"date":"2018-12-02T04:00:42","date_gmt":"2018-12-02T04:00:42","guid":{"rendered":"http:\/\/localhost\/eiei2019\/?page_id=16"},"modified":"2019-09-06T22:22:45","modified_gmt":"2019-09-06T22:22:45","slug":"prensa","status":"publish","type":"page","link":"http:\/\/acofi.edu.co\/eiei2019\/prensa\/","title":{"rendered":"Prensa"},"content":{"rendered":"<p style=\"text-align: justify;\">Bienvenido al link de Prensa. Hemos dispuesto este espacio para compartir con ustedes las noticias e informaci\u00f3n actualizada sobre las diferentes actividades que tendr\u00e1n lugar en el EIEI ACOFI 2019. Si desea mayor informaci\u00f3n del evento o tiene inquietudes al respecto, escr\u00edbanos al correo <strong><a href=\"mailto:prensa@acofi.edu.co\">prensa@acofi.edu.co<\/a><\/strong>, con gusto daremos pronta respuesta. Alix Rubiela Beltr\u00e1n P. Comunicaciones ACOFI. Celular 318 3083225.<\/p>\n<h2><strong><a href=\"http:\/\/acofi.edu.co\/eiei2019\/prensa\/protocolo-periodistas-y-medios-de-comunicacion\/\" rel=\"attachment wp-att-932\">PROTOCOLO PERIODISTAS Y MEDIOS DE COMUNICACI\u00d3N<\/a><\/strong><\/h2>\n<p><span style=\"color: #ffffff;\">.<\/span><\/p>\n<h2 style=\"text-align: justify;\"><span style=\"color: #ef4136;\">Redes Sociales<\/span><\/h2>\n<div class=\"row\">\n<div class=\"col-12 col-sm-6\">\n<h4 style=\"text-align: justify;\"><span style=\"color: #fbb040;\">Facebook<\/span><\/h4>\n<p><iframe loading=\"lazy\" src=\"https:\/\/www.facebook.com\/plugins\/page.php?href=https%3A%2F%2Fwww.facebook.com%2Fface.acofi%2F&amp;tabs=timeline&amp;width=340&amp;height=500&amp;small_header=false&amp;adapt_container_width=true&amp;hide_cover=false&amp;show_facepile=true&amp;appId\" width=\"340\" height=\"500\" frameborder=\"0\" scrolling=\"no\"><\/iframe><\/p>\n<\/div>\n<div class=\"col-12 col-sm-6\">\n<h4 style=\"text-align: justify;\"><span style=\"color: #fbb040;\">Twitter<\/span><\/h4>\n<p><a class=\"twitter-timeline\" href=\"https:\/\/twitter.com\/acofi\" data-width=\"350\" data-height=\"600\" data-dnt=\"true\">Tweets by acofi<\/a><script src=\"\/\/platform.twitter.com\/widgets.js\" async=\"\" charset=\"utf-8\"><\/script><\/p>\n<\/div>\n<\/div>\n<div style=\"clear: both; text-align: justify;\"><\/div>\n<div style=\"clear: both;\"><\/div>\n","protected":false},"excerpt":{"rendered":"<p>Bienvenido al link de Prensa. Hemos dispuesto este espacio para compartir con ustedes las noticias e informaci\u00f3n actualizada sobre las diferentes actividades que tendr\u00e1n lugar en el EIEI ACOFI 2019. Si desea mayor informaci\u00f3n del evento o tiene inquietudes al respecto, escr\u00edbanos al correo prensa@acofi.edu.co, con gusto daremos pronta respuesta. Alix Rubiela Beltr\u00e1n P. Comunicaciones [&hellip;]<\/p>\n","protected":false},"author":1,"featured_media":0,"parent":0,"menu_order":0,"comment_status":"closed","ping_status":"closed","template":"","meta":[],"_links":{"self":[{"href":"http:\/\/acofi.edu.co\/eiei2019\/wp-json\/wp\/v2\/pages\/16"}],"collection":[{"href":"http:\/\/acofi.edu.co\/eiei2019\/wp-json\/wp\/v2\/pages"}],"about":[{"href":"http:\/\/acofi.edu.co\/eiei2019\/wp-json\/wp\/v2\/types\/page"}],"author":[{"embeddable":true,"href":"http:\/\/acofi.edu.co\/eiei2019\/wp-json\/wp\/v2\/users\/1"}],"replies":[{"embeddable":true,"href":"http:\/\/acofi.edu.co\/eiei2019\/wp-json\/wp\/v2\/comments?post=16"}],"version-history":[{"count":9,"href":"http:\/\/acofi.edu.co\/eiei2019\/wp-json\/wp\/v2\/pages\/16\/revisions"}],"predecessor-version":[{"id":935,"href":"http:\/\/acofi.edu.co\/eiei2019\/wp-json\/wp\/v2\/pages\/16\/revisions\/935"}],"wp:attachment":[{"href":"http:\/\/acofi.edu.co\/eiei2019\/wp-json\/wp\/v2\/media?parent=16"}],"curies":[{"name":"wp","href":"https:\/\/api.w.org\/{rel}","templated":true}]}}