{"id":119,"date":"2018-12-11T15:54:04","date_gmt":"2018-12-11T15:54:04","guid":{"rendered":"http:\/\/acofi.edu.co\/eiei2019\/?page_id=119"},"modified":"2019-09-05T17:49:00","modified_gmt":"2019-09-05T17:49:00","slug":"foro-de-estudiantes","status":"publish","type":"page","link":"http:\/\/acofi.edu.co\/eiei2019\/categorias-de-participacion\/foro-de-estudiantes\/","title":{"rendered":"Foro de Estudiantes"},"content":{"rendered":"<h2><strong>6\u00b0 FORO COLOMBIANO DE ESTUDIANTES DE INGENIER\u00cdA 2019<\/strong><strong>\u00a0<\/strong><\/h2>\n<h3><span style=\"color: #ef4136;\"><strong>Pre\u00e1mbulo <\/strong><\/span><\/h3>\n<p>En el a\u00f1o 2013, la Asociaci\u00f3n Colombiana de Facultades de Ingenier\u00eda (ACOFI) organiz\u00f3 en la ciudad de Cartagena el World Engineering Education Forum (WEEF<sup>TM)<\/sup> y el 9\u00b0 Foro Global de Estudiantes de ingenier\u00eda (GSF) organizado juntamente con la <em>Student Platform for Engineering Education Development<\/em> (SPEED), escenario en el que los estudiantes de ingenier\u00eda reflexionaron sobre su quehacer durante su proceso de formaci\u00f3n; compartieron y conocieron con estudiantes de otras instituciones, metodolog\u00edas y estrategias que contribuyen a la mejora de lo que se realiza en sus programas de ingenier\u00eda; y la oportunidad de abordar temas actuales de inter\u00e9s.<\/p>\n<p>Con los resultados de esta experiencia, a partir del 2014, ACOFI en el marco del Encuentro Internacional de Educaci\u00f3n en Ingenier\u00eda (EIEI ACOFI), con la organizaci\u00f3n y el apoyo de los estudiantes de ingenier\u00eda de diferentes instituciones de educaci\u00f3n superior y organizaciones de estudiantes, cre\u00f3 el Foro de Estudiantes de Ingenier\u00eda (FCEI), el cual se ha realizado anualmente.<\/p>\n<p>En las cinco versiones del FCEI, los estudiantes de ingenier\u00eda han debatido sobre metodolog\u00edas de aprendizaje y ense\u00f1anza en sus carreras de ingenier\u00eda, han analizado aspectos fundamentales en su proceso de formaci\u00f3n como lo son la innovaci\u00f3n, la creatividad, la sostenibilidad, el medio ambiente y han realizado actividades sociales como la iniciativa Sembrando ingenieros, que se realiza con estudiantes de colegio de la ciudad de Cartagena de Indias, con lo que el FCEI ha logrado adquirir mayor relevancia e inter\u00e9s por parte de la comunidad estudiantil de ingenier\u00eda.<\/p>\n<p>Para este a\u00f1o el 6\u00b0 Foro de Estudiantes de Ingenier\u00eda (FCEI), se realizar\u00e1 del 10 al 13 de septiembre, con el objetivo de que los estudiantes compartan vivencias, aprendizajes y reflexiones obtenidos desde cada ingenier\u00eda por medio de la realizaci\u00f3n de proyectos, conferencias, talleres y debates. Se brindar\u00e1 una retroalimentaci\u00f3n por parte de los estudiantes hacia sus instituciones, con el fin de generar un mejoramiento del proceso de gesti\u00f3n, aprendizaje y ense\u00f1anza en los distintos programas de ingenier\u00eda.<\/p>\n<h3><span style=\"color: #ef4136;\"><strong>Justificaci\u00f3n del FCEI 2019<\/strong><\/span><\/h3>\n<p>Los futuros ingenieros adem\u00e1s de los retos propios que les impone su profesi\u00f3n, deben desarrollar habilidades en temas como liderazgo, comunicaci\u00f3n, innovaci\u00f3n, ejercicio \u00e9tico de la profesi\u00f3n, responsabilidad social, entre otras. Teniendo en cuenta que la investigaci\u00f3n es uno de los pilares fundamentales para el desarrollo de un pa\u00eds se espera que los estudiantes de ingenier\u00eda sean parte crucial del proceso de innovaci\u00f3n teniendo como meta el desarrollo de no solo un pa\u00eds sino una sociedad. Es por esto que dentro de su formaci\u00f3n se les debe impulsar a crear soluciones globales e innovadoras que permitan la disoluci\u00f3n de diferentes problem\u00e1ticas sin traer efectos secundarios de ning\u00fan tipo.<\/p>\n<p>De la misma manera, los aspectos relacionados con los cada vez m\u00e1s acelerados cambios tecnol\u00f3gicos que se reflejan en la industria 4.0 y los temas ambientales que cada vez exigen que la actividad del ingeniero, independientemente de su denominaci\u00f3n, deba priorizar el cuidado y recuperaci\u00f3n de la naturaleza.<\/p>\n<p>Para el Foro Econ\u00f3mico Mundial (WEF, por sus siglas en ingl\u00e9s), expresa:<\/p>\n<p><em>El internet de las cosas (internet of Things, habitualmente referido por sus siglas inglesas IoT) es la pr\u00f3xima gran transformaci\u00f3n de Internet y hace referencia a una tecnolog\u00eda basada en la conexi\u00f3n de objetos cotidianos a la Red que comienza con juguetes y electrodom\u00e9sticos y acaba en coches aut\u00f3nomos y ciudades inteligentes. Pr\u00e1cticamente cualquier objeto puede formar parte del IoT, incluso pastillas digitales que ya han sido autorizadas a finales de 2017 por la Administraci\u00f3n de Alimentos y Medicamentos de Estados Unidos (FDA).<a href=\"#_ftn1\" name=\"_ftnref1\"><strong>[1]<\/strong><\/a><\/em><\/p>\n<p>Hoy la transformaci\u00f3n de internet tiene incidencia desde el dispositivo electr\u00f3nico m\u00e1s elemental, en temas de salud, hasta en la eficiencia energ\u00e9tica. Todo lo imaginable e inimaginable pasar\u00e1 por IoT.<\/p>\n<p>El desarrollo sostenible tiene cada vez m\u00e1s un mayor impacto, en toda la actividad del ingeniero, haciendo que la l\u00ednea que separa el desarrollo con la sostenibilidad sea cada d\u00eda m\u00e1s delgada. A manera de ejemplo:<\/p>\n<p><em>La contaminaci\u00f3n se ha convertido en un problema que le pasa una costosa factura al ambiente y a la salud del ser humano. La mala calidad del aire se ha convertido en una de las principales causas de enfermedades\u2026<\/em><em>\u00a0<\/em><\/p>\n<p><em>De acuerdo con datos del Observatorio Nacional de Salud (ONS), esta problem\u00e1tica causa al menos 17.500 muertes en el pa\u00eds (Colombia) cada a\u00f1o, producto del material particulado que se encuentra en el ambiente ocasionado en una gran parte por la combusti\u00f3n vehicular y la producci\u00f3n de residuos generados en los procesos industriales.<a href=\"#_ftn2\" name=\"_ftnref2\"><strong>[2]<\/strong><\/a><\/em><\/p>\n<p>Este caso, como muchos que d\u00eda a d\u00eda se presentan en toda la actividad del ser humano, refleja la necesidad imperante que la labor de los ingenieros logre reducir el impacto que desde la profesi\u00f3n se genera para el desarrollo y bienestar.<\/p>\n<p>Por tal motivo, el FCEI 2019, en directa relaci\u00f3n con los objetivos del EIEI ACOFI \/ CLADI 2019, tiene como prop\u00f3sito principal, reunir a los estudiantes de todas las ingenier\u00edas para tratar temas que est\u00e1n en tendencia global y por los cuales se est\u00e1 trabajando para lograr un impacto positivo en el medio ambiente, contribuyendo de manera sostenible a las problem\u00e1ticas presentadas.<\/p>\n<p>El FCEI 2019 permitir\u00e1 que los estudiantes desarrollen, durante cuatro d\u00edas, planes de acci\u00f3n con metodolog\u00edas guiadas al aprendizaje del estudiante y herramientas que puedan brindar el mayor conocimiento en torno a diferentes tem\u00e1ticas. Entre ellas la investigaci\u00f3n para la contribuci\u00f3n del desarrollo exploratorio y educativo del pa\u00eds.<\/p>\n<p>El FCEI 2019, abordar\u00e1 importantes temas de alto impacto y actividades que permitir\u00e1n promover habilidades en comunicaci\u00f3n y liderazgo, en una gran interacci\u00f3n con estudiantes de ingenier\u00eda (pregrado, posgrado) de diferentes regiones, profesores, directivos acad\u00e9micos y expertos de diversos sectores, con lo que esta sexta versi\u00f3n del Foro sea una experiencia de alto valor.<\/p>\n<h3><span style=\"color: #ef4136;\"><strong>Objetivos del FCEI 2019<\/strong><strong>\u00a0<\/strong><\/span><\/h3>\n<ul>\n<li>Incentivar la formaci\u00f3n de l\u00edderes acad\u00e9micos y la generaci\u00f3n de redes nacionales e internacionales para un buen desarrollo profesional de los futuros ingenieros.<\/li>\n<\/ul>\n<ul>\n<li>Resaltar el compromiso social de los ingenieros con el mundo.<\/li>\n<\/ul>\n<ul>\n<li>Destacar el trabajo de los grupos de investigaci\u00f3n de diferentes Universidades a trav\u00e9s de la exposici\u00f3n de los proyectos.<\/li>\n<\/ul>\n<ul>\n<li>Realizar proyectos a partir de la metodolog\u00eda de planes de acci\u00f3n, los cuales ser\u00e1n creados por los estudiantes durante los d\u00edas del evento, aportando soluciones a las problem\u00e1ticas relacionadas con la ingenier\u00eda en los \u00e1mbitos local, regional o global.<\/li>\n<\/ul>\n<h3><span style=\"color: #ef4136;\"><strong>Actividades<\/strong><strong>\u00a0<\/strong><\/span><\/h3>\n<p><strong>1. Planes de acci\u00f3n<\/strong><\/p>\n<ul>\n<li><a href=\"http:\/\/acofi.edu.co\/eiei2019\/categorias-de-participacion\/foro-de-estudiantes\/contaminacion-ambiental\/\">Contaminaci\u00f3n ambiental<\/a><\/li>\n<li><a href=\"http:\/\/acofi.edu.co\/eiei2019\/categorias-de-participacion\/foro-de-estudiantes\/iot\/\">Internet de las cosas<\/a><\/li>\n<\/ul>\n<p><span style=\"color: #ef4136;\"><a style=\"color: #ef4136;\" href=\"http:\/\/acofi.edu.co\/eiei2019\/categorias-de-participacion\/foro-de-estudiantes\/servicio-comunitario\/\"><strong>2. Sembrando Ingenieros \u2013 Servicio Comunitario<\/strong><\/a><\/span><\/p>\n<p><strong>3. III Muestra de trabajos: Los Mejores proyectos de estudiantes de ingenier\u00eda ACOFI 2019<\/strong><\/p>\n<p><span style=\"color: #ef4136;\"><a style=\"color: #ef4136;\" href=\"http:\/\/acofi.edu.co\/eiei2019\/categorias-de-participacion\/foro-de-estudiantes\/concurso-3mt\/\"><strong>4. Concurso 3MT<\/strong><\/a><\/span><\/p>\n<p>&nbsp;<\/p>\n<p><a href=\"#_ftnref1\" name=\"_ftn1\">[1]<\/a> Tomado de: https:\/\/es.weforum.org\/agenda\/2018\/10\/internet-de-las-cosas-privacidad-y-seguridad\/<br \/>\n<a href=\"#_ftnref2\" name=\"_ftn2\">[2]<\/a> Tomado de: https:\/\/sostenibilidad.semana.com\/medio-ambiente\/articulo\/la-contaminacion-una-problematica-de-alto-costo\/44470<\/p>\n","protected":false},"excerpt":{"rendered":"<p>6\u00b0 FORO COLOMBIANO DE ESTUDIANTES DE INGENIER\u00cdA 2019\u00a0 Pre\u00e1mbulo En el a\u00f1o 2013, la Asociaci\u00f3n Colombiana de Facultades de Ingenier\u00eda (ACOFI) organiz\u00f3 en la ciudad de Cartagena el World Engineering Education Forum (WEEFTM) y el 9\u00b0 Foro Global de Estudiantes de ingenier\u00eda (GSF) organizado juntamente con la Student Platform for Engineering Education Development (SPEED), escenario [&hellip;]<\/p>\n","protected":false},"author":1,"featured_media":0,"parent":34,"menu_order":0,"comment_status":"closed","ping_status":"closed","template":"","meta":[],"_links":{"self":[{"href":"http:\/\/acofi.edu.co\/eiei2019\/wp-json\/wp\/v2\/pages\/119"}],"collection":[{"href":"http:\/\/acofi.edu.co\/eiei2019\/wp-json\/wp\/v2\/pages"}],"about":[{"href":"http:\/\/acofi.edu.co\/eiei2019\/wp-json\/wp\/v2\/types\/page"}],"author":[{"embeddable":true,"href":"http:\/\/acofi.edu.co\/eiei2019\/wp-json\/wp\/v2\/users\/1"}],"replies":[{"embeddable":true,"href":"http:\/\/acofi.edu.co\/eiei2019\/wp-json\/wp\/v2\/comments?post=119"}],"version-history":[{"count":25,"href":"http:\/\/acofi.edu.co\/eiei2019\/wp-json\/wp\/v2\/pages\/119\/revisions"}],"predecessor-version":[{"id":929,"href":"http:\/\/acofi.edu.co\/eiei2019\/wp-json\/wp\/v2\/pages\/119\/revisions\/929"}],"up":[{"embeddable":true,"href":"http:\/\/acofi.edu.co\/eiei2019\/wp-json\/wp\/v2\/pages\/34"}],"wp:attachment":[{"href":"http:\/\/acofi.edu.co\/eiei2019\/wp-json\/wp\/v2\/media?parent=119"}],"curies":[{"name":"wp","href":"https:\/\/api.w.org\/{rel}","templated":true}]}}