{"id":116,"date":"2018-12-11T15:52:42","date_gmt":"2018-12-11T15:52:42","guid":{"rendered":"http:\/\/acofi.edu.co\/eiei2019\/?page_id=116"},"modified":"2019-09-05T17:46:35","modified_gmt":"2019-09-05T17:46:35","slug":"colombia-investiga-2019","status":"publish","type":"page","link":"http:\/\/acofi.edu.co\/eiei2019\/categorias-de-participacion\/colombia-investiga-2019\/","title":{"rendered":"Colombia Investiga 2019"},"content":{"rendered":"<p style=\"text-align: justify;\">El Cap\u00edtulo de Doctorados Nacionales en Ingenier\u00eda de la Asociaci\u00f3n Colombiana de Facultades de Ingenier\u00eda (ACOFI) organiza el Primer Encuentro Nacional de Estudiantes de Doctorados en Ingenier\u00eda, que se realizar\u00e1 del 11 al 13 de septiembre de 2019, en el marco del Encuentro Internacional de Educaci\u00f3n en Ingenier\u00eda 2019, en el Centro de Convenciones de Cartagena de Indias.<\/p>\n<p style=\"text-align: justify;\">El Primer Encuentro Nacional de Estudiantes de Doctorados en Ingenier\u00eda constituye una de las actividades principales del cap\u00edtulo para fomentar la formaci\u00f3n de excelencia en dicho nivel y desarrollar estrategias de cooperaci\u00f3n sobre los esquemas curriculares, de investigaci\u00f3n y de innovaci\u00f3n actuales, frente a los retos que impone en Colombia la globalizaci\u00f3n e internacionalizaci\u00f3n de la educaci\u00f3n en el \u00e1mbito de los posgrados.<\/p>\n<p style=\"text-align: justify;\"><strong><em>Objetivos<\/em><\/strong><\/p>\n<p style=\"text-align: justify;\">Promover el intercambio de experiencias entre los doctorandos para que fluya la informaci\u00f3n y generar espacios de conocimiento de actividades en \u00e1reas comunes.<\/p>\n<ul style=\"text-align: justify;\">\n<li>Realizar conferencias sobre temas de inter\u00e9s para la formaci\u00f3n en el nivel doctoral, exposiciones de p\u00f3steres y presentaciones orales.<\/li>\n<li>Destacar el papel de la formaci\u00f3n doctoral para la competitividad y la innovaci\u00f3n en el pa\u00eds.<\/li>\n<li>Fomentar la divulgaci\u00f3n del conocimiento generado a partir del avance de tesis doctorales.<\/li>\n<li>Propiciar la formaci\u00f3n y consolidaci\u00f3n de redes nacionales e internacionales propias del desarrollo de actividades de formaci\u00f3n doctoral.<\/li>\n<\/ul>\n<p style=\"text-align: justify;\"><strong><em>Actividades acad\u00e9micas<\/em><\/strong><\/p>\n<p style=\"text-align: justify;\">Entre el 11 y el 13 de septiembre de 2019 se realizar\u00e1n las siguientes actividades acad\u00e9micas y cient\u00edficas:<\/p>\n<ul style=\"text-align: justify;\">\n<li>Conferencias magistrales\n<ul>\n<li>La \u00e9tica en la investigaci\u00f3n cient\u00edfica.<\/li>\n<li>Doctorados y formaci\u00f3n para la industria.<\/li>\n<\/ul>\n<\/li>\n<li>Ponencias<\/li>\n<li>Trabajos exhibidos en p\u00f3steres.<\/li>\n<li>Panel de estudiantes de ingenier\u00eda (pregrado y doctorado).<\/li>\n<li>Panel con empresarios e industriales.<\/li>\n<li>Actividades sociales, t\u00e9cnicas y culturales.<\/li>\n<\/ul>\n<p style=\"text-align: justify;\"><strong><em>Mejores proyectos doctorales en ingenier\u00eda<\/em><\/strong><\/p>\n<p style=\"text-align: justify;\">El reconocimiento de los mejores proyectos de investigaci\u00f3n de los estudiantes de los programas nacionales de doctorado es fundamental para apoyar e incentivar el desarrollo de la ciencia, la tecnolog\u00eda y la innovaci\u00f3n y facilitar la relaci\u00f3n con la sociedad y la industria.<\/p>\n<p style=\"text-align: justify;\">En el Primer Encuentro Nacional de Estudiantes de Doctorados en Ingenier\u00eda se reconocer\u00e1 el talento, la innovaci\u00f3n y la calidad de las investigaciones de los doctorandos en ingenier\u00eda en el desarrollo de sus disertaciones doctorales en Colombia. Con ese prop\u00f3sito se evaluar\u00e1n los trabajos distribuidos en los siguientes ejes tem\u00e1ticos:<\/p>\n<table>\n<tbody>\n<tr>\n<td width=\"278\">\u00b7\u00a0\u00a0\u00a0\u00a0\u00a0\u00a0\u00a0\u00a0 Agroindustria y alimentos.<\/td>\n<td width=\"317\">\u00b7\u00a0\u00a0\u00a0\u00a0\u00a0\u00a0\u00a0\u00a0 Bioingenier\u00eda y biotecnolog\u00eda.<\/td>\n<\/tr>\n<tr>\n<td width=\"278\">\u00b7\u00a0\u00a0\u00a0\u00a0\u00a0\u00a0\u00a0\u00a0 Educaci\u00f3n en ingenier\u00eda.<\/td>\n<td width=\"317\">\u00b7\u00a0\u00a0\u00a0\u00a0\u00a0\u00a0\u00a0\u00a0 Electr\u00f3nica y ciencias de la computaci\u00f3n.<\/td>\n<\/tr>\n<tr>\n<td width=\"278\">\u00b7\u00a0\u00a0\u00a0\u00a0\u00a0\u00a0\u00a0\u00a0 Industria.<\/td>\n<td width=\"317\">\u00b7\u00a0\u00a0\u00a0\u00a0\u00a0\u00a0\u00a0\u00a0 Infraestructura y territorio.<\/td>\n<\/tr>\n<tr>\n<td width=\"278\">\u00b7\u00a0\u00a0\u00a0\u00a0\u00a0\u00a0\u00a0\u00a0 Materiales y procesos.<\/td>\n<td width=\"317\">\u00b7\u00a0\u00a0\u00a0\u00a0\u00a0\u00a0\u00a0\u00a0 Medioambiente, energ\u00eda y sostenibilidad.<\/td>\n<\/tr>\n<\/tbody>\n<\/table>\n<h3><\/h3>\n","protected":false},"excerpt":{"rendered":"<p>El Cap\u00edtulo de Doctorados Nacionales en Ingenier\u00eda de la Asociaci\u00f3n Colombiana de Facultades de Ingenier\u00eda (ACOFI) organiza el Primer Encuentro Nacional de Estudiantes de Doctorados en Ingenier\u00eda, que se realizar\u00e1 del 11 al 13 de septiembre de 2019, en el marco del Encuentro Internacional de Educaci\u00f3n en Ingenier\u00eda 2019, en el Centro de Convenciones de [&hellip;]<\/p>\n","protected":false},"author":1,"featured_media":0,"parent":34,"menu_order":0,"comment_status":"closed","ping_status":"closed","template":"","meta":[],"_links":{"self":[{"href":"http:\/\/acofi.edu.co\/eiei2019\/wp-json\/wp\/v2\/pages\/116"}],"collection":[{"href":"http:\/\/acofi.edu.co\/eiei2019\/wp-json\/wp\/v2\/pages"}],"about":[{"href":"http:\/\/acofi.edu.co\/eiei2019\/wp-json\/wp\/v2\/types\/page"}],"author":[{"embeddable":true,"href":"http:\/\/acofi.edu.co\/eiei2019\/wp-json\/wp\/v2\/users\/1"}],"replies":[{"embeddable":true,"href":"http:\/\/acofi.edu.co\/eiei2019\/wp-json\/wp\/v2\/comments?post=116"}],"version-history":[{"count":11,"href":"http:\/\/acofi.edu.co\/eiei2019\/wp-json\/wp\/v2\/pages\/116\/revisions"}],"predecessor-version":[{"id":927,"href":"http:\/\/acofi.edu.co\/eiei2019\/wp-json\/wp\/v2\/pages\/116\/revisions\/927"}],"up":[{"embeddable":true,"href":"http:\/\/acofi.edu.co\/eiei2019\/wp-json\/wp\/v2\/pages\/34"}],"wp:attachment":[{"href":"http:\/\/acofi.edu.co\/eiei2019\/wp-json\/wp\/v2\/media?parent=116"}],"curies":[{"name":"wp","href":"https:\/\/api.w.org\/{rel}","templated":true}]}}